{"id":2266,"date":"2024-01-11T20:34:04","date_gmt":"2024-01-11T20:34:04","guid":{"rendered":"https:\/\/wpml.enneagraminstitute.com\/eneagrama-tipo-8-el-desafiante\/"},"modified":"2025-03-04T16:38:18","modified_gmt":"2025-03-04T16:38:18","slug":"eneagrama-tipo-8-el-desafiante","status":"publish","type":"page","link":"https:\/\/wpml.enneagraminstitute.com\/es\/eneagrama-tipo-8-el-desafiante\/","title":{"rendered":"Eneagrama Tipo 8: El Desafiante"},"content":{"rendered":"<h3 style=\"text-align:center\"> Traducido con AI<\/h3>\r\n\t\t\t<div class='container single-content-layout-layout-block'>\r\n\t\t\t\t<div class='row'>\r\n\t\t\t\t\t\n\r\n\t\t\t<div class='column-block col-12 col-md-10 col-lg-8 offset-lg-1'>\r\n\t\t\t\t\n\n<h1 class=\"wp-block-heading\" id=\"h-enneagram-type-8-the-challenger\">Eneagrama Tipo 8: EL DESAFIANTE<\/h1>\n\n\n\n<p>El Tipo Poderoso y Dominante:<br\/>Seguro de s\u00ed mismo, Decidido, Voluntarioso y Confrontacional<\/p>\n\n\n<div class=\"wp-block-image\">\n<figure class=\"aligncenter size-full\" id=\"yui_3_17_2_1_1705609759009_87\"><img loading=\"lazy\" decoding=\"async\" width=\"325\" height=\"208\" src=\"https:\/\/wpml.enneagraminstitute.com\/wp-content\/uploads\/2025\/08\/26_image-asset.png\" alt=\"Eneagrama Tipo 8\" class=\"wp-image-1829\" srcset=\"https:\/\/wpml.enneagraminstitute.com\/wp-content\/uploads\/2025\/08\/26_image-asset.png 325w, https:\/\/wpml.enneagraminstitute.com\/wp-content\/uploads\/2025\/08\/26_image-asset-300x192.png 300w\" sizes=\"auto, (max-width: 325px) 100vw, 325px\" \/><\/figure>\n<\/div>\n\n\n<hr class=\"wp-block-separator has-alpha-channel-opacity\"\/>\n\n\n\n<h2 class=\"wp-block-heading\" id=\"h-enneagram-type-8-in-brief\">Eneagrama Tipo 8 en Breve<\/h2>\n\n\n\n<p>Los Ochos son seguros de s\u00ed mismos, fuertes y asertivos. Protectores, ingeniosos, directos y decididos, pero tambi\u00e9n pueden ser egoc\u00e9ntricos y dominantes. Los Ochos sienten que deben controlar su entorno, especialmente a las personas, llegando a veces a ser confrontacionales e intimidantes. Los Ochos suelen tener problemas con su temperamento y con permitirse ser vulnerables. <em>En su Mejor Momento<\/em>: logran el autodominio, utilizan su fuerza para mejorar la vida de los dem\u00e1s, convirti\u00e9ndose en h\u00e9roes, magn\u00e1nimos e inspiradores.   <\/p>\n\n\n\n<ul class=\"wp-block-list\">\n<li><strong>Temor B\u00e1sico:<\/strong> Ser perjudicados o controlados por otros<\/li>\n\n\n\n<li><strong>Deseo B\u00e1sico:<\/strong> Protegerse a s\u00ed mismos (estar en control de su propia vida<br\/>y destino)<\/li>\n\n\n\n<li><strong>Eneagrama Ocho con Ala Siete:<\/strong> \u201cEl Inconformista\u201d<\/li>\n\n\n\n<li><strong>Eneagrama Ocho con Ala Nueve:<\/strong> \u201cEl Oso\u201d<\/li>\n<\/ul>\n\n\n\n<p><strong>Motivaciones Clave:<\/strong> Desean ser autosuficientes, demostrar su fortaleza y resistir la debilidad, ser importantes en su mundo, dominar el entorno y mantener el control de su situaci\u00f3n.<\/p>\n\n\n\n<h3 class=\"wp-block-heading\" id=\"h-the-meaning-of-the-arrows-in-brief\">El Significado de las Flechas (en breve)<\/h3>\n\n\n\n<p>Cuando se mueven en su Direcci\u00f3n de Desintegraci\u00f3n (estr\u00e9s), los Ochos seguros de s\u00ed mismos repentinamente se vuelven reservados y temerosos como los <a href=\"https:\/\/wpml.enneagraminstitute.com\/es\/eneagrama-tipo-5-el-investigador\/\">Cinco<\/a>. Sin embargo, cuando se mueven en su Direcci\u00f3n de Integraci\u00f3n (crecimiento), los Ochos lujuriosos y controladores se vuelven m\u00e1s abiertos de coraz\u00f3n y cari\u00f1osos, como los <a href=\"https:\/\/wpml.enneagraminstitute.com\/es\/eneagrama-tipo-2-el-ayudante\/\">Dos<\/a> saludables. <a href=\"https:\/\/wpml.enneagraminstitute.com\/es\/como-funciona-el-sistema-del-eneagrama\/\">Aprenda m\u00e1s sobre las flechas<\/a>.  <\/p>\n\n\n\n<p><strong>Ejemplos:<\/strong> G.I. Gurdjieff, Richard Wagner, Franklin D. Roosevelt, Winston Churchill, Oskar Schindler, Fidel Castro, Martin Luther King, Jr., Lyndon Johnson, Mikhail Gorbachev, Golda Meir, Indira Gandhi, Saddam Hussein, el senador John McCain, Donald Trump, Pablo Picasso, Ernest Hemingway, Norman Mailer, Toni Morrison, Serena Williams, James Brown, Aretha Franklin, Keith Richards, Queen Latifah, Courtney Love, Jack Black, Chrissie Hynde, Pink, John Wayne, Frank Sinatra, Humphrey Bogart, Lauren Bacall, Bette Davis, Mae West, Sean Connery, Paul Newman, Clint Eastwood, Tommy Lee Jones, Jack Nicholson, Susan Sarandon, Russell Crowe, Sean Penn, Harvey Keitel, Matt Damon, Alec Baldwin, Roseanne Barr, Barbara Walters, Rosie O&#8217;Donnell, el \u00abDr. Phil\u00bb McGraw, \u00abTony Soprano\u00bb<\/p>\n\n\n\n<hr class=\"wp-block-separator has-alpha-channel-opacity\"\/>\n\n\n\n<h2 class=\"wp-block-heading\" id=\"h-type-eight-overview\">Visi\u00f3n General del Tipo Ocho<\/h2>\n\n\n\n<p>Hemos denominado al tipo de personalidad Ocho <em>El Desafiante<\/em> porque, de todos los tipos, los Ochos disfrutan asumir desaf\u00edos ellos mismos, as\u00ed como brindar a otros oportunidades que los retan a superarse de alguna manera. Los Ochos son carism\u00e1ticos y poseen las capacidades f\u00edsicas y psicol\u00f3gicas para persuadir a otros a seguirlos en todo tipo de empresas, desde iniciar una compa\u00f1\u00eda, hasta reconstruir una ciudad, dirigir un hogar, librar una guerra o hacer la paz. <\/p>\n\n\n\n<p>Los Ochos poseen una voluntad y vitalidad enormes, y se sienten m\u00e1s vivos cuando ejercen estas capacidades en el mundo. Utilizan su abundante energ\u00eda para efectuar cambios en su entorno \u2014para \u00abdejar su huella\u00bb en \u00e9l\u2014 pero tambi\u00e9n para evitar que el entorno, y especialmente otras personas, les hagan da\u00f1o a ellos y a quienes aprecian. Desde una edad temprana, los Ochos comprenden que esto requiere fuerza, voluntad, persistencia y resistencia \u2014cualidades que desarrollan en s\u00ed mismos y que buscan en los dem\u00e1s.  <\/p>\n\n\n\n<p>Thayer es una corredora de bolsa que ha trabajado intensamente en comprender su personalidad de tipo Ocho. Relata un incidente de su infancia en el que pudo ver claramente el desarrollo de este patr\u00f3n. <\/p>\n\n\n\n<blockquote class=\"wp-block-quote is-layout-flow wp-block-quote-is-layout-flow\">\n<p>\u00abGran parte de mi tenacidad y dureza proviene de mi padre. Siempre me dec\u00eda que no \u201cdejara que nadie me intimidara.\u201d No estaba bien llorar. Aprend\u00ed a dominar mi lado m\u00e1s d\u00e9bil desde temprano. A la tierna edad de ocho a\u00f1os, un enorme caballo se desboc\u00f3 conmigo. Cuando un adulto atrap\u00f3 al caballo, me desmont\u00e9 resueltamente sin derramar una l\u00e1grima. Pude notar que mi padre estaba orgulloso.\u00bb<\/p>\n<\/blockquote>\n\n\n\n<p>Los Ochos no quieren ser controlados ni permitir que otros tengan poder sobre ellos (su Temor B\u00e1sico), ya sea que el poder sea psicol\u00f3gico, sexual, social o financiero. Gran parte de su comportamiento est\u00e1 involucrado en asegurarse de que conserven y aumenten el poder que tienen durante el mayor tiempo posible. Un Ocho puede ser un general o un jardinero, un peque\u00f1o empresario o un magnate, la madre de una familia o la superiora de una comunidad religiosa. No importa: estar \u201ca cargo\u201d y dejar su huella en su esfera es caracter\u00edstico de ellos de manera \u00fanica.   <\/p>\n\n\n\n<p>Los Ochos son los verdaderos \u201cindividualistas recios\u201d del Eneagrama. M\u00e1s que cualquier otro tipo, se mantienen solos. Desean ser independientes y resisten estar en deuda con alguien. A menudo se niegan a \u201cceder\u201d ante las convenciones sociales, y pueden desafiar el miedo, la verg\u00fcenza y la preocupaci\u00f3n por las consecuencias de sus acciones. Aunque generalmente son conscientes de lo que los dem\u00e1s piensan de ellos, no permiten que las opiniones ajenas los influencien. Proceden en sus asuntos con una determinaci\u00f3n f\u00e9rrea que puede resultar impresionante, incluso intimidante para los dem\u00e1s.     <\/p>\n\n\n\n<p>Aunque, hasta cierto punto, los Ochos temen el da\u00f1o f\u00edsico, mucho m\u00e1s importante es su temor a ser despojados de poder o controlados de alguna manera. Los Ochos son extraordinariamente resistentes y pueden absorber una gran cantidad de castigo f\u00edsico sin quejarse\u2014una bendici\u00f3n de doble filo, ya que a menudo dan por sentada su salud y resistencia, y pasan por alto la salud y el bienestar de los dem\u00e1s tambi\u00e9n. Sin embargo, temen desesperadamente ser heridos emocionalmente y utilizar\u00e1n su fuerza f\u00edsica para proteger sus sentimientos y mantener a los dem\u00e1s a una distancia emocional segura. Bajo la fachada dura se encuentra la vulnerabilidad, aunque ha sido cubierta por capas de armadura emocional.   <\/p>\n\n\n\n<p>As\u00ed, los Ochos son a menudo extremadamente laboriosos, pero al precio de perder el contacto emocional con muchas de las personas en sus vidas. Aquellos cercanos a ellos pueden volverse cada vez m\u00e1s insatisfechos con este estado de cosas, lo que confunde a los Ochos. (\u201cNo entiendo de qu\u00e9 se queja mi familia. Me esfuerzo al m\u00e1ximo para proveerles. \u00bfPor qu\u00e9 est\u00e1n decepcionados conmigo?\u201d)  <\/p>\n\n\n\n<p>Cuando esto sucede, los Ochos se sienten incomprendidos y pueden distanciarse a\u00fan m\u00e1s. De hecho, bajo su imponente exterior, los Ochos a menudo se sienten heridos y rechazados, aunque esto es algo de lo que rara vez hablan porque tienen dificultades para admitir su vulnerabilidad ante s\u00ed mismos, y mucho menos ante los dem\u00e1s. Debido a que temen ser rechazados (divorciados, humillados, criticados, despedidos o perjudicados de alguna manera), los Ochos intentan defenderse rechazando a los dem\u00e1s primero. El resultado es que los Ochos promedio se vuelven <em>bloqueados en su capacidad de conectarse con las personas o de amar<\/em>, ya que el amor otorga poder al otro sobre ellos, reactivando su Miedo B\u00e1sico.   <\/p>\n\n\n\n<p>Cuanto m\u00e1s construyen los Ochos sus egos para protegerse, m\u00e1s sensibles se vuelven a cualquier ofensa real o imaginaria a su amor propio, autoridad o preeminencia. Cuanto m\u00e1s intentan hacerse impermeables al dolor o sufrimiento (ya sea f\u00edsico o emocional), m\u00e1s se \u201ccierran\u201d emocionalmente para volverse endurecidos y p\u00e9treos. <\/p>\n\n\n\n<p>Sin embargo, cuando los Ochos est\u00e1n emocionalmente saludables, tienen una actitud ingeniosa y \u201cemprendedora\u201d, as\u00ed como un impulso interno constante. Toman la iniciativa y hacen que las cosas sucedan con una gran pasi\u00f3n por la vida. Son honorables y autoritarios\u2014l\u00edderes naturales que tienen una presencia s\u00f3lida y dominante. Su arraigo les proporciona abundante \u201csentido com\u00fan\u201d, as\u00ed como la capacidad de ser decisivos. Los Ochos est\u00e1n dispuestos a \u201caceptar las cr\u00edticas,\u201d sabiendo que ninguna decisi\u00f3n puede complacer a todos. Pero en la medida de lo posible, quieren velar por los intereses de las personas a su cargo sin favoritismos. Utilizan sus talentos y fortaleza para construir un mundo mejor para todos en sus vidas.      <\/p>\n\n\n\n<p>(de <a href=\"\/store\"><em>La Sabidur\u00eda del Eneagrama<\/em><\/a>, p. 289-291)<\/p>\n\n\n\n<hr class=\"wp-block-separator has-alpha-channel-opacity\"\/>\n\n\n\n<h2 class=\"wp-block-heading\" id=\"h-type-eight-levels-of-development\">Tipo Ocho\u2014Niveles de Desarrollo<\/h2>\n\n\n\n<p><strong>Niveles Saludables<\/strong><\/p>\n\n\n\n<p><strong>Nivel 1 (En Su Mejor Momento):<\/strong> Se vuelven autocontrolados y magn\u00e1nimos, misericordiosos y tolerantes, domin\u00e1ndose a s\u00ed mismos a trav\u00e9s de su entrega a una autoridad superior. Valientes, dispuestos a ponerse en serio peligro para lograr su visi\u00f3n y tener una influencia duradera. Pueden alcanzar un verdadero hero\u00edsmo y grandeza hist\u00f3rica.  <\/p>\n\n\n\n<p><strong>Nivel 2:<\/strong> Autoafirmativos, seguros de s\u00ed mismos y fuertes: han aprendido a defender lo que necesitan y quieren. Una actitud ingeniosa y \u201cemprendedora\u201d y un impulso interno apasionado. <\/p>\n\n\n\n<p><strong>Nivel 3:<\/strong> Decisivos, autoritarios y dominantes: el l\u00edder natural al que otros admiran. Toman la iniciativa, hacen que las cosas sucedan: campeones de las personas, proveedores, protectores y honorables, llevando a otros con su fuerza. <\/p>\n\n\n\n<p><strong>Niveles Promedio<\/strong><\/p>\n\n\n\n<p><strong>Nivel 4:<\/strong> La autosuficiencia, la independencia financiera y tener recursos suficientes son preocupaciones importantes: se vuelven emprendedores, pragm\u00e1ticos, \u201cindividualistas recios,\u201d negociantes astutos. Toman riesgos, son trabajadores, negando sus propias necesidades emocionales. <\/p>\n\n\n\n<p><strong>Nivel 5:<\/strong> Comienzan a dominar su entorno, incluyendo a los dem\u00e1s: desean sentir que otros est\u00e1n detr\u00e1s de ellos, apoyando sus esfuerzos. Fanfarrones, jactanciosos, en\u00e9rgicos y expansivos: el \u201cjefe\u201d cuya palabra es ley. Orgullosos, egoc\u00e9ntricos, desean imponer su voluntad y visi\u00f3n en todo, sin ver a los dem\u00e1s como iguales ni tratarlos con respeto.  <\/p>\n\n\n\n<p><strong>Nivel 6:<\/strong> Se vuelven altamente combativos e intimidantes para salirse con la suya: confrontativos, belicosos, creando relaciones adversarias. Todo es una prueba de voluntad, y no ceder\u00e1n. Utilizan amenazas y represalias para obtener obediencia de otros, para mantenerlos desequilibrados e inseguros. Sin embargo, el trato injusto hace que otros les teman y les guarden rencor, posiblemente tambi\u00e9n uni\u00e9ndose contra ellos.   <\/p>\n\n\n\n<p><strong>Niveles Insalubres<\/strong><\/p>\n\n\n\n<p><strong>Nivel 7:<\/strong> Desafiando cualquier intento de control, se vuelven completamente despiadados, dictatoriales, \u201cel poder hace el derecho.\u201d El criminal y el forajido, el renegado y el estafador. Despiadados, inmorales y potencialmente violentos.  <\/p>\n\n\n\n<p><strong>Nivel 8:<\/strong> Desarrollan ideas delirantes sobre su poder, invencibilidad y capacidad para prevalecer: megaloman\u00eda, sinti\u00e9ndose omnipotentes, invulnerables. Imprudentemente sobreextendi\u00e9ndose. <\/p>\n\n\n\n<p><strong>Nivel 9:<\/strong> Si se encuentran en peligro, pueden destruir brutalmente todo lo que no se ha conformado a su voluntad en lugar de rendirse ante alguien m\u00e1s. Vengativos, b\u00e1rbaros, asesinos. Tendencias soci\u00f3patas. Generalmente corresponde al Trastorno de Personalidad Antisocial.   <\/p>\n\n\n\n<hr class=\"wp-block-separator has-alpha-channel-opacity\"\/>\n\n\n\n<h2 class=\"wp-block-heading\" id=\"h-compatibility-with-other-types\">Compatibilidad con Otros Tipos<\/h2>\n\n\n\n<h3 class=\"wp-block-heading\" id=\"h-type-8-in-relationship-with-type\">Tipo 8 en relaci\u00f3n con el tipo:<\/h3>\n\n\n\n<h3 class=\"wp-block-heading\" id=\"h-1-2-3-4-5-6-7-8-9\"><a href=\"https:\/\/wpml.enneagraminstitute.com\/es\/relacion-tipo-1-con-tipo-8\/\">1<\/a>     <a href=\"https:\/\/wpml.enneagraminstitute.com\/es\/relacion-entre-el-tipo-2-y-el-tipo-8\/\">2<\/a>     <a href=\"https:\/\/wpml.enneagraminstitute.com\/es\/tipo-de-relacion-3-con-tipo-8\/\">3<\/a>     <a href=\"https:\/\/wpml.enneagraminstitute.com\/es\/relacion-tipo-4-con-tipo-8\/\">4<\/a>     <a href=\"https:\/\/wpml.enneagraminstitute.com\/es\/relacion-tipo-5-con-tipo-8\/\">5<\/a>     <a href=\"https:\/\/wpml.enneagraminstitute.com\/es\/tipo-de-relacion-6-con-tipo-8\/\">6<\/a>     <a href=\"https:\/\/wpml.enneagraminstitute.com\/es\/tipo-de-relacion-7-con-tipo-8\/\">7<\/a>     <a href=\"https:\/\/wpml.enneagraminstitute.com\/es\/relacion-tipo-8-con-tipo-8\/\">8<\/a>     <a href=\"https:\/\/wpml.enneagraminstitute.com\/es\/relacion-tipo-8-con-tipo-9\/\">9<\/a><\/h3>\n\n\n\n<hr class=\"wp-block-separator has-alpha-channel-opacity\"\/>\n\n\n\n<h2 class=\"wp-block-heading\" id=\"h-misidentification-with-other-types\">Identificaci\u00f3n Err\u00f3nea con Otros Tipos<\/h2>\n\n\n\n<h3 class=\"wp-block-heading\" id=\"h-type-8-compared-with-type\">Tipo 8 comparado con el tipo:<\/h3>\n\n\n\n<h3 class=\"wp-block-heading\" id=\"h-1-2-3-4-5-6-7-9\"><a href=\"https:\/\/wpml.enneagraminstitute.com\/es\/identificacion-erronea-de-1-y-8\/\">1<\/a>     <a href=\"https:\/\/wpml.enneagraminstitute.com\/es\/confusion-entre-2-y-8\/\">2<\/a>     <a href=\"https:\/\/wpml.enneagraminstitute.com\/es\/identificacion-erronea-de-3-y-8\/\">3<\/a>     <a href=\"https:\/\/wpml.enneagraminstitute.com\/es\/confundiendo-el-4-y-el-8\/\">4<\/a>     <a href=\"https:\/\/wpml.enneagraminstitute.com\/es\/identificacion-erronea-entre-5-y-8\/\">5<\/a>     <a href=\"https:\/\/wpml.enneagraminstitute.com\/es\/confundiendo-el-6-y-el-8\/\">6<\/a>     <a href=\"https:\/\/wpml.enneagraminstitute.com\/es\/identificacion-erronea-de-7-y-8\/\">7<\/a>     <a href=\"https:\/\/wpml.enneagraminstitute.com\/es\/identificacion-erronea-de-los-tipos-8-y-9\/\">9<\/a><\/h3>\n\n\n\n<hr class=\"wp-block-separator has-alpha-channel-opacity\"\/>\n\n\n\n<h2 class=\"wp-block-heading\" id=\"h-addictions\">Adicciones<\/h2>\n\n\n\n<p>Ignoran las necesidades f\u00edsicas y los problemas: evitan las visitas m\u00e9dicas y los chequeos. La indulgencia en alimentos ricos, alcohol y tabaco, mientras se exigen demasiado, conduce a un alto estr\u00e9s, accidentes cerebrovasculares y afecciones card\u00edacas. Los problemas de control son centrales, aunque son posibles el alcoholismo y las adicciones a narc\u00f3ticos.  <\/p>\n\n\n\n<hr class=\"wp-block-separator has-alpha-channel-opacity\"\/>\n\n\n\n<h2 class=\"wp-block-heading\" id=\"h-personal-growth-recommendations-for-enneagram-type-eights\">Recomendaciones de Crecimiento Personal<br\/>para el Eneagrama Tipo Ocho<\/h2>\n\n\n\n<ul class=\"wp-block-list\">\n<li>Aunque vaya en contra de su naturaleza, act\u00fae con autocontrol. Usted demuestra verdadero poder cuando se abstiene de imponer su voluntad sobre los dem\u00e1s, incluso cuando podr\u00eda hacerlo. Su verdadero poder reside en su capacidad para inspirar y elevar a las personas. Usted est\u00e1 en su mejor momento cuando toma el control y ayuda a todos a trav\u00e9s de una crisis. Pocos se aprovechar\u00e1n de usted cuando sea solidario, y har\u00e1 m\u00e1s para asegurar la lealtad y devoci\u00f3n de los dem\u00e1s mostrando la grandeza de su coraz\u00f3n que lo que jam\u00e1s podr\u00eda lograr mediante demostraciones de poder bruto.    <\/li>\n\n\n\n<li>Es dif\u00edcil para los Ochos, pero aprenda a ceder ante los dem\u00e1s, al menos ocasionalmente. A menudo, hay poco en juego realmente, y puede permitir que otros se salgan con la suya sin temor a sacrificar su poder o sus necesidades reales. El deseo de dominar a todos todo el tiempo es una se\u00f1al de que su ego comienza a inflarse, una se\u00f1al de peligro de que conflictos m\u00e1s serios con otros son inevitables.  <\/li>\n\n\n\n<li>Recuerde que el mundo no est\u00e1 en su contra. Muchas personas en su vida se preocupan por usted y lo admiran, pero cuando est\u00e1 en su fijaci\u00f3n, no se lo pone f\u00e1cil. Permita que entre el afecto que est\u00e1 disponible. Hacer esto no lo har\u00e1 d\u00e9bil, sino que confirmar\u00e1 la fuerza y el apoyo en usted mismo y en su vida. Tambi\u00e9n recuerde que al creer que los dem\u00e1s est\u00e1n en su contra y reaccionar contra ellos, tiende a alienarlos y confirmar sus propios temores. Haga un recuento de las personas que realmente est\u00e1n de su lado, y h\u00e1gales saber cu\u00e1n importantes son para usted.     <\/li>\n\n\n\n<li>Los Ochos t\u00edpicamente quieren ser autosuficientes y no depender de nadie. Pero, ir\u00f3nicamente, dependen de muchas personas. Por ejemplo, puede pensar que no depende de sus empleados porque ellos dependen de usted para sus trabajos. Podr\u00eda despedirlos en cualquier momento y contratar a otros trabajadores. Todos son prescindibles en su peque\u00f1o reino, excepto usted. Pero el hecho es que usted depende de otros para que hagan sus trabajos tambi\u00e9n, especialmente si sus preocupaciones comerciales crecen m\u00e1s all\u00e1 de lo que puede manejar solo. Pero si aliena a todos los asociados con usted, eventualmente se ver\u00e1 obligado a emplear a los operarios m\u00e1s obsequiosos y poco confiables. Cuando lo haga, tendr\u00e1 razones para cuestionar su lealtad y temer perder su posici\u00f3n. El hecho es que, ya sea en su mundo empresarial o en su vida dom\u00e9stica, su autosuficiencia es en gran medida una ilusi\u00f3n.        <\/li>\n\n\n\n<li>Los Ochos t\u00edpicamente sobrevaloran el poder. Tener poder, ya sea a trav\u00e9s de la riqueza, la posici\u00f3n o la simple fuerza bruta, les permite hacer lo que desean, sentirse importantes, ser temidos y obedecidos. No obstante, aquellos que se sienten atra\u00eddos hacia usted debido a su poder no le aman por quien es, ni usted los ama o respeta a ellos. Si bien este puede ser el pacto f\u00e1ustico que ha establecido, inevitablemente tendr\u00e1 que pagar el precio de que cualquier poder que haya acumulado ser\u00e1 a costa de su bienestar f\u00edsico y emocional.   <\/li>\n<\/ul>\n\n\n\n<hr class=\"wp-block-separator has-alpha-channel-opacity\"\/>\n\n\n\n<h2 class=\"wp-block-heading\" id=\"h-learn-more\">Aprender M\u00e1s<\/h2>\n\n\n\n<p>Los <a href=\"\/store\">libros de Riso-Hudson<\/a> ofrecen las descripciones de tipos m\u00e1s completas disponibles en cualquier parte. <a href=\"\/store\"><em>Personality Types<\/em><\/a> es el tratamiento m\u00e1s completo, profundo y sistem\u00e1tico de los nueve tipos y del sistema del Eneagrama en su conjunto, y <a href=\"\/store\"><em>The Wisdom of the Enneagram<\/em><\/a> proporciona la gu\u00eda integral para el crecimiento psicol\u00f3gico y espiritual de los nueve tipos de personalidad.<\/p>\n\n\n\n<p>\u00a0<\/p>\n\n\r\n\t\t\t<\/div>\r\n\t\t\n\r\n\t\t\t\t<\/div>\r\n\t\t\t<\/div>\r\n\t\t","protected":false},"excerpt":{"rendered":"<p>Traducido con AI<\/p>\n","protected":false},"author":6,"featured_media":0,"parent":0,"menu_order":0,"comment_status":"closed","ping_status":"closed","template":"","meta":{"_acf_changed":false,"footnotes":""},"class_list":["post-2266","page","type-page","status-publish","hentry"],"acf":[],"_links":{"self":[{"href":"https:\/\/wpml.enneagraminstitute.com\/es\/wp-json\/wp\/v2\/pages\/2266","targetHints":{"allow":["GET"]}}],"collection":[{"href":"https:\/\/wpml.enneagraminstitute.com\/es\/wp-json\/wp\/v2\/pages"}],"about":[{"href":"https:\/\/wpml.enneagraminstitute.com\/es\/wp-json\/wp\/v2\/types\/page"}],"author":[{"embeddable":true,"href":"https:\/\/wpml.enneagraminstitute.com\/es\/wp-json\/wp\/v2\/users\/6"}],"replies":[{"embeddable":true,"href":"https:\/\/wpml.enneagraminstitute.com\/es\/wp-json\/wp\/v2\/comments?post=2266"}],"version-history":[{"count":6,"href":"https:\/\/wpml.enneagraminstitute.com\/es\/wp-json\/wp\/v2\/pages\/2266\/revisions"}],"predecessor-version":[{"id":2861,"href":"https:\/\/wpml.enneagraminstitute.com\/es\/wp-json\/wp\/v2\/pages\/2266\/revisions\/2861"}],"wp:attachment":[{"href":"https:\/\/wpml.enneagraminstitute.com\/es\/wp-json\/wp\/v2\/media?parent=2266"}],"curies":[{"name":"wp","href":"https:\/\/api.w.org\/{rel}","templated":true}]}}