{"id":2264,"date":"2024-01-11T20:34:04","date_gmt":"2024-01-11T20:34:04","guid":{"rendered":"https:\/\/wpml.enneagraminstitute.com\/identificacion-erronea-de-4-y-6\/"},"modified":"2025-03-04T16:38:18","modified_gmt":"2025-03-04T16:38:18","slug":"identificacion-erronea-de-4-y-6","status":"publish","type":"page","link":"https:\/\/wpml.enneagraminstitute.com\/es\/identificacion-erronea-de-4-y-6\/","title":{"rendered":"Identificaci\u00f3n err\u00f3nea de 4 y 6"},"content":{"rendered":"<h3 style=\"text-align:center\"> Traducido con AI<\/h3>\r\n\t\t\t<div class='container single-content-layout-layout-block'>\r\n\t\t\t\t<div class='row'>\r\n\t\t\t\t\t\n\r\n\t\t\t<div class='column-block col-12 col-md-10 col-lg-8 offset-lg-1'>\r\n\t\t\t\t\n\n<h1 class=\"wp-block-heading\">Identificaci\u00f3n err\u00f3nea de Cuatros y Seises<\/h1>\n\n\n\n<hr class=\"wp-block-separator has-alpha-channel-opacity\"\/>\n\n\n\n<p>Si bien existen similitudes reales entre los dos tipos, las diferencias son a\u00fan m\u00e1s numerosas. La diferencia principal radica en que los Seises suelen ser extremadamente atractivos y se relacionan bien con las personas; poseen la capacidad de involucrar inconscientemente las emociones de los dem\u00e1s para que estos los aprecien y establezcan relaciones seguras con ellos. Los Cuatros, en contraste, no se relacionan primordialmente con las personas, sino con sus propios estados emocionales internos. Los Cuatros dan por sentado que est\u00e1n solos en la vida y encuentran dificultad para formar v\u00ednculos con otros, algo que resulta f\u00e1cil para los Seises. Las estructuras ps\u00edquicas de los dos tipos tambi\u00e9n son muy diferentes: los Cuatros son verdaderos introvertidos, mientras que los Seises son una combinaci\u00f3n de introversi\u00f3n y extroversi\u00f3n, aut\u00e9nticos ambivertidos que poseen cualidades de ambas orientaciones.    <\/p>\n\n\n\n<p>La confusi\u00f3n entre estos tipos surge principalmente por parte de los Seises que piensan que son Cuatros por dos razones principales. En primer lugar, algunos Seises se identifican con el lado negativo del Cuatro (depresi\u00f3n, inferioridad, autoduda y desesperanza, por ejemplo) y creen que deben ser Cuatros porque reconocen rasgos similares en s\u00ed mismos. La diferencia radica en las motivaciones de estos rasgos. Por ejemplo, aunque todos los tipos pueden deprimirse, los Cuatros lo hacen porque est\u00e1n decepcionados consigo mismos por haber perdido alguna oportunidad de autorrealizarse. Se deprimen cuando se dan cuenta de que en su b\u00fasqueda del yo han llegado a un callej\u00f3n sin salida y ahora deben pagar el precio. Los Cuatros deprimidos y poco saludables est\u00e1n esencialmente enojados consigo mismos por haberse provocado esto o por permitir que sucediera.     <\/p>\n\n\n\n<p>En contraste, los Seises se deprimen cuando temen haber hecho algo que haya enojado a su figura de autoridad. Su depresi\u00f3n es una respuesta a su autodesprecio; proviene del temor de que la autoridad est\u00e9 enojada con ellos y los castigue. Por lo tanto, la depresi\u00f3n de los Seises es ex\u00f3gena (proveniente del exterior) y puede aliviarse con una palabra de tranquilidad de la autoridad. Este no es el caso de los Cuatros, cuya depresi\u00f3n es end\u00f3gena (proveniente del interior), una respuesta a sus autoacusaciones.   <\/p>\n\n\n\n<p>En segundo lugar, hemos caracterizado al Cuatro como El Individualista, y algunos Seises que son art\u00edsticos piensan que, por lo tanto, deben ser Cuatros. Sin embargo, como se mencion\u00f3 anteriormente en la discusi\u00f3n sobre Cuatros y Nueves, el talento art\u00edstico no es dominio exclusivo de los Cuatros, por lo que es totalmente posible que los Seises sean artistas de un tipo u otro. Aun as\u00ed, existen diferencias importantes en el trabajo creativo producido por estos dos tipos.  <\/p>\n\n\n\n<p>En general, los Seises tienden a ser artistas int\u00e9rpretes, mientras que los Cuatros tienden a ser creadores originales. Es m\u00e1s probable que los Seises sean actores o m\u00fasicos que poetas y dramaturgos, m\u00e1s propensos a interpretar las palabras o la m\u00fasica de otra persona que a crearlas ellos mismos. Incluso aquellos Seises que son creativos tienden a ser tradicionalistas, creando dentro de reglas y estilos firmemente establecidos, o van al extremo y se vuelven rebeldes, reaccionando contra el tradicionalismo, como las estrellas de rock y los novelistas experimentales que desaf\u00edan intencionalmente las formas tradicionales. En cualquier caso, tanto la tradici\u00f3n como las reacciones contra ella son un aspecto importante de su arte. Los temas que se encuentran t\u00edpicamente en el arte de los Seises tienen que ver con la pertenencia, la seguridad, la familia, la pol\u00edtica, el pa\u00eds y los valores comunes.    <\/p>\n\n\n\n<p>Los Cuatros creativos, por el contrario, son individualistas que siguen su propio camino para explorar sus sentimientos y otros estados personales subjetivos. Los productos art\u00edsticos de los Cuatros est\u00e1n mucho menos involucrados ya sea con seguir una tradici\u00f3n o con reaccionar contra ella. Los Cuatros son menos propensos a utilizar experiencias pol\u00edticas o comunales como tema para su trabajo, eligiendo en cambio los movimientos de sus propias almas, sus revelaciones personales, la oscuridad y la luz que descubren en s\u00ed mismos al sumergirse en el proceso creativo. Al escuchar sus voces interiores, incluso los Cuatros promedio pueden hablar a la persona universal o no lograr comunicarse con nadie, al menos con sus contempor\u00e1neos. Pueden estar adelantados a su tiempo no porque est\u00e9n tratando de ser rebeldes o vanguardistas, sino porque desarrollan sus propias formas para expresar su punto de vista personal. Lo que es importante para los Cuatros no es la tradici\u00f3n, sino la verdad personal. La tradici\u00f3n no es m\u00e1s que un tel\u00f3n de fondo contra el cual los Cuatros representan sus propios dramas personales. Compare y contraste las personalidades de Rudolf Nureyev y Piotr Ilich Tchaikovsky (Cuatros) con las de Mikhail Baryshnikov y Johannes Brahms (Seises) para obtener m\u00e1s similitudes y diferencias.       <\/p>\n\n\r\n\t\t\t<\/div>\r\n\t\t\n\r\n\t\t\t\t<\/div>\r\n\t\t\t<\/div>\r\n\t\t","protected":false},"excerpt":{"rendered":"<p>Traducido con AI<\/p>\n","protected":false},"author":6,"featured_media":0,"parent":0,"menu_order":0,"comment_status":"closed","ping_status":"closed","template":"","meta":{"_acf_changed":false,"footnotes":""},"class_list":["post-2264","page","type-page","status-publish","hentry"],"acf":[],"_links":{"self":[{"href":"https:\/\/wpml.enneagraminstitute.com\/es\/wp-json\/wp\/v2\/pages\/2264","targetHints":{"allow":["GET"]}}],"collection":[{"href":"https:\/\/wpml.enneagraminstitute.com\/es\/wp-json\/wp\/v2\/pages"}],"about":[{"href":"https:\/\/wpml.enneagraminstitute.com\/es\/wp-json\/wp\/v2\/types\/page"}],"author":[{"embeddable":true,"href":"https:\/\/wpml.enneagraminstitute.com\/es\/wp-json\/wp\/v2\/users\/6"}],"replies":[{"embeddable":true,"href":"https:\/\/wpml.enneagraminstitute.com\/es\/wp-json\/wp\/v2\/comments?post=2264"}],"version-history":[{"count":4,"href":"https:\/\/wpml.enneagraminstitute.com\/es\/wp-json\/wp\/v2\/pages\/2264\/revisions"}],"predecessor-version":[{"id":2862,"href":"https:\/\/wpml.enneagraminstitute.com\/es\/wp-json\/wp\/v2\/pages\/2264\/revisions\/2862"}],"wp:attachment":[{"href":"https:\/\/wpml.enneagraminstitute.com\/es\/wp-json\/wp\/v2\/media?parent=2264"}],"curies":[{"name":"wp","href":"https:\/\/api.w.org\/{rel}","templated":true}]}}