{"id":2262,"date":"2024-01-11T20:34:04","date_gmt":"2024-01-11T20:34:04","guid":{"rendered":"https:\/\/wpml.enneagraminstitute.com\/relacion-tipo-3-con-tipo-5\/"},"modified":"2025-03-04T16:38:18","modified_gmt":"2025-03-04T16:38:18","slug":"relacion-tipo-3-con-tipo-5","status":"publish","type":"page","link":"https:\/\/wpml.enneagraminstitute.com\/es\/relacion-tipo-3-con-tipo-5\/","title":{"rendered":"Relaci\u00f3n Tipo 3 con Tipo 5"},"content":{"rendered":"<h3 style=\"text-align:center\"> Traducido con AI<\/h3>\r\n\t\t\t<div class='container single-content-layout-layout-block'>\r\n\t\t\t\t<div class='row'>\r\n\t\t\t\t\t\n\r\n\t\t\t<div class='column-block col-12 col-md-10 col-lg-8 offset-lg-1'>\r\n\t\t\t\t\n\n<h1 class=\"wp-block-heading\">Eneagrama Tipo Tres (el Triunfador)<br\/><em>con<\/em><br\/>Eneagrama Tipo Cinco (el Investigador)<\/h1>\n\n\n\n<hr class=\"wp-block-separator has-alpha-channel-opacity\"\/>\n\n\n\n<h2 class=\"wp-block-heading\">Lo que cada tipo aporta a la relaci\u00f3n<\/h2>\n\n\n\n<p>Esta es una combinaci\u00f3n frecuentemente observada, aunque podr\u00eda no ser la esperada. Los Eneagrama Cinco a menudo proporcionan a los Tres profundidad, nuevas \u00e1reas de experiencia y credibilidad, al tiempo que estimulan la creatividad. Los Tres otorgan a los Cinco confianza, habilidades de presentaci\u00f3n y conciencia de la importancia de comunicarse eficazmente con los dem\u00e1s. Tanto los Tres como los Cinco se centran principalmente en su trabajo y en cuestiones y preocupaciones objetivas. Ambos tipos est\u00e1n preocupados por la competencia y la eficacia, especialmente en sus \u00e1reas profesionales, y es aqu\u00ed donde se apoyan mutuamente de manera sobresaliente. Aunque ambos tienen sentimientos profundos, ambos tienden a no centrarse en ellos en aras de continuar con su trabajo. Tienden a comprender la necesidad mutua de equilibrar la cercan\u00eda con su necesidad de espacio personal: no se agobian entre s\u00ed. Los Tres aportan a la relaci\u00f3n habilidades sociales, la capacidad de comunicar y vender ideas y proyectos, encanto, energ\u00eda y un fuerte sentido de la practicidad. A menudo pueden ver lo que se necesita en la relaci\u00f3n o en el mundo y ayudar a dirigir las habilidades del Cinco hacia ese objetivo. Los Cinco aportan profundidad de comprensi\u00f3n, experiencia en una o m\u00e1s \u00e1reas, perseverancia con los detalles hasta que se logra el objetivo, una imparcialidad objetiva y falta de apego a los resultados.         <\/p>\n\n\n\n<p>Esta puede ser una pareja \u201cbrillante\u201d \u2014aguda, exitosa, profundamente competente y muy respetada. Si son atractivos, los Tres pueden ser un trofeo para los Cinco, que generalmente est\u00e1n menos preocupados por la apariencia; los Cinco, por otro lado, tambi\u00e9n pueden ser un trofeo para los Tres, que se enorgullecen de la experiencia del Cinco y que est\u00e1n contentos de aprender de ellos siempre que pueden. Ambos consideran al otro como una adquisici\u00f3n que mejora su propia autoestima y posici\u00f3n social. Sus sentimientos profundos, a menudo no expresados, el uno por el otro, frecuentemente se profundizan a\u00fan m\u00e1s con el tiempo, permitiendo gradualmente a esta pareja descubrir no solo pasi\u00f3n, sino tambi\u00e9n un afecto tranquilo y orgullo mutuo.   <\/p>\n\n\n\n<hr class=\"wp-block-separator has-alpha-channel-opacity\"\/>\n\n\n\n<h2 class=\"wp-block-heading\">Potenciales puntos problem\u00e1ticos o conflictos<\/h2>\n\n\n\n<p>El \u00e9nfasis de esta pareja en el trabajo y la competencia tambi\u00e9n puede conducirlos a conflictos y tensiones entre s\u00ed. Gran parte de su autoestima tambi\u00e9n se deriva de su trabajo y de c\u00f3mo es considerado por los dem\u00e1s. Los Tres y los Cinco pueden entrar en una contenci\u00f3n m\u00e1s o menos abierta sobre qui\u00e9n fue la fuente original de ideas y trabajo. Pueden surgir elementos de comparaci\u00f3n del trabajo y las contribuciones de cada uno, reclamaciones sobre qui\u00e9n es responsable de qu\u00e9 ideas o avances, y otras formas de competitividad provenientes no solo de los Tres sino tambi\u00e9n de los Cinco. Los Tres tambi\u00e9n tienden a querer continuar con el proyecto o con lo que sienten que necesita hacerse, mientras que los Cinco tienden a tomarse mucho tiempo ajustando y perfeccionando hasta que sienten que est\u00e1n adecuadamente completos. Pueden estallar conflictos sobre el uso del tiempo, los recursos y las prioridades a medida que el Tres, de mentalidad m\u00e1s pr\u00e1ctica, se vuelve cada vez m\u00e1s impaciente con las largas preparaciones del Cinco pero su falta de acci\u00f3n. Los Cinco tambi\u00e9n pueden comenzar a perder respeto por los est\u00e1ndares \u00e9ticos de los Tres, a quienes consideran dispuestos a tomar atajos o exagerar afirmaciones para lograr objetivos o mantenerse adelante profesionalmente.      <\/p>\n\n\n\n<p>Ambos tipos tambi\u00e9n tienden a no hablar directamente sobre sus sentimientos o dudas acerca de la relaci\u00f3n hasta que es demasiado tarde: entonces ambos pueden volverse sarc\u00e1sticos y hostiles, fr\u00edos y distantes entre s\u00ed. Los Cinco pueden ser demasiado directos y argumentativos para los Tres, quienes pueden responder con comentarios sarc\u00e1sticos e insultos mientras fingen no ser hostiles o estar irritados. Ambos tipos pueden ser arrogantes e impacientes con el otro, y como pareja comienzan a encontrar poco que admirar en el otro. Los Tres pueden parecer superficiales y deshonestos a los Cinco, mientras que los Cinco pueden parecer extra\u00f1os y repulsivos a los Tres. Revertir una situaci\u00f3n negativa depender\u00e1 de cu\u00e1nto se necesiten mutuamente, as\u00ed como de la profundidad y amplitud de otros valores compartidos, como los hijos y las creencias espirituales. Si estos son escasos, ser\u00e1 dif\u00edcil salvar la relaci\u00f3n una vez que su conexi\u00f3n se haya roto, ya que ambos tipos tienden a ser suspicaces y c\u00ednicos con respecto a las personas.     <\/p>\n\n\n\n<p>Para una mayor comprensi\u00f3n de esta combinaci\u00f3n de tipos, lea m\u00e1s sobre la <a href=\"https:\/\/wpml.enneagraminstitute.com\/es\/como-funciona-el-sistema-del-eneagrama\/\">Flecha de Estr\u00e9s<\/a> y c\u00f3mo los tipos <a href=\"https:\/\/wpml.enneagraminstitute.com\/es\/eneagrama-tipo-3-el-triunfador\/\">Tres<\/a> y <a href=\"https:\/\/wpml.enneagraminstitute.com\/es\/eneagrama-tipo-5-el-investigador\/\">Cinco<\/a> se comportan cuando se mueven a lo largo de ella.<\/p>\n\n\r\n\t\t\t<\/div>\r\n\t\t\n\r\n\t\t\t\t<\/div>\r\n\t\t\t<\/div>\r\n\t\t","protected":false},"excerpt":{"rendered":"<p>Traducido con AI<\/p>\n","protected":false},"author":6,"featured_media":0,"parent":0,"menu_order":0,"comment_status":"closed","ping_status":"closed","template":"","meta":{"_acf_changed":false,"footnotes":""},"class_list":["post-2262","page","type-page","status-publish","hentry"],"acf":[],"_links":{"self":[{"href":"https:\/\/wpml.enneagraminstitute.com\/es\/wp-json\/wp\/v2\/pages\/2262","targetHints":{"allow":["GET"]}}],"collection":[{"href":"https:\/\/wpml.enneagraminstitute.com\/es\/wp-json\/wp\/v2\/pages"}],"about":[{"href":"https:\/\/wpml.enneagraminstitute.com\/es\/wp-json\/wp\/v2\/types\/page"}],"author":[{"embeddable":true,"href":"https:\/\/wpml.enneagraminstitute.com\/es\/wp-json\/wp\/v2\/users\/6"}],"replies":[{"embeddable":true,"href":"https:\/\/wpml.enneagraminstitute.com\/es\/wp-json\/wp\/v2\/comments?post=2262"}],"version-history":[{"count":4,"href":"https:\/\/wpml.enneagraminstitute.com\/es\/wp-json\/wp\/v2\/pages\/2262\/revisions"}],"predecessor-version":[{"id":2863,"href":"https:\/\/wpml.enneagraminstitute.com\/es\/wp-json\/wp\/v2\/pages\/2262\/revisions\/2863"}],"wp:attachment":[{"href":"https:\/\/wpml.enneagraminstitute.com\/es\/wp-json\/wp\/v2\/media?parent=2262"}],"curies":[{"name":"wp","href":"https:\/\/api.w.org\/{rel}","templated":true}]}}