{"id":2260,"date":"2024-01-11T20:34:04","date_gmt":"2024-01-11T20:34:04","guid":{"rendered":"https:\/\/wpml.enneagraminstitute.com\/confundiendo-6-y-9\/"},"modified":"2025-03-04T16:38:19","modified_gmt":"2025-03-04T16:38:19","slug":"confundiendo-6-y-9","status":"publish","type":"page","link":"https:\/\/wpml.enneagraminstitute.com\/es\/confundiendo-6-y-9\/","title":{"rendered":"Confundiendo 6 y 9"},"content":{"rendered":"<h3 style=\"text-align:center\"> Traducido con AI<\/h3>\r\n\t\t\t<div class='container single-content-layout-layout-block'>\r\n\t\t\t\t<div class='row'>\r\n\t\t\t\t\t\n\r\n\t\t\t<div class='column-block col-12 col-md-10 col-lg-8 offset-lg-1'>\r\n\t\t\t\t\n\n<h1 class=\"wp-block-heading\">Confundiendo Seis y Nueves<\/h1>\n\n\n\n<hr class=\"wp-block-separator has-alpha-channel-opacity\"\/>\n\n\n\n<p>Estos tipos son, de hecho, frecuentemente mal clasificados. Los Seis y los Nueves est\u00e1n ambos preocupados por la seguridad y por mantener alg\u00fan tipo de situaci\u00f3n de statu quo. Ambos est\u00e1n orientados hacia la familia y tienden a tener visiones modestas de s\u00ed mismos. Sin embargo, su afecto es la manera m\u00e1s f\u00e1cil de distinguirlos.   <\/p>\n\n\n\n<p>En resumen, a los Nueves les gusta mantenerse tranquilos e imperturbables. Los Nueves trabajan constantemente en sus tareas, pero muestran pocos signos de verse afectados por los altibajos del d\u00eda. Los Seis, por otro lado, no pueden disimular f\u00e1cilmente sus sentimientos. Se alteran y se perturban m\u00e1s f\u00e1cilmente por los contratiempos. Mientras que los Nueves pueden permanecer en silencio dentro de su propia paz interior, los Seis necesitan desahogarse peri\u00f3dicamente con otros para liberar sus miedos y dudas. Los Seis son m\u00e1s evidentemente nerviosos y defensivos cuando creen que hay problemas. Los Nueves permanecen extra\u00f1amente impasibles frente a los problemas, aunque bajo la superficie agradable de los Nueves promedio, hay una resistencia obstinada y una falta de voluntad para molestarse o preocuparse por conflictos o problemas. Los Seis tienden a ser suspicaces con las personas y situaciones desconocidas; necesitan poner a prueba a las personas antes de dejarlas acercarse. Los Nueves pueden estar protegidos por la desconexi\u00f3n de su atenci\u00f3n, pero tienden a confiar en los dem\u00e1s, casi hasta el punto de ser un defecto.        <\/p>\n\n\n\n<p>Por supuesto, bajo estr\u00e9s, cuando se mueven en su Direcci\u00f3n de Desintegraci\u00f3n, los Nueves comenzar\u00e1n a manifestar algunos de los comportamientos de los Seis promedio, y por esta raz\u00f3n, algunos Nueves se clasificar\u00e1n err\u00f3neamente como Seis. Pero tales per\u00edodos de ansiedad manifiesta generalmente no duran mucho. Tan pronto como sea posible, los Nueves vuelven a su enfoque m\u00e1s relajado de las cosas. Compare a los Seis George Bush y Dustin Hoffman con los Nueves Gerald Ford y Jimmy Stewart.   <\/p>\n\n\r\n\t\t\t<\/div>\r\n\t\t\n\r\n\t\t\t\t<\/div>\r\n\t\t\t<\/div>\r\n\t\t","protected":false},"excerpt":{"rendered":"<p>Traducido con AI<\/p>\n","protected":false},"author":6,"featured_media":0,"parent":0,"menu_order":0,"comment_status":"closed","ping_status":"closed","template":"","meta":{"_acf_changed":false,"footnotes":""},"class_list":["post-2260","page","type-page","status-publish","hentry"],"acf":[],"_links":{"self":[{"href":"https:\/\/wpml.enneagraminstitute.com\/es\/wp-json\/wp\/v2\/pages\/2260","targetHints":{"allow":["GET"]}}],"collection":[{"href":"https:\/\/wpml.enneagraminstitute.com\/es\/wp-json\/wp\/v2\/pages"}],"about":[{"href":"https:\/\/wpml.enneagraminstitute.com\/es\/wp-json\/wp\/v2\/types\/page"}],"author":[{"embeddable":true,"href":"https:\/\/wpml.enneagraminstitute.com\/es\/wp-json\/wp\/v2\/users\/6"}],"replies":[{"embeddable":true,"href":"https:\/\/wpml.enneagraminstitute.com\/es\/wp-json\/wp\/v2\/comments?post=2260"}],"version-history":[{"count":6,"href":"https:\/\/wpml.enneagraminstitute.com\/es\/wp-json\/wp\/v2\/pages\/2260\/revisions"}],"predecessor-version":[{"id":2864,"href":"https:\/\/wpml.enneagraminstitute.com\/es\/wp-json\/wp\/v2\/pages\/2260\/revisions\/2864"}],"wp:attachment":[{"href":"https:\/\/wpml.enneagraminstitute.com\/es\/wp-json\/wp\/v2\/media?parent=2260"}],"curies":[{"name":"wp","href":"https:\/\/api.w.org\/{rel}","templated":true}]}}