{"id":2256,"date":"2024-01-11T20:34:04","date_gmt":"2024-01-11T20:34:04","guid":{"rendered":"https:\/\/wpml.enneagraminstitute.com\/tipo-de-relacion-6-con-tipo-6\/"},"modified":"2025-03-04T16:38:19","modified_gmt":"2025-03-04T16:38:19","slug":"tipo-de-relacion-6-con-tipo-6","status":"publish","type":"page","link":"https:\/\/wpml.enneagraminstitute.com\/es\/tipo-de-relacion-6-con-tipo-6\/","title":{"rendered":"Tipo de relaci\u00f3n 6 con Tipo 6"},"content":{"rendered":"<h3 style=\"text-align:center\"> Traducido con AI<\/h3>\r\n\t\t\t<div class='container single-content-layout-layout-block'>\r\n\t\t\t\t<div class='row'>\r\n\t\t\t\t\t\n\r\n\t\t\t<div class='column-block col-12 col-md-10 col-lg-8 offset-lg-1'>\r\n\t\t\t\t\n\n<h1 class=\"wp-block-heading\" id=\"h-enneagram-type-six-the-loyalist-with-enneagram-type-six-the-loyalist\">Eneagrama Tipo Seis (el Leal)<br\/><em>con<\/em><br\/>Eneagrama Tipo Seis (el Leal)<\/h1>\n\n\n\n<hr class=\"wp-block-separator has-alpha-channel-opacity\"\/>\n\n\n\n<h2 class=\"wp-block-heading\" id=\"h-what-each-type-brings-to-the-relationship\">Lo que cada tipo aporta a la relaci\u00f3n<\/h2>\n\n\n\n<p>Como en todas las relaciones de doble tipo, dos Seis del Eneagrama generalmente aportan las mismas cualidades entre s\u00ed. Ah\u00ed radica tanto una fuente principal de atracci\u00f3n como uno de los principales escollos. Por lo tanto, el Nivel de salud de cada persona es especialmente importante para este tipo de relaciones, al igual que sus instintos dominantes. Las parejas fuertes de Seis se comprenden profundamente y se esfuerzan por entender lo que no comprenden. Dos Seis suelen establecer un v\u00ednculo muy r\u00e1pidamente al percibir un esp\u00edritu af\u00edn, y puede desarrollarse r\u00e1pidamente una colusi\u00f3n emocionante, l\u00fadica y de camarader\u00eda, como dos ni\u00f1os que se han encontrado en el bosque y pueden ayudarse mutuamente a llegar a un lugar seguro. Una pareja de doble Seis tendr\u00e1 una sensaci\u00f3n de secretos y valores compartidos, de estimulaci\u00f3n intelectual y cuestionamiento que encuentran tanto \u00fatil como estimulante.     <\/p>\n\n\n\n<p>La confianza es extremadamente importante para ambos Seis, y una vez que se ha establecido, les permite relajarse y disfrutar como lo hacen con pocos otros. La confianza permite a las parejas de doble Seis pensar en voz alta para probar ideas, expresar dudas y sospechas, y descubrir lo que realmente sienten sobre diversas cosas. Se brindan mucho apoyo y protecci\u00f3n mutua, y est\u00e1n dispuestos a acudir en ayuda del otro sin vacilar. La lealtad, el compromiso y una actitud de \u201cEres mi amigo, sin hacer preguntas\u201d refuerza los sentimientos de seguridad y protecci\u00f3n que construyen juntos. Tambi\u00e9n puede haber una gran cantidad de sensibilidad y delicadeza no expresada en una relaci\u00f3n de doble Seis. Los Seis generalmente no son adeptos a hablar directamente sobre sus sentimientos, por lo que sus sentimientos y actitudes se expresan principalmente en sus acciones y en la profundidad de su dedicaci\u00f3n y constancia. Cada persona tambi\u00e9n inspira a la otra, ya que cada uno trabaja por el bienestar y la felicidad del otro, a menudo con m\u00e1s energ\u00eda de la que dedicar\u00edan solo para s\u00ed mismos.      <\/p>\n\n\n\n<hr class=\"wp-block-separator has-alpha-channel-opacity\"\/>\n\n\n\n<h2 class=\"wp-block-heading\" id=\"h-potential-trouble-spots-or-issues\">Potenciales puntos problem\u00e1ticos o conflictos<\/h2>\n\n\n\n<p>Las parejas de doble Seis (ya sea en situaciones \u00edntimas o profesionales) tienden a ser emocionalmente reactivas, y una vez que un esp\u00edritu de negatividad o escasez entra en escena, sus temores pueden comenzar a alimentarse mutuamente. Las parejas de doble Seis pueden caer en escenarios del peor de los casos y otras formas de catastrofismo, magnificando cada uno los problemas hasta que ambos sienten que las crisis est\u00e1n en todas partes y que est\u00e1n condenados. A veces, las reacciones extremas les har\u00e1n actuar impulsivamente, sin pensar a fondo su situaci\u00f3n o encontrar una soluci\u00f3n adecuada a su problema. Pueden tomar arbitrariamente una acci\u00f3n \u2014cualquier acci\u00f3n\u2014 que prometa aliviar su ansiedad. Por otro lado, las parejas de doble Seis pueden volverse indecisas y caer en una sensaci\u00f3n de estancamiento y confusi\u00f3n, incapaces de actuar y de obtener cierta perspectiva sobre sus problemas. Dado que tambi\u00e9n son emocionalmente reactivos, tienden a volverse irritables y argumentativos entre s\u00ed, a menudo culpando al otro por la situaci\u00f3n y por no proporcionar la soluci\u00f3n. El intercambio de culpas puede ser como un partido de ping pong cuyo objetivo principal es mantener la conexi\u00f3n con el otro manteni\u00e9ndolo en la discusi\u00f3n, y ganar tiempo para procesar su ansiedad de modo que pueda aparecer una soluci\u00f3n.      <\/p>\n\n\n\n<p>Las parejas de doble Seis pueden ser, por lo tanto, una de las combinaciones m\u00e1s tensas, con abundancia de gritos, arrebatos, discusiones, culpas y reconciliaciones en la mezcla. En los Niveles m\u00e1s bajos, puede haber una atm\u00f3sfera abiertamente preocupada y semi-hist\u00e9rica que mantiene a todos al borde con un pesimismo nervioso. Y, sin embargo, es dif\u00edcil romper el patr\u00f3n porque muchos de los temores de los dobles Seis son irracionales y basados en especulaciones sobre el futuro. No hay manera de resolverlos l\u00f3gicamente hasta que el futuro suceda. Las parejas de doble Seis, por lo tanto, tienden a agotarse mutuamente con negatividad, preocupaci\u00f3n, sospecha y, eventualmente, desconfianza mutua. Las acusaciones y sentimientos de traici\u00f3n o falta de apoyo pueden ser parte del panorama a medida que esta pareja se agria y encuentra casi imposible restablecer la confianza y el antiguo esp\u00edritu amistoso y l\u00fadico que una vez tuvieron.     <\/p>\n\n\n\n<p>For further understanding about this type combination, read more about the\u00a0<a href=\"\/how-the-enneagram-system-works\">Stress Arrow<\/a>\u00a0and how type\u00a0<a href=\"https:\/\/wpml.enneagraminstitute.com\/type-6\/\">Sixes<\/a> behave when they are moving along it.<\/p>\n\n\r\n\t\t\t<\/div>\r\n\t\t\n\r\n\t\t\t\t<\/div>\r\n\t\t\t<\/div>\r\n\t\t","protected":false},"excerpt":{"rendered":"<p>Traducido con AI<\/p>\n","protected":false},"author":6,"featured_media":0,"parent":0,"menu_order":0,"comment_status":"closed","ping_status":"closed","template":"","meta":{"_acf_changed":false,"footnotes":""},"class_list":["post-2256","page","type-page","status-publish","hentry"],"acf":[],"_links":{"self":[{"href":"https:\/\/wpml.enneagraminstitute.com\/es\/wp-json\/wp\/v2\/pages\/2256","targetHints":{"allow":["GET"]}}],"collection":[{"href":"https:\/\/wpml.enneagraminstitute.com\/es\/wp-json\/wp\/v2\/pages"}],"about":[{"href":"https:\/\/wpml.enneagraminstitute.com\/es\/wp-json\/wp\/v2\/types\/page"}],"author":[{"embeddable":true,"href":"https:\/\/wpml.enneagraminstitute.com\/es\/wp-json\/wp\/v2\/users\/6"}],"replies":[{"embeddable":true,"href":"https:\/\/wpml.enneagraminstitute.com\/es\/wp-json\/wp\/v2\/comments?post=2256"}],"version-history":[{"count":5,"href":"https:\/\/wpml.enneagraminstitute.com\/es\/wp-json\/wp\/v2\/pages\/2256\/revisions"}],"predecessor-version":[{"id":2866,"href":"https:\/\/wpml.enneagraminstitute.com\/es\/wp-json\/wp\/v2\/pages\/2256\/revisions\/2866"}],"wp:attachment":[{"href":"https:\/\/wpml.enneagraminstitute.com\/es\/wp-json\/wp\/v2\/media?parent=2256"}],"curies":[{"name":"wp","href":"https:\/\/api.w.org\/{rel}","templated":true}]}}