{"id":2254,"date":"2024-01-11T20:34:04","date_gmt":"2024-01-11T20:34:04","guid":{"rendered":"https:\/\/wpml.enneagraminstitute.com\/relacion-tipo-1-con-tipo-5\/"},"modified":"2025-03-04T16:38:20","modified_gmt":"2025-03-04T16:38:20","slug":"relacion-tipo-1-con-tipo-5","status":"publish","type":"page","link":"https:\/\/wpml.enneagraminstitute.com\/es\/relacion-tipo-1-con-tipo-5\/","title":{"rendered":"Relaci\u00f3n Tipo 1 con Tipo 5"},"content":{"rendered":"<h3 style=\"text-align:center\"> Traducido con AI<\/h3>\r\n\t\t\t<div class='container single-content-layout-layout-block'>\r\n\t\t\t\t<div class='row'>\r\n\t\t\t\t\t\n\r\n\t\t\t<div class='column-block col-12 col-md-10 col-lg-8 offset-lg-1'>\r\n\t\t\t\t\n\n<h1 class=\"wp-block-heading\">Eneagrama Tipo Uno (el Reformador)<br\/><em>con<\/em><br\/>Eneagrama Tipo Cinco (el Investigador)<\/h1>\n\n\n\n<h2 class=\"wp-block-heading\">Lo que cada tipo aporta a la relaci\u00f3n<\/h2>\n\n\n\n<hr class=\"wp-block-separator has-alpha-channel-opacity\"\/>\n\n\n\n<p>Los Unos y los Cincos del Eneagrama son similares en muchos aspectos, particularmente en su reticencia a mostrar sus emociones directamente y en su identificaci\u00f3n con sus mentes. Ambos se perciben a s\u00ed mismos como orientados a los hechos, aunque los Cincos son m\u00e1s puramente mentales mientras que los Unos prefieren que sus ideas y filosof\u00edas tengan ramificaciones pr\u00e1cticas. Ambos aportan a su relaci\u00f3n un deseo de ser objetivos; ambos quieren evitar caer en la sentimentalidad o permitir que sus sentimientos nublen su claridad mental. Los Unos y los Cincos comparten una rica vida mental de estimulaci\u00f3n intelectual, curiosidad y una multiplicidad de intereses mutuos, desde la \u00f3pera hasta los deportes, la pol\u00edtica, la econom\u00eda, la historia, etc\u00e9tera. Los Unos y los Cincos a menudo disfrutan de la compa\u00f1\u00eda y la estimulaci\u00f3n intelectual del otro, amando debatir y admirando la inteligencia y la experiencia exhibida por el otro. Inesperadamente, estimulan el sentido del humor del otro: esta pareja adora re\u00edrse juntos de las absurdidades de la vida. La crianza de los hijos, viajar, construir una casa, compartir aficiones u otras actividades complejas son mutuamente estimulantes y crean v\u00ednculos entre ellos.      <\/p>\n\n\n\n<p>Ambos son muy respetuosos de los l\u00edmites personales, rara vez siendo quienes dan el primer paso en cualquier asunto relacionado con la intimidad, a menos que tengan se\u00f1ales bastante fuertes del otro de que ser\u00edan bienvenidos. Por lo tanto, los Unos y los Cincos tienden a aportar cierta formalidad y cortes\u00eda entre s\u00ed que puede ser encantadoramente cort\u00e9s y anticuada. Los Unos a\u00f1aden a esto una preocupaci\u00f3n por la l\u00f3gica y el orden, con un pensamiento sistem\u00e1tico, atenci\u00f3n a los detalles y el deseo de mejorar el mundo que les rodea. Los Cincos aportan curiosidad, la disposici\u00f3n a ser intelectualmente (y sexualmente) aventureros, un gusto por lo bizarro e il\u00f3gico, y la capacidad de disfrutar del desorden, el caos y la aparente falta de significado. Existe una apreciaci\u00f3n afectuosa silenciosa en esta pareja. Si se desarrolla el romance, lo hace lentamente pero profundamente.     <\/p>\n\n\n\n<hr class=\"wp-block-separator has-alpha-channel-opacity\"\/>\n\n\n\n<h2 class=\"wp-block-heading\">Potenciales puntos problem\u00e1ticos o conflictos<\/h2>\n\n\n\n<p>Por muy intelectuales que tiendan a ser ambos tipos, tambi\u00e9n son opuestos en \u00e1reas importantes, y esto puede conducir a conflictos y al eventual deterioro de su relaci\u00f3n. Lo m\u00e1s grave es que los Unos tienden a creer en la objetividad de ciertas verdades y creen que una vez que estas se conocen, existe la posibilidad de llegar a una certeza objetiva. Los Unos sienten que sus ideales y filosof\u00eda les han puesto en contacto con alguna forma de Verdad \u00faltima, y por lo tanto est\u00e1n viviendo desde un punto de vista en el que adquirir certeza es un imperativo moral. Los Cincos, por otro lado, sienten que no existe tal cosa como la verdad objetiva, sino meramente posibles interpretaciones de lo que parece ser la realidad objetiva. Podemos llegar a cierto grado de consenso, pero eso no significa necesariamente que nuestro consenso refleje algo completamente objetivo. Simplemente significa que elegimos pensar de la misma manera. Los Cincos son, por lo tanto, esc\u00e9pticos y desmitificadores de la certeza. Les encanta debatir y desinflar filosof\u00edas f\u00e9rreas y posiciones auto-justificadas dondequiera que las encuentren. As\u00ed, los Unos menos saludables pueden derivar hacia diversas formas de fundamentalismo, creyendo que poseen la clave de la verdad, mientras que los Cincos pueden convertirse en nihilistas provocadores, creyendo que no existe la verdad.        <\/p>\n\n\n\n<p>En una relaci\u00f3n, ambos tipos encuentran muy dif\u00edcil cambiar sus filosof\u00edas b\u00e1sicas de vida, y ambos encuentran dif\u00edcil respetar a alguien que cree lo opuesto a ellos. Sin embargo, ambos pueden respetar los l\u00edmites del otro hasta el extremo, no queriendo imponer sus propias creencias al otro. La relaci\u00f3n puede as\u00ed volverse fr\u00eda y distante, impersonal y anal\u00edtica, te\u00f1ida de resignaci\u00f3n y cinismo. Los Unos pueden sentir que los Cincos son demasiado poco pr\u00e1cticos y eternamente preocupados por irrelevancias; los Cincos pueden sentir que los Unos son demasiado serios y r\u00edgidos y que toman sus opiniones con demasiada seriedad. Ambos pueden volverse demasiado autosuficientes, desarrollando sus vidas en esferas separadas, quiz\u00e1s solo reuni\u00e9ndose para comidas ocasionales, dormir o resolver problemas apremiantes. La frialdad y el aislamiento se apoderan y pueden durar a\u00f1os, sin que ninguno de ellos se d\u00e9 cuenta muy claramente, y mucho menos sienta que alguno de ellos puede hacer mucho al respecto.     <\/p>\n\n\n\n<p>Para una mayor comprensi\u00f3n sobre esta combinaci\u00f3n de tipos, lea m\u00e1s sobre la <a href=\"https:\/\/wpml.enneagraminstitute.com\/es\/como-funciona-el-sistema-del-eneagrama\/\">Flecha de Estr\u00e9s<\/a> y c\u00f3mo los tipos <a href=\"https:\/\/wpml.enneagraminstitute.com\/es\/eneagrama-tipo-1-el-reformador\/\">Uno<\/a> y <a href=\"https:\/\/wpml.enneagraminstitute.com\/es\/eneagrama-tipo-5-el-investigador\/\">C<\/a><a href=\"https:\/\/wpml.enneagraminstitute.com\/es\/eneagrama-tipo-5-el-investigador\/\">inco<\/a> se comportan cuando se mueven a lo largo de ella.<\/p>\n\n\r\n\t\t\t<\/div>\r\n\t\t\n\r\n\t\t\t\t<\/div>\r\n\t\t\t<\/div>\r\n\t\t","protected":false},"excerpt":{"rendered":"<p>Traducido con AI<\/p>\n","protected":false},"author":6,"featured_media":0,"parent":0,"menu_order":0,"comment_status":"closed","ping_status":"closed","template":"","meta":{"_acf_changed":false,"footnotes":""},"class_list":["post-2254","page","type-page","status-publish","hentry"],"acf":[],"_links":{"self":[{"href":"https:\/\/wpml.enneagraminstitute.com\/es\/wp-json\/wp\/v2\/pages\/2254","targetHints":{"allow":["GET"]}}],"collection":[{"href":"https:\/\/wpml.enneagraminstitute.com\/es\/wp-json\/wp\/v2\/pages"}],"about":[{"href":"https:\/\/wpml.enneagraminstitute.com\/es\/wp-json\/wp\/v2\/types\/page"}],"author":[{"embeddable":true,"href":"https:\/\/wpml.enneagraminstitute.com\/es\/wp-json\/wp\/v2\/users\/6"}],"replies":[{"embeddable":true,"href":"https:\/\/wpml.enneagraminstitute.com\/es\/wp-json\/wp\/v2\/comments?post=2254"}],"version-history":[{"count":6,"href":"https:\/\/wpml.enneagraminstitute.com\/es\/wp-json\/wp\/v2\/pages\/2254\/revisions"}],"predecessor-version":[{"id":2867,"href":"https:\/\/wpml.enneagraminstitute.com\/es\/wp-json\/wp\/v2\/pages\/2254\/revisions\/2867"}],"wp:attachment":[{"href":"https:\/\/wpml.enneagraminstitute.com\/es\/wp-json\/wp\/v2\/media?parent=2254"}],"curies":[{"name":"wp","href":"https:\/\/api.w.org\/{rel}","templated":true}]}}