{"id":2250,"date":"2024-01-11T20:34:04","date_gmt":"2024-01-11T20:34:04","guid":{"rendered":"https:\/\/wpml.enneagraminstitute.com\/identificacion-erronea-de-1-y-5\/"},"modified":"2025-03-04T16:38:21","modified_gmt":"2025-03-04T16:38:21","slug":"identificacion-erronea-de-1-y-5","status":"publish","type":"page","link":"https:\/\/wpml.enneagraminstitute.com\/es\/identificacion-erronea-de-1-y-5\/","title":{"rendered":"Identificaci\u00f3n err\u00f3nea de 1 y 5"},"content":{"rendered":"<h3 style=\"text-align:center\"> Traducido con AI<\/h3>\r\n\t\t\t<div class='container single-content-layout-layout-block'>\r\n\t\t\t\t<div class='row'>\r\n\t\t\t\t\t\n\r\n\t\t\t<div class='column-block col-12 col-md-10 col-lg-8 offset-lg-1'>\r\n\t\t\t\t\n\n<h1 class=\"wp-block-heading\">Identificaci\u00f3n err\u00f3nea de Unos y Cincos<\/h1>\n\n\n\n<hr class=\"wp-block-separator has-alpha-channel-opacity\"\/>\n\n\n\n<p>Los Unos y los Cincos corresponden ambos a los tipos de pensamiento junguianos: el Uno al tipo de pensamiento extrovertido (<em>PT<\/em>, 381-82) y el Cinco al tipo de pensamiento introvertido, o a lo que sugerimos podr\u00eda denominarse m\u00e1s apropiadamente el tipo de pensamiento \u201csubjetivo\u201d (<em>PT<\/em>, 177-78). La diferencia principal entre ellos puede discernirse del hecho de que se encuentran en dos Tr\u00edadas diferentes: los Unos son un tipo instintivo y los Cincos son un tipo de pensamiento. Si bien los Unos ciertamente piensan, son primordialmente personas de acci\u00f3n, y solo est\u00e1n interesados en ideas que conduzcan a alg\u00fan resultado pr\u00e1ctico. Los Cincos, sin embargo, son verdaderamente un tipo mental: pueden ponderar cualquier proposici\u00f3n o idea y no se preocupan particularmente por sus ramificaciones pr\u00e1cticas.   <\/p>\n\n\n\n<p>Contrariamente a las nociones populares, las opiniones y creencias tienen su base en los instintos, en el est\u00f3mago. Cuando afirmamos una posici\u00f3n (\u201c\u00a1Esto es absolutamente as\u00ed!\u201d) la certeza de nuestra visi\u00f3n proviene de nuestro est\u00f3mago. Si estamos lo suficientemente presentes para notarlo, podemos sentir esto cuando expresamos una opini\u00f3n fuerte. Y, en efecto, los Unos son personas de fuertes convicciones y opiniones, como corresponde a un tipo en la Tr\u00edada Instintiva (o del Est\u00f3mago). Los Unos promedio a no saludables est\u00e1n completamente convencidos de la rectitud de sus puntos de vista, y respetan a las personas que mantienen una fuerza similar en sus convicciones. Piensan como una manera de reforzar sus creencias ya establecidas. Los Cincos promedio a no saludables tienden a perderse en un laberinto de <em>incertidumbre<\/em>. Pueden desarrollar teor\u00edas o posiciones elaboradas solo para derrocarlas poco despu\u00e9s. Mientras que los Cincos menos saludables pueden afirmar puntos de vista provocativos, est\u00e1n m\u00e1s interesados en perturbar la certeza de otros que en convencerlos de que tienen la visi\u00f3n correcta. Los Cincos no saludables pueden querer sentirse <em>m\u00e1s inteligentes<\/em> que la otra persona, e incluso argumentar puntos con los que personalmente no est\u00e1n de acuerdo solo para probarse a s\u00ed mismos que pueden mentalmente \u201cdar vueltas\u201d alrededor de los dem\u00e1s. A medida que se vuelven menos saludables, los Unos se vuelven m\u00e1s r\u00edgidos y fijos en sus puntos de vista sobre las cosas: los Cincos se vuelven m\u00e1s inciertos, nihilistas y temerosos de no poder llegar a ning\u00fan tipo de significado o verdad.          <\/p>\n\n\n\n<p>De manera similar, difieren m\u00e1s notablemente en el \u00e9nfasis del Uno en la certeza y el juicio y la relativa falta de certeza y dificultad con el discernimiento del Cinco. (Mientras que los Unos saludables tienen un excelente juicio, los Unos promedio son meramente prejuiciosos; sin embargo, hacer juicios sobre el mundo que los rodea es una de las principales formas en que se manifiesta su pensamiento extrovertido.) El juicio no es tan centralmente importante para los Cincos. Quieren entender c\u00f3mo funciona el mundo a un nivel te\u00f3rico o crear mundos internos de imaginaci\u00f3n que les resulten interesantes y divertidos. Por lo tanto, los Cincos tienden a estar desapegados del mundo pr\u00e1ctico e intensamente involucrados con construcciones mentales complejas. Y mientras que los Cincos saludables observan e interact\u00faan con el mundo real que los rodea, los Cincos promedio, a medida que se fascinan m\u00e1s profundamente con sus propios paisajes cerebrales, pierden su capacidad para hacer evaluaciones precisas sobre la verdad, significado o exactitud de sus ideas. Gradualmente se preocupan menos por la rectitud objetiva de una idea que por c\u00f3mo sus ideas se relacionan con otros pensamientos que surgen en sus mentes. Por el contrario, los Unos emplean el pensamiento para poder relacionarse m\u00e1s perfectamente con el mundo: su enfoque est\u00e1 en hacer reglas y procedimientos para el progreso y mejora de s\u00ed mismos y de su mundo. Los Unos promedio no est\u00e1n tan desapegados del mundo, ni tan retra\u00eddos como los Cincos promedio: aunque pueden ser fr\u00edos e impersonales, y algo excesivamente reservados, los Unos est\u00e1n muy interesados en aplicar sus principios a la vida diaria.        <\/p>\n\n\n\n<p>Por lo tanto, los Unos y los Cincos son opuestos en la forma en que juzgan y eval\u00faan la realidad. Los Unos juzgan las situaciones desde est\u00e1ndares idealistas basados en lo que piensan que deber\u00eda ser el caso. Los Cincos est\u00e1n constantemente investigando y cuestionando suposiciones, por no mencionar est\u00e1ndares y principios. Los Unos son deductivos, operando desde principios a aplicaciones espec\u00edficas; los Cincos son inductivos, operando desde datos dados para formar teor\u00edas m\u00e1s amplias. Ambos son filos\u00f3ficos y aman el conocimiento: los Unos como un medio para perfeccionar el mundo, los Cincos como una forma de descubrir m\u00e1s sobre el mundo. Los Unos tienden a ser maestros y moralistas, no inventores e iconoclastas como los Cincos. La diferencia entre estos tipos puede verse comparando a George Bernard Shaw (un Uno) e Isaac Newton (un Cinco), Margaret Thatcher (un Uno) y Susan Sontag (un Cinco).      <\/p>\n\n\r\n\t\t\t<\/div>\r\n\t\t\n\r\n\t\t\t\t<\/div>\r\n\t\t\t<\/div>\r\n\t\t","protected":false},"excerpt":{"rendered":"<p>Traducido con AI<\/p>\n","protected":false},"author":6,"featured_media":0,"parent":0,"menu_order":0,"comment_status":"closed","ping_status":"closed","template":"","meta":{"_acf_changed":false,"footnotes":""},"class_list":["post-2250","page","type-page","status-publish","hentry"],"acf":[],"_links":{"self":[{"href":"https:\/\/wpml.enneagraminstitute.com\/es\/wp-json\/wp\/v2\/pages\/2250","targetHints":{"allow":["GET"]}}],"collection":[{"href":"https:\/\/wpml.enneagraminstitute.com\/es\/wp-json\/wp\/v2\/pages"}],"about":[{"href":"https:\/\/wpml.enneagraminstitute.com\/es\/wp-json\/wp\/v2\/types\/page"}],"author":[{"embeddable":true,"href":"https:\/\/wpml.enneagraminstitute.com\/es\/wp-json\/wp\/v2\/users\/6"}],"replies":[{"embeddable":true,"href":"https:\/\/wpml.enneagraminstitute.com\/es\/wp-json\/wp\/v2\/comments?post=2250"}],"version-history":[{"count":4,"href":"https:\/\/wpml.enneagraminstitute.com\/es\/wp-json\/wp\/v2\/pages\/2250\/revisions"}],"predecessor-version":[{"id":2869,"href":"https:\/\/wpml.enneagraminstitute.com\/es\/wp-json\/wp\/v2\/pages\/2250\/revisions\/2869"}],"wp:attachment":[{"href":"https:\/\/wpml.enneagraminstitute.com\/es\/wp-json\/wp\/v2\/media?parent=2250"}],"curies":[{"name":"wp","href":"https:\/\/api.w.org\/{rel}","templated":true}]}}