{"id":2248,"date":"2024-01-11T20:34:04","date_gmt":"2024-01-11T20:34:04","guid":{"rendered":"https:\/\/wpml.enneagraminstitute.com\/relacion-tipo-8-con-tipo-8\/"},"modified":"2025-03-04T16:38:21","modified_gmt":"2025-03-04T16:38:21","slug":"relacion-tipo-8-con-tipo-8","status":"publish","type":"page","link":"https:\/\/wpml.enneagraminstitute.com\/es\/relacion-tipo-8-con-tipo-8\/","title":{"rendered":"Relaci\u00f3n Tipo 8 con Tipo 8"},"content":{"rendered":"<h3 style=\"text-align:center\"> Traducido con AI<\/h3>\r\n\t\t\t<div class='container single-content-layout-layout-block'>\r\n\t\t\t\t<div class='row'>\r\n\t\t\t\t\t\n\r\n\t\t\t<div class='column-block col-12 col-md-10 col-lg-8 offset-lg-1'>\r\n\t\t\t\t\n\n<h1 class=\"wp-block-heading\" id=\"h-enneagram-type-eight-the-challenger-with-enneagram-type-eight-the-challenger\">Eneagrama Tipo Ocho (el Desafiante)<br\/><em>con<\/em><br\/>Eneagrama Tipo Ocho (el Desafiante)<\/h1>\n\n\n\n<hr class=\"wp-block-separator has-alpha-channel-opacity\"\/>\n\n\n\n<h2 class=\"wp-block-heading\" id=\"h-what-each-type-brings-to-the-relationship\">Lo que cada tipo aporta a la relaci\u00f3n<\/h2>\n\n\n\n<p>Como ocurre con todas las relaciones de doble tipo, dos Ochos del Eneagrama generalmente aportan las mismas cualidades entre s\u00ed. En ello reside tanto una fuente principal de atracci\u00f3n como uno de los principales escollos. Por lo tanto, el nivel de salud de cada individuo es especialmente importante para este tipo de relaciones, al igual que sus instintos dominantes. Ambos Ochos aportar\u00e1n una gran cantidad de energ\u00eda, vitalidad y pasi\u00f3n a la relaci\u00f3n: pocas otras combinaciones est\u00e1n tan intensamente involucradas entre s\u00ed ni son capaces de crear tales fuegos artificiales. Ambos poseen una fuerte voluntad, pensamiento independiente, la capacidad de tomar decisiones y llevar a cabo tareas, y un deseo de ver resultados en el mundo pr\u00e1ctico: no se limitar\u00e1n a hablar sobre construir una casa o irse de vacaciones, lo har\u00e1n realidad.    <\/p>\n\n\n\n<p>Cuando dos Ochos est\u00e1n bien emparejados, parad\u00f3jicamente se estimulan y relajan mutuamente al mismo tiempo. Sienten que su energ\u00eda ha sido correspondida, por lo que pueden relajarse en presencia del otro Ocho y dirigir su atenci\u00f3n y energ\u00eda hacia otros intereses. Dos Ochos tambi\u00e9n son capaces de relajarse profundamente entre s\u00ed porque conf\u00edan el uno en el otro. Saben que tienen lo necesario como equipo para hacer lo que se debe hacer, para estar seguros y estables en su propio mundo. El sentimiento es \u201cLo tenemos cubierto.\u201d En lugar de caracterizarse por una alta energ\u00eda, una confianza silenciosa es el sello distintivo de una pareja de doble Ocho. Esto se debe a que est\u00e1n aliviados (y silenciosamente felices) de haber encontrado a alguien fuerte en quien pueden depender. Esto tambi\u00e9n conduce a un profundo sentimiento de respeto mutuo, comunicaci\u00f3n directa y frecuente, la capacidad de expresar sus necesidades y sentimientos y de resolver sus ocasionales desacuerdos de manera limpia y r\u00e1pida. Las parejas de doble Ocho pueden construir juntas un imperio significativo de alg\u00fan tipo, y debido a que sienten que tienen un apoyo inquebrantable en el otro, tambi\u00e9n pueden ser generosos y de coraz\u00f3n abierto con los dem\u00e1s.        <\/p>\n\n\n\n<hr class=\"wp-block-separator has-alpha-channel-opacity\"\/>\n\n\n\n<h2 class=\"wp-block-heading\" id=\"h-potential-trouble-spots-or-issues\">Potenciales puntos problem\u00e1ticos o conflictos<\/h2>\n\n\n\n<p>Una combinaci\u00f3n de doble Ocho ser\u00e1 extremadamente vol\u00e1til, con mucho ego en exhibici\u00f3n, frecuentes pruebas de voluntad y una competencia m\u00e1s o menos abierta por el control. Pueden entrar en competencias y rivalidades porque la igualdad real y el compartir son dif\u00edciles entre una pareja de doble Ocho de funcionamiento inferior. Los problemas relacionados con estar (y mantenerse) en control probablemente ser\u00e1n el centro de muchos conflictos, especialmente porque los Ochos de funcionamiento inferior no quieren ceder ni ser vistos como d\u00e9biles de ninguna manera. Por lo tanto, ambos luchar\u00e1n por dominar, al menos en alg\u00fan \u00e1rea, lo que resultar\u00e1 en una relaci\u00f3n altamente reactiva y llena de conflictos.   <\/p>\n\n\n\n<p>Ambos Ochos pueden tener temperamentos explosivos y cierto grado de suspicacia y paranoia podr\u00eda instalarse, incluso con respecto a su pareja. Las pruebas de lealtad vendr\u00e1n de ambos lados y ambos tender\u00e1n a aumentar la apuesta emocional (y a menudo sexual y financieramente) a medida que las cosas se deterioran. No obstante, alguien siempre necesitar\u00e1 tomar la decisi\u00f3n final, y a menos que aprendan a comunicarse y negociar efectivamente entre s\u00ed, esta combinaci\u00f3n puede desgastarse mutuamente. Ambos Ochos tienden a sentirse rechazados a menos que tengan el poder, el dinero o la posici\u00f3n que haga que su pareja significativa los desee o los necesite. Pueden sentirse libres de menospreciar al otro, justificando su agresividad con la actitud de que pueden soportarlo. El juego rudo verbal y f\u00edsico puede salirse de control. Ninguno ser\u00e1 el primero en ceder en un conflicto y les resulta muy dif\u00edcil disculparse.      <\/p>\n\n\n\n<p>Sin embargo, los Ochos pueden ser sorprendentemente sensibles y f\u00e1cilmente heridos, lo que resulta en el destierro de otros a menudo por asuntos aparentemente triviales. Adem\u00e1s, dos Ochos tambi\u00e9n pueden descubrir que tienden a ocupar mucho espacio, y por lo tanto a necesitar mucho espacio, entre s\u00ed. Pueden encontrar conveniente declarar ciertas partes de la casa (o territorio similar) fuera de los l\u00edmites del otro. En resumen, a menudo hay demasiada brusquedad y empujones mutuos que pueden escalar a batallas abiertas. Las luchas de poder se convierten en ocasiones para la venganza por parte de quien se siente agraviado, o simplemente pueden turnarse para herirse mutuamente mientras contin\u00faan desgast\u00e1ndose hasta que \u201cla gota que colma el vaso\u201d se haya alcanzado.    <\/p>\n\n\n\n<p>Para una mayor comprensi\u00f3n de esta combinaci\u00f3n de tipos, lea m\u00e1s sobre la <a href=\"https:\/\/wpml.enneagraminstitute.com\/es\/como-funciona-el-sistema-del-eneagrama\/\">Flecha de Estr\u00e9s<\/a> y c\u00f3mo se comportan los tipos <a href=\"https:\/\/wpml.enneagraminstitute.com\/es\/eneagrama-tipo-8-el-desafiante\/\">Ochos<\/a> cuando se mueven a lo largo de ella.<\/p>\n\n\r\n\t\t\t<\/div>\r\n\t\t\n\r\n\t\t\t\t<\/div>\r\n\t\t\t<\/div>\r\n\t\t","protected":false},"excerpt":{"rendered":"<p>Traducido con AI<\/p>\n","protected":false},"author":6,"featured_media":0,"parent":0,"menu_order":0,"comment_status":"closed","ping_status":"closed","template":"","meta":{"_acf_changed":false,"footnotes":""},"class_list":["post-2248","page","type-page","status-publish","hentry"],"acf":[],"_links":{"self":[{"href":"https:\/\/wpml.enneagraminstitute.com\/es\/wp-json\/wp\/v2\/pages\/2248","targetHints":{"allow":["GET"]}}],"collection":[{"href":"https:\/\/wpml.enneagraminstitute.com\/es\/wp-json\/wp\/v2\/pages"}],"about":[{"href":"https:\/\/wpml.enneagraminstitute.com\/es\/wp-json\/wp\/v2\/types\/page"}],"author":[{"embeddable":true,"href":"https:\/\/wpml.enneagraminstitute.com\/es\/wp-json\/wp\/v2\/users\/6"}],"replies":[{"embeddable":true,"href":"https:\/\/wpml.enneagraminstitute.com\/es\/wp-json\/wp\/v2\/comments?post=2248"}],"version-history":[{"count":5,"href":"https:\/\/wpml.enneagraminstitute.com\/es\/wp-json\/wp\/v2\/pages\/2248\/revisions"}],"predecessor-version":[{"id":2870,"href":"https:\/\/wpml.enneagraminstitute.com\/es\/wp-json\/wp\/v2\/pages\/2248\/revisions\/2870"}],"wp:attachment":[{"href":"https:\/\/wpml.enneagraminstitute.com\/es\/wp-json\/wp\/v2\/media?parent=2248"}],"curies":[{"name":"wp","href":"https:\/\/api.w.org\/{rel}","templated":true}]}}