{"id":2246,"date":"2024-01-11T20:34:04","date_gmt":"2024-01-11T20:34:04","guid":{"rendered":"https:\/\/wpml.enneagraminstitute.com\/relacion-entre-el-tipo-4-y-el-tipo-5\/"},"modified":"2025-03-04T16:38:21","modified_gmt":"2025-03-04T16:38:21","slug":"relacion-entre-el-tipo-4-y-el-tipo-5","status":"publish","type":"page","link":"https:\/\/wpml.enneagraminstitute.com\/es\/relacion-entre-el-tipo-4-y-el-tipo-5\/","title":{"rendered":"Relaci\u00f3n entre el Tipo 4 y el Tipo 5"},"content":{"rendered":"<h3 style=\"text-align:center\"> Traducido con AI<\/h3>\r\n\t\t\t<div class='container single-content-layout-layout-block'>\r\n\t\t\t\t<div class='row'>\r\n\t\t\t\t\t\n\r\n\t\t\t<div class='column-block col-12 col-md-10 col-lg-8 offset-lg-1'>\r\n\t\t\t\t\n\n<h1 class=\"wp-block-heading\">Eneagrama Tipo Cuatro (el Individualista)<br\/><em>con<\/em><br\/>Eneagrama Tipo Cinco (el Investigador)<\/h1>\n\n\n\n<hr class=\"wp-block-separator has-alpha-channel-opacity\"\/>\n\n\n\n<h2 class=\"wp-block-heading\">Lo que cada tipo aporta a la relaci\u00f3n<\/h2>\n\n\n\n<p>Ambos tipos aportan una cierta riqueza y cualidades especiales de aspectos del desarrollo humano: los Cuatro aportan un temperamento art\u00edstico y emocional, el h\u00e1bito de la introspecci\u00f3n y la sensibilidad hacia los sentimientos propios y ajenos. Ambos tipos son reservados y aprecian la profundidad, y no les importa tomarse el tiempo para explorar las cosas a fondo y saborear la riqueza de su propia experiencia. Los Eneagrama Cuatro y Cinco pueden tener intereses diferentes, pero aprecian las distintas perspectivas y respetan la intensidad y el compromiso del otro en seguir sus propios sentimientos e intereses. Los Cinco aportan un temperamento inquisitivo e intelectual, el h\u00e1bito de hacer preguntas y el inter\u00e9s por una amplia variedad de temas, as\u00ed como la disposici\u00f3n a romper con las viejas convenciones. Los Cuatro contribuyen con una apreciaci\u00f3n de la est\u00e9tica y del efecto que las ideas y los descubrimientos tienen en las personas: los sentimientos y los procesos inconscientes son poderosos y no deben tomarse a la ligera.    <\/p>\n\n\n\n<p>Ambos tipos pueden ser extremadamente creativos y a ambos les encanta compartir sus hallazgos con el otro, lo que hace que la conversaci\u00f3n estimulante y de amplio alcance y la comunicaci\u00f3n abierta sean un sello distintivo de una relaci\u00f3n Cuatro\/Cinco, tanto en la intensidad de su conversaci\u00f3n como en el inter\u00e9s sincero que aportan al escucharse mutuamente. Cada tipo suele aportar un notable sentido del humor y amor por lo extra\u00f1o y lo extravagante que puede dar a su relaci\u00f3n un car\u00e1cter peculiar y \u00fanico. Esto se debe a menudo a que ambos comparten la condici\u00f3n de \u201coutsider\u201d. Los Cinco atraen a los Cuatro mostr\u00e1ndoles otros mundos y otras perspectivas, con una profundidad que a los Cuatro les gusta. Los Cuatro ayudan a los Cinco a mantenerse en contacto con su yo personal y sus sentimientos. Tienen una tolerancia mutua por lo que el otro presenta y ninguno se escandaliza f\u00e1cilmente. En general, se encuentran mutuamente estimulantes y son tolerantes con las idiosincrasias del otro. Ambos inspiran la creatividad en el otro y se dan permiso mutuamente para ser ellos mismos y seguir sus propias inspiraciones.       <\/p>\n\n\n\n<hr class=\"wp-block-separator has-alpha-channel-opacity\"\/>\n\n\n\n<h2 class=\"wp-block-heading\">Potenciales puntos problem\u00e1ticos o conflictos<\/h2>\n\n\n\n<p>La mayor \u00e1rea de discordia en una pareja Cuatro\/Cinco es que los Cuatro son tipos emocionales y tienden a presionar para obtener m\u00e1s contacto e intimidad, a veces volvi\u00e9ndose excesivamente exigentes, mientras que los Cinco son tipos pensantes y tienden a presionar para obtener m\u00e1s desapego y espacio en la relaci\u00f3n, a veces volvi\u00e9ndose m\u00e1s recluidos y privados. Los Cuatro pueden experimentar a los Cinco como demasiado intelectuales y sentir que los Cinco los est\u00e1n analizando en lugar de simpatizar con sus necesidades y estados emocionales. Tambi\u00e9n pueden sentir que los Cinco son inaccesibles y distantes, indiferentes y poco receptivos a sus necesidades en la relaci\u00f3n. Los Cuatro sienten que tambi\u00e9n pueden ser poco pr\u00e1cticos y tardar demasiado en responder cuando una situaci\u00f3n requiere acci\u00f3n.   <\/p>\n\n\n\n<p>Por otro lado, los Cinco pueden ver a los Cuatro como pozos sin fondo de necesidades emocionales que agotan su tiempo y energ\u00eda. Los Cinco tambi\u00e9n sienten que la emotividad de los Cuatro refleja una falta de racionalidad o es un signo de inmadurez que parece potencialmente peligrosa y fuera de control. Los Cuatro en los Niveles inferiores no parecen seguros debido a su aparente inestabilidad. Los Cuatro tienden a frustrarse f\u00e1cilmente con la calidad de atenci\u00f3n que reciben de los Cinco (ya que pueden estar preocupados con sus mundos mentales, no con la relaci\u00f3n), por lo que tienden a provocar al Cinco hasta obtener una respuesta. Los Cuatro necesitan apreciar el estilo emocional minimalista del Cinco, mientras que los Cinco necesitan apreciar la profundidad de sentimientos del Cuatro. Las relaciones rom\u00e1nticas pueden volverse muy intensas r\u00e1pidamente y explotar. Usualmente, el Cinco se retira primero, sinti\u00e9ndose abrumado por las crecientes necesidades y demandas del Cuatro. Por supuesto, la retirada del Cinco desencadena m\u00e1s apego y necesidad en el Cuatro, m\u00e1s demandas y m\u00e1s an\u00e1lisis interminable de la relaci\u00f3n en s\u00ed. Las reacciones emocionales floridas enfrentadas al desapego emocional y al an\u00e1lisis racional r\u00e1pidamente llegan a un punto muerto que puede desembocar en una ruptura.        <\/p>\n\n\n\n<p>Para una mayor comprensi\u00f3n de esta combinaci\u00f3n de tipos, lea m\u00e1s sobre la <a href=\"https:\/\/wpml.enneagraminstitute.com\/es\/como-funciona-el-sistema-del-eneagrama\/\">Flecha de Estr\u00e9s<\/a> y c\u00f3mo se comportan los tipos <a href=\"https:\/\/wpml.enneagraminstitute.com\/es\/eneagrama-tipo-4-el-individualista\/\">Cuatro<\/a> y <a href=\"https:\/\/wpml.enneagraminstitute.com\/es\/eneagrama-tipo-5-el-investigador\/\">Cinco<\/a> cuando se mueven a lo largo de ella.<\/p>\n\n\r\n\t\t\t<\/div>\r\n\t\t\n\r\n\t\t\t\t<\/div>\r\n\t\t\t<\/div>\r\n\t\t","protected":false},"excerpt":{"rendered":"<p>Traducido con AI<\/p>\n","protected":false},"author":6,"featured_media":0,"parent":0,"menu_order":0,"comment_status":"closed","ping_status":"closed","template":"","meta":{"_acf_changed":false,"footnotes":""},"class_list":["post-2246","page","type-page","status-publish","hentry"],"acf":[],"_links":{"self":[{"href":"https:\/\/wpml.enneagraminstitute.com\/es\/wp-json\/wp\/v2\/pages\/2246","targetHints":{"allow":["GET"]}}],"collection":[{"href":"https:\/\/wpml.enneagraminstitute.com\/es\/wp-json\/wp\/v2\/pages"}],"about":[{"href":"https:\/\/wpml.enneagraminstitute.com\/es\/wp-json\/wp\/v2\/types\/page"}],"author":[{"embeddable":true,"href":"https:\/\/wpml.enneagraminstitute.com\/es\/wp-json\/wp\/v2\/users\/6"}],"replies":[{"embeddable":true,"href":"https:\/\/wpml.enneagraminstitute.com\/es\/wp-json\/wp\/v2\/comments?post=2246"}],"version-history":[{"count":5,"href":"https:\/\/wpml.enneagraminstitute.com\/es\/wp-json\/wp\/v2\/pages\/2246\/revisions"}],"predecessor-version":[{"id":2871,"href":"https:\/\/wpml.enneagraminstitute.com\/es\/wp-json\/wp\/v2\/pages\/2246\/revisions\/2871"}],"wp:attachment":[{"href":"https:\/\/wpml.enneagraminstitute.com\/es\/wp-json\/wp\/v2\/media?parent=2246"}],"curies":[{"name":"wp","href":"https:\/\/api.w.org\/{rel}","templated":true}]}}