{"id":2240,"date":"2024-01-11T20:34:04","date_gmt":"2024-01-11T20:34:04","guid":{"rendered":"https:\/\/wpml.enneagraminstitute.com\/relacion-tipo-4-con-tipo-8\/"},"modified":"2025-03-04T16:38:22","modified_gmt":"2025-03-04T16:38:22","slug":"relacion-tipo-4-con-tipo-8","status":"publish","type":"page","link":"https:\/\/wpml.enneagraminstitute.com\/es\/relacion-tipo-4-con-tipo-8\/","title":{"rendered":"Relaci\u00f3n Tipo 4 con Tipo 8"},"content":{"rendered":"<h3 style=\"text-align:center\"> Traducido con AI<\/h3>\r\n\t\t\t<div class='container single-content-layout-layout-block'>\r\n\t\t\t\t<div class='row'>\r\n\t\t\t\t\t\n\r\n\t\t\t<div class='column-block col-12 col-md-10 col-lg-8 offset-lg-1'>\r\n\t\t\t\t\n\n<h1 class=\"wp-block-heading\" id=\"h-enneagram-type-four-the-individualist-with-enneagram-type-eight-the-challenger\">Eneagrama Tipo Cuatro (el Individualista)<br\/><em>con<\/em><br\/>Eneagrama Tipo Ocho (el Desafiante)<\/h1>\n\n\n\n<hr class=\"wp-block-separator has-alpha-channel-opacity\"\/>\n\n\n\n<h2 class=\"wp-block-heading\" id=\"h-what-each-type-brings-to-the-relationship\">Lo que cada tipo aporta a la relaci\u00f3n<\/h2>\n\n\n\n<p>Esta puede ser una de las combinaciones de relaci\u00f3n m\u00e1s creativas, aunque tambi\u00e9n es una de las m\u00e1s inherentemente vol\u00e1tiles. Tanto los Cuatros como los Ochos del Eneagrama son intensos y tienen fuertes respuestas emocionales; ambos buscan obtener una reacci\u00f3n del otro, y ambos pueden dominar sus entornos: los Ochos son socialmente dominantes, los Cuatros son emocionalmente dominantes. Ambos tipos aportan pasi\u00f3n, intensidad, energ\u00eda y sentimientos profundos (a menudo inconscientes) a todos los aspectos de la relaci\u00f3n. Se sienten atra\u00eddos por la impetuosidad del otro, la vulnerabilidad del otro y las cualidades \u201cocultas\u201d del otro: ninguno es lo que parece ser en la superficie. Ambos tipos son tambi\u00e9n altamente intuitivos: los Cuatros por ser conscientes de s\u00ed mismos y conocedores de c\u00f3mo se sienten, y los Ochos con su intuici\u00f3n sobre los fen\u00f3menos externos, a menudo con una perspicacia extremadamente precisa sobre los potenciales y posibilidades que exhiben los dem\u00e1s. Debido a sus naturalezas apasionadas, ambos tipos pueden volverse impulsivos y temerarios, asumiendo riesgos extremos por amor a las emociones fuertes o por la sensaci\u00f3n de estar vivos, y esto puede ser tremendamente excitante para el otro. Pero hay compensaciones: los Cuatros tienden a depender de la practicidad del Ocho y su capacidad para protegerlos y proveerlos, mientras que los Ochos tienden a depender de la sensibilidad del Cuatro y su misterioso sentido del desaf\u00edo: la vida emocional y el coraz\u00f3n del Cuatro pueden ser un mundo que el Ocho no puede conquistar f\u00e1cilmente.      <\/p>\n\n\n\n<p>Por otro lado, los Cuatros ven fuerza, carisma y solidez en los Ochos. Ambos sienten que el otro puede igualar su intensidad, que el otro no ser\u00e1 aburrido o indiferente hacia ellos. Se hacen sentir m\u00e1s vivos mutuamente, algo que ambos desean. La intensidad, la vitalidad, la pasi\u00f3n y la inmediatez son los sellos emocionales de esta pareja, y se relacionan entre s\u00ed (y con otros en su mundo) desde un tono emocional inusualmente alto: siempre est\u00e1 sucediendo algo en su relaci\u00f3n, y les gusta que sea as\u00ed.   <\/p>\n\n\n\n<hr class=\"wp-block-separator has-alpha-channel-opacity\"\/>\n\n\n\n<h2 class=\"wp-block-heading\" id=\"h-potential-trouble-spots-or-issues\">Potenciales puntos problem\u00e1ticos o conflictos<\/h2>\n\n\n\n<p>Ambos tipos se enorgullecen de tener una cualidad m\u00e1s grande que la vida: los Ochos en su fuerza de voluntad m\u00e1s grande que la vida y su b\u00fasqueda de control, los Cuatros en sus emociones m\u00e1s grandes que la vida y en su b\u00fasqueda de autoexpresi\u00f3n. Ambos tipos quieren ser libres y estar libres de que alguien los controle, particularmente en sus carreras y vidas privadas. Si sienten que el otro est\u00e1 tratando de controlarlos, ambos tipos pueden enfurecerse, desencadenando f\u00e1cilmente batallas gigantescas, intrigas financieras y sexuales, y sentimientos desenfrenados de odio. Tanto los Cuatros como los Ochos son emocionalmente tormentosos y propensos a per\u00edodos de ira, depresi\u00f3n, venganza y diversas formas de actuaci\u00f3n. Cuando los conflictos entre ellos alcanzan cierto nivel, la discusi\u00f3n reemplaza la conexi\u00f3n real, y la lucha (y posible violencia f\u00edsica) se convierte en un elemento cada vez m\u00e1s com\u00fan de su comunicaci\u00f3n, con la violencia a menudo fluyendo en ambas direcciones.    <\/p>\n\n\n\n<p>Tambi\u00e9n pueden comenzar a practicar la pelea y la reconciliaci\u00f3n porque ambos son m\u00e1s emocionantes de esa manera. Tambi\u00e9n pueden comenzar a castigarse mutuamente reteniendo atenci\u00f3n y afecto y menospreci\u00e1ndose verbalmente, a menudo en p\u00fablico. Ninguna pareja es m\u00e1s apasionada que la combinaci\u00f3n Cuatro\/Ocho, ni es m\u00e1s probable que ninguna pareja se deteriore hacia el abuso verbal y f\u00edsico y diversos tipos de represalias personales por ofensas en escalada. (Tambi\u00e9n tienden a involucrar a sus amigos y familiares en sus conflictos, tratando de hacer que otros tomen partido.) Pueden llegar a sentir que no son capaces de detenerse de hacerse da\u00f1o mutuamente, por mucho que una parte de ellos quisiera calmarse y volverse m\u00e1s normales. La atracci\u00f3n apasionada que sienten el uno por el otro puede terminar en obsesi\u00f3n y acciones impulsivas y da\u00f1inas.     <\/p>\n\n\n\n<p>For further understanding about this type combination, read more about the\u00a0<a href=\"\/how-the-enneagram-system-works\">Stress Arrow<\/a>\u00a0and how types\u00a0<a href=\"\/type-4\">Four<\/a>\u00a0and\u00a0<a href=\"https:\/\/wpml.enneagraminstitute.com\/type-8\/\">Eight<\/a> behave when they are moving along it.<\/p>\n\n\r\n\t\t\t<\/div>\r\n\t\t\n\r\n\t\t\t\t<\/div>\r\n\t\t\t<\/div>\r\n\t\t","protected":false},"excerpt":{"rendered":"<p>Traducido con AI<\/p>\n","protected":false},"author":6,"featured_media":0,"parent":0,"menu_order":0,"comment_status":"closed","ping_status":"closed","template":"","meta":{"_acf_changed":false,"footnotes":""},"class_list":["post-2240","page","type-page","status-publish","hentry"],"acf":[],"_links":{"self":[{"href":"https:\/\/wpml.enneagraminstitute.com\/es\/wp-json\/wp\/v2\/pages\/2240","targetHints":{"allow":["GET"]}}],"collection":[{"href":"https:\/\/wpml.enneagraminstitute.com\/es\/wp-json\/wp\/v2\/pages"}],"about":[{"href":"https:\/\/wpml.enneagraminstitute.com\/es\/wp-json\/wp\/v2\/types\/page"}],"author":[{"embeddable":true,"href":"https:\/\/wpml.enneagraminstitute.com\/es\/wp-json\/wp\/v2\/users\/6"}],"replies":[{"embeddable":true,"href":"https:\/\/wpml.enneagraminstitute.com\/es\/wp-json\/wp\/v2\/comments?post=2240"}],"version-history":[{"count":5,"href":"https:\/\/wpml.enneagraminstitute.com\/es\/wp-json\/wp\/v2\/pages\/2240\/revisions"}],"predecessor-version":[{"id":2873,"href":"https:\/\/wpml.enneagraminstitute.com\/es\/wp-json\/wp\/v2\/pages\/2240\/revisions\/2873"}],"wp:attachment":[{"href":"https:\/\/wpml.enneagraminstitute.com\/es\/wp-json\/wp\/v2\/media?parent=2240"}],"curies":[{"name":"wp","href":"https:\/\/api.w.org\/{rel}","templated":true}]}}