{"id":2238,"date":"2024-01-11T20:34:04","date_gmt":"2024-01-11T20:34:04","guid":{"rendered":"https:\/\/wpml.enneagraminstitute.com\/eneagrama-tipo-5-el-investigador\/"},"modified":"2025-03-04T16:38:22","modified_gmt":"2025-03-04T16:38:22","slug":"eneagrama-tipo-5-el-investigador","status":"publish","type":"page","link":"https:\/\/wpml.enneagraminstitute.com\/es\/eneagrama-tipo-5-el-investigador\/","title":{"rendered":"Eneagrama Tipo 5: El Investigador"},"content":{"rendered":"<h3 style=\"text-align:center\"> Traducido con AI<\/h3>\r\n\t\t\t<div class='container single-content-layout-layout-block'>\r\n\t\t\t\t<div class='row'>\r\n\t\t\t\t\t\n\r\n\t\t\t<div class='column-block col-12 col-md-10 col-lg-8 offset-lg-1'>\r\n\t\t\t\t\n\n<h1 class=\"wp-block-heading\" id=\"h-enneagram-type-5-the-investigator\">Eneagrama Tipo 5: EL INVESTIGADOR<\/h1>\n\n\n\n<p>El Tipo Intenso y Cerebral:<br\/>Perceptivo, Innovador, Reservado y Aislado<\/p>\n\n\n<div class=\"wp-block-image\">\n<figure class=\"aligncenter size-full\" id=\"yui_3_17_2_1_1705609897914_87\"><img loading=\"lazy\" decoding=\"async\" width=\"325\" height=\"208\" src=\"https:\/\/wpml.enneagraminstitute.com\/wp-content\/uploads\/2025\/08\/29_image-asset.png\" alt=\"Eneagrama Tipo 5\" class=\"wp-image-1832\" srcset=\"https:\/\/wpml.enneagraminstitute.com\/wp-content\/uploads\/2025\/08\/29_image-asset.png 325w, https:\/\/wpml.enneagraminstitute.com\/wp-content\/uploads\/2025\/08\/29_image-asset-300x192.png 300w\" sizes=\"auto, (max-width: 325px) 100vw, 325px\" \/><\/figure>\n<\/div>\n\n\n<hr class=\"wp-block-separator has-alpha-channel-opacity\"\/>\n\n\n\n<h2 class=\"wp-block-heading\" id=\"h-enneagram-type-5-in-brief\">Eneagrama Tipo 5 en Breve<\/h2>\n\n\n\n<p>Los Cinco son alertas, perspicaces y curiosos. Son capaces de concentrarse y enfocarse en desarrollar ideas y habilidades complejas. Independientes, innovadores e inventivos, tambi\u00e9n pueden llegar a obsesionarse con sus pensamientos y construcciones imaginarias. Se vuelven distantes, aunque nerviosos e intensos. T\u00edpicamente tienen problemas con la excentricidad, el nihilismo y el aislamiento. En su mejor estado: son pioneros visionarios, a menudo adelantados a su tiempo y capaces de ver el mundo de una manera completamente nueva.     <\/p>\n\n\n\n<ul class=\"wp-block-list\">\n<li><strong>Temor B\u00e1sico:<\/strong> Ser in\u00fatil, indefenso o incapaz<\/li>\n\n\n\n<li><strong>Deseo B\u00e1sico:<\/strong> Ser capaz y competente<\/li>\n\n\n\n<li><strong>Eneagrama Cinco con Ala Cuatro:<\/strong> \u201cEl Iconoclasta\u201d<\/li>\n\n\n\n<li><strong>Eneagrama Cinco con Ala Seis:<\/strong> \u201cEl Solucionador de Problemas\u201d<\/li>\n<\/ul>\n\n\n\n<p><strong>Motivaciones Clave:<\/strong> Desean poseer conocimiento, comprender el entorno, tener todo descifrado como una forma de defender el yo de las amenazas del ambiente.<\/p>\n\n\n\n<h3 class=\"wp-block-heading\" id=\"h-the-meaning-of-the-arrows-in-brief\">El Significado de las Flechas (en breve)<\/h3>\n\n\n\n<p>Cuando se mueven en su Direcci\u00f3n de Desintegraci\u00f3n (estr\u00e9s), los Cinco distantes repentinamente se vuelven hiperactivos y dispersos como el <a href=\"https:\/\/wpml.enneagraminstitute.com\/es\/eneagrama-tipo-7-el-entusiasta\/\">Siete<\/a>. Sin embargo, cuando se mueven en su Direcci\u00f3n de Integraci\u00f3n (crecimiento), los Cinco avaros y distantes se vuelven m\u00e1s seguros de s\u00ed mismos y decisivos, como los <a href=\"https:\/\/wpml.enneagraminstitute.com\/es\/eneagrama-tipo-8-el-desafiante\/\">Ochos<\/a> saludables. <a href=\"https:\/\/wpml.enneagraminstitute.com\/es\/como-funciona-el-sistema-del-eneagrama\/\">Conozca m\u00e1s sobre las flechas<\/a>. <\/p>\n\n\n\n<p><strong>Ejemplos:<\/strong> Siddhartha Gautama Buda, Albert Einstein, Oliver Sacks, John Nash (Una Mente Brillante), Stephen Hawking, Vincent van Gogh, Edvard Munch, Georgia O&#8217;Keeffe, Salvador Dal\u00ed, Alberto Giacometti, Emily Dickinson, Friedrich Nietzsche, Agatha Christie, James Joyce, Jean-Paul Sartre, Susan Sontag, Stephen King, Ursula K. LeGuin, Clive Barker, Bill Gates, Mark Zuckerberg, Jane Goodall, A.H. Almaas, Eckhart Tolle, Meredith Monk, Glenn Gould, John Cage, Kurt Cobain, David Byrne, Peter Gabriel, Laurie Anderson, Jane Siberry, Trent Reznor, Thom Yorke (Radiohead), Alfred Hitchcock, Marlene Dietrich, Stanley Kubrick, David Cronenberg, Werner Herzog, Tim Burton, David Lynch, David Fincher, Jodie Foster, <q id=\"q-first-1\">The Far Side<\/q> Gary Larson, Annie Liebovitz, Bobby Fischer, <q id=\"q-first-2\">Wikileaks<\/q> Julian Assange, Aaron Swartz, <q id=\"q-first-3\">Fox Mulder<\/q> de Expediente X, Dr. Gregory <q id=\"q-first-4\">House<\/q><\/p>\n\n\n\n<hr class=\"wp-block-separator has-alpha-channel-opacity\"\/>\n\n\n\n<h2 class=\"wp-block-heading\" id=\"h-enneagram-type-5-overview\">Visi\u00f3n General del Eneagrama Tipo 5<\/h2>\n\n\n\n<p>Hemos denominado al tipo de personalidad Cinco <em>El Investigador<\/em> porque, m\u00e1s que cualquier otro tipo, los Cinco desean descubrir por qu\u00e9 las cosas son como son. Quieren entender c\u00f3mo funciona el mundo, ya sea el cosmos, el mundo microsc\u00f3pico, los reinos animal, vegetal o mineral, o el mundo interior de sus imaginaciones. Siempre est\u00e1n buscando, haciendo preguntas y profundizando en las cosas. No aceptan opiniones y doctrinas recibidas, sintiendo una fuerte necesidad de comprobar la verdad de la mayor\u00eda de las suposiciones por s\u00ed mismos.   <\/p>\n\n\n\n<p>John, un artista gr\u00e1fico, describe este enfoque de la vida.<\/p>\n\n\n\n<blockquote class=\"wp-block-quote is-layout-flow wp-block-quote-is-layout-flow\">\n<p>\u00abSer un Cinco significa necesitar siempre aprender, absorber informaci\u00f3n sobre el mundo. Un d\u00eda sin aprender es como un d\u00eda sin \u201csol\u201d. Como Cinco, quiero tener una comprensi\u00f3n de la vida. Me gusta tener una explicaci\u00f3n te\u00f3rica sobre por qu\u00e9 las cosas suceden como lo hacen. Esta comprensi\u00f3n me hace sentir a cargo y en control. M\u00e1s a menudo aprendo a distancia como un observador y no como un participante. A veces, parece que entender la vida es tan bueno como vivirla. Es un viaje dif\u00edcil aprender que la vida debe ser vivida y no solo estudiada.\u00bb<\/p>\n<\/blockquote>\n\n\n\n<p>Detr\u00e1s de la incesante b\u00fasqueda de conocimiento de los Cinco hay profundas inseguridades sobre su capacidad para funcionar con \u00e9xito en el mundo. <em>Los Cinco sienten que no tienen la capacidad de hacer las cosas tan bien como los dem\u00e1s<\/em>. Pero en lugar de involucrarse directamente en actividades que podr\u00edan reforzar su confianza, los Cinco <q id=\"q-first-1\">dan un paso atr\u00e1s<\/q> hacia sus mentes, donde se sienten m\u00e1s capaces. Su creencia es que desde la seguridad de sus mentes eventualmente descubrir\u00e1n c\u00f3mo hacer las cosas, y alg\u00fan d\u00eda se reincorporar\u00e1n al mundo.  <\/p>\n\n\n\n<p>Los Cinco dedican una gran cantidad de tiempo a observar y contemplar\u2014escuchando los sonidos del viento o de un sintetizador, o tomando notas sobre las actividades en un hormiguero en su jard\u00edn trasero. A medida que se sumergen en sus observaciones, comienzan a interiorizar su conocimiento y adquieren una sensaci\u00f3n de confianza en s\u00ed mismos. Posteriormente, pueden salir y tocar una pieza en el sintetizador o compartir sus conocimientos sobre las hormigas. Tambi\u00e9n pueden toparse con informaci\u00f3n nueva y emocionante o crear nuevas combinaciones creativas (tocando una pieza musical basada en grabaciones de viento y agua). Cuando obtienen verificaci\u00f3n de sus observaciones e hip\u00f3tesis, o ven que otros comprenden su trabajo, es una confirmaci\u00f3n de su competencia, y esto satisface su Deseo B\u00e1sico. (\u201cUsted sabe de lo que est\u00e1 hablando.\u201d)     <\/p>\n\n\n\n<p>El conocimiento, la comprensi\u00f3n y la perspicacia son, por lo tanto, altamente valorados por los Cinco, ya que su identidad se construye en torno a \u201ctener ideas\u201d y ser alguien que tiene algo inusual y perspicaz que decir. Por esta raz\u00f3n, los Cinco no est\u00e1n interesados en explorar lo que ya es familiar y bien establecido; m\u00e1s bien, su atenci\u00f3n se dirige hacia lo inusual, lo pasado por alto, lo secreto, lo oculto, lo bizarro, lo fant\u00e1stico, lo \u201cimpensable.\u201d Investigar \u201cterritorio desconocido\u201d\u2014conocer algo que otros no saben, o crear algo que nadie ha experimentado nunca\u2014permite a los Cinco tener un nicho para s\u00ed mismos que nadie m\u00e1s ocupa. Creen que desarrollar este nicho es la mejor manera de alcanzar la independencia y la confianza.   <\/p>\n\n\n\n<p>As\u00ed, para su propia seguridad y autoestima, los Cinco necesitan tener al menos un \u00e1rea en la que posean un grado de experiencia que les permita sentirse capaces y conectados con el mundo. Los Cinco piensan, \u201cVoy a encontrar algo que pueda hacer realmente bien, y entonces ser\u00e9 capaz de enfrentar los desaf\u00edos de la vida. Pero no puedo tener otras cosas distray\u00e9ndome o interponi\u00e9ndose en mi camino.\u201d Por lo tanto, desarrollan un enfoque intenso en cualquier cosa que puedan dominar y sobre la que puedan sentirse seguros. Puede ser el mundo de las matem\u00e1ticas, o el mundo del rock and roll, o la m\u00fasica cl\u00e1sica, o la mec\u00e1nica de autom\u00f3viles, o el horror y la ciencia ficci\u00f3n, o un mundo enteramente creado en su imaginaci\u00f3n. No todos los Cinco son eruditos o doctores. Pero, dependiendo de su inteligencia y los recursos disponibles para ellos, se enfocan intensamente en dominar algo que ha capturado su inter\u00e9s.     <\/p>\n\n\n\n<p>Para bien o para mal, las \u00e1reas que los Cinco exploran no dependen de la validaci\u00f3n social; de hecho, si otros est\u00e1n de acuerdo con sus ideas con demasiada facilidad, los Cinco tienden a temer que sus ideas puedan ser demasiado convencionales. La historia est\u00e1 llena de famosos Cinco que revolucionaron las formas aceptadas de entender o hacer las cosas (Darwin, Einstein, Nietzsche). Sin embargo, muchos m\u00e1s Cinco se han perdido en las complejidades bizantinas de sus propios procesos de pensamiento, volvi\u00e9ndose meramente exc\u00e9ntricos y socialmente aislados.  <\/p>\n\n\n\n<p>El enfoque intenso de los Cinco puede as\u00ed conducir a descubrimientos e innovaciones notables, pero cuando la personalidad est\u00e1 m\u00e1s fijada, tambi\u00e9n puede crear problemas autodestructivos. Esto se debe a que su foco de atenci\u00f3n involuntariamente sirve para distraerlos de sus problemas pr\u00e1cticos m\u00e1s apremiantes. Cualesquiera que sean las fuentes de sus ansiedades \u2014relaciones, falta de fuerza f\u00edsica, incapacidad para obtener empleo, y as\u00ed sucesivamente\u2014 los Cinco promedio tienden a no lidiar con estos problemas. M\u00e1s bien, encuentran algo m\u00e1s que hacer que les har\u00e1 sentirse m\u00e1s competentes. La iron\u00eda es que no importa qu\u00e9 grado de dominio desarrollen en su \u00e1rea de experiencia, esto no puede resolver sus inseguridades m\u00e1s b\u00e1sicas sobre el funcionamiento en el mundo. Por ejemplo, como bi\u00f3loga marina, una Cinco podr\u00eda aprender todo lo que hay que saber sobre un tipo de marisco, pero si su temor es que nunca va a ser capaz de manejar adecuadamente su propio hogar, no habr\u00e1 resuelto su ansiedad subyacente.     <\/p>\n\n\n\n<p>Lidiar directamente con asuntos f\u00edsicos puede resultar extremadamente desalentador para los Cinco. Henry es un cient\u00edfico de la vida que trabaja en un importante laboratorio de investigaci\u00f3n m\u00e9dica: <\/p>\n\n\n\n<blockquote class=\"wp-block-quote is-layout-flow wp-block-quote-is-layout-flow\">\n<p>\u201cDesde que era ni\u00f1o, he rehuido los deportes y la actividad f\u00edsica extenuante siempre que ha sido posible. Nunca fui capaz de trepar las cuerdas en la clase de gimnasia, dej\u00e9 de participar en deportes tan pronto como fue factible, y el olor de un gimnasio todav\u00eda me incomoda. Al mismo tiempo, siempre he tenido una vida mental muy activa. Aprend\u00ed a leer a la edad de tres a\u00f1os, y en la escuela siempre fui uno de los ni\u00f1os m\u00e1s inteligentes en las materias acad\u00e9micas.\u201d<\/p>\n<\/blockquote>\n\n\n\n<p>Por consiguiente, gran parte de su tiempo se invierte en \u201crecopilar\u201d y desarrollar ideas y habilidades que, seg\u00fan creen, les har\u00e1n sentirse seguros y preparados. Desean retener todo lo que han aprendido y \u201cllevarlo consigo en sus mentes.\u201d El problema radica en que, mientras est\u00e1n absortos en este proceso, no interact\u00faan con otros ni incrementan muchas otras habilidades pr\u00e1cticas y sociales. Dedican cada vez m\u00e1s tiempo a recolectar y atender sus colecciones, y menos a cualquier cosa relacionada con sus necesidades reales.   <\/p>\n\n\n\n<p>Por lo tanto, el desaf\u00edo para los Cinco es comprender que pueden perseguir cualquier pregunta o problema que despierte su imaginaci\u00f3n <em>y<\/em> mantener relaciones, cuidar adecuadamente de s\u00ed mismos y hacer todas las cosas que son caracter\u00edsticas de una vida saludable.<\/p>\n\n\n\n<p>(de <a href=\"\/store\"><em>La Sabidur\u00eda del Eneagrama<\/em><\/a>, p. 208-210)<\/p>\n\n\n\n<hr class=\"wp-block-separator has-alpha-channel-opacity\"\/>\n\n\n\n<p>\u00a0<\/p>\n\n\n\n<h2 class=\"wp-block-heading\" id=\"h-enneagram-type-5-levels-of-development\">Eneagrama Tipo 5\u2014Niveles de Desarrollo<\/h2>\n\n\n\n<p><strong>Niveles Saludables<\/strong><\/p>\n\n\n\n<p><strong>Nivel 1 (En Su Mejor Momento):<\/strong> Se convierten en visionarios, comprendiendo ampliamente el mundo mientras lo penetran profundamente. De mente abierta, captan las cosas en su totalidad, en su verdadero contexto. Realizan descubrimientos pioneros y encuentran formas completamente nuevas de hacer y percibir las cosas.  <\/p>\n\n\n\n<p><strong>Nivel 2:<\/strong> Observan todo con una perspicacia y percepci\u00f3n extraordinarias. La inteligencia m\u00e1s alerta mentalmente, curiosa y escrutadora: nada escapa a su atenci\u00f3n. Previsi\u00f3n y predicci\u00f3n. Capaces de concentrarse: se absorben en lo que ha captado su atenci\u00f3n.   <\/p>\n\n\n\n<p><strong>Nivel 3:<\/strong> Alcanzan un dominio h\u00e1bil de cualquier cosa que les interese. Entusiasmados por el conocimiento: a menudo se convierten en expertos en alg\u00fan campo. Innovadores e inventivos, producen obras extremadamente valiosas y originales. Altamente independientes, idiosincr\u00e1sicos y caprichosos.   <\/p>\n\n\n\n<p><strong>Niveles Promedio<\/strong><\/p>\n\n\n\n<p><strong>Nivel 4:<\/strong> Comienzan a conceptualizar y perfeccionar todo antes de actuar\u2014elaborando las cosas en sus mentes: construyendo modelos, preparando, practicando y reuniendo m\u00e1s recursos. Estudiosos, adquiriendo t\u00e9cnica. Se vuelven especializados, y a menudo \u201cintelectuales,\u201d frecuentemente desafiando las formas aceptadas de hacer las cosas.  <\/p>\n\n\n\n<p><strong>Nivel 5:<\/strong> Se desapegan cada vez m\u00e1s a medida que se involucran con ideas complicadas o mundos imaginarios. Se preocupan m\u00e1s por sus visiones e interpretaciones que por la realidad. Se fascinan por temas exc\u00e9ntricos y esot\u00e9ricos, incluso aquellos que involucran elementos oscuros y perturbadores. Desapegados del mundo pr\u00e1ctico, una \u201cmente desencarnada,\u201d aunque nerviosos e intensos.   <\/p>\n\n\n\n<p><strong>Nivel 6:<\/strong> Comienzan a adoptar una postura antagonista hacia cualquier cosa que pudiera interferir con su mundo interior y visi\u00f3n personal. Se vuelven provocadores y abrasivos, con puntos de vista intencionalmente extremos y radicales. C\u00ednicos y argumentativos.  <\/p>\n\n\n\n<p><strong>Niveles Insalubres<\/strong><\/p>\n\n\n\n<p><strong>Nivel 7:<\/strong> Se vuelven recluidos y aislados de la realidad, exc\u00e9ntricos y nihilistas. Altamente inestables y temerosos de las agresiones: rechazan y repelen a los dem\u00e1s y todos los v\u00ednculos sociales. <\/p>\n\n\n\n<p><strong>Nivel 8:<\/strong> Se obsesionan pero se asustan por sus ideas amenazantes, volvi\u00e9ndose horrorizados, delirantes y presas de distorsiones y fobias graves.<\/p>\n\n\n\n<p><strong>Nivel 9:<\/strong> Buscando el olvido, pueden cometer suicidio o tener una ruptura psic\u00f3tica con la realidad. Trastornados, explosivamente autodestructivos, con matices esquizofr\u00e9nicos. Generalmente corresponde a los trastornos de personalidad Esquizoide Evitativo y Esquizot\u00edpico.  <\/p>\n\n\n\n<hr class=\"wp-block-separator has-alpha-channel-opacity\"\/>\n\n\n\n<h2 class=\"wp-block-heading\" id=\"h-compatibility-with-other-types\">Compatibilidad con Otros Tipos<\/h2>\n\n\n\n<h3 class=\"wp-block-heading\" id=\"h-type-5-in-relationship-with-type\">Tipo 5 en relaci\u00f3n con el tipo:<\/h3>\n\n\n\n<h3 class=\"wp-block-heading\" id=\"h-1-2-3-4-5-6-7-8-9\"><a href=\"https:\/\/wpml.enneagraminstitute.com\/es\/relacion-tipo-1-con-tipo-5\/\">1<\/a>     <a href=\"https:\/\/wpml.enneagraminstitute.com\/es\/relacion-del-tipo-2-con-el-tipo-5\/\">2<\/a>     <a href=\"https:\/\/wpml.enneagraminstitute.com\/es\/relacion-tipo-3-con-tipo-5\/\">3<\/a>     <a href=\"https:\/\/wpml.enneagraminstitute.com\/es\/relacion-entre-el-tipo-4-y-el-tipo-5\/\">4<\/a>     <a href=\"https:\/\/wpml.enneagraminstitute.com\/es\/relacion-tipo-5-con-tipo-5\/\">5<\/a>     <a href=\"https:\/\/wpml.enneagraminstitute.com\/es\/relacion-entre-el-tipo-5-y-el-tipo-6\/\">6<\/a>     <a href=\"https:\/\/wpml.enneagraminstitute.com\/es\/relacion-tipo-5-con-tipo-7\/\">7<\/a>     <a href=\"https:\/\/wpml.enneagraminstitute.com\/es\/relacion-tipo-5-con-tipo-8\/\">8<\/a>     <a href=\"https:\/\/wpml.enneagraminstitute.com\/es\/relacion-del-tipo-5-con-el-tipo-9\/\">9<\/a><\/h3>\n\n\n\n<hr class=\"wp-block-separator has-alpha-channel-opacity\"\/>\n\n\n\n<h2 class=\"wp-block-heading\" id=\"h-misidentification-with-other-types\">Identificaci\u00f3n Err\u00f3nea con Otros Tipos<\/h2>\n\n\n\n<h3 class=\"wp-block-heading\" id=\"h-type-5-compared-with-type\">Tipo 5 comparado con el tipo:<\/h3>\n\n\n\n<h3 class=\"wp-block-heading\" id=\"h-1-2-3-4-6-7-8-9\"><a href=\"https:\/\/wpml.enneagraminstitute.com\/es\/identificacion-erronea-de-1-y-5\/\">1<\/a>     <a href=\"https:\/\/wpml.enneagraminstitute.com\/es\/identificacion-erronea-de-2-y-5\/\">2<\/a>     <a href=\"https:\/\/wpml.enneagraminstitute.com\/es\/identificacion-erronea-de-3-y-5\/\">3<\/a>     <a href=\"https:\/\/wpml.enneagraminstitute.com\/es\/identificacion-erronea-de-4-y-5\/\">4<\/a>     <a href=\"https:\/\/wpml.enneagraminstitute.com\/es\/identificacion-erronea-de-5-y-6\/\">6<\/a>     <a href=\"https:\/\/wpml.enneagraminstitute.com\/es\/identificacion-erronea-entre-5-y-7\/\">7<\/a>     <a href=\"https:\/\/wpml.enneagraminstitute.com\/es\/identificacion-erronea-entre-5-y-8\/\">8<\/a>     <a href=\"https:\/\/wpml.enneagraminstitute.com\/es\/identificacion-erronea-entre-5-y-9\/\">9<\/a><\/h3>\n\n\n\n<hr class=\"wp-block-separator has-alpha-channel-opacity\"\/>\n\n\n\n<h2 class=\"wp-block-heading\" id=\"h-addictions\">Adicciones<\/h2>\n\n\n\n<p>H\u00e1bitos deficientes de alimentaci\u00f3n y sue\u00f1o debido a la minimizaci\u00f3n de las necesidades. Descuido de la higiene y la nutrici\u00f3n. Falta de actividad f\u00edsica. Drogas psicotr\u00f3picas para la estimulaci\u00f3n mental y el escape, narc\u00f3ticos para la ansiedad.   <\/p>\n\n\n\n<hr class=\"wp-block-separator has-alpha-channel-opacity\"\/>\n\n\n\n<h2 class=\"wp-block-heading\" id=\"h-personal-growth-recommendations-for-enneagram-type-fives\">Recomendaciones de Crecimiento Personal<br\/>para los Eneatipos Cinco<\/h2>\n\n\n\n<ul class=\"wp-block-list\">\n<li>Aprenda a notar cuando su pensamiento y especulaci\u00f3n lo alejan de la inmediatez de su experiencia. Sus capacidades mentales pueden ser un don extraordinario, pero tambi\u00e9n pueden ser una trampa cuando las utiliza para retirarse del contacto consigo mismo y con los dem\u00e1s. Mant\u00e9ngase conectado con su fisicalidad.  <\/li>\n\n\n\n<li>Tiende a ser extremadamente intenso y tan tenso que le resulta dif\u00edcil relajarse y desconectar. Haga un esfuerzo por aprender a calmarse de una manera saludable, sin drogas ni alcohol. El ejercicio o el uso de t\u00e9cnicas de biorretroalimentaci\u00f3n ayudar\u00e1n a canalizar parte de su tremenda energ\u00eda nerviosa. La meditaci\u00f3n, el jogging, el yoga y el baile son especialmente \u00fatiles para su tipo.   <\/li>\n\n\n\n<li>Usted percibe numerosas posibilidades, pero frecuentemente carece del discernimiento para elegir entre ellas o juzgar cu\u00e1l es m\u00e1s o menos relevante. Cuando se encuentra inmerso en su fijaci\u00f3n, puede carecer de perspectiva y, consecuentemente, de la capacidad para realizar evaluaciones precisas. En tales circunstancias, puede resultar beneficioso solicitar el consejo de alguien cuyo juicio usted estime, mientras adquiere una perspectiva sobre su situaci\u00f3n. Este proceso tambi\u00e9n puede ayudarle a depositar su confianza en otra persona, lo cual suele ser un desaf\u00edo para su tipo.   <\/li>\n\n\n\n<li>Observe cu\u00e1ndo se est\u00e1 involucrando intensamente en proyectos que no necesariamente fomentan su autoestima, confianza o situaci\u00f3n vital. Es factible seguir m\u00faltiples temas, juegos y pasatiempos fascinantes, pero estos pueden convertirse en distracciones significativas de lo que usted sabe que realmente debe hacer. La acci\u00f3n decisiva generar\u00e1 m\u00e1s confianza que la adquisici\u00f3n de m\u00e1s datos o habilidades no relacionadas.  <\/li>\n\n\n\n<li>Los individuos del tipo Cinco tienden a experimentar dificultades para confiar en las personas, abrirse emocionalmente o hacerse accesibles de diversas maneras. Su consciencia de los potenciales problemas en las relaciones puede propender a crear una profec\u00eda autocumplida. Es fundamental recordar que tener conflictos con otros no es inusual y que lo saludable es resolverlos, en lugar de rechazar los v\u00ednculos con las personas retray\u00e9ndose en el aislamiento. Contar con uno o dos amigos \u00edntimos en quienes conf\u00ede lo suficiente como para tener conflictos enriquecer\u00e1 considerablemente su vida.   <\/li>\n<\/ul>\n\n\n\n<hr class=\"wp-block-separator has-alpha-channel-opacity\"\/>\n\n\n\n<h2 class=\"wp-block-heading\" id=\"h-learn-more\">Aprender M\u00e1s<\/h2>\n\n\n\n<p>Los <a href=\"\/store\" target=\"_blank\" rel=\"noreferrer noopener\">libros de Riso-Hudson<\/a> ofrecen las descripciones de tipos m\u00e1s completas disponibles en cualquier parte. <a href=\"\/store\"><em>Personality Types<\/em><\/a> es el tratamiento m\u00e1s completo, profundo y sistem\u00e1tico de los nueve tipos y del sistema del Eneagrama en su conjunto, y <a href=\"\/store\" target=\"_blank\" rel=\"noreferrer noopener\"><em>The Wisdom of the Enneagram<\/em><\/a> proporciona la gu\u00eda integral para el crecimiento psicol\u00f3gico y espiritual de los nueve tipos de personalidad.<\/p>\n\n\r\n\t\t\t<\/div>\r\n\t\t\n\r\n\t\t\t\t<\/div>\r\n\t\t\t<\/div>\r\n\t\t","protected":false},"excerpt":{"rendered":"<p>Traducido con AI<\/p>\n","protected":false},"author":6,"featured_media":0,"parent":0,"menu_order":0,"comment_status":"closed","ping_status":"closed","template":"","meta":{"_acf_changed":false,"footnotes":""},"class_list":["post-2238","page","type-page","status-publish","hentry"],"acf":[],"_links":{"self":[{"href":"https:\/\/wpml.enneagraminstitute.com\/es\/wp-json\/wp\/v2\/pages\/2238","targetHints":{"allow":["GET"]}}],"collection":[{"href":"https:\/\/wpml.enneagraminstitute.com\/es\/wp-json\/wp\/v2\/pages"}],"about":[{"href":"https:\/\/wpml.enneagraminstitute.com\/es\/wp-json\/wp\/v2\/types\/page"}],"author":[{"embeddable":true,"href":"https:\/\/wpml.enneagraminstitute.com\/es\/wp-json\/wp\/v2\/users\/6"}],"replies":[{"embeddable":true,"href":"https:\/\/wpml.enneagraminstitute.com\/es\/wp-json\/wp\/v2\/comments?post=2238"}],"version-history":[{"count":6,"href":"https:\/\/wpml.enneagraminstitute.com\/es\/wp-json\/wp\/v2\/pages\/2238\/revisions"}],"predecessor-version":[{"id":2874,"href":"https:\/\/wpml.enneagraminstitute.com\/es\/wp-json\/wp\/v2\/pages\/2238\/revisions\/2874"}],"wp:attachment":[{"href":"https:\/\/wpml.enneagraminstitute.com\/es\/wp-json\/wp\/v2\/media?parent=2238"}],"curies":[{"name":"wp","href":"https:\/\/api.w.org\/{rel}","templated":true}]}}