{"id":2235,"date":"2024-01-11T20:34:04","date_gmt":"2024-01-11T20:34:04","guid":{"rendered":"https:\/\/wpml.enneagraminstitute.com\/relacion-tipo-2-con-tipo-9\/"},"modified":"2025-03-04T16:38:23","modified_gmt":"2025-03-04T16:38:23","slug":"relacion-tipo-2-con-tipo-9","status":"publish","type":"page","link":"https:\/\/wpml.enneagraminstitute.com\/es\/relacion-tipo-2-con-tipo-9\/","title":{"rendered":"Relaci\u00f3n Tipo 2 con Tipo 9"},"content":{"rendered":"<h3 style=\"text-align:center\"> Traducido con AI<\/h3>\r\n\t\t\t<div class='container single-content-layout-layout-block'>\r\n\t\t\t\t<div class='row'>\r\n\t\t\t\t\t\n\r\n\t\t\t<div class='column-block col-12 col-md-10 col-lg-8 offset-lg-1'>\r\n\t\t\t\t\n\n<h1 class=\"wp-block-heading\" id=\"h-enneagram-type-two-the-helper-with-enneagram-type-nine-the-peacemaker\">Eneagrama Tipo Dos (el Ayudador) <em>con<\/em> Eneagrama Tipo Nueve (el Pacificador)<\/h1>\n\n\n\n<hr class=\"wp-block-separator has-alpha-channel-opacity\"\/>\n\n\n\n<h2 class=\"wp-block-heading\" id=\"h-what-each-type-brings-to-the-relationship\">Lo que cada tipo aporta a la relaci\u00f3n<\/h2>\n\n\n\n<p>Los Eneagramas Dos y Nueve son similares en una amplia variedad de \u00e1reas y reacciones; ambos tipos est\u00e1n interesados en nutrir a los dem\u00e1s y en ayudar a las personas a sentirse mejor, m\u00e1s c\u00f3modas consigo mismas y m\u00e1s en paz. Ambos tipos tambi\u00e9n tienden a ser optimistas y a reformular las decepciones de la manera m\u00e1s positiva posible. Esta combinaci\u00f3n posee una destacada cualidad c\u00e1lida, amable y bondadosa que cada lado refuerza. Los Dos y los Nueve son despreocupados, hospitalarios y poco exigentes, felices de complacer a sus amigos y darles la bienvenida a su hogar. Los Dos aportan a la pareja una energ\u00eda m\u00e1s extrovertida e interpersonalmente atractiva: probablemente ser\u00edan los primeros en presentarse en una fiesta o en acudir en ayuda y consuelo de alguien si percibieran que la otra persona tiene alg\u00fan tipo de problema. Los Dos est\u00e1n orgullosos de su relaci\u00f3n, su hogar, su familia y sus amigos, y desean compartirlos con los dem\u00e1s. Los Dos constantemente a\u00f1aden energ\u00eda y nuevas personas a la mezcla de relaciones. Son m\u00e1s comunicativos que los Nueve y m\u00e1s abiertamente curiosos acerca de otras personas, c\u00f3mo viven y c\u00f3mo son, y m\u00e1s deseosos de involucrarse en las vidas de los dem\u00e1s.       <\/p>\n\n\n\n<p>Por otro lado, los Nueve aportan una tranquilidad silenciosa y una franqueza sin complicaciones que permite a las personas florecer y que las cosas se hagan con un m\u00ednimo de estr\u00e9s y conflicto. Incluso si los Dos se sienten alterados por sus relaciones, o est\u00e1n experimentando momentos de duda sobre cu\u00e1n amados son, los Nueve tienen una manera de calmarlos y de proporcionar una gran cantidad de aceptaci\u00f3n incuestionable. Ambos tipos se sienten atra\u00eddos entre s\u00ed para proporcionar consuelo y apoyo; su hogar y su hogar, las mascotas y el amor por la naturaleza son extremadamente importantes para ellos. Ambos se esfuerzan por ser considerados el uno con el otro, as\u00ed como con otras personas. Gran parte de su mejor comunicaci\u00f3n es no verbal, f\u00edsica, surgiendo de su presencia simple y directa entre s\u00ed. Pueden desarrollar casi un v\u00ednculo ps\u00edquico entre ellos. Esta es una pareja muy serena, cuyo \u00e9nfasis en la hospitalidad recuerda a las personas cu\u00e1n sanador es estar rodeado de personas amorosas y generosas.      <\/p>\n\n\n\n<hr class=\"wp-block-separator has-alpha-channel-opacity\"\/>\n\n\n\n<h2 class=\"wp-block-heading\" id=\"h-potential-trouble-spots-or-issues\">Potenciales puntos problem\u00e1ticos o conflictos<\/h2>\n\n\n\n<p>Tanto los Dos como los Nueve tienden a ceder su poder y a seguir las agendas de los dem\u00e1s. Sin embargo, una de las partes tendr\u00e1 que llevar los pantalones en la familia, tomando el control y tomando decisiones. Hacerlo va en contra de la naturaleza de ambos tipos, aunque cualquiera de ellos tomar\u00e1 el control si es necesario. No obstante, negociar el poder y la toma de decisiones en una pareja Dos\/Nueve pone a ambas partes bajo un estr\u00e9s creciente y ambos tienden a sentir que est\u00e1n siendo forzados a asumir el papel del malo en la familia, y que ser\u00e1n resentidos y no amados mientras su pareja se libra de la responsabilidad.   <\/p>\n\n\n\n<p>Adem\u00e1s, ninguno de los dos encuentra f\u00e1cil hablar sobre sus sentimientos o su creciente descontento con el equilibrio de poder en la relaci\u00f3n, o con cualquier otra fuente de resentimiento y conflictos potenciales que puedan tener. Los Dos tienden a asumir demasiado control, volvi\u00e9ndose dominantes y controladores, sin dudar en mandar al Nueve y hablarle con una dureza sorprendente. Pero como los Dos pueden racionalizar sus motivos y verse a s\u00ed mismos solo como completamente amorosos, pueden continuar sin sentirse culpables o avergonzados.  <\/p>\n\n\n\n<p>Los Nueve encuentran dif\u00edcil encontrar su propia voz y defenderse a s\u00ed mismos. Pero cuando el Nueve realmente habla, el Dos a menudo lo toma como una falta de gratitud e intenta volver los comentarios del Nueve contra ellos. Los Dos no son buenos para recibir cr\u00edticas, y cuando los Nueve encuentran el coraje para hablar, pueden exagerar con una carga de viejos resentimientos que se han acumulado. El resultado es que los Nueve se retiran al silencio y se vuelven pasivo-agresivos como una forma de lidiar con su ira, mientras que los Dos se sienten poco apreciados, incomprendidos y rechazados. Ambos intentan mantener todo tranquilo y normal en la superficie, aunque comienzan a deteriorarse en silencios m\u00e1s largos entre ellos, y m\u00e1s distancia, incluyendo menos contacto f\u00edsico. Un aire de tensi\u00f3n se apodera, puntuado por arrebatos de ira y recriminaciones. La pareja que parece tan modesta y solidaria tiende a terminar por desgaste y distanciamiento. Nadie quiere hablar sobre lo que realmente ha sucedido, nadie quiere asumir la responsabilidad por el deterioro de la relaci\u00f3n, y las cosas eventualmente simplemente se desmoronan.       <\/p>\n\n\n\n<p>Para una mayor comprensi\u00f3n de esta combinaci\u00f3n de tipos, lea m\u00e1s acerca de la <a href=\"https:\/\/wpml.enneagraminstitute.com\/es\/como-funciona-el-sistema-del-eneagrama\/\">Flecha de Estr\u00e9s<\/a> y c\u00f3mo los tipos <a href=\"https:\/\/wpml.enneagraminstitute.com\/es\/eneagrama-tipo-2-el-ayudante\/\">Dos<\/a> y <a href=\"https:\/\/wpml.enneagraminstitute.com\/es\/eneagrama-tipo-9-el-pacificador\/\">Nueve<\/a> se comportan cuando se mueven a lo largo de ella.<\/p>\n\n\r\n\t\t\t<\/div>\r\n\t\t\n\r\n\t\t\t\t<\/div>\r\n\t\t\t<\/div>\r\n\t\t","protected":false},"excerpt":{"rendered":"<p>Traducido con AI<\/p>\n","protected":false},"author":6,"featured_media":0,"parent":0,"menu_order":0,"comment_status":"closed","ping_status":"closed","template":"","meta":{"_acf_changed":false,"footnotes":""},"class_list":["post-2235","page","type-page","status-publish","hentry"],"acf":[],"_links":{"self":[{"href":"https:\/\/wpml.enneagraminstitute.com\/es\/wp-json\/wp\/v2\/pages\/2235","targetHints":{"allow":["GET"]}}],"collection":[{"href":"https:\/\/wpml.enneagraminstitute.com\/es\/wp-json\/wp\/v2\/pages"}],"about":[{"href":"https:\/\/wpml.enneagraminstitute.com\/es\/wp-json\/wp\/v2\/types\/page"}],"author":[{"embeddable":true,"href":"https:\/\/wpml.enneagraminstitute.com\/es\/wp-json\/wp\/v2\/users\/6"}],"replies":[{"embeddable":true,"href":"https:\/\/wpml.enneagraminstitute.com\/es\/wp-json\/wp\/v2\/comments?post=2235"}],"version-history":[{"count":5,"href":"https:\/\/wpml.enneagraminstitute.com\/es\/wp-json\/wp\/v2\/pages\/2235\/revisions"}],"predecessor-version":[{"id":2876,"href":"https:\/\/wpml.enneagraminstitute.com\/es\/wp-json\/wp\/v2\/pages\/2235\/revisions\/2876"}],"wp:attachment":[{"href":"https:\/\/wpml.enneagraminstitute.com\/es\/wp-json\/wp\/v2\/media?parent=2235"}],"curies":[{"name":"wp","href":"https:\/\/api.w.org\/{rel}","templated":true}]}}