{"id":2231,"date":"2024-01-11T20:34:04","date_gmt":"2024-01-11T20:34:04","guid":{"rendered":"https:\/\/wpml.enneagraminstitute.com\/relacion-tipo-6-con-tipo-7\/"},"modified":"2025-03-04T16:38:24","modified_gmt":"2025-03-04T16:38:24","slug":"relacion-tipo-6-con-tipo-7","status":"publish","type":"page","link":"https:\/\/wpml.enneagraminstitute.com\/es\/relacion-tipo-6-con-tipo-7\/","title":{"rendered":"Relaci\u00f3n Tipo 6 con Tipo 7"},"content":{"rendered":"<h3 style=\"text-align:center\"> Traducido con AI<\/h3>\r\n\t\t\t<div class='container single-content-layout-layout-block'>\r\n\t\t\t\t<div class='row'>\r\n\t\t\t\t\t\n\r\n\t\t\t<div class='column-block col-12 col-md-10 col-lg-8 offset-lg-1'>\r\n\t\t\t\t\n\n<h1 class=\"wp-block-heading\">Eneagrama Tipo Seis (el Lealista)<br\/><em>con<\/em><br\/>Eneagrama Tipo Siete (el Entusiasta)<\/h1>\n\n\n\n<hr class=\"wp-block-separator has-alpha-channel-opacity\"\/>\n\n\n\n<h2 class=\"wp-block-heading\">Lo que cada tipo aporta a la relaci\u00f3n<\/h2>\n\n\n\n<p>Tanto los Eneagrama Seis como los Siete son tipos mentales, y puede haber una gran estimulaci\u00f3n mental en esta pareja. Estos dos tipos ofrecen muchas \u00e1reas en las que se refuerzan mutuamente, y algunas \u00e1reas en las que las fortalezas de uno contrarrestan las limitaciones del otro. Los Siete suelen ser entretenidos y tienden a elevar el \u00e1nimo de los Seis. Ambos son mentalmente \u00e1giles y a menudo tienen ingenios afilados: disfrutan bromeando entre s\u00ed, compitiendo verbalmente y viendo cu\u00e1n absurdos o divertidos pueden llegar a ser mientras se empujan mutuamente a l\u00edmites m\u00e1s extravagantes. Los Siete son particularmente buenos generando nuevas ideas, mientras que los Seis son especialmente h\u00e1biles dominando los pasos pr\u00e1cticos necesarios para llevar a cabo las cosas. Los Siete ayudan a los Seis a poner el miedo y las limitaciones en perspectiva, y a veces a superarlos por completo. Por lo tanto, forman equipos eficaces en los que el Siete presenta el panorama general y entusiasma a las personas sobre nuevas posibilidades, mientras que el Seis interviene con el conocimiento log\u00edstico y t\u00e1ctico, ocup\u00e1ndose de los detalles. En las relaciones \u00edntimas, se mantiene el mismo equilibrio: los Siete son los estimuladores, los Seis son los reguladores, y pueden mantener el avance mutuo permitiendo que el otro contrarreste sus propias limitaciones.       <\/p>\n\n\n\n<p>A esta mezcla de visionario y funcionario, los Seis aportan compromiso y lealtad al Siete, a menudo una experiencia y un arraigo en los que el Siete llega a confiar y depender impl\u00edcitamente, as\u00ed como una fuerte conexi\u00f3n con la realidad y lo que se puede lograr dentro de par\u00e1metros dados. Los Siete aportan un sentido impulsor de optimismo y posibilidad, alta energ\u00eda, un sentido de aventura y ausencia de temor al fracaso. Pueden ense\u00f1ar a los Seis c\u00f3mo ser resilientes y c\u00f3mo no temer al futuro, mientras que los Seis pueden ense\u00f1ar a los Siete la diferencia entre el optimismo y las ilusiones vanas.  <\/p>\n\n\n\n<hr class=\"wp-block-separator has-alpha-channel-opacity\"\/>\n\n\n\n<h2 class=\"wp-block-heading\">Potenciales puntos problem\u00e1ticos o conflictos<\/h2>\n\n\n\n<p>A pesar de lo bien que los Seis y los Siete pueden reforzar las fortalezas del otro cuando est\u00e1n saludables, en los niveles promedio a inferiores, el panorama puede cambiar r\u00e1pidamente. Los Seis est\u00e1n esencialmente interesados en la seguridad y la previsibilidad, previendo problemas y construyendo procedimientos para prevenir la incertidumbre futura. Son conscientes de las limitaciones y de por qu\u00e9 las cosas no se pueden hacer, o al menos no f\u00e1cilmente. Los Siete, por el contrario, buscan la felicidad y el alivio de la creciente frustraci\u00f3n o ansiedad. Se trata de probar cosas nuevas, ver nuevas posibilidades y superar limitaciones. No quieren o\u00edr hablar de problemas u obst\u00e1culos: quieren que las cosas se hagan el d\u00eda antes de ayer. Los Seis tienden a ser negativos y pesimistas, mientras que los Siete tienden a ser positivos y optimistas.      <\/p>\n\n\n\n<p>Los Siete est\u00e1n orientados hacia el futuro, mientras que los Seis tienden a ser conscientes del pasado, de los precedentes y de las lecciones de la historia que evitar\u00edan que las cosas vuelvan a salir mal. Los Seis desean mucho encontrar a alguien con quien puedan tener un compromiso a largo plazo, los Siete tienden a temer los compromisos a largo plazo y los asumen con cierta renuencia. Los Seis tienden a sentir que los Siete son demasiado hedonistas, ego\u00edstas, extravagantes, y cuando las cosas se ponen dif\u00edciles, se preguntan si se puede confiar en ellos. \u00bfSe escapar\u00e1n con alguien m\u00e1s o evitar\u00e1n sus responsabilidades en alguna forma de escapismo o adicci\u00f3n? Los Siete tienden a sentir que los Seis est\u00e1n demasiado ansiosos, se preocupan excesivamente y se vuelven locos (\u00a1y vuelven locos a todos los dem\u00e1s!) planteando cada pregunta y objeci\u00f3n antes de intentar algo. Los Seis se oponen a todo, al menos al principio, y se vuelven desconfiados y suspicaces f\u00e1cilmente. Viven una vida de l\u00edmites y reglas que los Siete sienten que son restricciones en gran medida imaginarias y autoimpuestas. En una pareja Seis\/Siete, estas dos filosof\u00edas opuestas reflejan las expectativas muy diferentes que los Seis y los Siete tienen de la vida y de una relaci\u00f3n, y a menos que puedan reconciliarse, ser\u00e1 dif\u00edcil para esta pareja permanecer unida.       <\/p>\n\n\n\n<p>Para una mayor comprensi\u00f3n de esta combinaci\u00f3n de tipos, lea m\u00e1s sobre la <a href=\"https:\/\/wpml.enneagraminstitute.com\/es\/como-funciona-el-sistema-del-eneagrama\/\">Flecha de Estr\u00e9s<\/a> y c\u00f3mo los tipos <a href=\"https:\/\/wpml.enneagraminstitute.com\/es\/eneagrama-tipo-6-el-lealista\/\">Seis<\/a> y <a href=\"https:\/\/wpml.enneagraminstitute.com\/es\/eneagrama-tipo-7-el-entusiasta\/\">Siete<\/a> se comportan cuando se mueven a lo largo de ella.<\/p>\n\n\r\n\t\t\t<\/div>\r\n\t\t\n\r\n\t\t\t\t<\/div>\r\n\t\t\t<\/div>\r\n\t\t","protected":false},"excerpt":{"rendered":"<p>Traducido con AI<\/p>\n","protected":false},"author":6,"featured_media":0,"parent":0,"menu_order":0,"comment_status":"closed","ping_status":"closed","template":"","meta":{"_acf_changed":false,"footnotes":""},"class_list":["post-2231","page","type-page","status-publish","hentry"],"acf":[],"_links":{"self":[{"href":"https:\/\/wpml.enneagraminstitute.com\/es\/wp-json\/wp\/v2\/pages\/2231","targetHints":{"allow":["GET"]}}],"collection":[{"href":"https:\/\/wpml.enneagraminstitute.com\/es\/wp-json\/wp\/v2\/pages"}],"about":[{"href":"https:\/\/wpml.enneagraminstitute.com\/es\/wp-json\/wp\/v2\/types\/page"}],"author":[{"embeddable":true,"href":"https:\/\/wpml.enneagraminstitute.com\/es\/wp-json\/wp\/v2\/users\/6"}],"replies":[{"embeddable":true,"href":"https:\/\/wpml.enneagraminstitute.com\/es\/wp-json\/wp\/v2\/comments?post=2231"}],"version-history":[{"count":5,"href":"https:\/\/wpml.enneagraminstitute.com\/es\/wp-json\/wp\/v2\/pages\/2231\/revisions"}],"predecessor-version":[{"id":2878,"href":"https:\/\/wpml.enneagraminstitute.com\/es\/wp-json\/wp\/v2\/pages\/2231\/revisions\/2878"}],"wp:attachment":[{"href":"https:\/\/wpml.enneagraminstitute.com\/es\/wp-json\/wp\/v2\/media?parent=2231"}],"curies":[{"name":"wp","href":"https:\/\/api.w.org\/{rel}","templated":true}]}}