{"id":2229,"date":"2024-01-11T20:34:04","date_gmt":"2024-01-11T20:34:04","guid":{"rendered":"https:\/\/wpml.enneagraminstitute.com\/identificacion-erronea-de-3-y-4\/"},"modified":"2025-03-04T16:38:24","modified_gmt":"2025-03-04T16:38:24","slug":"identificacion-erronea-de-3-y-4","status":"publish","type":"page","link":"https:\/\/wpml.enneagraminstitute.com\/es\/identificacion-erronea-de-3-y-4\/","title":{"rendered":"Identificaci\u00f3n err\u00f3nea de 3 y 4"},"content":{"rendered":"<h3 style=\"text-align:center\"> Traducido con AI<\/h3>\r\n\t\t\t<div class='container single-content-layout-layout-block'>\r\n\t\t\t\t<div class='row'>\r\n\t\t\t\t\t\n\r\n\t\t\t<div class='column-block col-12 col-md-10 col-lg-8 offset-lg-1'>\r\n\t\t\t\t\n\n<h1 class=\"wp-block-heading\">Identificaci\u00f3n err\u00f3nea de Tres y Cuatro<\/h1>\n\n\n\n<hr class=\"wp-block-separator has-alpha-channel-opacity\"\/>\n\n\n\n<p>En este caso tambi\u00e9n, las identificaciones err\u00f3neas son probablemente el resultado de la confusi\u00f3n entre el ala y el tipo dominante: 3w4 y 4w3. La diferencia principal entre estos tipos puede observarse en su relaci\u00f3n con su vida emocional. Los Tres tienden a enfocarse en las tareas, en la eficiencia y en el rendimiento. Por supuesto, los Tres tienen sentimientos, pero en la medida de lo posible, los relegan a un segundo plano cuando hay cosas que hacer, y para muchos Tres, esto ocurre la mayor parte del tiempo. A medida que los Tres se vuelven menos saludables, cada vez m\u00e1s perciben sus propios sentimientos como \u201cobst\u00e1culos\u201d \u2013 molestias que deben ser tratadas pero que interfieren con su eficacia. Los Tres desean lograr sus objetivos, y luego, si el tiempo lo permite, procesar sus sentimientos.     <\/p>\n\n\n\n<p>Los Cuatro son casi exactamente lo opuesto. Naturalmente, los Cuatro tambi\u00e9n desean lograr cosas, pero cuando surgen sentimientos dif\u00edciles, los Cuatro desean detener lo que est\u00e1n haciendo y procesarlos antes de volver a sus tareas. Cuanto menos saludable sea el Cuatro, m\u00e1s tiempo necesitar\u00e1 para resolver sentimientos y reacciones problem\u00e1ticas. Los Tres pueden ver la preocupaci\u00f3n del Cuatro por clasificar sentimientos como poco profesional e inmadura. Los Cuatro pueden ver la obsesi\u00f3n del Tres con el rendimiento como inaut\u00e9ntica y superficial.    <\/p>\n\n\n\n<p>Es mucho m\u00e1s com\u00fan que los Tres se identifiquen err\u00f3neamente como Cuatro que viceversa. Esto es especialmente cierto para los Tres que crecieron en familias donde la autoexpresi\u00f3n art\u00edstica era particularmente valorada. Pueden creer err\u00f3neamente que solo los Cuatro son creativos, sin reconocer que ha habido muchos artistas notables que son Tres.  <\/p>\n\n\r\n\t\t\t<\/div>\r\n\t\t\n\r\n\t\t\t\t<\/div>\r\n\t\t\t<\/div>\r\n\t\t","protected":false},"excerpt":{"rendered":"<p>Traducido con AI<\/p>\n","protected":false},"author":6,"featured_media":0,"parent":0,"menu_order":0,"comment_status":"closed","ping_status":"closed","template":"","meta":{"_acf_changed":false,"footnotes":""},"class_list":["post-2229","page","type-page","status-publish","hentry"],"acf":[],"_links":{"self":[{"href":"https:\/\/wpml.enneagraminstitute.com\/es\/wp-json\/wp\/v2\/pages\/2229","targetHints":{"allow":["GET"]}}],"collection":[{"href":"https:\/\/wpml.enneagraminstitute.com\/es\/wp-json\/wp\/v2\/pages"}],"about":[{"href":"https:\/\/wpml.enneagraminstitute.com\/es\/wp-json\/wp\/v2\/types\/page"}],"author":[{"embeddable":true,"href":"https:\/\/wpml.enneagraminstitute.com\/es\/wp-json\/wp\/v2\/users\/6"}],"replies":[{"embeddable":true,"href":"https:\/\/wpml.enneagraminstitute.com\/es\/wp-json\/wp\/v2\/comments?post=2229"}],"version-history":[{"count":4,"href":"https:\/\/wpml.enneagraminstitute.com\/es\/wp-json\/wp\/v2\/pages\/2229\/revisions"}],"predecessor-version":[{"id":2879,"href":"https:\/\/wpml.enneagraminstitute.com\/es\/wp-json\/wp\/v2\/pages\/2229\/revisions\/2879"}],"wp:attachment":[{"href":"https:\/\/wpml.enneagraminstitute.com\/es\/wp-json\/wp\/v2\/media?parent=2229"}],"curies":[{"name":"wp","href":"https:\/\/api.w.org\/{rel}","templated":true}]}}