{"id":2227,"date":"2024-01-11T20:34:04","date_gmt":"2024-01-11T20:34:04","guid":{"rendered":"https:\/\/wpml.enneagraminstitute.com\/politica-de-privacidad\/"},"modified":"2025-03-04T16:38:25","modified_gmt":"2025-03-04T16:38:25","slug":"politica-de-privacidad","status":"publish","type":"page","link":"https:\/\/wpml.enneagraminstitute.com\/es\/politica-de-privacidad\/","title":{"rendered":"Pol\u00edtica de privacidad"},"content":{"rendered":"<h3 style=\"text-align:center\"> Traducido con AI<\/h3>\r\n\t\t\t<div class='container single-content-layout-layout-block'>\r\n\t\t\t\t<div class='row justify-content-center'>\r\n\t\t\t\t\t\n\r\n\t\t\t<div class='column-block col-12 col-md-10 col-lg-8'>\r\n\t\t\t\t\n\n<h1 class=\"wp-block-heading has-text-align-center\"><strong>The Enneagram Institute<\/strong>\u00ae<br\/><strong>Pol\u00edtica de privacidad<\/strong> <\/h1>\n\n\n\n<p>Este aviso describe la Pol\u00edtica de Privacidad de Enneagram Personality Types, Inc., tambi\u00e9n conocida como The Enneagram Institute (\u201cEI\u201d). Al utilizar cualquier servicio proporcionado por el EI, como el uso del sitio web del EI, la compra de c\u00f3digos de prueba, la realizaci\u00f3n de una prueba ofrecida por el EI (como el RHETI y el IVQ), la creaci\u00f3n y\/o el uso de una cuenta en l\u00ednea con el EI, la participaci\u00f3n en programas de formaci\u00f3n ofrecidos por el EI, y\/o la aceptaci\u00f3n de enviar o recibir comunicaciones electr\u00f3nicas hacia\/desde el EI (colectivamente, \u201cServicios\u201d), usted est\u00e1 aceptando los t\u00e9rminos descritos en esta Pol\u00edtica de Privacidad, tal como pueden ser modificados de vez en cuando.  <\/p>\n\n\n\n<p>El uso de nuestros Servicios tambi\u00e9n est\u00e1 regido por nuestros T\u00e9rminos de Uso. Si, despu\u00e9s de revisar los T\u00e9rminos de Uso y la Pol\u00edtica de Privacidad, tiene alguna pregunta o inquietud, por favor cont\u00e1ctenos por correo electr\u00f3nico a support@enneagraminstitute.com. <br\/><\/p>\n\n\n\n<p><strong>Recopilaci\u00f3n de datos<\/strong><\/p>\n\n\n\n<p>No recopilamos informaci\u00f3n de identificaci\u00f3n personal a menos que usted la proporcione voluntaria y conscientemente. Cuando usted la proporciona voluntariamente, la informaci\u00f3n que proporciona se almacena hasta que la eliminemos de acuerdo con nuestras pr\u00e1cticas comerciales habituales, o hasta que usted solicite que eliminemos su informaci\u00f3n. Los datos que recopilamos se almacenan en servidores seguros en los Estados Unidos.  <\/p>\n\n\n\n<p><strong>Recopilaci\u00f3n de informaci\u00f3n personal<\/strong><\/p>\n\n\n\n<p>Si crea una Cuenta Comercial en nuestro sitio web, crear\u00e1 credenciales de usuario tales como un ID de usuario y una contrase\u00f1a. Todas las contrase\u00f1as se cifran antes de ser almacenadas en nuestra base de datos y el EI no puede visualizarlas. Por lo tanto, si olvida su contrase\u00f1a, no podemos envi\u00e1rsela por correo electr\u00f3nico ni proporcion\u00e1rsela por ning\u00fan medio. Si olvida su contrase\u00f1a, existe una opci\u00f3n de \u201crestablecimiento de contrase\u00f1a\u201d en el sitio web que le permitir\u00e1 restablecerla.    <\/p>\n\n\n\n<p>Si adquiere cualquier producto o servicio a trav\u00e9s del sitio web, incluyendo, pero no limit\u00e1ndose a, la compra de c\u00f3digos de prueba, su compra ser\u00e1 procesada a trav\u00e9s de un sistema seguro de procesamiento de pagos de terceros. EI no tiene acceso ni almacena ninguna de sus informaciones de pago o financieras, incluyendo los n\u00fameros de tarjeta de cr\u00e9dito. <\/p>\n\n\n\n<p>Si realiza una prueba ofrecida por EI, como el RHETI o el IVQ, lo har\u00e1 utilizando un c\u00f3digo de prueba que ha adquirido directamente del EI, o que le ha sido proporcionado por el administrador de una Cuenta Comercial u otro tercero. Sus resultados de la prueba solo le ser\u00e1n enviados a usted si es un examinado individual, o se le enviar\u00e1n a usted y\/o a un administrador de Cuenta Comercial si utiliza un c\u00f3digo de prueba proporcionado por una organizaci\u00f3n que tenga una Cuenta Comercial. EI no compartir\u00e1 sus resultados de la prueba con nadie m\u00e1s. Sus resultados de la prueba se almacenan en nuestros servidores seguros hasta que los eliminemos de acuerdo con nuestras pr\u00e1cticas comerciales habituales, o hasta que usted solicite que eliminemos su informaci\u00f3n.   <\/p>\n\n\n\n<p>Si utiliza nuestro sitio web para realizar cualquier prueba, como el RHETI o el IVQ, recopilamos datos a trav\u00e9s de ciertas preguntas\/respuestas de la prueba que nos ayudar\u00e1n a realizar investigaciones (\u201cDatos de Investigaci\u00f3n\u201d). Los Datos de Investigaci\u00f3n se utilizar\u00e1n solo en forma agregada y no incluyen ninguna informaci\u00f3n de identificaci\u00f3n personal. <\/p>\n\n\n\n<p><strong>Informaci\u00f3n t\u00e9cnica<\/strong><\/p>\n\n\n\n<p>Cuando utiliza nuestro sitio web, EI recibe y registra autom\u00e1ticamente informaci\u00f3n t\u00e9cnica en los registros de nuestro servidor desde su navegador o plataforma m\u00f3vil, incluyendo su ubicaci\u00f3n, direcci\u00f3n IP e informaci\u00f3n de cookies. Una direcci\u00f3n IP es un n\u00famero que se asigna autom\u00e1ticamente a su dispositivo inform\u00e1tico cuando utiliza Internet. Las cookies son identificadores alfanum\u00e9ricos que se transfieren al disco duro de su dispositivo inform\u00e1tico a trav\u00e9s de su navegador web o plataforma m\u00f3vil. Las cookies permiten a nuestros sistemas identificar el dispositivo inform\u00e1tico y su navegador. Las direcciones IP pueden utilizarse para ayudar a diagnosticar problemas con nuestro servidor, administrar el sitio web, analizar tendencias, rastrear el movimiento de los usuarios, recopilar informaci\u00f3n demogr\u00e1fica amplia para uso agregado con el fin de mejorar el sitio web y ofrecer contenido personalizado y adaptado. Tambi\u00e9n utilizamos cookies para respaldar nuestro carrito de compras. Nos reservamos el derecho de utilizar cookies y analizar los registros web de acuerdo con nuestra <a href=\"https:\/\/wpml.enneagraminstitute.com\/es\/politica-de-cookies\/\">Pol\u00edtica de Cookies<\/a>.      <\/p>\n\n\n\n<p>Tambi\u00e9n podr\u00edamos utilizar servicios y herramientas de terceros, como Google Analytics, que pueden proporcionar a EI informaci\u00f3n adicional sobre su uso del sitio web, pero que no pueden utilizarse para identificarle personalmente. Estas herramientas nos ayudan a comprender los patrones de tr\u00e1fico y a determinar si existen problemas u oportunidades para mejorar el sitio web. Tratamos estos datos como informaci\u00f3n no personal, excepto en los casos en que la legislaci\u00f3n aplicable nos obligue a proceder de otro modo. A menos que se indique lo contrario en esta Pol\u00edtica de Privacidad, EI solo utiliza estos datos de forma agregada.   <\/p>\n\n\n\n<p><strong>Uso de la informaci\u00f3n personal y\/o t\u00e9cnica<\/strong><\/p>\n\n\n\n<p>EI utiliza su informaci\u00f3n personal \u00fanicamente con el prop\u00f3sito de proporcionarle Servicios y comunicarse con usted en relaci\u00f3n con The Enneagram Institute. No cedemos ni vendemos su informaci\u00f3n personal a anunciantes ni a terceros. EI utiliza su informaci\u00f3n t\u00e9cnica para personalizar y mejorar la prestaci\u00f3n de nuestros Servicios, as\u00ed como para promover la seguridad, integridad y protecci\u00f3n en el uso de nuestros Servicios.   <\/p>\n\n\n\n<p><strong>Derecho limitado de compartir informaci\u00f3n personal<\/strong><\/p>\n\n\n\n<p>EI tendr\u00e1 el derecho limitado de compartir la informaci\u00f3n personal que usted proporcione: (1) para cumplir con requisitos legales v\u00e1lidos, tales como una ley, regulaci\u00f3n, orden de registro, citaci\u00f3n u orden judicial; o (2) en casos especiales, como en respuesta a una amenaza f\u00edsica hacia usted u otros, para proteger la propiedad, o para defender o hacer valer derechos legales. En el caso de que EI se vea legalmente obligado a revelar su informaci\u00f3n personal a un tercero, intentaremos notific\u00e1rselo, a menos que hacerlo viole la ley o una orden judicial. <\/p>\n\n\n\n<p><strong>Compartir informaci\u00f3n no personal<\/strong><\/p>\n\n\n\n<p>EI tendr\u00e1 el derecho de compartir informaci\u00f3n no personal, incluyendo informaci\u00f3n agregada y datos, con terceros. <\/p>\n\n\n\n<p><strong>Correcci\u00f3n o eliminaci\u00f3n de su informaci\u00f3n personal<\/strong><\/p>\n\n\n\n<p>En caso de que cualquier informaci\u00f3n personal que usted haya proporcionado a EI cambie o sea incorrecta, puede solicitar que corrijamos dicha informaci\u00f3n notific\u00e1ndonos por correo electr\u00f3nico a <a href=\"mailto:support@enneagraminstitute.com\">support@enneagraminstitute.com<\/a>. Asimismo, si desea que su informaci\u00f3n personal sea eliminada de nuestros registros, tiene derecho a que su informaci\u00f3n personal sea suprimida de nuestros sistemas activos. Por favor, env\u00ede una solicitud a <a href=\"mailto:support@enneagraminstitute.com\">support@enneagraminstitute.com<\/a>. Su informaci\u00f3n personal ser\u00e1 eliminada de nuestros sistemas activos dentro de los cinco (5) d\u00edas h\u00e1biles siguientes a la recepci\u00f3n de su solicitud; sin embargo, su informaci\u00f3n personal se conservar\u00e1 en nuestros sistemas de respaldo hasta que sea eliminada de acuerdo con nuestras pr\u00e1cticas habituales de retenci\u00f3n de copias de seguridad. Si necesitamos restaurar informaci\u00f3n de una copia de seguridad a nuestros sistemas activos, eliminaremos su informaci\u00f3n personal de los registros restaurados a nuestros sistemas activos.     <\/p>\n\n\n\n<p><strong>Protecci\u00f3n de los menores<\/strong><\/p>\n\n\n\n<p>Los Servicios de EI no se comercializan ni se ofrecen a menores de 13 a\u00f1os, no est\u00e1n destinados a ellos y no deben ser utilizados por ellos. EI no recopilar\u00e1 conscientemente ninguna informaci\u00f3n de personas menores de trece a\u00f1os. Al utilizar nuestros Servicios, usted declara que es mayor de 13 a\u00f1os y tiene la edad suficiente para consentir el procesamiento de sus datos personales en su pa\u00eds, o que su padre, madre o tutor da su consentimiento en su nombre. Si se recopila inadvertidamente informaci\u00f3n de menores de 13 a\u00f1os, la eliminaremos si se nos notifica o si tenemos conocimiento de ello de otro modo. La Ley de Protecci\u00f3n de la Privacidad en L\u00ednea de los Ni\u00f1os (COPPA, por sus siglas en ingl\u00e9s) protege a los menores de 13 a\u00f1os de la recopilaci\u00f3n en l\u00ednea de informaci\u00f3n personal. Obtenga m\u00e1s informaci\u00f3n sobre la COPPA en el sitio web de la Comisi\u00f3n Federal de Comercio en www.ftc.gov.     <\/p>\n\n\n\n<p><strong>Enlaces y enmarcado a otros sitios web y p\u00e1ginas web<\/strong><\/p>\n\n\n\n<p>Nuestro sitio web y otras comunicaciones electr\u00f3nicas de EI pueden mostrar enlaces y marcos a otros sitios. Una vez que accede a un sitio web de terceros, o una parte de un sitio de terceros se enmarca dentro de nuestro sitio web, usted acepta que EI no es responsable de las pr\u00e1cticas de privacidad de estos otros sitios. EI le anima a buscar y revisar las declaraciones de privacidad de todos y cada uno de los sitios web que visite.  <\/p>\n\n\n\n<p>EI no hace ninguna representaci\u00f3n, garant\u00eda o respaldo, expreso o impl\u00edcito, en cuanto a cualquier informaci\u00f3n, servicios, productos o mensajes en sitios web de terceros a los que se pueda acceder a trav\u00e9s del sitio web de EI. En particular, estos enlaces y marcos se proporcionan \u00fanicamente por conveniencia y no pretenden ser un respaldo por parte de EI a la organizaci\u00f3n o individuo que opera el sitio web, ni una garant\u00eda o respaldo de ning\u00fan tipo con respecto al sitio web o la informaci\u00f3n, servicios, productos o mensajes publicados o disponibles en dicho sitio web. <\/p>\n\n\n\n<p><strong>Comunicaciones electr\u00f3nicas de EI<\/strong><\/p>\n\n\n\n<p>EI puede enviarle correos electr\u00f3nicos u otras comunicaciones electr\u00f3nicas relacionadas con el Instituto Enneagram y\/o sus Servicios. Estas comunicaciones electr\u00f3nicas se enviar\u00e1n a la direcci\u00f3n de correo electr\u00f3nico que usted nos proporcione. Si desea dejar de recibir estas comunicaciones electr\u00f3nicas, puede optar por no recibirlas siguiendo las instrucciones proporcionadas por EI.  <\/p>\n\n\n\n<p>EI nunca le enviar\u00e1 un correo electr\u00f3nico solicitando su contrase\u00f1a, n\u00famero de tarjeta de cr\u00e9dito o n\u00famero de seguridad social. Si recibe un mensaje que parece ser de EI, pero le solicita su contrase\u00f1a, n\u00famero de tarjeta de cr\u00e9dito o n\u00famero de seguridad social, se trata de un correo electr\u00f3nico fraudulento o \u201cphishing\u201d. Le recomendamos que lo informe a las autoridades competentes.  <\/p>\n\n\n\n<p><strong>Preguntas o Comentarios<\/strong><\/p>\n\n\n\n<p>Si tiene alguna pregunta o comentario sobre EI, sus Servicios o esta Pol\u00edtica de Privacidad, por favor cont\u00e1ctenos:<\/p>\n\n\n\n<p>The Enneagram Institute\u00ae<br\/>3355 US Highway 209<br\/>Stone Ridge, NY 12484<br\/>Tel\u00e9fono: (845) 687-9878<br\/>Fax: (845) 687-7486<br\/>support@enneagraminstitute.com<strong> <\/strong><\/p>\n\n\n\n<p><strong>Fecha de Entrada en Vigor:<\/strong> 24 de septiembre de 2018<\/p>\n\n\r\n\t\t\t<\/div>\r\n\t\t\n\r\n\t\t\t\t<\/div>\r\n\t\t\t<\/div>\r\n\t\t","protected":false},"excerpt":{"rendered":"<p>Traducido con AI<\/p>\n","protected":false},"author":6,"featured_media":0,"parent":0,"menu_order":0,"comment_status":"closed","ping_status":"closed","template":"","meta":{"_acf_changed":false,"footnotes":""},"class_list":["post-2227","page","type-page","status-publish","hentry"],"acf":[],"_links":{"self":[{"href":"https:\/\/wpml.enneagraminstitute.com\/es\/wp-json\/wp\/v2\/pages\/2227","targetHints":{"allow":["GET"]}}],"collection":[{"href":"https:\/\/wpml.enneagraminstitute.com\/es\/wp-json\/wp\/v2\/pages"}],"about":[{"href":"https:\/\/wpml.enneagraminstitute.com\/es\/wp-json\/wp\/v2\/types\/page"}],"author":[{"embeddable":true,"href":"https:\/\/wpml.enneagraminstitute.com\/es\/wp-json\/wp\/v2\/users\/6"}],"replies":[{"embeddable":true,"href":"https:\/\/wpml.enneagraminstitute.com\/es\/wp-json\/wp\/v2\/comments?post=2227"}],"version-history":[{"count":4,"href":"https:\/\/wpml.enneagraminstitute.com\/es\/wp-json\/wp\/v2\/pages\/2227\/revisions"}],"predecessor-version":[{"id":2880,"href":"https:\/\/wpml.enneagraminstitute.com\/es\/wp-json\/wp\/v2\/pages\/2227\/revisions\/2880"}],"wp:attachment":[{"href":"https:\/\/wpml.enneagraminstitute.com\/es\/wp-json\/wp\/v2\/media?parent=2227"}],"curies":[{"name":"wp","href":"https:\/\/api.w.org\/{rel}","templated":true}]}}