{"id":2225,"date":"2024-01-11T20:34:04","date_gmt":"2024-01-11T20:34:04","guid":{"rendered":"https:\/\/wpml.enneagraminstitute.com\/confundiendo-el-4-y-el-8\/"},"modified":"2025-03-04T16:38:25","modified_gmt":"2025-03-04T16:38:25","slug":"confundiendo-el-4-y-el-8","status":"publish","type":"page","link":"https:\/\/wpml.enneagraminstitute.com\/es\/confundiendo-el-4-y-el-8\/","title":{"rendered":"Confundiendo el 4 y el 8"},"content":{"rendered":"<h3 style=\"text-align:center\"> Traducido con AI<\/h3>\r\n\t\t\t<div class='container single-content-layout-layout-block'>\r\n\t\t\t\t<div class='row'>\r\n\t\t\t\t\t\n\r\n\t\t\t<div class='column-block col-12 col-md-10 col-lg-8 offset-lg-1'>\r\n\t\t\t\t\n\n<h1 class=\"wp-block-heading\">Confundiendo los Cuatros y los Ochos<\/h1>\n\n\n\n<hr class=\"wp-block-separator has-alpha-channel-opacity\"\/>\n\n\n\n<p>A primera vista, parecer\u00eda sumamente improbable que los Cuatros y los Ochos fueran confundidos entre s\u00ed, pero ocasionalmente ocurre. Con mayor frecuencia, los Ochos se confunden a s\u00ed mismos con Cuatros porque se perciben como apasionados y con sentimientos intensos, lo cual suele ser cierto. De manera similar, los Ochos pueden recordar heridas de la infancia e identificarse con el sentido de alienaci\u00f3n o soledad de los Cuatros. No obstante, los Ochos lidian con estos sentimientos de maneras radicalmente diferentes a los Cuatros. Los Ochos aprenden a endurecerse y a <q id=\"q-first-1\">superarlo<\/q> para poder hacer lo que necesitan hacer con el fin de mantener su independencia y autoridad personal. A los Cuatros les resulta dif\u00edcil desprenderse de sus heridas de la infancia y no desean <q id=\"q-first-2\">superarlo.<\/q> Los Cuatros no necesariamente quieren depender de nadie, pero est\u00e1n dispuestos a confiar en otros si eso les proporciona el tiempo y los recursos para procesar sus sentimientos o desarrollar su creatividad.      <\/p>\n\n\n\n<p>Los Ochos <em>s\u00ed<\/em> se sienten vulnerables en su interior, pero en la medida de lo posible, se blindan contra cualquier sentimiento de inseguridad y debilidad en s\u00ed mismos. Los Ochos tienden a ver tales sentimientos como lujos autoindulgentes para personas sin responsabilidades serias. Los Cuatros muestran su vulnerabilidad, pero pueden ser mucho m\u00e1s duros y controladores de lo que generalmente se dan cuenta. De hecho, los Cuatros son bastante resilientes y pueden soportar dificultades emocionales y p\u00e9rdidas que causar\u00edan el colapso de la mayor\u00eda de los otros tipos. De una manera peculiar, los Ochos son como Cuatros invertidos. Comp\u00e1rese a los Cuatros como Roy Orbison y Johnny Depp con los Ochos como Frank Sinatra y Sean Penn.     <\/p>\n\n\r\n\t\t\t<\/div>\r\n\t\t\n\r\n\t\t\t\t<\/div>\r\n\t\t\t<\/div>\r\n\t\t","protected":false},"excerpt":{"rendered":"<p>Traducido con AI<\/p>\n","protected":false},"author":6,"featured_media":0,"parent":0,"menu_order":0,"comment_status":"closed","ping_status":"closed","template":"","meta":{"_acf_changed":false,"footnotes":""},"class_list":["post-2225","page","type-page","status-publish","hentry"],"acf":[],"_links":{"self":[{"href":"https:\/\/wpml.enneagraminstitute.com\/es\/wp-json\/wp\/v2\/pages\/2225","targetHints":{"allow":["GET"]}}],"collection":[{"href":"https:\/\/wpml.enneagraminstitute.com\/es\/wp-json\/wp\/v2\/pages"}],"about":[{"href":"https:\/\/wpml.enneagraminstitute.com\/es\/wp-json\/wp\/v2\/types\/page"}],"author":[{"embeddable":true,"href":"https:\/\/wpml.enneagraminstitute.com\/es\/wp-json\/wp\/v2\/users\/6"}],"replies":[{"embeddable":true,"href":"https:\/\/wpml.enneagraminstitute.com\/es\/wp-json\/wp\/v2\/comments?post=2225"}],"version-history":[{"count":4,"href":"https:\/\/wpml.enneagraminstitute.com\/es\/wp-json\/wp\/v2\/pages\/2225\/revisions"}],"predecessor-version":[{"id":2881,"href":"https:\/\/wpml.enneagraminstitute.com\/es\/wp-json\/wp\/v2\/pages\/2225\/revisions\/2881"}],"wp:attachment":[{"href":"https:\/\/wpml.enneagraminstitute.com\/es\/wp-json\/wp\/v2\/media?parent=2225"}],"curies":[{"name":"wp","href":"https:\/\/api.w.org\/{rel}","templated":true}]}}