{"id":2223,"date":"2024-01-11T20:34:04","date_gmt":"2024-01-11T20:34:04","guid":{"rendered":"https:\/\/wpml.enneagraminstitute.com\/identificacion-erronea-de-2-y-4\/"},"modified":"2025-03-04T16:38:25","modified_gmt":"2025-03-04T16:38:25","slug":"identificacion-erronea-de-2-y-4","status":"publish","type":"page","link":"https:\/\/wpml.enneagraminstitute.com\/es\/identificacion-erronea-de-2-y-4\/","title":{"rendered":"Identificaci\u00f3n err\u00f3nea de 2 y 4"},"content":{"rendered":"<h3 style=\"text-align:center\"> Traducido con AI<\/h3>\r\n\t\t\t<div class='container single-content-layout-layout-block'>\r\n\t\t\t\t<div class='row'>\r\n\t\t\t\t\t\n\r\n\t\t\t<div class='column-block col-12 col-md-10 col-lg-8 offset-lg-1'>\r\n\t\t\t\t\n\n<h1 class=\"wp-block-heading\">Identificaci\u00f3n err\u00f3nea de Dos y Cuatro<\/h1>\n\n\n\n<hr class=\"wp-block-separator has-alpha-channel-opacity\"\/>\n\n\n\n<p>Los Dos y los Cuatro pueden confundirse principalmente porque ambos son tipos Sentimentales y porque ambos ponen gran \u00e9nfasis en los altibajos de sus relaciones personales. No obstante, incluso con estas similitudes, estos dos tipos rara vez se confunden entre s\u00ed. Cuando esto ocurre, suele ser porque se est\u00e1n definiendo los tipos de manera demasiado estrecha. Por ejemplo, algunos Dos podr\u00edan identificarse err\u00f3neamente como Cuatro si han atravesado una depresi\u00f3n o han experimentado recientemente el fin de una relaci\u00f3n importante. Podr\u00edan enterarse de que los Cuatro son un tipo depresivo y deducir que, dado que han estado deprimidos, probablemente sean Cuatro. De hecho, los nueve tipos pueden deprimirse: sentirse triste o alienado en s\u00ed mismo no es indicativo de ser un tipo en particular. Los Dos tambi\u00e9n pueden escuchar que los Cuatro son rom\u00e1nticos y, al verse a s\u00ed mismos como rom\u00e1nticos, identificarse err\u00f3neamente. Las mujeres Cuatro que han sido criadas en entornos tradicionales o fuertemente religiosos pueden identificarse como Dos, pero este es un peligro para las mujeres de todos los tipos. Algunos Cuatro que han estado bajo estr\u00e9s durante un tiempo tambi\u00e9n pueden reconocer muchos comportamientos propios del Dos.        <\/p>\n\n\n\n<p>Sin embargo, sus diferencias no son dif\u00edciles de reconocer. Los Dos tienden a acercarse a los dem\u00e1s y a interactuar con ellos, a veces en exceso. Los Cuatro tienden a alejarse de los dem\u00e1s, mientras esperan que otros los busquen. Los Dos buscan personas a quienes rescatar, los Cuatro buscan a alguien que los rescate a <em>ellos<\/em>. Los Dos son muy conscientes de los sentimientos de los dem\u00e1s, pero tienden a no ser conscientes de sus propias motivaciones y necesidades. Los Cuatro est\u00e1n altamente sintonizados con sus propios estados emocionales, pero pueden no reconocer su impacto en los dem\u00e1s, y as\u00ed sucesivamente.     <\/p>\n\n\r\n\t\t\t<\/div>\r\n\t\t\n\r\n\t\t\t\t<\/div>\r\n\t\t\t<\/div>\r\n\t\t","protected":false},"excerpt":{"rendered":"<p>Traducido con AI<\/p>\n","protected":false},"author":6,"featured_media":0,"parent":0,"menu_order":0,"comment_status":"closed","ping_status":"closed","template":"","meta":{"_acf_changed":false,"footnotes":""},"class_list":["post-2223","page","type-page","status-publish","hentry"],"acf":[],"_links":{"self":[{"href":"https:\/\/wpml.enneagraminstitute.com\/es\/wp-json\/wp\/v2\/pages\/2223","targetHints":{"allow":["GET"]}}],"collection":[{"href":"https:\/\/wpml.enneagraminstitute.com\/es\/wp-json\/wp\/v2\/pages"}],"about":[{"href":"https:\/\/wpml.enneagraminstitute.com\/es\/wp-json\/wp\/v2\/types\/page"}],"author":[{"embeddable":true,"href":"https:\/\/wpml.enneagraminstitute.com\/es\/wp-json\/wp\/v2\/users\/6"}],"replies":[{"embeddable":true,"href":"https:\/\/wpml.enneagraminstitute.com\/es\/wp-json\/wp\/v2\/comments?post=2223"}],"version-history":[{"count":4,"href":"https:\/\/wpml.enneagraminstitute.com\/es\/wp-json\/wp\/v2\/pages\/2223\/revisions"}],"predecessor-version":[{"id":2882,"href":"https:\/\/wpml.enneagraminstitute.com\/es\/wp-json\/wp\/v2\/pages\/2223\/revisions\/2882"}],"wp:attachment":[{"href":"https:\/\/wpml.enneagraminstitute.com\/es\/wp-json\/wp\/v2\/media?parent=2223"}],"curies":[{"name":"wp","href":"https:\/\/api.w.org\/{rel}","templated":true}]}}