{"id":2217,"date":"2024-01-11T20:34:04","date_gmt":"2024-01-11T20:34:04","guid":{"rendered":"https:\/\/wpml.enneagraminstitute.com\/identificacion-erronea-entre-5-y-7\/"},"modified":"2025-03-04T16:38:26","modified_gmt":"2025-03-04T16:38:26","slug":"identificacion-erronea-entre-5-y-7","status":"publish","type":"page","link":"https:\/\/wpml.enneagraminstitute.com\/es\/identificacion-erronea-entre-5-y-7\/","title":{"rendered":"Identificaci\u00f3n err\u00f3nea entre 5 y 7"},"content":{"rendered":"<h3 style=\"text-align:center\"> Traducido con AI<\/h3>\r\n\t\t\t<div class='container single-content-layout-layout-block'>\r\n\t\t\t\t<div class='row'>\r\n\t\t\t\t\t\n\r\n\t\t\t<div class='column-block col-12 col-md-10 col-lg-8 offset-lg-1'>\r\n\t\t\t\t\n\n<h1 class=\"wp-block-heading\">Identificaci\u00f3n err\u00f3nea entre Cincos y Sietes<\/h1>\n\n\n\n<hr class=\"wp-block-separator has-alpha-channel-opacity\"\/>\n\n\n\n<p>Estos tipos rara vez son confundidos entre s\u00ed, pero presentan algunas similitudes. Tanto los Cincos como los Sietes son tipos Pensadores. Ambos son sumamente curiosos, exploradores y dispuestos a probar nuevas formas de hacer las cosas. Ambos tipos tambi\u00e9n tienen una propensi\u00f3n a coleccionar objetos y a ser tensos. Sin embargo, difieren considerablemente en el aspecto emocional y en sus preocupaciones y evasiones caracter\u00edsticas.    <\/p>\n\n\n\n<p>Los Cincos tienden a ser m\u00e1s aislados y retra\u00eddos socialmente, dedicando largas horas en solitario a trabajar en sus proyectos, leer, escuchar m\u00fasica, etc\u00e9tera. Los Cincos prefieren el entretenimiento cerebral. Los Sietes son altamente gregarios y les gusta mantenerse activos. Tambi\u00e9n disfrutan de una buena lectura, pero se impacientan al permanecer sentados durante per\u00edodos prolongados. El don del Cinco es la intensa concentraci\u00f3n y enfoque. El don del Siete es la amplitud de visi\u00f3n y s\u00edntesis. Los Sietes son, adem\u00e1s, los optimistas del Eneagrama, viendo el lado positivo de la mayor\u00eda de las cosas y deseando evitar temas demasiado oscuros, dolorosos o pesados. Los Cincos son casi lo opuesto, considerando el optimismo como poco realista y sinti\u00e9ndose atra\u00eddos por lo oscuro, lo macabro y el lado nihilista de la vida.       <\/p>\n\n\n\n<p>Por supuesto, los Cincos pueden asemejarse a los Sietes cuando se encuentran bajo mayor estr\u00e9s y se mueven en su Direcci\u00f3n de Desintegraci\u00f3n. En tales momentos, pueden volverse distra\u00eddos y dispersos como los Sietes promedio. Sin embargo, tan pronto como la situaci\u00f3n estresante se alivia, retornar\u00e1n a sus formas m\u00e1s enfocadas y retra\u00eddas.  <\/p>\n\n\n\n<p>Comp\u00e1rese a Cincos como Gary Larson con Sietes como Robin Williams.<\/p>\n\n\r\n\t\t\t<\/div>\r\n\t\t\n\r\n\t\t\t\t<\/div>\r\n\t\t\t<\/div>\r\n\t\t","protected":false},"excerpt":{"rendered":"<p>Traducido con AI<\/p>\n","protected":false},"author":6,"featured_media":0,"parent":0,"menu_order":0,"comment_status":"closed","ping_status":"closed","template":"","meta":{"_acf_changed":false,"footnotes":""},"class_list":["post-2217","page","type-page","status-publish","hentry"],"acf":[],"_links":{"self":[{"href":"https:\/\/wpml.enneagraminstitute.com\/es\/wp-json\/wp\/v2\/pages\/2217","targetHints":{"allow":["GET"]}}],"collection":[{"href":"https:\/\/wpml.enneagraminstitute.com\/es\/wp-json\/wp\/v2\/pages"}],"about":[{"href":"https:\/\/wpml.enneagraminstitute.com\/es\/wp-json\/wp\/v2\/types\/page"}],"author":[{"embeddable":true,"href":"https:\/\/wpml.enneagraminstitute.com\/es\/wp-json\/wp\/v2\/users\/6"}],"replies":[{"embeddable":true,"href":"https:\/\/wpml.enneagraminstitute.com\/es\/wp-json\/wp\/v2\/comments?post=2217"}],"version-history":[{"count":4,"href":"https:\/\/wpml.enneagraminstitute.com\/es\/wp-json\/wp\/v2\/pages\/2217\/revisions"}],"predecessor-version":[{"id":2885,"href":"https:\/\/wpml.enneagraminstitute.com\/es\/wp-json\/wp\/v2\/pages\/2217\/revisions\/2885"}],"wp:attachment":[{"href":"https:\/\/wpml.enneagraminstitute.com\/es\/wp-json\/wp\/v2\/media?parent=2217"}],"curies":[{"name":"wp","href":"https:\/\/api.w.org\/{rel}","templated":true}]}}