{"id":2215,"date":"2024-01-11T20:34:04","date_gmt":"2024-01-11T20:34:04","guid":{"rendered":"https:\/\/wpml.enneagraminstitute.com\/politica-de-cookies\/"},"modified":"2025-03-04T16:38:27","modified_gmt":"2025-03-04T16:38:27","slug":"politica-de-cookies","status":"publish","type":"page","link":"https:\/\/wpml.enneagraminstitute.com\/es\/politica-de-cookies\/","title":{"rendered":"Pol\u00edtica de Cookies"},"content":{"rendered":"<h3 style=\"text-align:center\"> Traducido con AI<\/h3>\r\n\t\t\t<div class='container single-content-layout-layout-block'>\r\n\t\t\t\t<div class='row'>\r\n\t\t\t\t\t\n\r\n\t\t\t<div class='column-block col-12 col-md-10 col-lg-8'>\r\n\t\t\t\t\n\n<h1 class=\"wp-block-heading\"><strong>El Instituto del Eneagrama<\/strong>\u00ae<br\/><strong>Pol\u00edtica de Cookies<\/strong><\/h1>\n\n\n\n<p>Las cookies son peque\u00f1os archivos de texto que los sitios web pueden utilizar para hacer m\u00e1s eficiente la experiencia del usuario.<br\/><br\/>La ley establece que podemos almacenar cookies en su dispositivo si son estrictamente necesarias para el funcionamiento de este sitio. Para todos los dem\u00e1s tipos de cookies, necesitamos su permiso. <br\/><br\/>Este sitio utiliza diferentes tipos de cookies. Algunas cookies son colocadas por servicios de terceros que aparecen en nuestras p\u00e1ginas. <br\/><br\/>Usted puede, en cualquier momento, cambiar o retirar su consentimiento desde la Declaraci\u00f3n de Cookies en nuestra p\u00e1gina de <a href=\"https:\/\/wpml.enneagraminstitute.com\/es\/politica-de-cookies\/\">Pol\u00edtica de Cookies<\/a>.<br\/><br\/>Obtenga m\u00e1s informaci\u00f3n sobre qui\u00e9nes somos, c\u00f3mo puede contactarnos y c\u00f3mo procesamos los datos personales en nuestra <a href=\"https:\/\/wpml.enneagraminstitute.com\/es\/politica-de-privacidad\/\" target=\"_blank\" rel=\"noreferrer noopener\">Pol\u00edtica de Privacidad<\/a>.<\/p>\n\n\n\n<p>Su consentimiento se aplica a los siguientes dominios: subscriptions.enneagraminstitute.com, tests.enneagraminstitute.com, enneagraminstitute.com<\/p>\n\n\n\n<p>Su estado actual: Permitir selecci\u00f3n (Necesarias, Preferencias, Estad\u00edsticas). <\/p>\n\n\n\n<p id=\"CookieDeclarationConsentIdAndDate\">Su ID de consentimiento: +nmzD\/sCHIBMQXK+2sBcUBCTXyGQHD+lqxPMqC0eZwjEPjkdD0A44w==Fecha de consentimiento: Lunes, 24 de julio de 2023 a las 01:44:27 PM EDT<\/p>\n\n\n\n<p><a href=\"https:\/\/wpml.enneagraminstitute.com\/es\/politica-de-cookies\/#\">Cambiar su consentimiento<\/a> | <a href=\"https:\/\/wpml.enneagraminstitute.com\/es\/politica-de-cookies\/#\">Retirar su consentimiento<\/a><\/p>\n\n\n\n<p>Declaraci\u00f3n de cookies actualizada por \u00faltima vez el 1\/12\/24 por <a href=\"https:\/\/www.cookiebot.com\/\" target=\"_blank\" rel=\"noreferrer noopener\">Cookiebot<\/a>:<\/p>\n\n\n\n<p>Necesarias (15)<\/p>\n\n\n\n<p>Las cookies necesarias ayudan a hacer utilizable un sitio web al habilitar funciones b\u00e1sicas como la navegaci\u00f3n de p\u00e1ginas y el acceso a \u00e1reas seguras del sitio web. El sitio web no puede funcionar correctamente sin estas cookies. <\/p>\n\n\n\n<figure class=\"wp-block-table\"><table><thead><tr><th>Nombre<\/th><th>Proveedor<\/th><th>Prop\u00f3sito<\/th><th>Caducidad<\/th><th>Tipo<\/th><\/tr><\/thead><tbody><tr><td>__stripe_mid<\/td><td><a target=\"_blank\" rel=\"noreferrer noopener\" href=\"https:\/\/stripe.com\/privacy\">Stripe<\/a><\/td><td>Esta cookie es necesaria para realizar transacciones con tarjeta de cr\u00e9dito en el sitio web. El servicio es proporcionado por Stripe.com, que permite transacciones en l\u00ednea sin almacenar ninguna informaci\u00f3n de tarjeta de cr\u00e9dito. <\/td><td>1 a\u00f1o<\/td><td>Cookie HTTP<\/td><\/tr><tr><td>__stripe_sid<\/td><td><a target=\"_blank\" rel=\"noreferrer noopener\" href=\"https:\/\/stripe.com\/privacy\">Stripe<\/a><\/td><td>Esta cookie es necesaria para realizar transacciones con tarjeta de cr\u00e9dito en el sitio web. El servicio es proporcionado por Stripe.com, que permite transacciones en l\u00ednea sin almacenar ninguna informaci\u00f3n de tarjeta de cr\u00e9dito. <\/td><td>1 d\u00eda<\/td><td>Cookie HTTP<\/td><\/tr><tr><td>_ab<\/td><td><a target=\"_blank\" rel=\"noreferrer noopener\" href=\"https:\/\/stripe.com\/privacy\">Stripe<\/a><\/td><td>Esta cookie es necesaria para realizar transacciones con tarjeta de cr\u00e9dito en el sitio web. El servicio es proporcionado por Stripe.com, que permite transacciones en l\u00ednea sin almacenar ninguna informaci\u00f3n de tarjeta de cr\u00e9dito. <\/td><td>Sesi\u00f3n<\/td><td>Almacenamiento local HTML<\/td><\/tr><tr><td>_mf<\/td><td><a target=\"_blank\" rel=\"noreferrer noopener\" href=\"https:\/\/stripe.com\/privacy\">Stripe<\/a><\/td><td>Esta cookie es necesaria para realizar transacciones con tarjeta de cr\u00e9dito en el sitio web. El servicio es proporcionado por Stripe.com, que permite transacciones en l\u00ednea sin almacenar ninguna informaci\u00f3n de tarjeta de cr\u00e9dito. <\/td><td>Sesi\u00f3n<\/td><td>Almacenamiento local HTML<\/td><\/tr><tr><td>1.gif<\/td><td><a target=\"_blank\" rel=\"noreferrer noopener\" href=\"https:\/\/www.cookiebot.com\/goto\/privacy-policy\/\">Cookiebot<\/a><\/td><td>Utilizada para contar el n\u00famero de sesiones en el sitio web, necesaria para optimizar la entrega del producto CMP.<\/td><td>Sesi\u00f3n<\/td><td>Pixel Tracker<\/td><\/tr><tr><td>CookieConsent [x3]<\/td><td><a target=\"_blank\" rel=\"noreferrer noopener\" href=\"https:\/\/www.cookiebot.com\/goto\/privacy-policy\/\">Cookiebot<\/a><\/td><td>Almacena el estado de consentimiento de cookies del usuario para el dominio actual<\/td><td>1 a\u00f1o<\/td><td>Cookie HTTP<\/td><\/tr><tr><td>crumb<\/td><td>wpml.enneagraminstitute.com<\/td><td>Garantiza la seguridad de navegaci\u00f3n del visitante al prevenir la falsificaci\u00f3n de peticiones entre sitios. Esta cookie es esencial para la seguridad del sitio web y del visitante. <\/td><td>Sesi\u00f3n<\/td><td>Cookie HTTP<\/td><\/tr><tr><td>id<\/td><td><a target=\"_blank\" rel=\"noreferrer noopener\" href=\"https:\/\/stripe.com\/privacy\">Stripe<\/a><\/td><td>Pendiente<\/td><td>Sesi\u00f3n<\/td><td>Almacenamiento local HTML<\/td><\/tr><tr><td>m<\/td><td><a target=\"_blank\" rel=\"noreferrer noopener\" href=\"https:\/\/stripe.com\/privacy\">Stripe<\/a><\/td><td>Determina el dispositivo utilizado para acceder al sitio web. Esto permite que el sitio web se formatee en consecuencia. <\/td><td>400 d\u00edas<\/td><td>Cookie HTTP<\/td><\/tr><tr><td>rc::a<\/td><td><a target=\"_blank\" rel=\"noreferrer noopener\" href=\"https:\/\/policies.google.com\/privacy\">Google<\/a><\/td><td>Esta cookie se utiliza para distinguir entre humanos y bots. Esto es beneficioso para el sitio web, con el fin de realizar informes v\u00e1lidos sobre el uso de su sitio web. <\/td><td>Persistente<\/td><td>Almacenamiento local HTML<\/td><\/tr><tr><td>rc::c<\/td><td><a target=\"_blank\" rel=\"noreferrer noopener\" href=\"https:\/\/policies.google.com\/privacy\">Google<\/a><\/td><td>Esta cookie se utiliza para distinguir entre humanos y bots.<\/td><td>Sesi\u00f3n<\/td><td>Almacenamiento local HTML<\/td><\/tr><tr><td>test<\/td><td><a target=\"_blank\" rel=\"noreferrer noopener\" href=\"https:\/\/www.squarespace.com\/cookie-policy\">Squarespace<\/a><\/td><td>Utilizada para detectar si el visitante ha aceptado la categor\u00eda de marketing en el banner de cookies. Esta cookie es necesaria para el cumplimiento del RGPD del sitio web. <\/td><td>Persistente<\/td><td>Almacenamiento local HTML<\/td><\/tr><tr><td>XSRF-TOKEN<\/td><td>enneagraminstitute.com<\/td><td>Garantiza la seguridad de navegaci\u00f3n del visitante al prevenir la falsificaci\u00f3n de peticiones entre sitios. Esta cookie es esencial para la seguridad del sitio web y del visitante. <\/td><td>1 d\u00eda<\/td><td>Cookie HTTP<\/td><\/tr><\/tbody><\/table><\/figure>\n\n\n\n<p>Estad\u00edsticas (12)<\/p>\n\n\n\n<p>Las cookies de estad\u00edsticas ayudan a los propietarios de sitios web a comprender c\u00f3mo los visitantes interact\u00faan con los sitios web recopilando y reportando informaci\u00f3n de manera an\u00f3nima.<\/p>\n\n\n\n<figure class=\"wp-block-table\"><table><thead><tr><th>Nombre<\/th><th>Proveedor<\/th><th>Prop\u00f3sito<\/th><th>Caducidad<\/th><th>Tipo<\/th><\/tr><\/thead><tbody><tr><td>_ga [x3]<\/td><td><a target=\"_blank\" rel=\"noreferrer noopener\" href=\"https:\/\/policies.google.com\/privacy\">Google<\/a><\/td><td>Registra una identificaci\u00f3n \u00fanica que se utiliza para generar datos estad\u00edsticos sobre c\u00f3mo el visitante utiliza el sitio web.<\/td><td>2 a\u00f1os<\/td><td>Cookie HTTP<\/td><\/tr><tr><td>_ga_#<\/td><td><a target=\"_blank\" rel=\"noreferrer noopener\" href=\"https:\/\/policies.google.com\/privacy\">Google<\/a><\/td><td>Utilizada por Google Analytics para recopilar datos sobre el n\u00famero de veces que un usuario ha visitado el sitio web, as\u00ed como las fechas de la primera y la m\u00e1s reciente visita.<\/td><td>2 a\u00f1os<\/td><td>Cookie HTTP<\/td><\/tr><tr><td>_gat<\/td><td><a target=\"_blank\" rel=\"noreferrer noopener\" href=\"https:\/\/policies.google.com\/privacy\">Google<\/a><\/td><td>Utilizada por Google Analytics para limitar la tasa de solicitudes<\/td><td>1 d\u00eda<\/td><td>Cookie HTTP<\/td><\/tr><tr><td>_gid [x3]<\/td><td><a target=\"_blank\" rel=\"noreferrer noopener\" href=\"https:\/\/policies.google.com\/privacy\">Google<\/a><\/td><td>Registra una identificaci\u00f3n \u00fanica que se utiliza para generar datos estad\u00edsticos sobre c\u00f3mo el visitante utiliza el sitio web.<\/td><td>1 d\u00eda<\/td><td>Cookie HTTP<\/td><\/tr><tr><td>1<\/td><td><a target=\"_blank\" rel=\"noreferrer noopener\" href=\"https:\/\/stripe.com\/privacy\">Stripe<\/a><\/td><td>Registra datos sobre el comportamiento de los visitantes en el sitio web. Esto se utiliza para an\u00e1lisis internos y optimizaci\u00f3n del sitio web. <\/td><td>Sesi\u00f3n<\/td><td>Almacenamiento local HTML<\/td><\/tr><tr><td>collect<\/td><td><a target=\"_blank\" rel=\"noreferrer noopener\" href=\"https:\/\/policies.google.com\/privacy\">Google<\/a><\/td><td>Utilizada para enviar datos a Google Analytics sobre el dispositivo y el comportamiento del visitante. Rastrea al visitante a trav\u00e9s de dispositivos y canales de marketing. <\/td><td>Sesi\u00f3n<\/td><td>Pixel Tracker<\/td><\/tr><tr><td>p.gif<\/td><td><a target=\"_blank\" rel=\"noreferrer noopener\" href=\"https:\/\/www.adobe.com\/privacy.html\">Adobe Inc.<\/a><\/td><td>Realiza un seguimiento de las fuentes especiales utilizadas en el sitio web para an\u00e1lisis interno. La cookie no registra ning\u00fan dato del visitante. <\/td><td>Sesi\u00f3n<\/td><td>Pixel Tracker<\/td><\/tr><tr><td>td<\/td><td><a target=\"_blank\" rel=\"noreferrer noopener\" href=\"https:\/\/policies.google.com\/privacy\">Google<\/a><\/td><td>Registra datos estad\u00edsticos sobre el comportamiento de los usuarios en el sitio web. Utilizado para an\u00e1lisis internos por el operador del sitio web. <\/td><td>Sesi\u00f3n<\/td><td>Pixel Tracker<\/td><\/tr><\/tbody><\/table><\/figure>\n\n\n\n<p>Marketing (1)<\/p>\n\n\n\n<p>Las cookies de marketing se utilizan para rastrear a los visitantes en los sitios web. La intenci\u00f3n es mostrar anuncios que sean relevantes y atractivos para el usuario individual y, por lo tanto, m\u00e1s valiosos para los editores y anunciantes externos. <\/p>\n\n\n\n<figure class=\"wp-block-table\"><table><thead><tr><th>Nombre<\/th><th>Proveedor<\/th><th>Prop\u00f3sito<\/th><th>Caducidad<\/th><th>Tipo<\/th><\/tr><\/thead><tbody><tr><td>squarespace-likes<\/td><td><a target=\"_blank\" rel=\"noreferrer noopener\" href=\"https:\/\/www.squarespace.com\/cookie-policy\">Squarespace<\/a><\/td><td>Facilita la funci\u00f3n de compartir en el sitio web. La cookie tambi\u00e9n permite a los sitios web rastrear y dirigir al usuario con publicidad basada en sus preferencias y comparticiones. <\/td><td>Persistente<\/td><td>Almacenamiento local HTML<\/td><\/tr><\/tbody><\/table><\/figure>\n\n\n\n<p>No clasificado (1)<\/p>\n\n\n\n<p>Las cookies no clasificadas son aquellas que estamos en proceso de clasificar, junto con los proveedores de cookies individuales.<\/p>\n\n\n\n<figure class=\"wp-block-table\"><table><thead><tr><th>Nombre<\/th><th>Proveedor<\/th><th>Prop\u00f3sito<\/th><th>Caducidad<\/th><th>Tipo<\/th><\/tr><\/thead><tbody><tr><td>enneagram_session<\/td><td>enneagraminstitute.com<\/td><td>Pendiente<\/td><td>1 d\u00eda<\/td><td>Cookie HTTP<\/td><\/tr><\/tbody><\/table><\/figure>\n\n\r\n\t\t\t<\/div>\r\n\t\t\n\r\n\t\t\t\t<\/div>\r\n\t\t\t<\/div>\r\n\t\t","protected":false},"excerpt":{"rendered":"<p>Traducido con AI<\/p>\n","protected":false},"author":6,"featured_media":0,"parent":0,"menu_order":0,"comment_status":"closed","ping_status":"closed","template":"","meta":{"_acf_changed":false,"footnotes":""},"class_list":["post-2215","page","type-page","status-publish","hentry"],"acf":[],"_links":{"self":[{"href":"https:\/\/wpml.enneagraminstitute.com\/es\/wp-json\/wp\/v2\/pages\/2215","targetHints":{"allow":["GET"]}}],"collection":[{"href":"https:\/\/wpml.enneagraminstitute.com\/es\/wp-json\/wp\/v2\/pages"}],"about":[{"href":"https:\/\/wpml.enneagraminstitute.com\/es\/wp-json\/wp\/v2\/types\/page"}],"author":[{"embeddable":true,"href":"https:\/\/wpml.enneagraminstitute.com\/es\/wp-json\/wp\/v2\/users\/6"}],"replies":[{"embeddable":true,"href":"https:\/\/wpml.enneagraminstitute.com\/es\/wp-json\/wp\/v2\/comments?post=2215"}],"version-history":[{"count":5,"href":"https:\/\/wpml.enneagraminstitute.com\/es\/wp-json\/wp\/v2\/pages\/2215\/revisions"}],"predecessor-version":[{"id":2886,"href":"https:\/\/wpml.enneagraminstitute.com\/es\/wp-json\/wp\/v2\/pages\/2215\/revisions\/2886"}],"wp:attachment":[{"href":"https:\/\/wpml.enneagraminstitute.com\/es\/wp-json\/wp\/v2\/media?parent=2215"}],"curies":[{"name":"wp","href":"https:\/\/api.w.org\/{rel}","templated":true}]}}