{"id":2211,"date":"2024-01-11T20:34:04","date_gmt":"2024-01-11T20:34:04","guid":{"rendered":"https:\/\/wpml.enneagraminstitute.com\/acerca-del-ivq\/"},"modified":"2025-03-04T16:38:27","modified_gmt":"2025-03-04T16:38:27","slug":"acerca-del-ivq","status":"publish","type":"page","link":"https:\/\/wpml.enneagraminstitute.com\/es\/acerca-del-ivq\/","title":{"rendered":"Acerca del IVQ"},"content":{"rendered":"<h3 style=\"text-align:center\"> Traducido con AI<\/h3>\r\n\t\t\t<div class='container single-content-layout-layout-block'>\r\n\t\t\t\t<div class='row'>\r\n\t\t\t\t\t\n\r\n\t\t\t<div class='column-block col-12 col-md-10 col-lg-8 offset-lg-1'>\r\n\t\t\t\t\n\n<h1 class=\"wp-block-heading\" id=\"h-the-instinctual-variant-questionnaire-ivq-version-2-0\">El Cuestionario de Variantes Instintivas <br\/>(IVQ versi\u00f3n 2.0)<\/h1>\n\n\n<div class=\"wp-block-image\">\n<figure class=\"aligncenter size-full\" id=\"yui_3_17_2_1_1705324799400_87\"><img loading=\"lazy\" decoding=\"async\" width=\"200\" height=\"200\" src=\"https:\/\/wpml.enneagraminstitute.com\/wp-content\/uploads\/2024\/01\/IVQseal.png\" alt=\"\" class=\"wp-image-161\" srcset=\"https:\/\/wpml.enneagraminstitute.com\/wp-content\/uploads\/2024\/01\/IVQseal.png 200w, https:\/\/wpml.enneagraminstitute.com\/wp-content\/uploads\/2024\/01\/IVQseal-150x150.png 150w\" sizes=\"auto, (max-width: 200px) 100vw, 200px\" \/><\/figure>\n<\/div>\n\n\n<p>El Cuestionario de Variantes Instintivas (IVQ v2.0) es la primera prueba en l\u00ednea que mide nuestras tres inteligencias instintivas b\u00e1sicas: los Instintos de Autopreservaci\u00f3n, Social y Sexual (Atracci\u00f3n). Es una prueba psicol\u00f3gica de elecci\u00f3n forzada con 37 conjuntos de 3 afirmaciones cada uno. En cada conjunto de afirmaciones, debe elegir una declaraci\u00f3n que sea <em>m\u00e1s como<\/em> usted y otra que sea <em>menos como<\/em> usted. La prueba determinar\u00e1 entonces su \u201cPila Instintiva,\u201d o los Tres Instintos ordenados desde su Instinto m\u00e1s desarrollado hasta su Instinto menos desarrollado. El IVQ tarda aproximadamente 15 minutos en completarse.     <\/p>\n\n\n\n<p>Los resultados del IVQ se le env\u00edan por correo electr\u00f3nico en formato PDF e incluyen sus puntuaciones para los Tres Instintos, as\u00ed como informaci\u00f3n general sobre las Variantes Instintivas. <\/p>\n\n\n\n<p><a href=\"https:\/\/wpml.enneagraminstitute.com\/es\/como-funciona-el-sistema-del-eneagrama\/\">Los Instintos<\/a> pueden explorarse por separado del tipo de Eneagrama, y el conocimiento de su tipo primario no afecta su puntuaci\u00f3n en el IVQ. Si ya conoce e ingresa su tipo primario de Eneagrama al final del IVQ, recibir\u00e1 un breve contenido adicional sobre las Variantes Instintivas para su tipo espec\u00edfico. Si a\u00fan est\u00e1 explorando su tipo primario de Eneagrama, le recomendamos que realice el <a href=\"http:\/\/tests.enneagraminstitute.com\/\">Indicador de Tipo de Eneagrama Riso-Hudson (RHETI v2.5)<\/a> antes de tomar la prueba IVQ.   <\/p>\n\n\n\n<blockquote class=\"wp-block-quote is-layout-flow wp-block-quote-is-layout-flow\">\n<p>\u201cEsto es revelador en cuanto a por qu\u00e9 mi esposo, que quiere divorciarse, y yo no podemos entendernos. El IVQ en combinaci\u00f3n con el RHETI ofrece la prueba de personalidad, resultados, etc. m\u00e1s profunda que jam\u00e1s he encontrado. El tipo, el ala, los Niveles y los Instintos son tan valiosos para que yo comprenda la situaci\u00f3n en la que me encuentro. Esto explica por qu\u00e9 me lastimo y me disgusto, me enojo, me siento no amada y abandonada; b\u00e1sicamente, por qu\u00e9 reacciono de la manera en que lo hago. Adem\u00e1s, hay sugerencias sobre lo que puedo hacer para cambiar algunas de mis reacciones y comportamientos de manera positiva con el fin de tener una vida y una relaci\u00f3n m\u00e1s felices y productivas, tanto en casa como en el trabajo.\u201d<\/p>\n<cite><em>JS, Kansas<\/em><\/cite><\/blockquote>\n\n\n\n<p>\u00bfPreguntas? Por favor, contacte con <a href=\"https:\/\/wpml.enneagraminstitute.com\/es\/contacte-con-el-instituto-del-eneagrama\/\">support@enneagraminstitute.com<\/a> <\/p>\n\n\n\n<div class=\"wp-block-buttons mt-5 is-layout-flex wp-block-buttons-is-layout-flex\">\n<div class=\"wp-block-button\"><a class=\"wp-block-button__link wp-element-button\" href=\"https:\/\/tests.enneagraminstitute.com\/orders\/create#ivq\"><strong>ADQUIRIR EL IVQ<\/strong><\/a><\/div>\n<\/div>\n\n\r\n\t\t\t<\/div>\r\n\t\t\n\r\n\t\t\t\t<\/div>\r\n\t\t\t<\/div>\r\n\t\t","protected":false},"excerpt":{"rendered":"<p>Traducido con AI<\/p>\n","protected":false},"author":6,"featured_media":0,"parent":0,"menu_order":0,"comment_status":"closed","ping_status":"closed","template":"","meta":{"_acf_changed":false,"footnotes":""},"class_list":["post-2211","page","type-page","status-publish","hentry"],"acf":[],"_links":{"self":[{"href":"https:\/\/wpml.enneagraminstitute.com\/es\/wp-json\/wp\/v2\/pages\/2211","targetHints":{"allow":["GET"]}}],"collection":[{"href":"https:\/\/wpml.enneagraminstitute.com\/es\/wp-json\/wp\/v2\/pages"}],"about":[{"href":"https:\/\/wpml.enneagraminstitute.com\/es\/wp-json\/wp\/v2\/types\/page"}],"author":[{"embeddable":true,"href":"https:\/\/wpml.enneagraminstitute.com\/es\/wp-json\/wp\/v2\/users\/6"}],"replies":[{"embeddable":true,"href":"https:\/\/wpml.enneagraminstitute.com\/es\/wp-json\/wp\/v2\/comments?post=2211"}],"version-history":[{"count":5,"href":"https:\/\/wpml.enneagraminstitute.com\/es\/wp-json\/wp\/v2\/pages\/2211\/revisions"}],"predecessor-version":[{"id":2888,"href":"https:\/\/wpml.enneagraminstitute.com\/es\/wp-json\/wp\/v2\/pages\/2211\/revisions\/2888"}],"wp:attachment":[{"href":"https:\/\/wpml.enneagraminstitute.com\/es\/wp-json\/wp\/v2\/media?parent=2211"}],"curies":[{"name":"wp","href":"https:\/\/api.w.org\/{rel}","templated":true}]}}