{"id":2205,"date":"2024-01-11T20:34:04","date_gmt":"2024-01-11T20:34:04","guid":{"rendered":"https:\/\/wpml.enneagraminstitute.com\/preguntas-frecuentes\/"},"modified":"2025-03-04T16:38:29","modified_gmt":"2025-03-04T16:38:29","slug":"preguntas-frecuentes","status":"publish","type":"page","link":"https:\/\/wpml.enneagraminstitute.com\/es\/preguntas-frecuentes\/","title":{"rendered":"PREGUNTAS FRECUENTES"},"content":{"rendered":"<h3 style=\"text-align:center\"> Traducido con AI<\/h3>\r\n\t\t\t<div class='container single-content-layout-layout-block'>\r\n\t\t\t\t<div class='row'>\r\n\t\t\t\t\t\n\r\n\t\t\t<div class='column-block col-12 col-md-10 col-lg-8 offset-lg-1'>\r\n\t\t\t\t\n\n<h2 class=\"wp-block-heading\" id=\"h-customer-accounts\">CUENTAS DE CLIENTE<\/h2>\n\n\n\r\n\t\t\t<div class='container two-column-layout-layout-block my-5'>\r\n\t\t\t\t<div class='row'>\r\n\t\t\t\t\t\n\r\n\t\t\t<div class='column-block col-12 col-lg-6 mb-4 mb-lg-0'>\r\n\t\t\t\t\n\n<div class=\"wp-block-buttons is-layout-flex wp-block-buttons-is-layout-flex\">\n<div class=\"wp-block-button\"><a class=\"wp-block-button__link wp-element-button\" href=\"https:\/\/tests.enneagraminstitute.com\/orders\/business\">CREAR UNA NUEVA CUENTA<\/a><\/div>\n<\/div>\n\n\r\n\t\t\t<\/div>\r\n\t\t\n\n\r\n\t\t\t<div class='column-block col-12 col-lg-6'>\r\n\t\t\t\t\n\n<div class=\"wp-block-buttons is-layout-flex wp-block-buttons-is-layout-flex\">\n<div class=\"wp-block-button\"><a class=\"wp-block-button__link wp-element-button\" href=\"https:\/\/tests.enneagraminstitute.com\/orders\/business\">INICIAR SESI\u00d3N EN SU CUENTA<\/a><\/div>\n<\/div>\n\n\r\n\t\t\t<\/div>\r\n\t\t\n\r\n\t\t\t\t<\/div>\r\n\t\t\t<\/div>\r\n\t\t\n\n\n<p><strong>Preguntas Frecuentes (FAQ)<\/strong><br\/><br\/><strong>\u00bfQui\u00e9n deber\u00eda abrir una cuenta de cliente?<\/strong><br\/>Las cuentas de cliente est\u00e1n destinadas a cualquier persona que desee adquirir m\u00e1s de 20 c\u00f3digos de prueba en un solo pedido y\/o a cualquier persona que administre nuestras pruebas en l\u00ednea RHETI o IVQ a terceros. Las pruebas son ampliamente utilizadas en la actualidad en una variedad de entornos y aplicaciones profesionales, incluyendo coaching\/consultor\u00eda, corporaciones, liderazgo ejecutivo, recursos humanos, desarrollo de personal, universidades y organizaciones religiosas\/espirituales, entre otros. <\/p>\n\n\n\n<p><strong>\u00bfC\u00f3mo abro una cuenta de cliente?<\/strong><br\/>Simplemente dir\u00edjase a nuestra <a href=\"https:\/\/tests.enneagraminstitute.com\/orders\/business\">p\u00e1gina de registro<\/a> de cuenta de cliente e introduzca su direcci\u00f3n de correo electr\u00f3nico para comenzar. Recibir\u00e1 un correo electr\u00f3nico de confirmaci\u00f3n que contendr\u00e1 un enlace de verificaci\u00f3n que deber\u00e1 hacer clic para continuar. Cada cuenta de cliente requiere que se designe un administrador de cuenta. Se proporciona m\u00e1s informaci\u00f3n sobre la administraci\u00f3n de cuentas en otras secciones de estas preguntas frecuentes. Una vez que el registro de su cuenta est\u00e9 completo, podr\u00e1 comprar y comenzar a utilizar los c\u00f3digos de prueba de inmediato.    <\/p>\n\n\n\n<p><strong>\u00bfPuedo agregar m\u00faltiples nombres\/direcciones de correo electr\u00f3nico a la cuenta?<\/strong><br\/>Por motivos de seguridad, nuestro sistema permite solo un administrador de cuenta y una direcci\u00f3n de correo electr\u00f3nico por cuenta de cliente. Para organizaciones que requieren que m\u00faltiples personas realicen tareas de administraci\u00f3n de cuentas, recomendamos crear una direcci\u00f3n de correo electr\u00f3nico neutral (por ejemplo, enneagram@suempresa.com) a la que m\u00faltiples personas puedan acceder. <\/p>\n\n\n\n<p><strong>\u00bfCu\u00e1nto cuesta tener una cuenta de cliente?<\/strong><br\/>Actualmente no hay ning\u00fan cargo por tener una cuenta de cliente, aunque nos reservamos el derecho de cambiar nuestros t\u00e9rminos en cualquier momento. Notificaremos a los usuarios con antelaci\u00f3n si alteramos cualquier t\u00e9rmino de uso para las cuentas de cliente. <\/p>\n\n\n\n<p><strong>\u00bfC\u00f3mo compro c\u00f3digos de prueba?<\/strong><br\/>Primero, cree\/inicie sesi\u00f3n en su cuenta de cliente. En cualquier momento que haya iniciado sesi\u00f3n, puede comprar c\u00f3digos de prueba haciendo clic en \u201cOrdenar Pruebas,\u201d o haciendo clic en el icono del carrito de compras en la esquina superior derecha de la pantalla. Solo las pruebas compradas a trav\u00e9s de su cuenta de cliente estar\u00e1n vinculadas a su cuenta.  <\/p>\n\n\n\n<p><strong>\u00bfOfrecen descuentos por volumen?<\/strong><br\/>S\u00ed, actualmente ofrecemos los siguientes descuentos por volumen. Los descuentos por volumen se calculan por pedido. Las compras de RHETI\u00ae e IVQ en un solo pedido se combinan para fines de descuento por volumen.   <\/p>\n\n\n\n<figure class=\"wp-block-table is-style-stripes\"><table><tbody><tr><td><strong>1 C\u00f3digo de Prueba:<\/strong><\/td><td><strong>$20<\/strong><\/td><\/tr><tr><td><strong>2 \u2013 9 C\u00f3digos de Prueba:<\/strong><\/td><td><strong>$18 (10% de Descuento)<\/strong>*<\/td><\/tr><tr><td><strong>10 \u2013 19 C\u00f3digos de Prueba:<\/strong><\/td><td><strong>$16 (20% de Descuento)<\/strong>*<\/td><\/tr><tr><td><strong>20 \u2013 49 C\u00f3digos de Prueba:<\/strong><\/td><td><strong>$14 (30% de Descuento)<\/strong>*<\/td><\/tr><tr><td><strong>50 \u2013 99 C\u00f3digos de Prueba:<\/strong><\/td><td><strong>$12 (40% de Descuento)<\/strong>*<\/td><\/tr><tr><td><strong>100+ C\u00f3digos de Prueba:<\/strong><\/td><td><strong>$10 (50% de Descuento)<\/strong>*<\/td><\/tr><\/tbody><\/table><\/figure>\n\n\n\n<p>*precio por prueba<\/p>\n\n\n\n<p><strong>\u00bfCu\u00e1ntas veces puedo usar un c\u00f3digo de prueba?<\/strong><br\/>Cada c\u00f3digo de prueba es v\u00e1lido para un solo uso.<\/p>\n\n\n\n<p><strong>\u00bfCaducan los c\u00f3digos de las pruebas?<\/strong><br\/>Los c\u00f3digos de las pruebas caducan un a\u00f1o despu\u00e9s de la fecha de compra.<\/p>\n\n\n\n<p><strong>\u00bfC\u00f3mo administro las pruebas?<\/strong><br\/>Cuando usted ordena c\u00f3digos de prueba, estos se env\u00edan a la direcci\u00f3n de correo electr\u00f3nico del comprador en una hoja de c\u00e1lculo, que puede utilizar para fines de seguimiento. Tambi\u00e9n puede iniciar sesi\u00f3n en su cuenta para buscar, ordenar, filtrar y exportar informaci\u00f3n actualizada de los c\u00f3digos de prueba desde su pantalla de Detalles de Prueba en cualquier momento. Los clientes son responsables de llevar un registro de sus propios c\u00f3digos de prueba prepagados y de distribuir un c\u00f3digo de prueba a cada participante. El Instituto del Eneagrama no distribuye c\u00f3digos de prueba en su nombre. Despu\u00e9s de recibir un c\u00f3digo de prueba, el usuario va a tests.enneagraminstitute.com, ingresa su c\u00f3digo, nombre y direcci\u00f3n de correo electr\u00f3nico, y comienza la prueba.     <\/p>\n\n\n\n<p><strong> \u00bfCu\u00e1nto tiempo se tarda en completar una prueba?<\/strong><\/p>\n\n\n\n<p>Recomendamos aproximadamente 40 minutos para el RHETI\u00ae y 15 minutos para el IVQ para completar la prueba en una sola sesi\u00f3n. Si un participante no completa la prueba y regresa m\u00e1s tarde, puede hacerlo volviendo a tests.enneagraminstitute.com e ingresando el mismo c\u00f3digo de prueba y direcci\u00f3n de correo electr\u00f3nico. Las respuestas se guardar\u00e1n durante 72 horas, por lo que si regresan para terminar una prueba dentro de las 72 horas, pueden continuar donde lo dejaron. Despu\u00e9s de 72 horas, el participante deber\u00e1 comenzar de nuevo desde la primera pregunta.   <\/p>\n\n\n\n<p><strong>\u00bfQui\u00e9n recibe los resultados de la prueba?<\/strong><br\/>Hay tres opciones de qui\u00e9n recibir\u00e1 los resultados de la prueba:<br\/>1) Solo el administrador de la prueba,<br\/>2) Solo el participante de la prueba,<br\/>3) Tanto el administrador de la prueba como el participante (configuraci\u00f3n predeterminada)<\/p>\n\n\n\n<p>Usted puede modificar esta configuraci\u00f3n en cualquier momento desde su p\u00e1gina de <q id=\"q-first-1\">Gestionar Cuenta<\/q>. Cambiar la configuraci\u00f3n de sus resultados se aplica inmediatamente a cualquier prueba completada a partir de ese momento. Como administrador de la cuenta, usted siempre tiene acceso y puede descargar los resultados de sus participantes desde su p\u00e1gina de Detalles de la Prueba, independientemente de su configuraci\u00f3n de resultados.  <\/p>\n\n\n\n<p><strong>\u00bfQu\u00e9 se incluye en los resultados de la prueba?<\/strong><br\/>Los resultados del RHETI\u00ae se proporcionan en formato PDF e incluyen las puntuaciones del participante para los nueve tipos en un perfil de espectro completo, as\u00ed como las Descripciones de Tipo Ampliadas (de m\u00e1s de 2.500 palabras cada una) para las tres puntuaciones m\u00e1s altas. Los resultados del IVQ se proporcionan en formato PDF e incluyen las puntuaciones del participante para los tres Instintos, as\u00ed como descripciones generales de las Variantes Instintivas. Aunque el conocimiento del tipo primario del Eneagrama no es necesario y no afecta la puntuaci\u00f3n del IVQ, aquellos que opten por ingresar su tipo primario del Eneagrama recibir\u00e1n un breve contenido adicional espec\u00edfico para su tipo.  <\/p>\n\n\n\n<p><strong>\u00bfD\u00f3nde puedo encontrar m\u00e1s informaci\u00f3n sobre las pruebas en l\u00ednea del Instituto del Eneagrama?<\/strong><br\/>El Instituto del Eneagrama\u00ae actualmente ofrece las siguientes pruebas en l\u00ednea: <\/p>\n\n\n\n<ul class=\"wp-block-list\">\n<li>Indicador de Tipo del Eneagrama Riso-Hudson (RHETI\u00ae v2.5)<\/li>\n\n\n\n<li>Cuestionario de Variante Instintiva (IVQ v2.0)<\/li>\n<\/ul>\n\n\n\n<p><a href=\"https:\/\/wpml.enneagraminstitute.com\/es\/comience-con-las-pruebas-del-eneagrama\/\">Por favor, visite nuestro Centro de Pruebas para ver una comparaci\u00f3n lado a lado.<\/a><\/p>\n\n\r\n\t\t\t<\/div>\r\n\t\t\n\r\n\t\t\t\t<\/div>\r\n\t\t\t<\/div>\r\n\t\t","protected":false},"excerpt":{"rendered":"<p>Traducido con AI<\/p>\n","protected":false},"author":6,"featured_media":0,"parent":0,"menu_order":0,"comment_status":"closed","ping_status":"closed","template":"","meta":{"_acf_changed":false,"footnotes":""},"class_list":["post-2205","page","type-page","status-publish","hentry"],"acf":[],"_links":{"self":[{"href":"https:\/\/wpml.enneagraminstitute.com\/es\/wp-json\/wp\/v2\/pages\/2205","targetHints":{"allow":["GET"]}}],"collection":[{"href":"https:\/\/wpml.enneagraminstitute.com\/es\/wp-json\/wp\/v2\/pages"}],"about":[{"href":"https:\/\/wpml.enneagraminstitute.com\/es\/wp-json\/wp\/v2\/types\/page"}],"author":[{"embeddable":true,"href":"https:\/\/wpml.enneagraminstitute.com\/es\/wp-json\/wp\/v2\/users\/6"}],"replies":[{"embeddable":true,"href":"https:\/\/wpml.enneagraminstitute.com\/es\/wp-json\/wp\/v2\/comments?post=2205"}],"version-history":[{"count":4,"href":"https:\/\/wpml.enneagraminstitute.com\/es\/wp-json\/wp\/v2\/pages\/2205\/revisions"}],"predecessor-version":[{"id":2891,"href":"https:\/\/wpml.enneagraminstitute.com\/es\/wp-json\/wp\/v2\/pages\/2205\/revisions\/2891"}],"wp:attachment":[{"href":"https:\/\/wpml.enneagraminstitute.com\/es\/wp-json\/wp\/v2\/media?parent=2205"}],"curies":[{"name":"wp","href":"https:\/\/api.w.org\/{rel}","templated":true}]}}