{"id":2196,"date":"2024-01-11T20:34:04","date_gmt":"2024-01-11T20:34:04","guid":{"rendered":"https:\/\/wpml.enneagraminstitute.com\/relacion-tipo-5-con-tipo-5\/"},"modified":"2025-03-04T16:38:31","modified_gmt":"2025-03-04T16:38:31","slug":"relacion-tipo-5-con-tipo-5","status":"publish","type":"page","link":"https:\/\/wpml.enneagraminstitute.com\/es\/relacion-tipo-5-con-tipo-5\/","title":{"rendered":"Relaci\u00f3n Tipo 5 con Tipo 5"},"content":{"rendered":"<h3 style=\"text-align:center\"> Traducido con AI<\/h3>\r\n\t\t\t<div class='container single-content-layout-layout-block'>\r\n\t\t\t\t<div class='row'>\r\n\t\t\t\t\t\n\r\n\t\t\t<div class='column-block col-12 col-md-10 col-lg-8 offset-lg-1'>\r\n\t\t\t\t\n\n<h1 class=\"wp-block-heading\" id=\"h-enneagram-type-five-the-investigator-with-enneagram-type-five-the-investigator\">Eneagrama Tipo Cinco (el Investigador)<br\/><em>con<\/em><br\/>Eneagrama Tipo Cinco (el Investigador)<\/h1>\n\n\n\n<hr class=\"wp-block-separator has-alpha-channel-opacity\"\/>\n\n\n\n<h2 class=\"wp-block-heading\" id=\"h-what-each-type-brings-to-the-relationship\">Lo que cada tipo aporta a la relaci\u00f3n<\/h2>\n\n\n\n<p>Como ocurre con todas las relaciones de doble tipo, dos Cincos del Eneagrama generalmente aportan las mismas cualidades el uno al otro. En esto radica tanto una fuente principal de atracci\u00f3n como uno de los principales escollos. Por consiguiente, el Nivel de salud de cada persona es especialmente importante para estos tipos de relaciones, al igual que sus instintos dominantes. Para un Cinco, otro Cinco es pr\u00e1cticamente su idea del compa\u00f1ero perfecto: bien informado, intelectualmente estimulante, independiente, imaginativo, tranquilo (a menos que se trate de temas de inter\u00e9s mutuo), orientado a los hechos (en contraposici\u00f3n a ser completamente emocional y subjetivo), no intrusivo y siempre dispuesto a un buen debate o una buena pel\u00edcula. Dado que no desean ser controlados de ninguna manera, ni siquiera que las personas sepan demasiado sobre ellos, los Cincos se otorgan mutuamente una gran cantidad de espacio personal y emocional. Pueden pasar semanas o incluso meses antes de que ambos vean el interior de los hogares del otro. Valoran el tacto y nunca pondr\u00edan a nadie conscientemente en una situaci\u00f3n comprometida por informaci\u00f3n personal ni har\u00edan demandas personales a nadie por favores. La distancia, el respeto, la cortes\u00eda, los l\u00edmites bien definidos, pocas exigencias (y ninguna expectativa) son caracter\u00edsticas distintivas de una pareja de dos Cincos. Por supuesto, los Cincos pueden sentir curiosidad el uno por el otro y por sus vidas privadas, pero existe una gran reticencia a tomar la iniciativa cuando se trata de asuntos personales.        <\/p>\n\n\n\n<p>Algunos Cincos son m\u00e1s sociables, pero su experiencia es algo similar al apareamiento de animales t\u00edmidos y espinosos: a menos que el otro encuentre una manera de retener al Cinco, este pronto se aleja nuevamente. Dos Cincos, como pareja, deben aprender r\u00e1pidamente c\u00f3mo equilibrar la independencia que requieren con el grado de intimidad, compartir personal y autodivulgaci\u00f3n necesarios para establecer una relaci\u00f3n significativa. En la mayor\u00eda de los casos, esto lleva tiempo, aunque una vez que los Cincos han encontrado a alguien con quien se sienten c\u00f3modos, pueden apegarse r\u00e1pidamente (aunque a\u00fan en secreto). Largos silencios y pausas son puntuados por intensos estallidos de comunicaci\u00f3n. El encuentro de mentes no tiene que estar lleno de palabras.    <\/p>\n\n\n\n<hr class=\"wp-block-separator has-alpha-channel-opacity\"\/>\n\n\n\n<h2 class=\"wp-block-heading\" id=\"h-potential-trouble-spots-or-issues\">Potenciales puntos problem\u00e1ticos o conflictos<\/h2>\n\n\n\n<p>La pareja de dos Cincos puede sufrir de una excesiva intelectualizaci\u00f3n de su relaci\u00f3n, abord\u00e1ndose mutuamente de manera anal\u00edtica en lugar de como alguien con quien sentir o identificarse de una manera m\u00e1s emocional y subjetiva. Tambi\u00e9n tienden a compartimentar su vida en com\u00fan (al igual que lo hacen con sus propias vidas), trazando l\u00edmites alrededor de tu mundo y mi mundo. Ambas partes pueden comenzar a volverse reservadas y a llevar una especie de doble vida, reteniendo conscientemente informaci\u00f3n sobre s\u00ed mismos y sus actividades del otro por temor a ser absorbidos por ellos, y por una resistencia arraigada a compartirse o fusionarse con alguien. Las parejas de dos Cincos tambi\u00e9n pueden volverse argumentativas y competitivas, cayendo en un patr\u00f3n de discusiones intelectuales sobre puntos finos y detalles (en \u00faltima instancia triviales). Pero dado que la destreza intelectual es tan altamente valorada en los Cincos, puede haber una o m\u00e1s \u00e1reas en las que la competitividad y la ostentaci\u00f3n intelectual a expensas del otro comiencen a tener lugar.    <\/p>\n\n\n\n<p>El principal problema para la mayor\u00eda de las parejas de dos Cincos es la excesiva distancia emocional y la reticencia a expresarse, lo cual puede erosionar la intimidad. Cada uno se vuelve demasiado privado y corre el riesgo de aislarse del otro. Pueden deteriorarse hasta convertirse en una asociaci\u00f3n profesional conectada por el respeto a la competencia y otras cualidades positivas del otro, pero cualquier conexi\u00f3n emocional puede eventualmente perderse, si es que alguna vez se estableci\u00f3 en primer lugar. Una especie de sequedad e indiferencia sobre la posibilidad de encontrar una relaci\u00f3n satisfactoria los invade, y eventualmente incluso un corte final de todo deseo de tal cosa. Los Cincos pueden distanciarse, sumergi\u00e9ndose cada vez m\u00e1s profundamente en su trabajo o sus pasatiempos intelectuales mientras a\u00fan viven juntos. Con el tiempo, ambos Cincos viven sin ninguna esperanza o expectativa de que el otro pueda llegar a ellos, o de que ellos mismos deseen salir de su propio caparaz\u00f3n distanciado. Parejas como esta pueden deteriorarse hasta convertirse en reclusos exc\u00e9ntricos, aislados de s\u00ed mismos y del mundo que los rodea.      <\/p>\n\n\n\n<p>For further understanding about this type combination, read more about the\u00a0<a href=\"\/how-the-enneagram-system-works\">Stress Arrow<\/a>\u00a0and how type\u00a0<a href=\"https:\/\/wpml.enneagraminstitute.com\/type-5\/\">Fives<\/a> behave when they are moving along it.<\/p>\n\n\r\n\t\t\t<\/div>\r\n\t\t\n\r\n\t\t\t\t<\/div>\r\n\t\t\t<\/div>\r\n\t\t","protected":false},"excerpt":{"rendered":"<p>Traducido con AI<\/p>\n","protected":false},"author":6,"featured_media":0,"parent":0,"menu_order":0,"comment_status":"closed","ping_status":"closed","template":"","meta":{"_acf_changed":false,"footnotes":""},"class_list":["post-2196","page","type-page","status-publish","hentry"],"acf":[],"_links":{"self":[{"href":"https:\/\/wpml.enneagraminstitute.com\/es\/wp-json\/wp\/v2\/pages\/2196","targetHints":{"allow":["GET"]}}],"collection":[{"href":"https:\/\/wpml.enneagraminstitute.com\/es\/wp-json\/wp\/v2\/pages"}],"about":[{"href":"https:\/\/wpml.enneagraminstitute.com\/es\/wp-json\/wp\/v2\/types\/page"}],"author":[{"embeddable":true,"href":"https:\/\/wpml.enneagraminstitute.com\/es\/wp-json\/wp\/v2\/users\/6"}],"replies":[{"embeddable":true,"href":"https:\/\/wpml.enneagraminstitute.com\/es\/wp-json\/wp\/v2\/comments?post=2196"}],"version-history":[{"count":5,"href":"https:\/\/wpml.enneagraminstitute.com\/es\/wp-json\/wp\/v2\/pages\/2196\/revisions"}],"predecessor-version":[{"id":2896,"href":"https:\/\/wpml.enneagraminstitute.com\/es\/wp-json\/wp\/v2\/pages\/2196\/revisions\/2896"}],"wp:attachment":[{"href":"https:\/\/wpml.enneagraminstitute.com\/es\/wp-json\/wp\/v2\/media?parent=2196"}],"curies":[{"name":"wp","href":"https:\/\/api.w.org\/{rel}","templated":true}]}}