{"id":2194,"date":"2024-01-11T20:34:04","date_gmt":"2024-01-11T20:34:04","guid":{"rendered":"https:\/\/wpml.enneagraminstitute.com\/identificacion-erronea-de-4-y-7\/"},"modified":"2025-03-04T16:38:31","modified_gmt":"2025-03-04T16:38:31","slug":"identificacion-erronea-de-4-y-7","status":"publish","type":"page","link":"https:\/\/wpml.enneagraminstitute.com\/es\/identificacion-erronea-de-4-y-7\/","title":{"rendered":"Identificaci\u00f3n err\u00f3nea de 4 y 7"},"content":{"rendered":"<h3 style=\"text-align:center\"> Traducido con AI<\/h3>\r\n\t\t\t<div class='container single-content-layout-layout-block'>\r\n\t\t\t\t<div class='row'>\r\n\t\t\t\t\t\n\r\n\t\t\t<div class='column-block col-12 col-md-10 col-lg-8 offset-lg-1'>\r\n\t\t\t\t\n\n<h1 class=\"wp-block-heading\">Identificaci\u00f3n err\u00f3nea de Cuatros y Sietes<\/h1>\n\n\n\n<hr class=\"wp-block-separator has-alpha-channel-opacity\"\/>\n\n\n\n<p>Los Cuatros y los Sietes son sumamente diferentes, y exceptuando una similitud superficial en el Nivel 6 de ambos tipos, resultar\u00eda dif\u00edcil comprender c\u00f3mo alguien familiarizado con ambos podr\u00eda confundirlos por un periodo prolongado.<\/p>\n\n\n\n<p>No obstante, parece que la base para confundirlos radica en que ambos tipos tienden a ser excesivos: los Sietes llegan a extremos en el mundo material externo con la prodigalidad y cantidad de posesiones y experiencias que adquieren. Sumamente materialistas, los Sietes tienden a volverse hastiados y endurecidos, insensibles y exigentes, ego\u00edstas e indiferentes hacia los dem\u00e1s. En el Nivel 6, los hemos caracterizado como El Materialista Excesivo.  <\/p>\n\n\n\n<p>Los Cuatros en el mismo Nivel (El Esteta Autoindulgente) tambi\u00e9n son excesivos y llegan a extremos, aunque se trata de extremos emocionales. Emocionalmente autoindulgentes, los Cuatros promedio buscan la gran descarga emocional en sus vidas de fantas\u00eda, permiti\u00e9ndose sentir e imaginar cualquier cosa, sin importar cu\u00e1n irrealista o emocionalmente debilitante pueda ser en \u00faltima instancia. Se regodean en sus sentimientos y fantas\u00edas, exprimiendo el \u00faltimo aliento de vida de estos para reforzar su sentido del yo. As\u00ed, las autoindulgencias del Cuatro son m\u00e1s internas y privadas, centradas en el mundo emocional que habitan. Externamente, su exceso emocional se expresa en una creciente preciosidad e impracticidad, una decadencia y sensualidad ef\u00edmera y excesivamente madura que constituye el principal punto de similitud entre los dos tipos. Mientras que ambos tipos pueden volverse decadentes y sensuales, los Sietes lo hacen para disiparse y as\u00ed huir de la ansiedad. En contraste, los Cuatros abrazan la sensualidad, deleit\u00e1ndose en el sexo, la bebida o las drogas para intensificar sus emociones y adormecer el dolor de su autoconciencia.      <\/p>\n\n\n\n<p>Ambos tipos comparten un amor por las cosas finas y costosas, aunque aqu\u00ed tambi\u00e9n hay diferencias. Los Cuatros se conforman con menos objetos materiales, apreciando los objetos bellos por el bien de su belleza y los sentimientos que esta belleza despierta en ellos. Una piedra recogida en la playa o una ramita con un solo capullo puede avivar sus sentimientos est\u00e9ticos y satisfacerlos. En contraste, mientras que los Sietes promedio desean poseer objetos hermosos, se vuelven cada vez m\u00e1s despreciativos e insensibles a la belleza o valor de esos objetos. Se vuelven adquisitivos no porque disfruten las cosas por s\u00ed mismas, sino porque poseer cosas proporciona una sensaci\u00f3n de seguridad. Y a\u00fan m\u00e1s fundamentalmente, lo que excita a los Sietes es la estimulaci\u00f3n que sienten cuando desean algo nuevo. La estimulaci\u00f3n de sus apetitos refuerza su sentido del yo, aunque una vez que realmente han adquirido lo que desean, generalmente pierden inter\u00e9s en la adquisici\u00f3n. El par de zapatos por los que estaban \u201cmuriendo\u201d se une a los estantes con docenas de otros; el abrigo de piel por el que estaban babeando durante semanas de repente se convierte en \u201cesa cosa vieja\u201d mientras dirigen su atenci\u00f3n a adquirir algo m\u00e1s. En resumen, los Sietes promedio tienden a ser materialistas adquisitivos, mientras que los Cuatros promedio tienden a ser estetas l\u00e1nguidos: tipos muy diferentes. Compare los estilos de Bob Dylan (un Cuatro) y de Elton John (un Siete) y los de Ingmar Bergman (un Cuatro) con Steven Spielberg (un Siete) para comprender la diferencia.         <\/p>\n\n\r\n\t\t\t<\/div>\r\n\t\t\n\r\n\t\t\t\t<\/div>\r\n\t\t\t<\/div>\r\n\t\t","protected":false},"excerpt":{"rendered":"<p>Traducido con AI<\/p>\n","protected":false},"author":6,"featured_media":0,"parent":0,"menu_order":0,"comment_status":"closed","ping_status":"closed","template":"","meta":{"_acf_changed":false,"footnotes":""},"class_list":["post-2194","page","type-page","status-publish","hentry"],"acf":[],"_links":{"self":[{"href":"https:\/\/wpml.enneagraminstitute.com\/es\/wp-json\/wp\/v2\/pages\/2194","targetHints":{"allow":["GET"]}}],"collection":[{"href":"https:\/\/wpml.enneagraminstitute.com\/es\/wp-json\/wp\/v2\/pages"}],"about":[{"href":"https:\/\/wpml.enneagraminstitute.com\/es\/wp-json\/wp\/v2\/types\/page"}],"author":[{"embeddable":true,"href":"https:\/\/wpml.enneagraminstitute.com\/es\/wp-json\/wp\/v2\/users\/6"}],"replies":[{"embeddable":true,"href":"https:\/\/wpml.enneagraminstitute.com\/es\/wp-json\/wp\/v2\/comments?post=2194"}],"version-history":[{"count":4,"href":"https:\/\/wpml.enneagraminstitute.com\/es\/wp-json\/wp\/v2\/pages\/2194\/revisions"}],"predecessor-version":[{"id":2897,"href":"https:\/\/wpml.enneagraminstitute.com\/es\/wp-json\/wp\/v2\/pages\/2194\/revisions\/2897"}],"wp:attachment":[{"href":"https:\/\/wpml.enneagraminstitute.com\/es\/wp-json\/wp\/v2\/media?parent=2194"}],"curies":[{"name":"wp","href":"https:\/\/api.w.org\/{rel}","templated":true}]}}