{"id":2191,"date":"2024-01-11T20:34:04","date_gmt":"2024-01-11T20:34:04","guid":{"rendered":"https:\/\/wpml.enneagraminstitute.com\/identificacion-erronea-de-1-y-7\/"},"modified":"2025-03-04T16:38:31","modified_gmt":"2025-03-04T16:38:31","slug":"identificacion-erronea-de-1-y-7","status":"publish","type":"page","link":"https:\/\/wpml.enneagraminstitute.com\/es\/identificacion-erronea-de-1-y-7\/","title":{"rendered":"Identificaci\u00f3n err\u00f3nea de 1 y 7"},"content":{"rendered":"<h3 style=\"text-align:center\"> Traducido con AI<\/h3>\r\n\t\t\t<div class='container single-content-layout-layout-block'>\r\n\t\t\t\t<div class='row'>\r\n\t\t\t\t\t\n\r\n\t\t\t<div class='column-block col-12 col-md-10 col-lg-8 offset-lg-1'>\r\n\t\t\t\t\n\n<h1 class=\"wp-block-heading\">Identificaci\u00f3n err\u00f3nea de los Unos y los Sietes<\/h1>\n\n\n\n<hr class=\"wp-block-separator has-alpha-channel-opacity\"\/>\n\n\n\n<p>Es improbable que los Unos se identifiquen err\u00f3neamente como Sietes, pero los Sietes ocasionalmente se identifican err\u00f3neamente como Unos. Los Sietes que han estado bajo estr\u00e9s durante per\u00edodos prolongados pueden notar muchos comportamientos promedio de los Unos, como el perfeccionismo y la necesidad de orden, y concluir que deben ser Unos. Aunque estos rasgos pueden surgir en ciertas circunstancias extremas, una revisi\u00f3n r\u00e1pida de la vida del Siete generalmente revelar\u00e1 que el autocontrol r\u00edgido, la cr\u00edtica interna severa y la represi\u00f3n de impulsos no son sus problemas dominantes.  <\/p>\n\n\n\n<p>Otra fuente de confusi\u00f3n es el idealismo compartido y el sentido de \u201cmisi\u00f3n\u201d de los dos tipos. Ambos tipos mantienen altos ideales sobre el mundo y los seres humanos, pero los expresan de maneras notablemente diferentes. Los Sietes suelen ser muy optimistas sobre el futuro y sobre que las cosas resultar\u00e1n positivamente. Los Unos lo son mucho menos: mantienen altos est\u00e1ndares y <em>esperan<\/em> sentirse decepcionados por las personas y por el mundo. Los Unos est\u00e1n bastante seguros de que conocen su \u201cmisi\u00f3n\u201d, mientras que para los Sietes, es m\u00e1s una sensaci\u00f3n. En los Sietes, la incertidumbre sobre la naturaleza de su misi\u00f3n crea una gran ansiedad subyacente. (\u201c\u00bfY si pierdo mi oportunidad?\u201d) Los Sietes tambi\u00e9n pueden pensar que son Unos porque se ven a s\u00ed mismos como \u201cperfeccionistas,\u201d pero su estilo de perfeccionismo es muy diferente. El perfeccionismo de los Unos \u201clos impulsa a reprocharse durante d\u00edas por haber colocado mal una coma en un informe de cien p\u00e1ginas por lo dem\u00e1s excelente. El\u201d \u201cperfeccionismo\u201d de los Sietes puede llevarlos a frustrarse porque la ensalada de mariscos que pidieron en un restaurante no era exactamente como la quer\u00edan.         <\/p>\n\n\n\n<p>Los dos tipos son bastante diferentes en varios otros aspectos. Los Sietes son espont\u00e1neos y aventureros: les gusta tener la libertad de cambiar planes y seguir su inspiraci\u00f3n. Los Unos se frustran cuando se cambian los planes y generalmente no les gusta desviarse de las cuidadosas preparaciones que han realizado. Los Sietes suelen ser socialmente desinhibidos, los Unos suelen ser muy autoconscientes socialmente. Los Unos son met\u00f3dicos y puntillosos en la gesti\u00f3n del tiempo y en seguir procedimientos eficientes. Los Sietes tienen un sentido del tiempo m\u00e1s fluido y se resisten a \u201cquedar atrapados\u201d en procedimientos. Los Sietes son curiosos y de mente abierta, pero tienden a distraerse y dispersarse. Los Unos son m\u00e1s enfocados y dirigidos, pero pueden ser obstinados y cerrados de mente. Los Sietes est\u00e1n impulsados por la ansiedad; los Unos, por la ira latente, y as\u00ed sucesivamente.        <\/p>\n\n\r\n\t\t\t<\/div>\r\n\t\t\n\r\n\t\t\t\t<\/div>\r\n\t\t\t<\/div>\r\n\t\t","protected":false},"excerpt":{"rendered":"<p>Traducido con AI<\/p>\n","protected":false},"author":6,"featured_media":0,"parent":0,"menu_order":0,"comment_status":"closed","ping_status":"closed","template":"","meta":{"_acf_changed":false,"footnotes":""},"class_list":["post-2191","page","type-page","status-publish","hentry"],"acf":[],"_links":{"self":[{"href":"https:\/\/wpml.enneagraminstitute.com\/es\/wp-json\/wp\/v2\/pages\/2191","targetHints":{"allow":["GET"]}}],"collection":[{"href":"https:\/\/wpml.enneagraminstitute.com\/es\/wp-json\/wp\/v2\/pages"}],"about":[{"href":"https:\/\/wpml.enneagraminstitute.com\/es\/wp-json\/wp\/v2\/types\/page"}],"author":[{"embeddable":true,"href":"https:\/\/wpml.enneagraminstitute.com\/es\/wp-json\/wp\/v2\/users\/6"}],"replies":[{"embeddable":true,"href":"https:\/\/wpml.enneagraminstitute.com\/es\/wp-json\/wp\/v2\/comments?post=2191"}],"version-history":[{"count":4,"href":"https:\/\/wpml.enneagraminstitute.com\/es\/wp-json\/wp\/v2\/pages\/2191\/revisions"}],"predecessor-version":[{"id":2898,"href":"https:\/\/wpml.enneagraminstitute.com\/es\/wp-json\/wp\/v2\/pages\/2191\/revisions\/2898"}],"wp:attachment":[{"href":"https:\/\/wpml.enneagraminstitute.com\/es\/wp-json\/wp\/v2\/media?parent=2191"}],"curies":[{"name":"wp","href":"https:\/\/api.w.org\/{rel}","templated":true}]}}