{"id":2182,"date":"2024-01-11T20:34:04","date_gmt":"2024-01-11T20:34:04","guid":{"rendered":"https:\/\/wpml.enneagraminstitute.com\/eneagrama-tipo-3-el-triunfador\/"},"modified":"2025-03-04T16:38:33","modified_gmt":"2025-03-04T16:38:33","slug":"eneagrama-tipo-3-el-triunfador","status":"publish","type":"page","link":"https:\/\/wpml.enneagraminstitute.com\/es\/eneagrama-tipo-3-el-triunfador\/","title":{"rendered":"Eneagrama Tipo 3: El Triunfador"},"content":{"rendered":"<h3 style=\"text-align:center\"> Traducido con AI<\/h3>\r\n\t\t\t<div class='container single-content-layout-layout-block'>\r\n\t\t\t\t<div class='row'>\r\n\t\t\t\t\t\n\r\n\t\t\t<div class='column-block col-12 col-md-10 col-lg-8 offset-lg-1'>\r\n\t\t\t\t\n\n<h1 class=\"wp-block-heading\" id=\"h-enneagram-type-3-the-achiever\">Eneagrama Tipo 3: EL TRIUNFADOR<br\/><\/h1>\n\n\n\n<p>El Tipo Orientado al \u00c9xito y Pragm\u00e1tico:<br\/>Adaptable, Sobresaliente, Motivado y Consciente de su Imagen<\/p>\n\n\n<div class=\"wp-block-image\">\n<figure class=\"aligncenter size-full\" id=\"yui_3_17_2_1_1705612214624_87\"><img loading=\"lazy\" decoding=\"async\" width=\"300\" height=\"192\" src=\"https:\/\/wpml.enneagraminstitute.com\/wp-content\/uploads\/2025\/08\/46_image-asset.png\" alt=\"Eneagrama Tipo 3\" class=\"wp-image-1850\"\/><\/figure>\n<\/div>\n\n\n<hr class=\"wp-block-separator has-alpha-channel-opacity\"\/>\n\n\n\n<h2 class=\"wp-block-heading\" id=\"h-enneagram-type-3-in-brief\">Eneagrama Tipo 3 en Breve<\/h2>\n\n\n\n<p>Los Tres son seguros de s\u00ed mismos, atractivos y encantadores. Ambiciosos, competentes y en\u00e9rgicos, tambi\u00e9n pueden ser conscientes del estatus y altamente motivados para el progreso. Son diplom\u00e1ticos y serenos, pero tambi\u00e9n pueden estar excesivamente preocupados por su imagen y por lo que los dem\u00e1s piensan de ellos. T\u00edpicamente tienen problemas con la adicci\u00f3n al trabajo y la competitividad. <em>En su Mejor Momento<\/em>: se aceptan a s\u00ed mismos, son aut\u00e9nticos, todo lo que parecen ser\u2014modelos a seguir que inspiran a otros.   <\/p>\n\n\n\n<ul class=\"wp-block-list\">\n<li><strong>Temor B\u00e1sico:<\/strong> Ser in\u00fatiles<\/li>\n\n\n\n<li><strong>Deseo B\u00e1sico:<\/strong> Sentirse valiosos y dignos<\/li>\n\n\n\n<li><strong>Eneagrama Tres con Ala Dos:<\/strong> \u201cEl Encantador\u201d<\/li>\n\n\n\n<li><strong>Eneagrama Tres con Ala Cuatro:<\/strong> \u201cEl Profesional\u201d<\/li>\n<\/ul>\n\n\n\n<p><strong>Motivaciones Clave:<\/strong> Desean ser afirmados, distinguirse de los dem\u00e1s, recibir atenci\u00f3n, ser admirados e impresionar a otros.<\/p>\n\n\n\n<h3 class=\"wp-block-heading\" id=\"h-the-meaning-of-the-arrows-in-brief\">El Significado de las Flechas (en breve)<\/h3>\n\n\n\n<p>Cuando se mueven en su Direcci\u00f3n de Desintegraci\u00f3n (estr\u00e9s), los Tres motivados repentinamente se vuelven desconectados y ap\u00e1ticos como el <a href=\"https:\/\/wpml.enneagraminstitute.com\/es\/eneagrama-tipo-9-el-pacificador\/\">Nueve<\/a>. Sin embargo, cuando se mueven en su Direcci\u00f3n de Integraci\u00f3n (crecimiento), los Tres vanidosos y enga\u00f1osos se vuelven m\u00e1s cooperativos y comprometidos con los dem\u00e1s, como los <a href=\"https:\/\/wpml.enneagraminstitute.com\/es\/eneagrama-tipo-6-el-lealista\/\">Seis<\/a> saludables. <a href=\"https:\/\/wpml.enneagraminstitute.com\/es\/como-funciona-el-sistema-del-eneagrama\/\">Aprenda m\u00e1s sobre las flechas<\/a>.  <\/p>\n\n\n\n<p><strong>Ejemplos:<\/strong> Augusto C\u00e9sar, Emperador Constantino, Bill Clinton, Tony Blair, Pr\u00edncipe William, Condoleezza Rice, Arnold Schwarzenegger, Carl Lewis, Muhammad Ali, John Edwards, Mitt Romney, Bill Wilson (Fundador de AA), Andy Warhol, Truman Capote, Werner Erhard, Oprah Winfrey, Deepak Chopra, Tony Robbins, Bernie Madoff, Bryant Gumbel, Michael Jordan, O.J. Simpson, Tiger Woods, Lance Armstrong, Elvis Presley, Paul McCartney, Madonna, Sting, Whitney Houston, Jon Bon Jovi, Lady Gaga, Taylor Swift, Justin Bieber, Brooke Shields, Cindy Crawford, Tom Cruise, Barbra Streisand, Ben Kingsley, Jamie Foxx, Richard Gere, Ken Watanabe, Will Smith, Courteney Cox, Demi Moore, Kevin Spacey, Reese Witherspoon, Anne Hathaway, Chef Daniel Boulud, Dick Clark, Ryan Seacrest, Cat Deeley, \u201cDon Draper\u201d de Mad Men, \u201cRachel Berry\u201d de Glee<\/p>\n\n\n\n<h2 class=\"wp-block-heading\" id=\"h-enneagram-type-3-overview\">Visi\u00f3n General del Eneagrama Tipo 3<\/h2>\n\n\n\n<p>Hemos denominado al tipo de personalidad Tres <em>El Triunfador<\/em> porque cuando est\u00e1n saludables, los Tres realmente pueden y logran grandes cosas en el mundo. Son las \u00abestrellas\u00bb de la naturaleza humana, y las personas a menudo los admiran por su gracia y logros personales. Los Tres saludables saben lo bien que se siente desarrollarse y contribuir con sus habilidades al mundo, y tambi\u00e9n disfrutan motivando a otros a alcanzar mayores logros personales de los que cre\u00edan posibles. Generalmente son bien considerados y populares entre sus pares, el tipo de persona que frecuentemente es elegida como \u00abpresidente de la clase\u00bb o \u00abreina del baile\u00bb porque la gente siente que quiere asociarse con este tipo de persona que act\u00faa como un representante de ellos. Los Tres saludables encarnan lo mejor de una cultura, y otros pueden ver sus esperanzas y sue\u00f1os reflejados en ellos.    <\/p>\n\n\n\n<p>Los Tres a menudo tienen \u00e9xito y son bien queridos porque, de todos los tipos, son los que m\u00e1s creen en s\u00ed mismos y en desarrollar sus talentos y capacidades. Los Tres act\u00faan como \u201cmodelos a seguir\u201d y paradigmas vivientes debido a su extraordinaria encarnaci\u00f3n de cualidades socialmente valoradas. Los Tres saludables saben que valen el esfuerzo que se requiere para ser \u201clo mejor que pueden ser.\u201d Su \u00e9xito al hacerlo inspira a otros a invertir en su propio autodesarrollo.   <\/p>\n\n\n\n<p>Los Tres quieren asegurarse de que sus vidas sean un \u00e9xito, como sea que esto sea definido por su familia, su cultura y su esfera social. En algunas familias, el \u00e9xito significa tener mucho dinero, una gran casa, un autom\u00f3vil nuevo y costoso, y otros s\u00edmbolos de estatus. Otros valoran las ideas, y el \u00e9xito para ellos significa distinguirse en los mundos acad\u00e9micos o cient\u00edficos. El \u00e9xito en otros c\u00edrculos podr\u00eda significar hacerse famoso como actor, modelo, escritor o como una figura p\u00fablica de alg\u00fan tipo, quiz\u00e1s como pol\u00edtico. Una familia religiosa podr\u00eda alentar a un hijo a convertirse en ministro, sacerdote o rabino, ya que estas profesiones tienen estatus en su comunidad y a los ojos de la familia. No importa c\u00f3mo se defina el \u00e9xito, los Tres intentar\u00e1n convertirse en alguien notable en su familia y su comunidad. No ser\u00e1n \u201cun don nadie.\u201d      <\/p>\n\n\n\n<p>Con este fin, los Tres aprenden a desempe\u00f1arse de manera que les granjeen elogios y atenci\u00f3n positiva. En su infancia, aprendieron a reconocer las actividades que eran valoradas por sus progenitores o pares, y concentraron sus energ\u00edas en destacar en dichas actividades. Los Tres tambi\u00e9n aprendieron a cultivar y desarrollar todo aquello que en ellos resulta atractivo o potencialmente impresionante.  <\/p>\n\n\n\n<p>Eve es una exitosa mujer de negocios:<\/p>\n\n\n\n<blockquote class=\"wp-block-quote is-layout-flow wp-block-quote-is-layout-flow\">\n<p>\u00abMi madre me adiestr\u00f3 para actuar. Ten\u00eda aproximadamente tres a\u00f1os cuando realic\u00e9 mi primer solo frente a la congregaci\u00f3n de la iglesia. Recib\u00ed numerosos est\u00edmulos positivos por ello y continu\u00e9 actuando frente a audiencias durante toda la secundaria, ya fuera a trav\u00e9s de la m\u00fasica o el debate. Hasta el d\u00eda de hoy, algo m\u00edstico me sucede cuando me encuentro frente a una audiencia. \u201cMe transformo.\u201d Se me solicita con frecuencia como oradora p\u00fablica y algunos de mis colegas profesionales afirman que detestan seguirme en el programa porque soy un acto dif\u00edcil de superar.\u00bb<\/p>\n<\/blockquote>\n\n\n\n<p>Toda persona necesita atenci\u00f3n, aliento y la afirmaci\u00f3n de su valor para prosperar, y los Tres son el tipo que mejor ejemplifica esta necesidad humana universal. Los Tres anhelan el \u00e9xito no tanto por las cosas que este puede comprar (como los Siete), ni por el poder y la sensaci\u00f3n de independencia que conlleva (como los Ocho). Desean el \u00e9xito porque temen desaparecer en un abismo de vac\u00edo y falta de val\u00eda: sin la mayor atenci\u00f3n y sensaci\u00f3n de logro que el \u00e9xito generalmente trae consigo, los Tres temen no ser nadie y carecer de valor.  <\/p>\n\n\n\n<p>El problema radica en que, en la precipitada carrera por alcanzar aquello que creen que los har\u00e1 m\u00e1s valiosos, los Tres pueden llegar a alienarse tanto de s\u00ed mismos que ya no saben lo que verdaderamente desean, ni cu\u00e1les son sus aut\u00e9nticos sentimientos o intereses. En este estado, se convierten en presa f\u00e1cil del autoenga\u00f1o, el enga\u00f1o y la falsedad de todo tipo. Por lo tanto, el problema m\u00e1s profundo es que su b\u00fasqueda de una forma de ser valiosos los aleja cada vez m\u00e1s de su Ser Esencial, con su n\u00facleo de valor real. Desde sus primeros a\u00f1os, a medida que los Tres se vuelven dependientes de recibir atenci\u00f3n de los dem\u00e1s y de perseguir los valores que otros recompensan, gradualmente pierden el contacto consigo mismos. Paso a paso, su propio n\u00facleo interno, su \u201cdeseo del coraz\u00f3n,\u201d queda atr\u00e1s hasta que ya no lo reconocen.    <\/p>\n\n\n\n<p>As\u00ed, si bien son el tipo primario en el Centro del Sentimiento, los Tres, curiosamente, no son conocidos como personas \u201csentimentales\u201d; m\u00e1s bien, son personas de acci\u00f3n y logro. Es como si \u201cguardaran sus sentimientos en una caja\u201d para poder avanzar con lo que desean alcanzar. Los Tres han llegado a creer que las emociones obstaculizan su desempe\u00f1o, por lo que sustituyen el sentir por el pensar y la acci\u00f3n pr\u00e1ctica.  <\/p>\n\n\n\n<p>Jarvis es un profesional de negocios bien educado y exitoso; \u00e9l observa que este patr\u00f3n se desarroll\u00f3 en \u00e9l desde una edad temprana.<\/p>\n\n\n\n<blockquote class=\"wp-block-quote is-layout-flow wp-block-quote-is-layout-flow\">\n<p>\u201cNo ten\u00eda conciencia de esto en ese momento, pero cuando era ni\u00f1o, no se me permit\u00eda tener mis sentimientos en absoluto. No contaban para nada en el marco del concepto de mi padrastro sobre lo que se necesitaba para tener \u00e9xito. Desarroll\u00e9 el h\u00e1bito de negar mis sentimientos y, en su lugar, me enfoqu\u00e9 en desempe\u00f1arme y obtener buenas calificaciones en la escuela.\u201d<\/p>\n<\/blockquote>\n\n\n\n<p>Los Tres informan que cuando se dan cuenta hasta qu\u00e9 punto han adaptado sus vidas a las expectativas de los dem\u00e1s, surge la pregunta: \u201cBien, entonces, \u00bfqu\u00e9 es lo que yo deseo?\u201d A menudo simplemente no lo sab\u00edan; era una cuesti\u00f3n que nunca antes se hab\u00eda planteado. As\u00ed, el dilema fundamental de los Tres es que no se les ha permitido ser quienes realmente son y manifestar sus propias cualidades aut\u00e9nticas. A una edad temprana, recibieron el mensaje de que no se les permit\u00eda tener sentimientos y ser ellos mismos: deb\u00edan, en efecto, ser alguien m\u00e1s para ser aceptados. En cierta medida, a todos los tipos de personalidad se les ha enviado el mismo mensaje, pero debido a sus antecedentes y composici\u00f3n particulares, los Tres no solo lo escucharon, sino que comenzaron a vivir seg\u00fan \u00e9l. La atenci\u00f3n que recib\u00edan al desempe\u00f1arse de cierta manera era su ox\u00edgeno, y lo necesitaban para respirar. Desafortunadamente, esto ten\u00eda un alto precio.      <\/p>\n\n\n\n<p>Marie, una terapeuta h\u00e1bil, describe la contradicci\u00f3n \u2014y la presi\u00f3n\u2014 de esta orientaci\u00f3n.<\/p>\n\n\n\n<blockquote class=\"wp-block-quote is-layout-flow wp-block-quote-is-layout-flow\">\n<p>\u201cDurante la mayor parte de mi vida, las personas siempre notaban cuando yo estaba involucrada en cualquier tipo de actividad, y generalmente buscaban en m\u00ed alg\u00fan tipo de direcci\u00f3n. Esto ha sido una espada de doble filo porque, si bien deseaba ser notada y aprobada, la carga era que ten\u00eda que ser perfecta \u2014y eso era dif\u00edcil.\u201d<\/p>\n<\/blockquote>\n\n\n\n<p>(de <a href=\"\/store\"><em>La Sabidur\u00eda del Eneagrama<\/em><\/a>, p. 153-155)<\/p>\n\n\n\n<hr class=\"wp-block-separator has-alpha-channel-opacity\"\/>\n\n\n\n<h2 class=\"wp-block-heading\" id=\"h-type-three-levels-of-development\">Tipo Tres\u2014Niveles de Desarrollo<\/h2>\n\n\n\n<p><strong>Niveles Saludables<\/strong><\/p>\n\n\n\n<p><strong>Nivel 1 (En su mejor momento):<\/strong> Auto-aceptaci\u00f3n, autodirecci\u00f3n y autenticidad, son todo lo que aparentan ser. Modestos y caritativos, surge un humor autodeprecativo y una plenitud de coraz\u00f3n. Amables y benevolentes.  <\/p>\n\n\n\n<p><strong>Nivel 2:<\/strong> Seguros de s\u00ed mismos, en\u00e9rgicos y competentes con alta autoestima: creen en s\u00ed mismos y en su propio valor. Adaptables, deseables, encantadores y elegantes. <\/p>\n\n\n\n<p><strong>Nivel 3:<\/strong> Ambiciosos por mejorarse a s\u00ed mismos, por \u201cser lo mejor que pueden ser\u201d\u2014a menudo se convierten en personas sobresalientes, un ideal humano, encarnando cualidades culturales ampliamente admiradas. Altamente eficaces: motivan a otros a ser como ellos de alguna manera positiva. <\/p>\n\n\n\n<p><strong>Niveles Promedio<\/strong><\/p>\n\n\n\n<p><strong>Nivel 4:<\/strong> Muy preocupados por su desempe\u00f1o, realizando bien su trabajo, constantemente impuls\u00e1ndose a s\u00ed mismos para alcanzar metas como si su autoestima dependiera de ello. Aterrorizados por el fracaso. Se comparan con otros en busca de estatus y \u00e9xito. Se convierten en arribistas, escaladores sociales, invirtiendo en la exclusividad y en ser \u201clos mejores\u201d.   <\/p>\n\n\n\n<p><strong>Nivel 5:<\/strong> Se vuelven conscientes de su imagen, muy preocupados por c\u00f3mo son percibidos. Comienzan a empaquetarse seg\u00fan las expectativas de los dem\u00e1s y lo que necesitan hacer para tener \u00e9xito. Pragm\u00e1ticos y eficientes, pero tambi\u00e9n premeditados, perdiendo el contacto con sus propios sentimientos bajo una fachada pulida. Surgen problemas con la intimidad, la credibilidad y la \u201cfalsedad\u201d.   <\/p>\n\n\n\n<p><strong>Nivel 6:<\/strong> Quieren impresionar a otros con su superioridad: constantemente promovi\u00e9ndose a s\u00ed mismos, haci\u00e9ndose sonar mejor de lo que realmente son. Narcisistas, con nociones grandiosas e infladas sobre s\u00ed mismos y sus talentos. Exhibicionistas y seductores, como si dijeran \u201c\u00a1M\u00edrenme!\u201d La arrogancia y el desprecio por los dem\u00e1s es una defensa contra sentir celos de otros y su \u00e9xito.   <\/p>\n\n\n\n<p><strong>Niveles Insalubres<\/strong><\/p>\n\n\n\n<p><strong>Nivel 7:<\/strong> Temiendo el fracaso y la humillaci\u00f3n, pueden ser explotadores y oportunistas, codiciosos del \u00e9xito de otros, y dispuestos a hacer \u201clo que sea necesario\u201d para preservar la ilusi\u00f3n de su superioridad.<\/p>\n\n\n\n<p><strong>Nivel 8:<\/strong> Astutos y enga\u00f1osos para que sus errores y fechor\u00edas no sean expuestos. Indignos de confianza, traicionando o saboteando maliciosamente a las personas para triunfar sobre ellas. Delirantes celos de otros.  <\/p>\n\n\n\n<p><strong>Nivel 9:<\/strong> Se vuelven vengativos, intentando arruinar la felicidad de otros. Implacables, obsesionados con destruir todo lo que les recuerde sus propias deficiencias y fracasos. Comportamiento psicop\u00e1tico. Generalmente corresponde al Trastorno de Personalidad Narcisista.   <\/p>\n\n\n\n<hr class=\"wp-block-separator has-alpha-channel-opacity\"\/>\n\n\n\n<h2 class=\"wp-block-heading\" id=\"h-compatibility-with-other-types\">Compatibilidad con Otros Tipos<\/h2>\n\n\n\n<h3 class=\"wp-block-heading\" id=\"h-type-3-in-relationship-with-type\">Tipo 3 en relaci\u00f3n con el tipo:<\/h3>\n\n\n\n<h3 class=\"wp-block-heading\" id=\"h-1-nbsp-nbsp-nbsp-nbsp-nbsp-2-nbsp-nbsp-nbsp-nbsp-nbsp-3-nbsp-nbsp-nbsp-nbsp-4-nbsp-nbsp-nbsp-nbsp-nbsp-5-nbsp-nbsp-nbsp-nbsp-nbsp-6-nbsp-nbsp-nbsp-nbsp-nbsp-7-nbsp-nbsp-nbsp-nbsp-nbsp-8-nbsp-nbsp-nbsp-nbsp-nbsp-9\"><a href=\"https:\/\/wpml.enneagraminstitute.com\/es\/relacion-entre-el-tipo-1-y-el-tipo-3\/\">1<\/a>     <a href=\"https:\/\/wpml.enneagraminstitute.com\/es\/relacion-tipo-2-con-tipo-3\/\">2<\/a>     <a href=\"https:\/\/wpml.enneagraminstitute.com\/es\/relacion-tipo-3-con-tipo-3\/\">3<\/a>     <a href=\"https:\/\/wpml.enneagraminstitute.com\/es\/relacion-entre-el-tipo-3-y-el-tipo-4\/\">4<\/a>     <a href=\"https:\/\/wpml.enneagraminstitute.com\/es\/relacion-tipo-3-con-tipo-5\/\">5<\/a>     <a href=\"https:\/\/wpml.enneagraminstitute.com\/es\/relacion-entre-el-tipo-3-y-el-tipo-6\/\">6<\/a>     <a href=\"https:\/\/wpml.enneagraminstitute.com\/es\/tipo-de-relacion-3-con-tipo-7\/\">7<\/a>     <a href=\"https:\/\/wpml.enneagraminstitute.com\/es\/tipo-de-relacion-3-con-tipo-8\/\">8<\/a>     <a href=\"https:\/\/wpml.enneagraminstitute.com\/es\/tipo-de-relacion-3-con-tipo-9\/\">9<\/a><\/h3>\n\n\n\n<hr class=\"wp-block-separator has-alpha-channel-opacity\"\/>\n\n\n\n<h2 class=\"wp-block-heading\" id=\"h-misidentification-with-other-types\">Identificaci\u00f3n Err\u00f3nea con Otros Tipos<\/h2>\n\n\n\n<h3 class=\"wp-block-heading\" id=\"h-type-3-compared-with-type\">Tipo 3 comparado con el tipo:<\/h3>\n\n\n\n<h3 class=\"wp-block-heading\" id=\"h-1-nbsp-nbsp-nbsp-nbsp-nbsp-2-nbsp-nbsp-nbsp-nbsp-nbsp-4-nbsp-nbsp-nbsp-nbsp-nbsp-5-nbsp-nbsp-nbsp-nbsp-nbsp-6-nbsp-nbsp-nbsp-nbsp-nbsp-7-nbsp-nbsp-nbsp-nbsp-nbsp-8-nbsp-nbsp-nbsp-nbsp-nbsp-9\"><a href=\"https:\/\/wpml.enneagraminstitute.com\/es\/confundiendo-1-y-3\/\">1<\/a>     <a href=\"https:\/\/wpml.enneagraminstitute.com\/es\/identificacion-erronea-de-2-y-3\/\">2<\/a>     <a href=\"https:\/\/wpml.enneagraminstitute.com\/es\/identificacion-erronea-de-3-y-4\/\">4<\/a>     <a href=\"https:\/\/wpml.enneagraminstitute.com\/es\/identificacion-erronea-de-3-y-5\/\">5<\/a>     <a href=\"https:\/\/wpml.enneagraminstitute.com\/es\/tipo-de-relacion-6-con-tipo-3\/\">6<\/a>     <a href=\"https:\/\/wpml.enneagraminstitute.com\/es\/identificacion-erronea-de-3-y-7\/\">7<\/a>     <a href=\"https:\/\/wpml.enneagraminstitute.com\/es\/identificacion-erronea-de-3-y-8\/\">8<\/a>     <a href=\"https:\/\/wpml.enneagraminstitute.com\/es\/identificacion-erronea-de-3-y-9\/\">9<\/a><\/h3>\n\n\n\n<hr class=\"wp-block-separator has-alpha-channel-opacity\"\/>\n\n\n\n<h2 class=\"wp-block-heading\" id=\"h-addictions\">Adicciones<\/h2>\n\n\n\n<p>Sobreexigencia al cuerpo por reconocimiento. Ejercitarse hasta el agotamiento. Dietas de inanici\u00f3n. Adicci\u00f3n al trabajo. Consumo excesivo de caf\u00e9, estimulantes, anfetaminas, coca\u00edna, esteroides o cirug\u00eda excesiva para mejora cosm\u00e9tica.    <\/p>\n\n\n\n<hr class=\"wp-block-separator has-alpha-channel-opacity\"\/>\n\n\n\n<h2 class=\"wp-block-heading\" id=\"h-personal-growth-recommendations-for-enneagram-type-threes\">Recomendaciones de Crecimiento Personal<br\/>para el Tipo Tres del Eneagrama<\/h2>\n\n\n\n<ul class=\"wp-block-list\">\n<li>Para nuestro desarrollo real, es esencial ser veraces. Sea honesto consigo mismo y con los dem\u00e1s acerca de sus sentimientos y necesidades genuinas. Asimismo, resista la tentaci\u00f3n de impresionar a otros o inflar su importancia. Impresionar\u00e1 a las personas m\u00e1s profundamente siendo aut\u00e9ntico que alardeando sobre sus \u00e9xitos o exagerando sus logros.   <\/li>\n\n\n\n<li>Desarrolle la caridad y la cooperaci\u00f3n en sus relaciones. Puede hacer esto tomando tiempo para hacer una pausa en un d\u00eda ocupado para realmente conectar con alguien que le importa. No se requiere nada espectacular\u2014simplemente unos momentos de tranquila apreciaci\u00f3n. Al hacerlo, se convertir\u00e1 en una persona m\u00e1s amorosa, un amigo m\u00e1s fiel\u2014y un individuo mucho m\u00e1s deseable. Se sentir\u00e1 mejor consigo mismo.    <\/li>\n\n\n\n<li>Tome descansos. Puede llevarse a s\u00ed mismo y a otros al agotamiento con su implacable persecuci\u00f3n de sus objetivos. La ambici\u00f3n y el autodesarrollo son buenas cualidades, pero mod\u00e9relas con per\u00edodos de descanso en los que se reconecte m\u00e1s profundamente consigo mismo. A veces, tomar de tres a cinco respiraciones profundas es suficiente para recargar sus energ\u00edas y mejorar su perspectiva.   <\/li>\n\n\n\n<li>Desarrolle su conciencia social. Numerosos individuos del Tipo Tres han experimentado un crecimiento significativo al involucrarse en proyectos que no guardaban relaci\u00f3n alguna con su progreso personal. El trabajo cooperativo con terceros en pos de objetivos que trascienden el inter\u00e9s individual constituye un m\u00e9todo sumamente eficaz para descubrir su verdadero valor e identidad.  <\/li>\n\n\n\n<li>En su af\u00e1n por obtener la aceptaci\u00f3n ajena, algunos individuos del Tipo Tres promedio se adaptan de tal manera a las expectativas de los dem\u00e1s que pierden contacto con sus aut\u00e9nticos sentimientos respecto a la situaci\u00f3n. Procure desarrollarse resistiendo la tentaci\u00f3n de hacer lo aceptable con el mero prop\u00f3sito de ser aceptado. Resulta imperativo que invierta tiempo en descubrir sus propios valores fundamentales.  <\/li>\n<\/ul>\n\n\n\n<hr class=\"wp-block-separator has-alpha-channel-opacity\"\/>\n\n\n\n<h2 class=\"wp-block-heading\" id=\"h-learn-more\">Aprender M\u00e1s<\/h2>\n\n\n\n<p>Los <a href=\"\/store\">libros de Riso-Hudson<\/a> ofrecen las descripciones de tipos m\u00e1s completas disponibles en cualquier parte. <em><a href=\"\/store\">Personality Types<\/a><\/em> es el tratamiento m\u00e1s completo, profundo y sistem\u00e1tico de los nueve tipos y del sistema del Eneagrama en su conjunto, y <em><a href=\"\/store\">The Wisdom of the Enneagram<\/a><\/em> proporciona la gu\u00eda integral para el crecimiento psicol\u00f3gico y espiritual de los nueve tipos de personalidad.<\/p>\n\n\r\n\t\t\t<\/div>\r\n\t\t\n\r\n\t\t\t\t<\/div>\r\n\t\t\t<\/div>\r\n\t\t","protected":false},"excerpt":{"rendered":"<p>Traducido con AI<\/p>\n","protected":false},"author":6,"featured_media":0,"parent":0,"menu_order":0,"comment_status":"closed","ping_status":"closed","template":"","meta":{"_acf_changed":false,"footnotes":""},"class_list":["post-2182","page","type-page","status-publish","hentry"],"acf":[],"_links":{"self":[{"href":"https:\/\/wpml.enneagraminstitute.com\/es\/wp-json\/wp\/v2\/pages\/2182","targetHints":{"allow":["GET"]}}],"collection":[{"href":"https:\/\/wpml.enneagraminstitute.com\/es\/wp-json\/wp\/v2\/pages"}],"about":[{"href":"https:\/\/wpml.enneagraminstitute.com\/es\/wp-json\/wp\/v2\/types\/page"}],"author":[{"embeddable":true,"href":"https:\/\/wpml.enneagraminstitute.com\/es\/wp-json\/wp\/v2\/users\/6"}],"replies":[{"embeddable":true,"href":"https:\/\/wpml.enneagraminstitute.com\/es\/wp-json\/wp\/v2\/comments?post=2182"}],"version-history":[{"count":6,"href":"https:\/\/wpml.enneagraminstitute.com\/es\/wp-json\/wp\/v2\/pages\/2182\/revisions"}],"predecessor-version":[{"id":2903,"href":"https:\/\/wpml.enneagraminstitute.com\/es\/wp-json\/wp\/v2\/pages\/2182\/revisions\/2903"}],"wp:attachment":[{"href":"https:\/\/wpml.enneagraminstitute.com\/es\/wp-json\/wp\/v2\/media?parent=2182"}],"curies":[{"name":"wp","href":"https:\/\/api.w.org\/{rel}","templated":true}]}}