{"id":2180,"date":"2024-01-11T20:34:04","date_gmt":"2024-01-11T20:34:04","guid":{"rendered":"https:\/\/wpml.enneagraminstitute.com\/identificacion-erronea-de-5-y-6\/"},"modified":"2025-03-04T16:38:33","modified_gmt":"2025-03-04T16:38:33","slug":"identificacion-erronea-de-5-y-6","status":"publish","type":"page","link":"https:\/\/wpml.enneagraminstitute.com\/es\/identificacion-erronea-de-5-y-6\/","title":{"rendered":"Identificaci\u00f3n err\u00f3nea de 5 y 6"},"content":{"rendered":"<h3 style=\"text-align:center\"> Traducido con AI<\/h3>\r\n\t\t\t<div class='container single-content-layout-layout-block'>\r\n\t\t\t\t<div class='row'>\r\n\t\t\t\t\t\n\r\n\t\t\t<div class='column-block col-12 col-md-10 col-lg-8 offset-lg-1'>\r\n\t\t\t\t\n\n<h1 class=\"wp-block-heading\">Identificaci\u00f3n err\u00f3nea de los Cinco y los Seis<\/h1>\n\n\n\n<hr class=\"wp-block-separator has-alpha-channel-opacity\"\/>\n\n\n\n<p>Los Cinco y los Seis son ambos tipos de Pensamiento y, cuando est\u00e1n educados, pueden ser bastante intelectuales. Es mucho m\u00e1s com\u00fan que los Seis se identifiquen err\u00f3neamente como Cinco, pero por razones f\u00e1cilmente comprensibles. De los dos tipos, los Seis tienden a ser m\u00e1s lineales y anal\u00edticos en su pensamiento porque est\u00e1n interesados en la resoluci\u00f3n de problemas, en la predicci\u00f3n y en establecer m\u00e9todos que puedan repetirse. Por lo tanto, contrariamente a la creencia popular, el mundo acad\u00e9mico y la educaci\u00f3n superior son m\u00e1s del dominio de los Seis que de los Cinco. La academia ense\u00f1a a los estudiantes a trabajar con asesores y mentores, a citar fuentes y respaldar argumentos con citas de autoridades, a seguir procedimientos adecuados en trabajos y tesis, y as\u00ed sucesivamente, todos ellos valores del tipo Seis.    <\/p>\n\n\n\n<p>Los Cinco son mucho m\u00e1s no lineales en su pensamiento. Est\u00e1n interesados en descubrir d\u00f3nde fallan las teor\u00edas establecidas y en desarrollar ideas iconoclastas que sacudan las estructuras y los m\u00e9todos establecidos. Los Cinco son, en general, m\u00e1s audaces que los Seis en sus posiciones y creatividad, pero tambi\u00e9n mucho menos pr\u00e1cticos. Los Cinco sienten que solo pueden confiar en sus propias mentes para llegar a conclusiones; creen que es probable que todos los dem\u00e1s est\u00e9n menos informados. Los Seis se desesperan tratando de encontrar algo en lo que confiar precisamente porque no conf\u00edan en sus propias mentes para llegar a conclusiones significativas. La diferencia entre ellos se puede observar en la diferencia entre Umberto Eco (un Cinco) y Tom Clancy (un Seis), o Peter Gabriel (un Cinco) y Bruce Springsteen (un Seis).     <\/p>\n\n\r\n\t\t\t<\/div>\r\n\t\t\n\r\n\t\t\t\t<\/div>\r\n\t\t\t<\/div>\r\n\t\t","protected":false},"excerpt":{"rendered":"<p>Traducido con AI<\/p>\n","protected":false},"author":6,"featured_media":0,"parent":0,"menu_order":0,"comment_status":"closed","ping_status":"closed","template":"","meta":{"_acf_changed":false,"footnotes":""},"class_list":["post-2180","page","type-page","status-publish","hentry"],"acf":[],"_links":{"self":[{"href":"https:\/\/wpml.enneagraminstitute.com\/es\/wp-json\/wp\/v2\/pages\/2180","targetHints":{"allow":["GET"]}}],"collection":[{"href":"https:\/\/wpml.enneagraminstitute.com\/es\/wp-json\/wp\/v2\/pages"}],"about":[{"href":"https:\/\/wpml.enneagraminstitute.com\/es\/wp-json\/wp\/v2\/types\/page"}],"author":[{"embeddable":true,"href":"https:\/\/wpml.enneagraminstitute.com\/es\/wp-json\/wp\/v2\/users\/6"}],"replies":[{"embeddable":true,"href":"https:\/\/wpml.enneagraminstitute.com\/es\/wp-json\/wp\/v2\/comments?post=2180"}],"version-history":[{"count":4,"href":"https:\/\/wpml.enneagraminstitute.com\/es\/wp-json\/wp\/v2\/pages\/2180\/revisions"}],"predecessor-version":[{"id":2904,"href":"https:\/\/wpml.enneagraminstitute.com\/es\/wp-json\/wp\/v2\/pages\/2180\/revisions\/2904"}],"wp:attachment":[{"href":"https:\/\/wpml.enneagraminstitute.com\/es\/wp-json\/wp\/v2\/media?parent=2180"}],"curies":[{"name":"wp","href":"https:\/\/api.w.org\/{rel}","templated":true}]}}