{"id":2176,"date":"2024-01-11T20:34:04","date_gmt":"2024-01-11T20:34:04","guid":{"rendered":"https:\/\/wpml.enneagraminstitute.com\/relacion-entre-el-tipo-1-y-el-tipo-7\/"},"modified":"2025-03-04T16:39:31","modified_gmt":"2025-03-04T16:39:31","slug":"relacion-entre-el-tipo-1-y-el-tipo-7","status":"publish","type":"page","link":"https:\/\/wpml.enneagraminstitute.com\/es\/relacion-entre-el-tipo-1-y-el-tipo-7\/","title":{"rendered":"Relaci\u00f3n entre el Tipo 1 y el Tipo 7"},"content":{"rendered":"<h3 style=\"text-align:center\"> Traducido con AI<\/h3>\r\n\t\t\t<div class='container single-content-layout-layout-block'>\r\n\t\t\t\t<div class='row'>\r\n\t\t\t\t\t\n\r\n\t\t\t<div class='column-block col-12 col-md-10 col-lg-8 offset-lg-1'>\r\n\t\t\t\t\n\n<h1 class=\"wp-block-heading\">Eneagrama Tipo Uno (el Reformador)<br\/><em>con<\/em><br\/>Eneagrama Tipo Siete (el Entusiasta)<\/h1>\n\n\n\n<h2 class=\"wp-block-heading\">Lo que cada tipo aporta a la relaci\u00f3n<\/h2>\n\n\n\n<hr class=\"wp-block-separator has-alpha-channel-opacity\"\/>\n\n\n\n<p>Los Unos y los Sietes del Eneagrama mantienen una relaci\u00f3n particular, complementaria y rec\u00edproca. Son opuestos que pueden aportar algo necesario al otro, ayudando as\u00ed a ambos a lograr un nuevo crecimiento (o, como veremos) pueden distanciarse a\u00fan m\u00e1s al explotar las debilidades del otro, ya sea de manera consciente o inconsciente. Los Unos aportan conciencia, orden, buenos h\u00e1bitos de trabajo, atenci\u00f3n met\u00f3dica al detalle y un placer en mantener la excelencia y altos est\u00e1ndares. Los Sietes aportan espontaneidad, alta energ\u00eda, curiosidad, una orientaci\u00f3n hacia la diversi\u00f3n y la aventura, el deseo de probar cosas nuevas y la capacidad de no obsesionarse con hacer todo perfectamente. Ambos tipos pueden ser iniciadores y planificadores, orientados al futuro e idealistas, aunque los Sietes tienden a preferir m\u00faltiples opciones y mantener todos los planes lo suficientemente flexibles como para poder modificarlos seg\u00fan sea necesario. Aportan libertad y espontaneidad. Los Unos son m\u00e1s met\u00f3dicos y ayudan a los Sietes a mantenerse enfocados; resisten la distracci\u00f3n de demasiadas opciones y sobresalen en llevar a cabo sus planes.      <\/p>\n\n\n\n<p>Los Sietes ofrecen a los Unos un sentido de emoci\u00f3n y de la vida como fuente de placer y disfrute. Los Unos ofrecen a los Sietes un sentido de prop\u00f3sito e idealismo, as\u00ed como direcci\u00f3n y la sensaci\u00f3n de que la vida es noble y significativa. Los Sietes mantienen alto el \u00e1nimo de los Unos, renovando su idealismo mientras evitan que la relaci\u00f3n se vuelva demasiado pesada. Los Unos ayudan a estabilizar a los Sietes, manteni\u00e9ndolos trabajando sistem\u00e1tica y consistentemente hacia sus metas. Los Sietes aprecian la consistencia y fiabilidad del Uno y se alegran de tener a alguien que pueda atender los detalles. Estos dos tipos pueden apoyarse mutuamente de manera significativa siempre que sus valores fundamentales sean congruentes y ambos trabajen por los mismos objetivos fundamentales en la vida. Esta tiende a ser una relaci\u00f3n estimulante para ambos: se desaf\u00edan mutuamente y se sienten fascinados y retados por sus diferencias.      <\/p>\n\n\n\n<hr class=\"wp-block-separator has-alpha-channel-opacity\"\/>\n\n\n\n<h2 class=\"wp-block-heading\">Potenciales puntos problem\u00e1ticos o conflictos<\/h2>\n\n\n\n<p>A medida que aumenta el estr\u00e9s, los Unos se vuelven cada vez m\u00e1s cr\u00edticos, prejuiciosos, inflexibles e insistentes en que las cosas se hagan de una sola manera, la correcta, su manera. Inevitablemente comienzan a ver a los Sietes como indisciplinados e ineficientes, egoc\u00e9ntricos e infantiles. Los Unos sienten que los Sietes est\u00e1n dispersos y tienden a jugar demasiado, sobreextendiendo recursos y comprometi\u00e9ndose en exceso, prometiendo demasiado a demasiadas personas. Los Unos tambi\u00e9n suelen sentir que los Sietes est\u00e1n desenfocados y dispersos simplemente para molestarlos y vengarse de ellos de manera pasivo-agresiva, sin parecer hostiles o mezquinos ellos mismos. Por otro lado, los Sietes tienden a ver a los Unos de bajo funcionamiento como demasiado remilgados y perfeccionistas y, en \u00faltima instancia, como alguien que necesita que le den una patada en el trasero para que se relaje un poco. Los conflictos entre estos dos tipos tambi\u00e9n suelen centrarse en asuntos organizativos y financieros, con los Unos sintiendo que los Sietes son pr\u00f3digos y derrochadores, mientras que los Sietes sienten que los Unos son demasiado taca\u00f1os y carecen de visi\u00f3n o brillo.     <\/p>\n\n\n\n<p>Los Sietes eventualmente se cansan de la continua cr\u00edtica y insatisfacci\u00f3n de los Unos hacia ellos. Buscar otras opciones en la relaci\u00f3n se vuelve cada vez m\u00e1s atractivo, ya que los Sietes resisten profundamente sentirse atrapados o estar en situaciones que producen continuamente infelicidad. Desafortunadamente, los Unos de bajo funcionamiento contribuyen continuamente a esto. Si las cosas contin\u00faan deterior\u00e1ndose, los Unos perder\u00e1n el respeto por los Sietes, quienes se vuelven cada vez m\u00e1s insistentes y exigentes, con un tono insensible y vulgar. Los Unos encuentran esto extremadamente vergonzoso de presenciar y pueden desilusionarse y deprimirse, retirando la conexi\u00f3n emocional de los Sietes. As\u00ed, un desprecio desde\u00f1oso por el otro puede entrar en escena desde ambos lados, haciendo a\u00fan m\u00e1s dif\u00edcil la reconciliaci\u00f3n. Los Unos critican a los Sietes por un tiempo, luego silenciosamente se rinden con ellos hasta que alg\u00fan evento asesta el golpe fatal a la relaci\u00f3n.      <\/p>\n\n\n\n<p>Para una mayor comprensi\u00f3n sobre esta combinaci\u00f3n de tipos, lea m\u00e1s acerca de la <a href=\"https:\/\/wpml.enneagraminstitute.com\/es\/como-funciona-el-sistema-del-eneagrama\/\">Flecha de Estr\u00e9s<\/a> y c\u00f3mo los tipos <a href=\"https:\/\/wpml.enneagraminstitute.com\/es\/eneagrama-tipo-1-el-reformador\/\">Uno<\/a> y <a href=\"https:\/\/wpml.enneagraminstitute.com\/es\/eneagrama-tipo-7-el-entusiasta\/\">Siete <\/a>se comportan cuando se mueven a lo largo de ella.<\/p>\n\n\r\n\t\t\t<\/div>\r\n\t\t\n\r\n\t\t\t\t<\/div>\r\n\t\t\t<\/div>\r\n\t\t","protected":false},"excerpt":{"rendered":"<p>Traducido con AI<\/p>\n","protected":false},"author":6,"featured_media":0,"parent":0,"menu_order":0,"comment_status":"closed","ping_status":"closed","template":"","meta":{"_acf_changed":false,"footnotes":""},"class_list":["post-2176","page","type-page","status-publish","hentry"],"acf":[],"_links":{"self":[{"href":"https:\/\/wpml.enneagraminstitute.com\/es\/wp-json\/wp\/v2\/pages\/2176","targetHints":{"allow":["GET"]}}],"collection":[{"href":"https:\/\/wpml.enneagraminstitute.com\/es\/wp-json\/wp\/v2\/pages"}],"about":[{"href":"https:\/\/wpml.enneagraminstitute.com\/es\/wp-json\/wp\/v2\/types\/page"}],"author":[{"embeddable":true,"href":"https:\/\/wpml.enneagraminstitute.com\/es\/wp-json\/wp\/v2\/users\/6"}],"replies":[{"embeddable":true,"href":"https:\/\/wpml.enneagraminstitute.com\/es\/wp-json\/wp\/v2\/comments?post=2176"}],"version-history":[{"count":7,"href":"https:\/\/wpml.enneagraminstitute.com\/es\/wp-json\/wp\/v2\/pages\/2176\/revisions"}],"predecessor-version":[{"id":2906,"href":"https:\/\/wpml.enneagraminstitute.com\/es\/wp-json\/wp\/v2\/pages\/2176\/revisions\/2906"}],"wp:attachment":[{"href":"https:\/\/wpml.enneagraminstitute.com\/es\/wp-json\/wp\/v2\/media?parent=2176"}],"curies":[{"name":"wp","href":"https:\/\/api.w.org\/{rel}","templated":true}]}}