{"id":2174,"date":"2024-01-11T20:34:04","date_gmt":"2024-01-11T20:34:04","guid":{"rendered":"https:\/\/wpml.enneagraminstitute.com\/acerca-del-rheti\/"},"modified":"2025-03-04T16:39:32","modified_gmt":"2025-03-04T16:39:32","slug":"acerca-del-rheti","status":"publish","type":"page","link":"https:\/\/wpml.enneagraminstitute.com\/es\/acerca-del-rheti\/","title":{"rendered":"Acerca del RHETI\u00ae"},"content":{"rendered":"<h3 style=\"text-align:center\"> Traducido con AI<\/h3>\r\n\t\t\t<div class='container single-content-layout-layout-block'>\r\n\t\t\t\t<div class='row'>\r\n\t\t\t\t\t\n\r\n\t\t\t<div class='column-block col-12 col-md-10 col-lg-8 offset-lg-1'>\r\n\t\t\t\t\n\n<h1 class=\"wp-block-heading\" id=\"h-the-riso-hudson-enneagram-type-indicator-rheti-version-2-5\">El Indicador de Tipo Eneagrama Riso-Hudson<br\/>(RHETI\u00ae versi\u00f3n 2.5)<\/h1>\n\n\n<div class=\"wp-block-image\">\n<figure class=\"aligncenter size-full\" id=\"yui_3_17_2_1_1705330768087_87\"><img loading=\"lazy\" decoding=\"async\" width=\"200\" height=\"200\" src=\"https:\/\/wpml.enneagraminstitute.com\/wp-content\/uploads\/2024\/01\/RHETIseal.png\" alt=\"El RHETI&#xAE; del Eneagrama\" class=\"wp-image-164\" srcset=\"https:\/\/wpml.enneagraminstitute.com\/wp-content\/uploads\/2024\/01\/RHETIseal.png 200w, https:\/\/wpml.enneagraminstitute.com\/wp-content\/uploads\/2024\/01\/RHETIseal-150x150.png 150w\" sizes=\"auto, (max-width: 200px) 100vw, 200px\" \/><\/figure>\n<\/div>\n\n\n<p class=\"has-text-align-left\"><br\/>El Indicador de Tipo Eneagrama Riso-Hudson (RHETI\u00ae versi\u00f3n 2.5) es la prueba basada en el Eneagrama m\u00e1s popular del mundo. Es una prueba de personalidad cient\u00edficamente validada, de elecci\u00f3n forzada, con 144 declaraciones emparejadas. La prueba tarda aproximadamente 40 minutos en completarse.  <\/p>\n\n\n\n<p class=\"has-text-align-left\">El RHETI\u00ae versi\u00f3n 2.5 ha sido validado cient\u00edficamente de manera independiente. En lugar de simplemente indicar su tipo b\u00e1sico, produce un perfil de personalidad completo a trav\u00e9s de los nueve tipos. Esto le proporciona un retrato \u00fanico, indicando las fortalezas y debilidades relativas de los nueve tipos dentro de su personalidad general.  <\/p>\n\n\n\n<p class=\"has-text-align-left\">Los resultados del RHETI\u00ae est\u00e1n disponibles en formato PDF e incluyen sus puntuaciones para los nueve tipos en un perfil de espectro completo, as\u00ed como las Descripciones de Tipo Ampliadas (de m\u00e1s de 2.500 palabras cada una) para sus tres puntuaciones m\u00e1s altas. Estas descripciones de tipo han sido revisadas y actualizadas para proporcionar los res\u00famenes de tipo m\u00e1s completos disponibles.  <\/p>\n\n\n\n<figure class=\"wp-block-pullquote\"><blockquote><p>\u201cAmbos consideramos que el Eneagrama, seg\u00fan lo representa el Instituto del Eneagrama, era una medida m\u00e1s eficaz de los rasgos de personalidad que cualquier otra, incluyendo el DiSC y el Myers-Briggs.\u201d<\/p><cite><strong>Sr. Kim y Sra. Janise Pries<\/strong>, El Paso, Texas<br\/><em>Director de Integridad y Fiabilidad de Productos; Consejera Profesional Licenciada, Directora de Orientaci\u00f3n y Asesoramiento<\/em><\/cite><\/blockquote><\/figure>\n\n\n\n<p class=\"has-text-align-left\"><br\/>\u00bfPreguntas? Por favor, contacte con <a href=\"https:\/\/wpml.enneagraminstitute.com\/es\/contacte-con-el-instituto-del-eneagrama\/\">support@enneagraminstitute.com<\/a> <\/p>\n\n\n\n<div class=\"wp-block-buttons mt-5 is-layout-flex wp-block-buttons-is-layout-flex\">\n<div class=\"wp-block-button\"><a class=\"wp-block-button__link wp-element-button\" href=\"https:\/\/tests.enneagraminstitute.com\/orders\/create#rheti\">ADQUIRIR EL RHETI\u00ae<\/a><\/div>\n<\/div>\n\n\r\n\t\t\t<\/div>\r\n\t\t\n\r\n\t\t\t\t<\/div>\r\n\t\t\t<\/div>\r\n\t\t","protected":false},"excerpt":{"rendered":"<p>Traducido con AI<\/p>\n","protected":false},"author":6,"featured_media":0,"parent":0,"menu_order":0,"comment_status":"closed","ping_status":"closed","template":"","meta":{"_acf_changed":false,"footnotes":""},"class_list":["post-2174","page","type-page","status-publish","hentry"],"acf":[],"_links":{"self":[{"href":"https:\/\/wpml.enneagraminstitute.com\/es\/wp-json\/wp\/v2\/pages\/2174","targetHints":{"allow":["GET"]}}],"collection":[{"href":"https:\/\/wpml.enneagraminstitute.com\/es\/wp-json\/wp\/v2\/pages"}],"about":[{"href":"https:\/\/wpml.enneagraminstitute.com\/es\/wp-json\/wp\/v2\/types\/page"}],"author":[{"embeddable":true,"href":"https:\/\/wpml.enneagraminstitute.com\/es\/wp-json\/wp\/v2\/users\/6"}],"replies":[{"embeddable":true,"href":"https:\/\/wpml.enneagraminstitute.com\/es\/wp-json\/wp\/v2\/comments?post=2174"}],"version-history":[{"count":5,"href":"https:\/\/wpml.enneagraminstitute.com\/es\/wp-json\/wp\/v2\/pages\/2174\/revisions"}],"predecessor-version":[{"id":2907,"href":"https:\/\/wpml.enneagraminstitute.com\/es\/wp-json\/wp\/v2\/pages\/2174\/revisions\/2907"}],"wp:attachment":[{"href":"https:\/\/wpml.enneagraminstitute.com\/es\/wp-json\/wp\/v2\/media?parent=2174"}],"curies":[{"name":"wp","href":"https:\/\/api.w.org\/{rel}","templated":true}]}}