{"id":2172,"date":"2024-01-11T20:34:04","date_gmt":"2024-01-11T20:34:04","guid":{"rendered":"https:\/\/wpml.enneagraminstitute.com\/relacion-tipo-5-con-tipo-7\/"},"modified":"2025-03-04T16:39:32","modified_gmt":"2025-03-04T16:39:32","slug":"relacion-tipo-5-con-tipo-7","status":"publish","type":"page","link":"https:\/\/wpml.enneagraminstitute.com\/es\/relacion-tipo-5-con-tipo-7\/","title":{"rendered":"Relaci\u00f3n Tipo 5 con Tipo 7"},"content":{"rendered":"<h3 style=\"text-align:center\"> Traducido con AI<\/h3>\r\n\t\t\t<div class='container single-content-layout-layout-block'>\r\n\t\t\t\t<div class='row'>\r\n\t\t\t\t\t\n\r\n\t\t\t<div class='column-block col-12 col-md-10 col-lg-8 offset-lg-1'>\r\n\t\t\t\t\n\n<h1 class=\"wp-block-heading\">Eneagrama Tipo Cinco (el Investigador)<br\/><em>con<\/em><br\/>Eneagrama Tipo Siete (el Entusiasta)<\/h1>\n\n\n\n<hr class=\"wp-block-separator has-alpha-channel-opacity\"\/>\n\n\n\n<h2 class=\"wp-block-heading\">Lo que cada tipo aporta a la relaci\u00f3n<\/h2>\n\n\n\n<p>Dado que ambos son tipos pensantes, los Eneagramas Cinco y Siete aportan una gran cantidad de energ\u00eda mental y apreciaci\u00f3n por las ideas a su relaci\u00f3n. Su enfoque es complementario y rec\u00edproco: cada uno aporta algo que el otro no posee. En el aspecto positivo, los Cinco aportan profundidad, claridad de observaci\u00f3n, perspicacia sobre el estado objetivo de las cosas, independencia y autosuficiencia, y a menudo un sentido del humor maravillosamente exc\u00e9ntrico y caprichoso. Casi no es necesario mencionar que tienen mentes \u00e1giles y aman el conocimiento y las actividades intelectuales. Los Siete aportan agilidad no solo de mente sino tambi\u00e9n de esp\u00edritu, estando listos para hacer casi cualquier cosa en un instante, desde ir al cine hasta reservar un viaje alrededor del mundo, desde mover los muebles de un lado a otro de la habitaci\u00f3n hasta mudarse a otro estado. Los Siete son independientes, aunque les gusta tener algunas personas alrededor para unirse a la diversi\u00f3n y para a\u00f1adir ese sentimiento festivo y alegre que siempre buscan en sus vidas. Tienden a ser generosos y extravagantes, optimistas, sociables y extrovertidos con los desconocidos, a menudo siendo el alma de la fiesta.      <\/p>\n\n\n\n<p>Los Cinco tienden a ser algo m\u00e1s frugales con el dinero y los recursos, rara vez gastando mucho en s\u00ed mismos (a diferencia de los Siete). Los Cinco tambi\u00e9n tienden a ser reservados y taciturnos alrededor de extra\u00f1os, aunque pueden ser muy divertidos una vez que te conocen y se sienten seguros. Los Cinco aterrizan y profundizan a los Siete, d\u00e1ndoles permiso para tomarse a s\u00ed mismos y a sus intereses m\u00e1s en serio, para enfocar sus energ\u00edas y para perseverar en las cosas hasta que den frutos. Los Siete hacen que los Cinco prueben nuevas experiencias y establezcan m\u00e1s contactos sociales. Tambi\u00e9n pueden mediar por los Cinco en entornos sociales. A ambos les gusta la conversaci\u00f3n y las ideas, y adoran explorar nuevos \u00e1mbitos juntos. En resumen, es una mezcla de opuestos con diferentes actitudes sobre c\u00f3mo disfrutar y c\u00f3mo realizarse en el mundo. Los Cinco dicen: \u201cLa vida es corta: no esperes demasiado.\u201d Los Siete dicen: \u201cLa vida es corta: pru\u00e9balo todo.\u201d Ambas actitudes son ciertas y pueden equilibrarse \u00fatilmente entre s\u00ed.         <\/p>\n\n\n\n<hr class=\"wp-block-separator has-alpha-channel-opacity\"\/>\n\n\n\n<h2 class=\"wp-block-heading\">Potenciales puntos problem\u00e1ticos o conflictos<\/h2>\n\n\n\n<p>Los Cinco tienden a minimizar sus necesidades y sus expectativas de la vida, particularmente cuando est\u00e1n bajo mayor estr\u00e9s. Tienden a ver las cosas en t\u00e9rminos de escasez y de sentirse personalmente poco preparados para enfrentar las demandas del mundo. El resultado es que, a medida que aumenta la presi\u00f3n sobre ellos, los Cinco tienden a retirarse y a desapegarse emocionalmente de todos a su alrededor, y en \u00faltima instancia, incluso de s\u00ed mismos. Se vuelven m\u00e1s reclusos, aislados, mentes desencarnadas a las que es dif\u00edcil llegar, y mucho menos involucrar en acciones constructivas. Este patr\u00f3n es muy dif\u00edcil para los Siete, para quienes la acci\u00f3n r\u00e1pida y tener m\u00faltiples v\u00edas de escape es la norma. A medida que aumenta la presi\u00f3n sobre ellos, los Siete entran en hiperdrive, yendo a m\u00e1s lugares, haciendo m\u00e1s cosas, hablando m\u00e1s, obteniendo m\u00e1s consejos, cotilleando sobre sus problemas de relaci\u00f3n, y posiblemente recurriendo al abuso de sustancias para controlar su creciente ansiedad y tristeza. Estos problemas solo hacen que los Cinco se retraigan a\u00fan m\u00e1s y se asusten de alguien a quien ven como fuera de control.      <\/p>\n\n\n\n<p>En los Niveles inferiores, los Cinco pueden ver a los Siete como demasiado escapistas, superficiales, intrusivos y toscos. El Siete quiere que el Cinco sea m\u00e1s divertido para que su experiencia sea m\u00e1s positiva. Los Siete averg\u00fcenzan a los Cinco por ser demasiado efusivos y g\u00e1rrulos. Por otro lado, los Siete piensan que los Cinco son fr\u00edos y poco receptivos. Los conflictos con el estilo del otro hacen que ambos se aferren a sus posiciones: los Siete se vuelven m\u00e1s exigentes e insistentes, mientras que los Cinco se vuelven m\u00e1s retra\u00eddos y poco cooperativos. Los Siete pueden actuar de manera exagerada para llamar la atenci\u00f3n del Cinco, pero pueden ir demasiado lejos, causando que los Cinco cierren la puerta. La falta de confianza y la dificultad para encontrar un terreno com\u00fan seguro para resolver las diferencias empeoran las cosas, ya que ambos tipos tienden a adoptar posiciones extremas y bien defendidas.      <\/p>\n\n\n\n<p>Para una mayor comprensi\u00f3n de esta combinaci\u00f3n de tipos, lea m\u00e1s sobre la <a href=\"https:\/\/wpml.enneagraminstitute.com\/es\/como-funciona-el-sistema-del-eneagrama\/\">Flecha de Estr\u00e9s<\/a> y c\u00f3mo los tipos <a href=\"https:\/\/wpml.enneagraminstitute.com\/es\/eneagrama-tipo-5-el-investigador\/\">Cinco<\/a> y <a href=\"https:\/\/wpml.enneagraminstitute.com\/es\/eneagrama-tipo-7-el-entusiasta\/\">S<\/a><a href=\"https:\/\/wpml.enneagraminstitute.com\/es\/eneagrama-tipo-7-el-entusiasta\/\">iete<\/a> se comportan cuando se mueven a lo largo de ella.<\/p>\n\n\r\n\t\t\t<\/div>\r\n\t\t\n\r\n\t\t\t\t<\/div>\r\n\t\t\t<\/div>\r\n\t\t","protected":false},"excerpt":{"rendered":"<p>Traducido con AI<\/p>\n","protected":false},"author":6,"featured_media":0,"parent":0,"menu_order":0,"comment_status":"closed","ping_status":"closed","template":"","meta":{"_acf_changed":false,"footnotes":""},"class_list":["post-2172","page","type-page","status-publish","hentry"],"acf":[],"_links":{"self":[{"href":"https:\/\/wpml.enneagraminstitute.com\/es\/wp-json\/wp\/v2\/pages\/2172","targetHints":{"allow":["GET"]}}],"collection":[{"href":"https:\/\/wpml.enneagraminstitute.com\/es\/wp-json\/wp\/v2\/pages"}],"about":[{"href":"https:\/\/wpml.enneagraminstitute.com\/es\/wp-json\/wp\/v2\/types\/page"}],"author":[{"embeddable":true,"href":"https:\/\/wpml.enneagraminstitute.com\/es\/wp-json\/wp\/v2\/users\/6"}],"replies":[{"embeddable":true,"href":"https:\/\/wpml.enneagraminstitute.com\/es\/wp-json\/wp\/v2\/comments?post=2172"}],"version-history":[{"count":5,"href":"https:\/\/wpml.enneagraminstitute.com\/es\/wp-json\/wp\/v2\/pages\/2172\/revisions"}],"predecessor-version":[{"id":2908,"href":"https:\/\/wpml.enneagraminstitute.com\/es\/wp-json\/wp\/v2\/pages\/2172\/revisions\/2908"}],"wp:attachment":[{"href":"https:\/\/wpml.enneagraminstitute.com\/es\/wp-json\/wp\/v2\/media?parent=2172"}],"curies":[{"name":"wp","href":"https:\/\/api.w.org\/{rel}","templated":true}]}}