{"id":2170,"date":"2024-01-11T20:34:04","date_gmt":"2024-01-11T20:34:04","guid":{"rendered":"https:\/\/wpml.enneagraminstitute.com\/tipo-de-relacion-3-con-tipo-9\/"},"modified":"2025-03-04T16:39:32","modified_gmt":"2025-03-04T16:39:32","slug":"tipo-de-relacion-3-con-tipo-9","status":"publish","type":"page","link":"https:\/\/wpml.enneagraminstitute.com\/es\/tipo-de-relacion-3-con-tipo-9\/","title":{"rendered":"Tipo de relaci\u00f3n 3 con Tipo 9"},"content":{"rendered":"<h3 style=\"text-align:center\"> Traducido con AI<\/h3>\r\n\t\t\t<div class='container single-content-layout-layout-block'>\r\n\t\t\t\t<div class='row'>\r\n\t\t\t\t\t\n\r\n\t\t\t<div class='column-block col-12 col-md-10 col-lg-8 offset-lg-1'>\r\n\t\t\t\t\n\n<h1 class=\"wp-block-heading\" id=\"h-enneagram-type-three-the-achiever-with-enneagram-type-nine-the-peacemaker\">Eneagrama Tipo Tres (el Triunfador)<br\/><em>con<\/em><br\/>Eneagrama Tipo Nueve (el Pacificador)<\/h1>\n\n\n\n<hr class=\"wp-block-separator has-alpha-channel-opacity\"\/>\n\n\n\n<h3 class=\"wp-block-heading\" id=\"h-what-each-type-brings-to-the-relationship\">Lo que cada tipo aporta a la relaci\u00f3n<\/h3>\n\n\n\n<p>Esta es una combinaci\u00f3n bastante com\u00fan. Los Nueves aportan un enorme apoyo, aliento y un sentido de orgullo por los logros de los Tres. Los Tres pueden sentir que, con el Nueve respald\u00e1ndoles, son capaces de ser ellos mismos, explorar su potencial y convertirse en la mejor pareja, amigo o profesional que pueden ser. Los Tres pueden ayudar a los Nueves a valorarse adecuadamente, a tener m\u00e1s autoestima y a invertir en su propio desarrollo. Los Nueves pueden ayudar a los Tres a relajarse y encontrar disfrute en las cosas simples; los Nueves les dan permiso para no exigirse tanto. Ambos tipos tambi\u00e9n desean evitar conflictos y dar un giro positivo a las cosas: los Nueves son genuinamente optimistas y ven el lado positivo, mientras que los Tres se centran en ser positivos y esperanzados, y tienen cuidado de no dejar que la gente les vea desanimados o deprimidos. Ambos tipos son sociables, idealistas, se preocupan por los ni\u00f1os, los animales y los desfavorecidos. Ambos suelen ser trabajadores y desean alcanzar un grado de \u00e9xito material que les permita cuidar de otros en una especie de familia extendida donde todos estar\u00edan seguros, c\u00f3modos y pr\u00f3speros. Ambos desean un hogar agradable y est\u00e9ticamente placentero.        <\/p>\n\n\n\n<p>A esta combinaci\u00f3n, los Tres aportan energ\u00eda, ambici\u00f3n personal, flexibilidad, la capacidad de establecer y alcanzar metas a largo plazo, y eficiencia. Los Tres energizan a los Nueves y aportan cambio y emoci\u00f3n a la relaci\u00f3n. Los Nueves aportan una sensaci\u00f3n de seguridad y estabilidad, la certeza de que el Tres es amado por s\u00ed mismo y no solo por sus logros, y la sensaci\u00f3n de no ser juzgado o evaluado en todo momento. Los Tres sienten que pueden relajarse y ser realmente ellos mismos con los Nueves, quienes les aceptan tal como son. La sensualidad del Nueve y el atractivo del Tres pueden confluir en una pareja con una fuerte atracci\u00f3n mutua y unida por la pasi\u00f3n f\u00edsica. En otras parejas de Tres y Nueve, la necesidad de comodidad y seguridad puede ser la principal fuente de apego y el placer que obtienen el uno del otro.     <\/p>\n\n\n\n<hr class=\"wp-block-separator has-alpha-channel-opacity\"\/>\n\n\n\n<h2 class=\"wp-block-heading\" id=\"h-potential-trouble-spots-or-issues\">Potenciales puntos problem\u00e1ticos o conflictos<\/h2>\n\n\n\n<p>La pareja Tres\/Nueve puede ser casi un caso de \u201cexceso de algo bueno.\u201d Dado que ambos tipos se sienten atra\u00eddos por mantener vivos los valores positivos en sus vidas \u2014y puede haber tanto apego a la comodidad y la estabilidad en su mundo\u2014 que se vuelve dif\u00edcil cuestionar el statu quo y las rutinas en las que se sumergen. Ninguno quiere sacar a relucir los conflictos que tienen con el otro. Los Nueves son m\u00e1s propensos a no querer hablar sobre lo que les molesta por temor a poner en peligro a\u00fan m\u00e1s la relaci\u00f3n. Pero los Tres tampoco quieren expresar sus quejas porque hacerlo arriesgar\u00eda el rechazo y podr\u00eda exponer la fragilidad o incluso la falsedad de su relaci\u00f3n. Los Nueves sienten que es mejor no decir nada y dejar que las cosas se resuelvan por s\u00ed solas, si es que eso es posible. Si los Tres est\u00e1n fuertemente invertidos en tener un \u201cmatrimonio perfecto\u201d de cara al exterior, ser\u00e1 dif\u00edcil hablar sobre su infelicidad en la relaci\u00f3n o las frustraciones que est\u00e1n sintiendo.      <\/p>\n\n\n\n<p>A menudo, la relaci\u00f3n continuar\u00e1 durante un tiempo como si nada estuviera mal, incluso si esencialmente ha terminado. Sin embargo, eventualmente, los Tres comienzan a sentirse invisibles y poco apreciados, y que el Nueve no est\u00e1 realmente all\u00ed para ellos \u2014no est\u00e1 realmente presente en la relaci\u00f3n. El Nueve puede ser un excelente proveedor en sentido material, pero bajo estr\u00e9s, puede comenzar a ausentarse emocionalmente. Sentirse abandonados o rechazados usualmente hace que los Tres se depriman, aunque a menudo no se dan cuenta de esto ya que pueden perder bastante el contacto con sus emociones. Los Tres pueden sentir que los Nueves los est\u00e1n sofocando, mientras que los Nueves pueden sentir que los Tres son demasiado exigentes y est\u00e1n \u201cmalcriados.\u201d A veces, una crisis, una infidelidad u otro desaf\u00edo vital importante trae a la conciencia el deterioro de la relaci\u00f3n. Pueden pasar por ciclos de separaci\u00f3n y reconciliaci\u00f3n, aunque si los problemas subyacentes no se resuelven, los verdaderos sentimientos y frustraciones contin\u00faan y eventualmente socavar\u00e1n la relaci\u00f3n.      <\/p>\n\n\n\n<p>For further understanding about this type combination, read more about the\u00a0<a href=\"\/how-the-enneagram-system-works\">Stress Arrow<\/a>\u00a0and how types\u00a0<a href=\"\/type-3\">Three<\/a>\u00a0and <a href=\"https:\/\/wpml.enneagraminstitute.com\/type-9\/\">Nine<\/a> behave when they are moving along it.<\/p>\n\n\r\n\t\t\t<\/div>\r\n\t\t\n\r\n\t\t\t\t<\/div>\r\n\t\t\t<\/div>\r\n\t\t","protected":false},"excerpt":{"rendered":"<p>Traducido con AI<\/p>\n","protected":false},"author":6,"featured_media":0,"parent":0,"menu_order":0,"comment_status":"closed","ping_status":"closed","template":"","meta":{"_acf_changed":false,"footnotes":""},"class_list":["post-2170","page","type-page","status-publish","hentry"],"acf":[],"_links":{"self":[{"href":"https:\/\/wpml.enneagraminstitute.com\/es\/wp-json\/wp\/v2\/pages\/2170","targetHints":{"allow":["GET"]}}],"collection":[{"href":"https:\/\/wpml.enneagraminstitute.com\/es\/wp-json\/wp\/v2\/pages"}],"about":[{"href":"https:\/\/wpml.enneagraminstitute.com\/es\/wp-json\/wp\/v2\/types\/page"}],"author":[{"embeddable":true,"href":"https:\/\/wpml.enneagraminstitute.com\/es\/wp-json\/wp\/v2\/users\/6"}],"replies":[{"embeddable":true,"href":"https:\/\/wpml.enneagraminstitute.com\/es\/wp-json\/wp\/v2\/comments?post=2170"}],"version-history":[{"count":5,"href":"https:\/\/wpml.enneagraminstitute.com\/es\/wp-json\/wp\/v2\/pages\/2170\/revisions"}],"predecessor-version":[{"id":2909,"href":"https:\/\/wpml.enneagraminstitute.com\/es\/wp-json\/wp\/v2\/pages\/2170\/revisions\/2909"}],"wp:attachment":[{"href":"https:\/\/wpml.enneagraminstitute.com\/es\/wp-json\/wp\/v2\/media?parent=2170"}],"curies":[{"name":"wp","href":"https:\/\/api.w.org\/{rel}","templated":true}]}}