{"id":2168,"date":"2024-01-11T20:34:04","date_gmt":"2024-01-11T20:34:04","guid":{"rendered":"https:\/\/wpml.enneagraminstitute.com\/confusion-en-la-identificacion-entre-1-y-6\/"},"modified":"2025-03-04T16:39:33","modified_gmt":"2025-03-04T16:39:33","slug":"confusion-en-la-identificacion-entre-1-y-6","status":"publish","type":"page","link":"https:\/\/wpml.enneagraminstitute.com\/es\/confusion-en-la-identificacion-entre-1-y-6\/","title":{"rendered":"Confusi\u00f3n en la identificaci\u00f3n entre 1 y 6"},"content":{"rendered":"<h3 style=\"text-align:center\"> Traducido con AI<\/h3>\r\n\t\t\t<div class='container single-content-layout-layout-block'>\r\n\t\t\t\t<div class='row'>\r\n\t\t\t\t\t\n\r\n\t\t\t<div class='column-block col-12 col-md-10 col-lg-8 offset-lg-1'>\r\n\t\t\t\t\n\n<h1 class=\"wp-block-heading\">Confusi\u00f3n en la identificaci\u00f3n entre Unos y Seises<\/h1>\n\n\n\n<hr class=\"wp-block-separator has-alpha-channel-opacity\"\/>\n\n\n\n<p>Ambos se encuentran entre los tipos complacientes del Eneagrama. Como se se\u00f1ala en <em>Personality Types<\/em> (434-436), los Unos son complacientes con las exigencias de sus supery\u00f3s y sus ideales, mientras que los Seises son complacientes con las exigencias de sus supery\u00f3s y de otras personas, especialmente las figuras de autoridad o aliados percibidos. Afirmamos que los Unos tienen un \u201cCr\u00edtico Interno\u201d en sus mentes, mientras que los Seises tienen un \u201cComit\u00e9 Interno\u201d. Lo que estos dos tipos tienen en com\u00fan es la tendencia a sentirse culpables cuando realizan algo contrario a sus ideales (Unos) o a los compromisos que han adquirido con aliados, creencias y autoridades (Seises). Los sentimientos de culpa debido a conciencias fuertes y la tendencia a arremeter contra s\u00ed mismos o contra otros (o ambos) son los principales puntos de similitud entre ellos. Si bien es poco frecuente que los Seises se confundan a s\u00ed mismos con los Unos o que los Unos se identifiquen err\u00f3neamente como Seises, otras personas pueden confundirse por algunas similitudes superficiales entre ellos. (De hecho, un Seis con ala Cinco es m\u00e1s probable que se confunda con un Uno que un Seis con ala Siete debido a la seriedad e intensidad que el ala Cinco aporta a la personalidad general del Seis.)      <\/p>\n\n\n\n<p>Sin embargo, estos dos tipos son f\u00e1ciles de distinguir al observar el tono emocional general de cada tipo. Los Seises promedio son ansiosos, indecisos, ambivalentes y, sobre todo, reactivos. Les resulta dif\u00edcil relacionarse con otros con confianza en s\u00ed mismos como iguales, tendiendo a volverse demasiado obedientes y dependientes o a ir al extremo opuesto y volverse rebeldes y desafiantes. A veces se quedan atrapados en el medio y se vuelven ambivalentes, indecisos y vacilantes.   <\/p>\n\n\n\n<p>Estas caracter\u00edsticas est\u00e1n casi completamente ausentes en los Unos promedio. Su tono emocional general es de eficiencia impersonal y autocontrolada, orden y decoro. Los Unos enf\u00e1ticamente <em>no son<\/em> indecisos: conocen sus propias mentes y tienen opiniones sobre todo, las cuales est\u00e1n m\u00e1s que dispuestos a expresar a los dem\u00e1s. Los Unos est\u00e1n seguros y tratan de convencer a otros de que conocen la manera \u00f3ptima de hacer las cosas. Los Seises son inciertos y conf\u00edan en la reafirmaci\u00f3n, el respaldo, los procedimientos familiares o la sanci\u00f3n de ideas y filosof\u00edas previamente probadas para ayudarles a tomar decisiones.    <\/p>\n\n\n\n<p>Los Unos promedio a menudo tienen un autocontrol tan estricto que son capaces de mantener sus sentimientos a raya. Con frecuencia no son conscientes del grado de sus tensiones. Los Seises promedio luchan con sentimientos m\u00e1s vol\u00e1tiles y tienen dificultades para dejarlos de lado, aunque rara vez expresan sus sentimientos a los dem\u00e1s. Los Seises cargan con una considerable tensi\u00f3n ansiosa y son m\u00e1s conscientes de ella. La ira justa, la irritaci\u00f3n y la indignaci\u00f3n moral son las principales emociones negativas en los Unos, mientras que el temor, la sospecha y la ansiedad son los principales sentimientos negativos en los Seises. Adem\u00e1s, mientras que los Unos de bajo funcionamiento pueden ser sarc\u00e1sticos y verbalmente abusivos, casi nunca se descontrolan y rara vez son f\u00edsicamente violentos, mientras que los Seises de bajo funcionamiento pueden perder los estribos m\u00e1s f\u00e1cilmente, a veces estallando en reacciones hist\u00e9ricas o incluso violencia f\u00edsica.     <\/p>\n\n\n\n<p>Cuando surge la confusi\u00f3n, parece derivarse de los supery\u00f3s hiperactivos de ambos tipos. Ambos son personas del <q id=\"q-first-1\">deber<\/q> y del <q id=\"q-first-2\">tener que<\/q>: ambos se sienten obligados a cumplir con todas las responsabilidades antes de relajarse o atender sus propias necesidades. En los Niveles m\u00e1s bajos, ambos tipos exhiben una veta legalista: los Seises en el Nivel 6 son El Rebelde Autoritario y los Unos en el mismo Nivel son El Perfeccionista Cr\u00edtico. Cuando sus supery\u00f3s son m\u00e1s severos, ambos tipos son bastante capaces de decir a los dem\u00e1s qu\u00e9 hacer, aunque de diferentes maneras y por diferentes razones. Los Unos moralizan y rega\u00f1an, dando lecciones a los dem\u00e1s en nombre de un ideal sobre cualquier asunto que les preocupe. (<q id=\"q-first-3\">\u00bfTiene usted idea de cu\u00e1n derrochador es utilizar un aire acondicionado?<\/q>) Los Unos no dudan en dar \u00f3rdenes a los dem\u00e1s, dici\u00e9ndoles qu\u00e9 deber\u00edan estar haciendo para mejorarse a s\u00ed mismos o ser m\u00e1s eficaces.      <\/p>\n\n\n\n<p>Los Seis tambi\u00e9n pueden impartir \u00f3rdenes, no debido a est\u00e1ndares internos r\u00edgidos, sino porque temen que la conducta err\u00e1tica e irresponsable de otros pueda potencialmente perturbar la seguridad y estabilidad que intentan mantener. Se sienten enojados y amenazados cuando otros \u201cinfringen las normas\u201d y se vuelven m\u00e1s impredecibles. Los Seis se identifican con ciertas creencias o figuras de autoridad e interiorizan los valores que han aprendido de estas fuentes de orientaci\u00f3n. Una vez que se han identificado con lo que han considerado fuentes fidedignas de informaci\u00f3n sobre el mundo, los Seis pueden mostrarse agresivos hacia cualquiera que no acepte los mismos valores que ellos. Esto es especialmente cierto cuando los Seis se sienten m\u00e1s inseguros; cuanto m\u00e1s ansiosos est\u00e1n, m\u00e1s desean aferrarse a las posiciones o lealtades en las que a\u00fan creen. La indiferencia de otros hacia sus creencias puede enfurecer a los Seis tanto como el rechazo directo de las mismas. Comp\u00e1rense las personalidades de George Bush (un Seis) y Al Gore (un Uno), Meryl Streep (un Uno) y Meg Ryan (un Seis) como ejemplos de las similitudes y diferencias entre estos dos tipos.      <\/p>\n\n\r\n\t\t\t<\/div>\r\n\t\t\n\r\n\t\t\t\t<\/div>\r\n\t\t\t<\/div>\r\n\t\t","protected":false},"excerpt":{"rendered":"<p>Traducido con AI<\/p>\n","protected":false},"author":6,"featured_media":0,"parent":0,"menu_order":0,"comment_status":"closed","ping_status":"closed","template":"","meta":{"_acf_changed":false,"footnotes":""},"class_list":["post-2168","page","type-page","status-publish","hentry"],"acf":[],"_links":{"self":[{"href":"https:\/\/wpml.enneagraminstitute.com\/es\/wp-json\/wp\/v2\/pages\/2168","targetHints":{"allow":["GET"]}}],"collection":[{"href":"https:\/\/wpml.enneagraminstitute.com\/es\/wp-json\/wp\/v2\/pages"}],"about":[{"href":"https:\/\/wpml.enneagraminstitute.com\/es\/wp-json\/wp\/v2\/types\/page"}],"author":[{"embeddable":true,"href":"https:\/\/wpml.enneagraminstitute.com\/es\/wp-json\/wp\/v2\/users\/6"}],"replies":[{"embeddable":true,"href":"https:\/\/wpml.enneagraminstitute.com\/es\/wp-json\/wp\/v2\/comments?post=2168"}],"version-history":[{"count":4,"href":"https:\/\/wpml.enneagraminstitute.com\/es\/wp-json\/wp\/v2\/pages\/2168\/revisions"}],"predecessor-version":[{"id":2910,"href":"https:\/\/wpml.enneagraminstitute.com\/es\/wp-json\/wp\/v2\/pages\/2168\/revisions\/2910"}],"wp:attachment":[{"href":"https:\/\/wpml.enneagraminstitute.com\/es\/wp-json\/wp\/v2\/media?parent=2168"}],"curies":[{"name":"wp","href":"https:\/\/api.w.org\/{rel}","templated":true}]}}