{"id":2165,"date":"2024-01-11T20:34:04","date_gmt":"2024-01-11T20:34:04","guid":{"rendered":"https:\/\/wpml.enneagraminstitute.com\/relacion-entre-el-tipo-3-y-el-tipo-6\/"},"modified":"2025-03-04T16:39:33","modified_gmt":"2025-03-04T16:39:33","slug":"relacion-entre-el-tipo-3-y-el-tipo-6","status":"publish","type":"page","link":"https:\/\/wpml.enneagraminstitute.com\/es\/relacion-entre-el-tipo-3-y-el-tipo-6\/","title":{"rendered":"Relaci\u00f3n entre el Tipo 3 y el Tipo 6"},"content":{"rendered":"<h3 style=\"text-align:center\"> Traducido con AI<\/h3>\r\n\t\t\t<div class='container single-content-layout-layout-block'>\r\n\t\t\t\t<div class='row'>\r\n\t\t\t\t\t\n\r\n\t\t\t<div class='column-block col-12 col-md-10 col-lg-8 offset-lg-1'>\r\n\t\t\t\t\n\n<h1 class=\"wp-block-heading\" id=\"h-enneagram-type-three-the-achiever-with-enneagram-type-six-the-loyalist\">Eneagrama Tipo Tres (el Triunfador)<br\/><em>con<\/em><br\/>Eneagrama Tipo Seis (el Leal)<\/h1>\n\n\n\n<hr class=\"wp-block-separator has-alpha-channel-opacity\"\/>\n\n\n\n<h2 class=\"wp-block-heading\" id=\"h-what-each-type-brings-to-the-relationship\">Lo que cada tipo aporta a la relaci\u00f3n<\/h2>\n\n\n\n<p>Sorprendentemente, esta no es una combinaci\u00f3n frecuente, aunque estos dos tipos pueden funcionar muy bien como equipo. En el aspecto positivo, los Tres aportan trabajo arduo, optimismo, energ\u00eda, un deseo de comunicarse y conectarse con las personas, y una sensaci\u00f3n de potencial ilimitado tanto a nivel personal como en la relaci\u00f3n misma. Los Tres pueden aportar una enorme confianza en s\u00ed mismos y la esperanza de un \u00e9xito asegurado, considerando que esta relaci\u00f3n es un equipo ganador o que esta pareja es la mejor de todas. Los objetivos comunes los unen: ambos son pr\u00e1cticos y desean lograr cosas tangibles en el mundo. Los Seis aportan arraigo, trabajo industrioso, perseverancia en tiempos dif\u00edciles y lealtad personal al Tres. Los Seis proporcionan calidez, apoyo y una gran dosis de sentido com\u00fan pr\u00e1ctico. Los Seis tambi\u00e9n pueden aportar compasi\u00f3n por los desfavorecidos o los menos afortunados en la vida. Los Tres pueden captar esta cualidad compasiva en los Seis y aprender a abrir sus propios corazones m\u00e1s profundamente hacia los desfavorecidos y los desafortunados.       <\/p>\n\n\n\n<p>Ambos creen en aplicar esfuerzo constante hacia los objetivos, ya sea para lograr seguridad financiera o desarrollar talentos personales. En resumen, ambos son hacedores. Fomentan la igualdad y el respeto mutuo por los diferentes talentos que cada uno aporta y los intereses compartidos en los que invierten. Los Tres ayudan a reforzar la confianza de los Seis y a desarrollar su autoestima. Los Seis ofrecen apoyo a los Tres sin que estos se sientan abrumados. Los Seis tambi\u00e9n ayudan a los Tres a formar parte de algo m\u00e1s grande que ellos mismos: una iglesia, una organizaci\u00f3n de servicio, un grupo pol\u00edtico o espiritual. Ambos se fortalecen individualmente y como equipo al \u201cencontrarse a s\u00ed mismos\u201d a trav\u00e9s del servicio y el trabajo humilde y arduo. El respeto mutuo puede crecer a medida que cada uno contin\u00faa descubriendo las buenas cualidades del otro. Esta puede ser una pareja muy duradera y exitosa siempre y cuando los valores centrados en el coraz\u00f3n y los principios m\u00e1s profundos los mantengan a ambos con los pies en la tierra.        <\/p>\n\n\n\n<hr class=\"wp-block-separator has-alpha-channel-opacity\"\/>\n\n\n\n<h2 class=\"wp-block-heading\" id=\"h-potential-trouble-spots-or-issues\">Potenciales puntos problem\u00e1ticos o conflictos<\/h2>\n\n\n\n<p>En \u00faltima instancia, cada uno tiene lo que el otro necesita, pero a menos que su relaci\u00f3n sea saludable y est\u00e9 bien estabilizada, pueden tender a sacar a relucir las peores caracter\u00edsticas en s\u00ed mismos y en el otro. Estos dos tipos tienen cualidades negativas similares en com\u00fan: ambos pueden ser competitivos y convertirse en adictos al trabajo, ambos buscan la reafirmaci\u00f3n externa para compensar sentimientos secretos de inferioridad e inseguridad, ambos desean ser aceptados socialmente. Ambos pueden ser conformistas de diversos tipos, haciendo lo que se espera de ellos, y ambos evitan examinar sus sentimientos m\u00e1s profundos o discutir sus emociones. Tanto los Seis como los Tres tienen sentimientos, pero tienden a dejarlos de lado para cumplir con la tarea, sea cual sea. Sus diferentes estilos de afrontamiento pueden irritarse mutuamente al recordarles sus propios puntos d\u00e9biles. Los Tres parecen estar inflados y grandiosos para los Seis; los Seis parecen ser ca\u00f1ones sueltos nerviosos y reactivos para los Tres. Los Seis yerran por el lado de la precauci\u00f3n, los Tres por el lado de la ambici\u00f3n excesiva.      <\/p>\n\n\n\n<p>En su peor momento, ambos pueden volverse deshonestos, evasivos y encubiertos acerca de sus propias acciones y sentimientos. Pueden deteriorarse hacia una relaci\u00f3n de funcionamiento rob\u00f3tico en la que no se discuten los sentimientos reales y ambos desarrollan vidas sociales alejadas del otro. Los Tres intentar\u00e1n mantener las apariencias y a menudo se averg\u00fcenzan cuando los Seis (intencionalmente o inadvertidamente) revelan que la pareja est\u00e1 en problemas. Eventualmente, se produce un silencioso y mortecino apagamiento de cualquier entusiasmo o inter\u00e9s real de ambos por el otro. En lugar del escepticismo saludable y el cuestionamiento del Seis, o la competitividad juguetona y desafiante del Tres, ambos lados presentan una m\u00e1scara cada vez m\u00e1s anodina de normalidad a s\u00ed mismos y al mundo hasta que algo surge para exponer la situaci\u00f3n.    <\/p>\n\n\n\n<p>For further understanding about this type combination, read more about the\u00a0<a href=\"\/how-the-enneagram-system-works\">Stress Arrow<\/a>\u00a0and how types\u00a0<a href=\"\/type-3\">Three<\/a>\u00a0and\u00a0<a href=\"https:\/\/wpml.enneagraminstitute.com\/type-6\/\">Six<\/a> behave when they are moving along it.<\/p>\n\n\r\n\t\t\t<\/div>\r\n\t\t\n\r\n\t\t\t\t<\/div>\r\n\t\t\t<\/div>\r\n\t\t","protected":false},"excerpt":{"rendered":"<p>Traducido con AI<\/p>\n","protected":false},"author":6,"featured_media":0,"parent":0,"menu_order":0,"comment_status":"closed","ping_status":"closed","template":"","meta":{"_acf_changed":false,"footnotes":""},"class_list":["post-2165","page","type-page","status-publish","hentry"],"acf":[],"_links":{"self":[{"href":"https:\/\/wpml.enneagraminstitute.com\/es\/wp-json\/wp\/v2\/pages\/2165","targetHints":{"allow":["GET"]}}],"collection":[{"href":"https:\/\/wpml.enneagraminstitute.com\/es\/wp-json\/wp\/v2\/pages"}],"about":[{"href":"https:\/\/wpml.enneagraminstitute.com\/es\/wp-json\/wp\/v2\/types\/page"}],"author":[{"embeddable":true,"href":"https:\/\/wpml.enneagraminstitute.com\/es\/wp-json\/wp\/v2\/users\/6"}],"replies":[{"embeddable":true,"href":"https:\/\/wpml.enneagraminstitute.com\/es\/wp-json\/wp\/v2\/comments?post=2165"}],"version-history":[{"count":5,"href":"https:\/\/wpml.enneagraminstitute.com\/es\/wp-json\/wp\/v2\/pages\/2165\/revisions"}],"predecessor-version":[{"id":2911,"href":"https:\/\/wpml.enneagraminstitute.com\/es\/wp-json\/wp\/v2\/pages\/2165\/revisions\/2911"}],"wp:attachment":[{"href":"https:\/\/wpml.enneagraminstitute.com\/es\/wp-json\/wp\/v2\/media?parent=2165"}],"curies":[{"name":"wp","href":"https:\/\/api.w.org\/{rel}","templated":true}]}}