{"id":2163,"date":"2024-01-11T20:34:04","date_gmt":"2024-01-11T20:34:04","guid":{"rendered":"https:\/\/wpml.enneagraminstitute.com\/relacion-tipo-7-con-tipo-7\/"},"modified":"2025-03-04T16:39:33","modified_gmt":"2025-03-04T16:39:33","slug":"relacion-tipo-7-con-tipo-7","status":"publish","type":"page","link":"https:\/\/wpml.enneagraminstitute.com\/es\/relacion-tipo-7-con-tipo-7\/","title":{"rendered":"Relaci\u00f3n Tipo 7 con Tipo 7"},"content":{"rendered":"<h3 style=\"text-align:center\"> Traducido con AI<\/h3>\r\n\t\t\t<div class='container single-content-layout-layout-block'>\r\n\t\t\t\t<div class='row'>\r\n\t\t\t\t\t\n\r\n\t\t\t<div class='column-block col-12 col-md-10 col-lg-8 offset-lg-1'>\r\n\t\t\t\t\n\n<h1 class=\"wp-block-heading\">Eneagrama Tipo Siete (el Entusiasta)<br\/><em>con<\/em><br\/>Eneagrama Tipo Siete (el Entusiasta)<\/h1>\n\n\n\n<hr class=\"wp-block-separator has-alpha-channel-opacity\"\/>\n\n\n\n<h2 class=\"wp-block-heading\">Lo que cada tipo aporta a la relaci\u00f3n<\/h2>\n\n\n\n<p>Como ocurre con todas las relaciones de tipo doble, dos Eneagrama Siete generalmente aportan las mismas cualidades entre s\u00ed. En ello reside tanto una fuente principal de atracci\u00f3n como uno de los principales escollos. Por consiguiente, el Nivel de salud de cada individuo es especialmente importante para este tipo de relaciones, as\u00ed como sus instintos dominantes. Las caracter\u00edsticas clave de las relaciones doble Siete son f\u00e1ciles de identificar: alta energ\u00eda, espontaneidad, viajes y entretenimiento frecuentes, y un inter\u00e9s en cualquier cosa nueva o que prometa abrir nuevas posibilidades. Si ambos Siete est\u00e1n psicol\u00f3gicamente sanos y bien equilibrados, existe una notable alegr\u00eda y sensaci\u00f3n de abundancia que impregna su relaci\u00f3n y se desborda hacia todos a su alrededor. Una relaci\u00f3n saludable de doble Siete es enf\u00e1ticamente feliz \u2014incluso radiante y exuberante\u2014 y ambas partes disfrutan compartiendo su felicidad con tantos otros como sea posible. Son considerados, sensibles, idealistas, hospitalarios y generosos. Las parejas de doble Siete son sociables y excepcionalmente buena compa\u00f1\u00eda para otros, tanto como lo son entre s\u00ed.       <\/p>\n\n\n\n<p>Cada uno aporta a la relaci\u00f3n un esp\u00edritu de libertad personal que es digno de menci\u00f3n. Ninguno desea estar atado a rutinas o compromisos formales vac\u00edos, por lo que ambos Siete est\u00e1n determinados a no imponer muchas reglas o expectativas al otro. Desean que su relaci\u00f3n se gu\u00ede por el hecho de que ambas partes desean positivamente estar con el otro, en lugar de sentir que est\u00e1n encerrados en un conjunto restrictivo de obligaciones. Ambos Siete aportan un sentido de posibilidad, apertura, experimentalismo y realismo que les permite construir una vida juntos \u2014mientras lo convierten en una experiencia agradable para ellos mismos y su c\u00edrculo de familiares y amigos. Las parejas de doble Siete son optimistas y resilientes, y siempre est\u00e1n listas para levantarse y comenzar de nuevo cuando encuentran dificultades. La gratitud por la relaci\u00f3n \u2014y por haberse encontrado mutuamente\u2014 es el esp\u00edritu gu\u00eda.     <\/p>\n\n\n\n<hr class=\"wp-block-separator has-alpha-channel-opacity\"\/>\n\n\n\n<h2 class=\"wp-block-heading\">Potenciales puntos problem\u00e1ticos o conflictos<\/h2>\n\n\n\n<p>Construir una relaci\u00f3n generalmente requiere tiempo juntos y paciencia para sobrellevar las decepciones y desilusiones que tambi\u00e9n suelen formar parte del panorama. Uno de los principales problemas con las relaciones de doble Siete es la impaciencia \u2014el deseo de que la relaci\u00f3n sea m\u00e1s completa y desarrollada de lo que realmente es. Si bien las parejas de doble Siete no carecen de energ\u00eda y altas expectativas para su relaci\u00f3n, pueden encontrar dif\u00edcil mantenerse tanto consigo mismos como con el otro mientras ambos atraviesan los dolores de crecimiento de la relaci\u00f3n. A medida que pasa el tiempo y la relaci\u00f3n ya no es la experiencia estimulante que alguna vez fue, los Siete comienzan a dirigir su atenci\u00f3n a otros lugares, posiblemente a su trabajo o a otras implicaciones.   <\/p>\n\n\n\n<p>Ambos Siete sienten que en alg\u00fan lugar del mundo existe la persona perfecta para ellos. Los Siete est\u00e1n aterrorizados de perderse cualquier cosa en la vida que est\u00e9n destinados a tener. Odian la sensaci\u00f3n de que, al comprometerse con una cosa \u2014ya sea una persona, un lugar para vivir o una carrera\u2014 est\u00e1n limitando su vida de alguna manera fundamental. En resumen, los Siete tienden a ser adversos al compromiso, y es una medida de su salud psicol\u00f3gica cuando pueden comprometerse con relativa facilidad y permanencia con alguien. En una relaci\u00f3n de doble Siete, este problema se agrava y uno de los Siete debe ser el primero en arriesgarse al compromiso \u2014y al posible rechazo.    <\/p>\n\n\n\n<p>Otro problema para las relaciones de doble Siete es que ambos tienden a ser impulsivos e irreverentes, a menudo diciendo y haciendo lo que sea que traiga alivio en el calor del momento. Durante las discusiones, se dicen cosas que no pueden ser retiradas, y los sentimientos pueden resultar irreparablemente heridos por cualquiera de los dos. Ambos pueden ser insensibles, egoc\u00e9ntricos y poco fiables. Ambos tienden tambi\u00e9n a ansiar una estimulaci\u00f3n constante, lo que puede conducir a una vida social agitada. Esto puede ser emocionante si ambas partes hacen cosas juntas, pero si comienzan a tener intereses separados y diferentes conjuntos de amigos, sus vidas sociales los separar\u00e1n. Pueden comenzar a tener poco tiempo el uno para el otro o para su familia. Alguien est\u00e1 destinado a sentirse excluido, y en cierto nivel, cada Siete est\u00e1 determinado a que no ser\u00e1 \u00e9l.      <\/p>\n\n\n\n<p>Para una mayor comprensi\u00f3n sobre esta combinaci\u00f3n de tipos, lea m\u00e1s acerca de la <a href=\"https:\/\/wpml.enneagraminstitute.com\/es\/como-funciona-el-sistema-del-eneagrama\/\">Flecha de Estr\u00e9s<\/a> y c\u00f3mo los tipo <a href=\"https:\/\/wpml.enneagraminstitute.com\/es\/eneagrama-tipo-7-el-entusiasta\/\">Siete <\/a>se comportan cuando se mueven a lo largo de ella.<\/p>\n\n\r\n\t\t\t<\/div>\r\n\t\t\n\r\n\t\t\t\t<\/div>\r\n\t\t\t<\/div>\r\n\t\t","protected":false},"excerpt":{"rendered":"<p>Traducido con AI<\/p>\n","protected":false},"author":6,"featured_media":0,"parent":0,"menu_order":0,"comment_status":"closed","ping_status":"closed","template":"","meta":{"_acf_changed":false,"footnotes":""},"class_list":["post-2163","page","type-page","status-publish","hentry"],"acf":[],"_links":{"self":[{"href":"https:\/\/wpml.enneagraminstitute.com\/es\/wp-json\/wp\/v2\/pages\/2163","targetHints":{"allow":["GET"]}}],"collection":[{"href":"https:\/\/wpml.enneagraminstitute.com\/es\/wp-json\/wp\/v2\/pages"}],"about":[{"href":"https:\/\/wpml.enneagraminstitute.com\/es\/wp-json\/wp\/v2\/types\/page"}],"author":[{"embeddable":true,"href":"https:\/\/wpml.enneagraminstitute.com\/es\/wp-json\/wp\/v2\/users\/6"}],"replies":[{"embeddable":true,"href":"https:\/\/wpml.enneagraminstitute.com\/es\/wp-json\/wp\/v2\/comments?post=2163"}],"version-history":[{"count":5,"href":"https:\/\/wpml.enneagraminstitute.com\/es\/wp-json\/wp\/v2\/pages\/2163\/revisions"}],"predecessor-version":[{"id":2912,"href":"https:\/\/wpml.enneagraminstitute.com\/es\/wp-json\/wp\/v2\/pages\/2163\/revisions\/2912"}],"wp:attachment":[{"href":"https:\/\/wpml.enneagraminstitute.com\/es\/wp-json\/wp\/v2\/media?parent=2163"}],"curies":[{"name":"wp","href":"https:\/\/api.w.org\/{rel}","templated":true}]}}