{"id":2160,"date":"2024-01-11T20:34:04","date_gmt":"2024-01-11T20:34:04","guid":{"rendered":"https:\/\/wpml.enneagraminstitute.com\/identificacion-erronea-entre-5-y-8\/"},"modified":"2025-03-04T16:39:34","modified_gmt":"2025-03-04T16:39:34","slug":"identificacion-erronea-entre-5-y-8","status":"publish","type":"page","link":"https:\/\/wpml.enneagraminstitute.com\/es\/identificacion-erronea-entre-5-y-8\/","title":{"rendered":"Identificaci\u00f3n err\u00f3nea entre 5 y 8"},"content":{"rendered":"<h3 style=\"text-align:center\"> Traducido con AI<\/h3>\r\n\t\t\t<div class='container single-content-layout-layout-block'>\r\n\t\t\t\t<div class='row'>\r\n\t\t\t\t\t\n\r\n\t\t\t<div class='column-block col-12 col-md-10 col-lg-8 offset-lg-1'>\r\n\t\t\t\t\n\n<h1 class=\"wp-block-heading\">Identificaci\u00f3n err\u00f3nea entre Cincos y Ochos<\/h1>\n\n\n\n<hr class=\"wp-block-separator has-alpha-channel-opacity\"\/>\n\n\n\n<p>Estos dos tipos no suelen ser confundidos con frecuencia, pero comparten actitudes similares. Tanto los Ochos como los Cincos se perciben a s\u00ed mismos como for\u00e1neos y ambos se sienten rechazados con facilidad. Ambos son sumamente independientes y est\u00e1n dispuestos a entrar en conflicto con cualquier individuo que amenace su independencia. Ambos creen en la comunicaci\u00f3n directa, pueden ser agresivos y tienden a proteger su vulnerabilidad.   <\/p>\n\n\n\n<p>Los Ochos ocasionalmente se perciben a s\u00ed mismos como Cincos debido a que se desplazan hacia el Cinco en situaciones de estr\u00e9s, y por consiguiente, recuerdan momentos en los que se han aislado de otros para elaborar estrategias y reflexionar sobre sus futuras l\u00edneas de acci\u00f3n. No obstante, los Ochos con mayor frecuencia abordan los problemas de manera frontal y pueden ser sumamente asertivos en la consecuci\u00f3n de sus objetivos. Los Cincos, por el contrario, tienden a retirarse de los dem\u00e1s y a desconectarse de muchas de sus necesidades con el fin de evitar riesgos de dependencia.  <\/p>\n\n\n\n<p>Los Ochos son altamente instintivos y est\u00e1n muy conectados con sus cuerpos: son individuos de acci\u00f3n pr\u00e1ctica, pragmatismo y sensualidad, como resultado. Los Cincos tienden a permanecer m\u00e1s en sus mentes y a menudo mantienen una relaci\u00f3n ambivalente con sus cuerpos. Mantenerse arraigados y pr\u00e1cticos puede ser un desaf\u00edo para los Cincos, lo cual casi nunca representa un problema para los Ochos. Comp\u00e1rese a James Joyce (un Cinco) con Ernest Hemingway (un Ocho).   <\/p>\n\n\r\n\t\t\t<\/div>\r\n\t\t\n\r\n\t\t\t\t<\/div>\r\n\t\t\t<\/div>\r\n\t\t","protected":false},"excerpt":{"rendered":"<p>Traducido con AI<\/p>\n","protected":false},"author":6,"featured_media":0,"parent":0,"menu_order":0,"comment_status":"closed","ping_status":"closed","template":"","meta":{"_acf_changed":false,"footnotes":""},"class_list":["post-2160","page","type-page","status-publish","hentry"],"acf":[],"_links":{"self":[{"href":"https:\/\/wpml.enneagraminstitute.com\/es\/wp-json\/wp\/v2\/pages\/2160","targetHints":{"allow":["GET"]}}],"collection":[{"href":"https:\/\/wpml.enneagraminstitute.com\/es\/wp-json\/wp\/v2\/pages"}],"about":[{"href":"https:\/\/wpml.enneagraminstitute.com\/es\/wp-json\/wp\/v2\/types\/page"}],"author":[{"embeddable":true,"href":"https:\/\/wpml.enneagraminstitute.com\/es\/wp-json\/wp\/v2\/users\/6"}],"replies":[{"embeddable":true,"href":"https:\/\/wpml.enneagraminstitute.com\/es\/wp-json\/wp\/v2\/comments?post=2160"}],"version-history":[{"count":4,"href":"https:\/\/wpml.enneagraminstitute.com\/es\/wp-json\/wp\/v2\/pages\/2160\/revisions"}],"predecessor-version":[{"id":2914,"href":"https:\/\/wpml.enneagraminstitute.com\/es\/wp-json\/wp\/v2\/pages\/2160\/revisions\/2914"}],"wp:attachment":[{"href":"https:\/\/wpml.enneagraminstitute.com\/es\/wp-json\/wp\/v2\/media?parent=2160"}],"curies":[{"name":"wp","href":"https:\/\/api.w.org\/{rel}","templated":true}]}}