{"id":2157,"date":"2024-01-11T20:34:04","date_gmt":"2024-01-11T20:34:04","guid":{"rendered":"https:\/\/wpml.enneagraminstitute.com\/relacion-entre-el-tipo-4-y-el-tipo-7\/"},"modified":"2025-03-04T16:39:34","modified_gmt":"2025-03-04T16:39:34","slug":"relacion-entre-el-tipo-4-y-el-tipo-7","status":"publish","type":"page","link":"https:\/\/wpml.enneagraminstitute.com\/es\/relacion-entre-el-tipo-4-y-el-tipo-7\/","title":{"rendered":"Relaci\u00f3n entre el Tipo 4 y el Tipo 7"},"content":{"rendered":"<h3 style=\"text-align:center\"> Traducido con AI<\/h3>\r\n\t\t\t<div class='container single-content-layout-layout-block'>\r\n\t\t\t\t<div class='row'>\r\n\t\t\t\t\t\n\r\n\t\t\t<div class='column-block col-12 col-md-10 col-lg-8 offset-lg-1'>\r\n\t\t\t\t\n\n<h1 class=\"wp-block-heading\" id=\"h-enneagram-type-four-the-individualist-with-enneagram-type-seven-the-enthusiast\">Eneagrama Tipo Cuatro (el Individualista)<br\/><em>con<\/em><br\/>Eneagrama Tipo Siete (el Entusiasta)<\/h1>\n\n\n\n<hr class=\"wp-block-separator has-alpha-channel-opacity\"\/>\n\n\n\n<h2 class=\"wp-block-heading\" id=\"h-what-each-type-brings-to-the-relationship\">Lo que cada tipo aporta a la relaci\u00f3n<\/h2>\n\n\n\n<p>Los Eneagramas Cuatro y Siete tienden a intrigarse mutuamente, ya que generalmente se trata de un caso de atracci\u00f3n de opuestos. Los Cuatro tienden a ser tranquilos, introvertidos, inseguros, emocionales y pesimistas, mientras que los Siete tienden a ser extrovertidos, seguros de s\u00ed mismos, mentales y optimistas. Los Siete ayudan a los Cuatro a superar la timidez y una posible reticencia a probar nuevas experiencias. Los Cuatro ayudan a los Siete a mantenerse enfocados en lo que realmente desean, y a respetar y permitir sus sentimientos. Los Cuatro y los Siete aportan a su relaci\u00f3n la carga y el misterio de sus diferencias: piensan de manera tan distinta, reaccionan de forma tan diversa y encuentran placer en aspectos tan diferentes. Por lo tanto, pueden intrigarse mutuamente, encontrando al otro infinitamente fascinante, siempre listo con algo nuevo e inesperado.     <\/p>\n\n\n\n<p>Tanto los Cuatro como los Siete aportan una capacidad para la alegr\u00eda y el \u00e9xtasis, la espontaneidad, la emoci\u00f3n y la pasi\u00f3n. Ambos aman la conversaci\u00f3n animada y pueden pasar horas compartiendo entre s\u00ed relatos detallados de los eventos del d\u00eda, as\u00ed como sus pensamientos y reacciones. Los Cuatro y los Siete adoran las cosas refinadas de la vida, los viajes, la buena comida, el vino, la ropa y el mobiliario, y, para bien o para mal, ambos pueden tender a gastar en exceso sus ingresos en lo que consideran necesidades de la vida: caviar, champ\u00e1n y otro viaje a Europa. Ambos tienen un amor por lo nuevo y un sentido de la aventura y el romance que puede mantener su relaci\u00f3n fresca y animada para ellos mismos y ser una fuente de alegr\u00eda e inspiraci\u00f3n para los dem\u00e1s. Ambos tipos pueden ser divertidos, irreverentes y entretenidos. Tambi\u00e9n hay una terrenalidad y un desenfreno en ambos, as\u00ed como, parad\u00f3jicamente, una sofisticaci\u00f3n y un elitismo. Al ser opuestos, los Cuatro y los Siete pueden equilibrarse mutuamente: los Cuatro aportan un sentido de profundidad e interioridad, mientras que los Siete contribuyen con un sentido de diversi\u00f3n y resiliencia emocional.      <\/p>\n\n\n\n<hr class=\"wp-block-separator has-alpha-channel-opacity\"\/>\n\n\n\n<h2 class=\"wp-block-heading\" id=\"h-potential-trouble-spots-or-issues\">Potenciales puntos problem\u00e1ticos o conflictos<\/h2>\n\n\n\n<p>Debido a que son tan diferentes en muchos aspectos, los Cuatro y los Siete deben tener varios puntos fuertes de atracci\u00f3n o de lo contrario es probable que no logren conectarse entre s\u00ed. A menos que alguna pasi\u00f3n fuerte (rom\u00e1ntica, mental o espiritual) los mantenga unidos, es probable que se separen si hay desacuerdos o conflictos profundos al principio de la relaci\u00f3n. Ambos tipos tienden a ser impulsivos y a frustrarse f\u00e1cilmente con los dem\u00e1s cuando se sienten decepcionados o si sus circunstancias de vida no se desarrollan como esperaban. Ambos tienen altas expectativas sobre el tipo de atenci\u00f3n y la calidad de las interacciones que desean de los dem\u00e1s, y si estas no se cumplen, ambos tienden a no dar a los dem\u00e1s demasiadas segundas oportunidades para probarse a s\u00ed mismos. Mientras que los Cuatro pueden admirar e incluso envidiar secretamente la resiliencia y la alta energ\u00eda del Siete, tambi\u00e9n pueden sentirse agotados por sus vidas aceleradas y lo que los Cuatro perciben como los planes y actividades incesantes del Siete. Los Cuatro pueden ver a los Siete como demasiado ruidosos, superficiales e insensibles, y ocasionalmente groseros e insultantes sin darse cuenta.     <\/p>\n\n\n\n<p>Por otro lado, los Siete pueden admirar e intentar imitar el talento art\u00edstico del Cuatro, su creatividad y apreciaci\u00f3n de la sutileza y la belleza. Pero los Siete tambi\u00e9n pueden ver a los Cuatro como hipersensibles, ineficaces, poco pr\u00e1cticos, temperamentales y ensimismados. Adem\u00e1s, si la relaci\u00f3n empeora, los Cuatro generalmente se vuelven m\u00e1s retra\u00eddos y hostiles, atacando al otro desde una distancia segura. Los Siete se vuelven m\u00e1s impacientes, abrasivos y pueden ser verbalmente abusivos. Los Cuatro pueden querer hablar en gran detalle con el Siete sobre todo lo que ha salido mal en la relaci\u00f3n. En contraste, los Siete t\u00edpicamente quieren pasar a algo m\u00e1s prometedor y optimista. El resultado es que los problemas subyacentes no se resuelven adecuadamente. Una vez que esta relaci\u00f3n se agria, pr\u00e1cticamente todo lo que cada uno admiraba y le atra\u00eda del otro se vuelve irritante e insufrible.       <\/p>\n\n\n\n<p>For further understanding about this type combination, read more about the\u00a0<a href=\"\/how-the-enneagram-system-works\">Stress Arrow<\/a>\u00a0and how types\u00a0<a href=\"\/type-4\">Four<\/a>\u00a0and <a href=\"https:\/\/wpml.enneagraminstitute.com\/type-7\/\">Seven<\/a> behave when they are moving along it.<\/p>\n\n\r\n\t\t\t<\/div>\r\n\t\t\n\r\n\t\t\t\t<\/div>\r\n\t\t\t<\/div>\r\n\t\t","protected":false},"excerpt":{"rendered":"<p>Traducido con AI<\/p>\n","protected":false},"author":6,"featured_media":0,"parent":0,"menu_order":0,"comment_status":"closed","ping_status":"closed","template":"","meta":{"_acf_changed":false,"footnotes":""},"class_list":["post-2157","page","type-page","status-publish","hentry"],"acf":[],"_links":{"self":[{"href":"https:\/\/wpml.enneagraminstitute.com\/es\/wp-json\/wp\/v2\/pages\/2157","targetHints":{"allow":["GET"]}}],"collection":[{"href":"https:\/\/wpml.enneagraminstitute.com\/es\/wp-json\/wp\/v2\/pages"}],"about":[{"href":"https:\/\/wpml.enneagraminstitute.com\/es\/wp-json\/wp\/v2\/types\/page"}],"author":[{"embeddable":true,"href":"https:\/\/wpml.enneagraminstitute.com\/es\/wp-json\/wp\/v2\/users\/6"}],"replies":[{"embeddable":true,"href":"https:\/\/wpml.enneagraminstitute.com\/es\/wp-json\/wp\/v2\/comments?post=2157"}],"version-history":[{"count":5,"href":"https:\/\/wpml.enneagraminstitute.com\/es\/wp-json\/wp\/v2\/pages\/2157\/revisions"}],"predecessor-version":[{"id":2915,"href":"https:\/\/wpml.enneagraminstitute.com\/es\/wp-json\/wp\/v2\/pages\/2157\/revisions\/2915"}],"wp:attachment":[{"href":"https:\/\/wpml.enneagraminstitute.com\/es\/wp-json\/wp\/v2\/media?parent=2157"}],"curies":[{"name":"wp","href":"https:\/\/api.w.org\/{rel}","templated":true}]}}