{"id":2156,"date":"2024-01-11T20:34:04","date_gmt":"2024-01-11T20:34:04","guid":{"rendered":"https:\/\/wpml.enneagraminstitute.com\/relacion-del-tipo-5-con-el-tipo-9\/"},"modified":"2025-03-04T16:39:35","modified_gmt":"2025-03-04T16:39:35","slug":"relacion-del-tipo-5-con-el-tipo-9","status":"publish","type":"page","link":"https:\/\/wpml.enneagraminstitute.com\/es\/relacion-del-tipo-5-con-el-tipo-9\/","title":{"rendered":"Relaci\u00f3n del Tipo 5 con el Tipo 9"},"content":{"rendered":"<h3 style=\"text-align:center\"> Traducido con AI<\/h3>\r\n\t\t\t<div class='container single-content-layout-layout-block'>\r\n\t\t\t\t<div class='row'>\r\n\t\t\t\t\t\n\r\n\t\t\t<div class='column-block col-12 col-md-10 col-lg-8 offset-lg-1'>\r\n\t\t\t\t\n\n<h1 class=\"wp-block-heading\" id=\"h-enneagram-type-five-the-investigator-nbsp-with-enneagram-type-nine-the-peacemaker\">Eneagrama Tipo Cinco (el Investigador) <br\/><em>con<\/em><br\/>Eneagrama Tipo Nueve (el Pacificador)<\/h1>\n\n\n\n<hr class=\"wp-block-separator has-alpha-channel-opacity\"\/>\n\n\n\n<h2 class=\"wp-block-heading\" id=\"h-what-each-type-brings-to-the-relationship\">Lo que cada tipo aporta a la relaci\u00f3n<\/h2>\n\n\n\n<p>Una pareja de Eneagrama Cinco\/Nueve se otorga mutuamente un gran espacio personal y emocional para actividades y para hacer cosas por su cuenta. Ninguno de los dos se cierne sobre el otro ni lo invade, aunque a\u00fan est\u00e1 presente la capacidad de una conexi\u00f3n emocional saludable y el inter\u00e9s mutuo. Esta pareja se caracteriza por una sensaci\u00f3n de tranquilidad, no intrusi\u00f3n, amplitud y respeto por los l\u00edmites, el trabajo y la individualidad del otro. Los Nueves son poco exigentes y no critican. Los Nueves son los m\u00e1s emocionales de los dos tipos, pero aun as\u00ed, los Nueves no siempre saben lo que sienten o c\u00f3mo expresarse adecuadamente. Aprecian la capacidad del Cinco de ser curioso acerca de ellos y de sacarlos del tipo de \u201cconfusi\u00f3n interna\u201d en la que los Nueves pueden caer. Los Nueves aprecian la agudeza intelectual del Cinco, su capacidad para hacer las preguntas correctas, recordar cosas, ser objetivo y su paciencia. Los Cincos aprecian la calidez de los Nueves, y cuando existe una conexi\u00f3n personal o sexual real entre ellos, sus cualidades nutricias. Los Cincos suelen sentirse secos y desconectados del sustento emocional; si lo encuentran en alguien, es probable que sea en un Nueve que puede ofrecer aceptaci\u00f3n incuestionable, confort sensual y ternura. Los Nueves a menudo hacen que los Cincos se relajen profunda y completamente, algo que los Cincos necesitan mucho.         <\/p>\n\n\n\n<p>Ambos tipos tienen un componente intelectual y si est\u00e1n m\u00e1s o menos a la par intelectualmente, pueden ser una pareja poderosa y estimulante: el ingenio punzante del Cinco se suaviza con el sutil sarcasmo del Nueve. Ambos aprecian lo irracional y lo absurdo, aunque los Cincos profundizan mucho m\u00e1s en las \u00e1reas oscuras de la vida que los Nueves. Esta pareja puede ser un caso de dos personas que se inician mutuamente en visiones del mundo muy diferentes: el idealismo y el realismo, la luz del sol y la oscuridad, ambos tienen cabida aqu\u00ed.  <\/p>\n\n\n\n<hr class=\"wp-block-separator has-alpha-channel-opacity\"\/>\n\n\n\n<h2 class=\"wp-block-heading\" id=\"h-potential-trouble-spots-or-issues\">Potenciales puntos problem\u00e1ticos o conflictos<\/h2>\n\n\n\n<p>Las tensiones entre los Cincos y los Nueves pueden comenzar a crecer como resultado de la gran cantidad de espacio que cada uno est\u00e1 dispuesto y es capaz de dar al otro. Ambos son muy conscientes de los l\u00edmites y de sentirse presionados o invadidos por alguien, por lo que ambos tienden a esperar un grado inusual de independencia del otro y a otorgar un gran grado de libertad al otro sin que se les pida. Por esta raz\u00f3n, a menudo es dif\u00edcil para los Cincos y los Nueves tomar la iniciativa (para concertar una cita, por ejemplo) o ser decisivos acerca de llamar regularmente, o incluso saber lo que sus sentimientos les est\u00e1n diciendo sobre el otro. Puede haber un gran nivel de comodidad y afinidad intelectual, pero uno o ambos miembros de la pareja pueden estar relativamente desconectados de sus sentimientos, de modo que realmente no saben cu\u00e1nto les importa el otro, o incluso si est\u00e1n enamorados. Los Nueves tienden a estar m\u00e1s disponibles emocionalmente y son m\u00e1s fluidos en este aspecto, gustando e incluso idealizando al Cinco mientras est\u00e1n juntos, pero olvidando r\u00e1pidamente esos sentimientos positivos cuando la persona est\u00e1 ausente. Los Nueves f\u00e1cilmente entran en un estado de &#8216;ojos que no ven, coraz\u00f3n que no siente&#8217;, donde el otro podr\u00eda no existir si no est\u00e1n f\u00edsicamente juntos. Los Nueves tambi\u00e9n pueden idealizar tanto al otro que cuando se re\u00fanen, el Cinco no puede realmente estar a la altura de la imagen que el Nueve tiene de ellos en su imaginaci\u00f3n. Los Cincos, por otro lado, pueden frustrarse por la atenci\u00f3n intermitente del Nueve y comenzar a volverse c\u00ednicos y pesimistas sobre la relaci\u00f3n, analizando al Nueve y diseccionando intelectualmente la relaci\u00f3n tanto como una defensa para no ser heridos como una forma de expresar ira por su decepci\u00f3n.       <\/p>\n\n\n\n<p>Ambos tipos pueden estar desconectados de s\u00ed mismos y del otro, viviendo en proyecciones e imaginaci\u00f3n en lugar de ver al otro como es. El trabajo y los intereses solitarios pueden acaparar la atenci\u00f3n del Cinco, y la b\u00fasqueda de paz y relaciones m\u00e1s solidarias puede alejar al Nueve. A menos que haya una raz\u00f3n intensa para verse con frecuencia, la testarudez, la inercia y los problemas de autonom\u00eda del Nueve se mezclar\u00e1n con el aislamiento, el desapego y la indiferencia del Cinco, y la relaci\u00f3n se marchitar\u00e1.  <\/p>\n\n\n\n<p>For further understanding about this type combination, read more about the\u00a0<a href=\"\/how-the-enneagram-system-works\">Stress Arrow<\/a>\u00a0and how types\u00a0<a href=\"\/type-5\">Five<\/a>\u00a0and\u00a0<a href=\"https:\/\/wpml.enneagraminstitute.com\/type-9\/\">Nine<\/a>\u00a0behave when they are moving along it.<\/p>\n\n\r\n\t\t\t<\/div>\r\n\t\t\n\r\n\t\t\t\t<\/div>\r\n\t\t\t<\/div>\r\n\t\t","protected":false},"excerpt":{"rendered":"<p>Traducido con AI<\/p>\n","protected":false},"author":6,"featured_media":0,"parent":0,"menu_order":0,"comment_status":"closed","ping_status":"closed","template":"","meta":{"_acf_changed":false,"footnotes":""},"class_list":["post-2156","page","type-page","status-publish","hentry"],"acf":[],"_links":{"self":[{"href":"https:\/\/wpml.enneagraminstitute.com\/es\/wp-json\/wp\/v2\/pages\/2156","targetHints":{"allow":["GET"]}}],"collection":[{"href":"https:\/\/wpml.enneagraminstitute.com\/es\/wp-json\/wp\/v2\/pages"}],"about":[{"href":"https:\/\/wpml.enneagraminstitute.com\/es\/wp-json\/wp\/v2\/types\/page"}],"author":[{"embeddable":true,"href":"https:\/\/wpml.enneagraminstitute.com\/es\/wp-json\/wp\/v2\/users\/6"}],"replies":[{"embeddable":true,"href":"https:\/\/wpml.enneagraminstitute.com\/es\/wp-json\/wp\/v2\/comments?post=2156"}],"version-history":[{"count":5,"href":"https:\/\/wpml.enneagraminstitute.com\/es\/wp-json\/wp\/v2\/pages\/2156\/revisions"}],"predecessor-version":[{"id":2916,"href":"https:\/\/wpml.enneagraminstitute.com\/es\/wp-json\/wp\/v2\/pages\/2156\/revisions\/2916"}],"wp:attachment":[{"href":"https:\/\/wpml.enneagraminstitute.com\/es\/wp-json\/wp\/v2\/media?parent=2156"}],"curies":[{"name":"wp","href":"https:\/\/api.w.org\/{rel}","templated":true}]}}