{"id":2153,"date":"2024-01-11T20:34:04","date_gmt":"2024-01-11T20:34:04","guid":{"rendered":"https:\/\/wpml.enneagraminstitute.com\/tipo-de-relacion-3-con-tipo-8\/"},"modified":"2025-03-04T16:39:35","modified_gmt":"2025-03-04T16:39:35","slug":"tipo-de-relacion-3-con-tipo-8","status":"publish","type":"page","link":"https:\/\/wpml.enneagraminstitute.com\/es\/tipo-de-relacion-3-con-tipo-8\/","title":{"rendered":"Tipo de relaci\u00f3n 3 con tipo 8"},"content":{"rendered":"<h3 style=\"text-align:center\"> Traducido con AI<\/h3>\r\n\t\t\t<div class='container single-content-layout-layout-block'>\r\n\t\t\t\t<div class='row'>\r\n\t\t\t\t\t\n\r\n\t\t\t<div class='column-block col-12 col-md-10 col-lg-8 offset-lg-1'>\r\n\t\t\t\t\n\n<h1 class=\"wp-block-heading\" id=\"h-enneagram-type-three-the-achiever-nbsp-with-enneagram-type-eight-the-challenger\">Eneagrama Tipo Tres (el Triunfador) <br\/><em>con<\/em><br\/>Eneagrama Tipo Ocho (el Desafiador)<\/h1>\n\n\n\n<hr class=\"wp-block-separator has-alpha-channel-opacity\"\/>\n\n\n\n<h2 class=\"wp-block-heading\" id=\"h-what-each-type-brings-to-the-relationship\">Lo que cada tipo aporta a la relaci\u00f3n<\/h2>\n\n\n\n<p>Estos dos tipos pueden formar alianzas poderosas y altamente eficaces, y tambi\u00e9n pueden tener relaciones personales apasionadas y estimulantes. Ambos son asertivos: tanto los Tres como los Ocho van tras lo que desean en la vida. Ambos pueden ser figuras extraordinarias que destacan de alguna manera y, debido a que ambos sobresalen en su c\u00edrculo social, no pueden evitar notarse mutuamente y llegar a un entendimiento. O bien se forma una alianza que beneficiar\u00e1 a ambas partes, o se desarrolla una competencia que los mantendr\u00e1 separados. Sorprendentemente, la fuerza y solidez del Ocho da permiso a los Tres para ser m\u00e1s sinceros: el Ocho se percibe como confiable y los Tres buscan seguridad para revelar sus corazones. A los Ocho tambi\u00e9n les agrada ver a los Tres aprovechar las oportunidades y enfrentar los desaf\u00edos que les ofrecen. Por otro lado, ayuda a los Ocho a relajarse una vez que ven que el Tres es competente y puede hacer las cosas por su cuenta. Adem\u00e1s, tanto los Tres como los Ocho est\u00e1n orientados a la acci\u00f3n, son pragm\u00e1ticos, se preocupan por lograr el trabajo y est\u00e1n dispuestos a tomar la iniciativa para alcanzar sus objetivos.        <\/p>\n\n\n\n<p>Ambos poseen un marcado grado de confianza en s\u00ed mismos (al menos externamente), pueden ser persuasivos y son capaces de asumir p\u00e9rdidas y cambiar de objetivos cuando las cosas no funcionan para ellos. A esta combinaci\u00f3n, los Tres aportan una mayor conciencia de los dem\u00e1s, un sentido de las relaciones p\u00fablicas y de c\u00f3mo agradar a las personas. Son m\u00e1s diplom\u00e1ticos y adaptables, tanto en su relaci\u00f3n con los Ocho como con los dem\u00e1s. Los Ocho aportan franqueza en la expresi\u00f3n, intrepidez, vigor f\u00edsico y determinaci\u00f3n para lograr su visi\u00f3n personal. Aportan solidez, capacidad de decisi\u00f3n y un tipo de fortaleza que da confianza al m\u00e1s flexible Tres. Desean enorgullecerse el uno del otro y apoyar mutuamente sus potenciales y logros. Tienden a no competir entre s\u00ed, lo cual es sorprendente porque ambos tienden, en general, a ser competitivos con los dem\u00e1s.      <\/p>\n\n\n\n<hr class=\"wp-block-separator has-alpha-channel-opacity\"\/>\n\n\n\n<h2 class=\"wp-block-heading\" id=\"h-potential-trouble-spots-or-issues\">Potenciales puntos problem\u00e1ticos o conflictos<\/h2>\n\n\n\n<p>Los Tres y los Ocho pueden ser eficaces en el mundo de los negocios y en sus carreras profesionales, donde la energ\u00eda, la determinaci\u00f3n para triunfar y el impulso personal son necesarios. Sin embargo, ambos tipos tienden a ser adictos al trabajo, someti\u00e9ndose a un estr\u00e9s tremendo para alcanzar sus objetivos y mantener el \u00e9xito que han logrado. Bajo suficiente estr\u00e9s, pueden dejar de apoyarse mutuamente y competir para superar los logros del otro. De los dos tipos, los Ocho son m\u00e1s abiertamente controladores que los Tres, aunque los Tres intentar\u00e1n controlar las situaciones de manera encubierta, lo cual puede despertar las sospechas y la falta de confianza del Ocho. Una vez que se compromete la confianza, los Ocho pueden volverse celosos y posesivos, ordenando al Tres que haga cosas para probar su lealtad personal hacia el Ocho. Los Tres pueden sentirse f\u00e1cilmente utilizados y menospreciados, sin ser adecuadamente apreciados por sus contribuciones o por su apoyo al Ocho. Los Ocho comienzan a esperar y exigir lealtad \u2014incluso obediencia\u2014 a cambio de su patrocinio y orientaci\u00f3n. Los Tres empiezan a sentir que est\u00e1n perdiendo su capacidad para perseguir sus propios objetivos, que se est\u00e1n convirtiendo en un ap\u00e9ndice del Ocho.       <\/p>\n\n\n\n<p>En respuesta al deterioro de las condiciones, ambos tipos pueden volverse manipuladores para obtener lo que desean. Una vez que comienzan a hacer esto entre ellos, la confianza y la apertura no pueden mantenerse. Adem\u00e1s, ni los Tres ni los Ocho son muy h\u00e1biles para hablar de sus verdaderos sentimientos o necesidades, ni se sienten c\u00f3modos mostr\u00e1ndose vulnerables. Para ambos, el aislamiento y la sospecha se convierten en la norma y puede resultar dif\u00edcil romper esta din\u00e1mica. Los Ocho pueden ver al Tres como enga\u00f1oso y poco confiable; los Tres pueden ver al Ocho como obstinado y vengativo, y pueden temer ser humillados y cooptados de por vida. Los Ocho, en \u00faltima instancia, desean apoyo para s\u00ed mismos y su visi\u00f3n. Los Tres quieren desarrollarse y ser admirados por sus cualidades. Surgen batallas sobre qui\u00e9n est\u00e1 apoyando a qui\u00e9n. \u00bfLa agenda de qui\u00e9n prevalecer\u00e1? Puede seguir una ruptura desagradable y muy personal.         <\/p>\n\n\n\n<p>For further understanding about this type combination, read more about the\u00a0<a href=\"\/how-the-enneagram-system-works\">Stress Arrow<\/a>\u00a0and how types\u00a0<a href=\"\/type-3\">Three<\/a>\u00a0and <a href=\"https:\/\/wpml.enneagraminstitute.com\/type-8\/\">Eight<\/a> behave when they are moving along it.<\/p>\n\n\r\n\t\t\t<\/div>\r\n\t\t\n\r\n\t\t\t\t<\/div>\r\n\t\t\t<\/div>\r\n\t\t","protected":false},"excerpt":{"rendered":"<p>Traducido con AI<\/p>\n","protected":false},"author":6,"featured_media":0,"parent":0,"menu_order":0,"comment_status":"closed","ping_status":"closed","template":"","meta":{"_acf_changed":false,"footnotes":""},"class_list":["post-2153","page","type-page","status-publish","hentry"],"acf":[],"_links":{"self":[{"href":"https:\/\/wpml.enneagraminstitute.com\/es\/wp-json\/wp\/v2\/pages\/2153","targetHints":{"allow":["GET"]}}],"collection":[{"href":"https:\/\/wpml.enneagraminstitute.com\/es\/wp-json\/wp\/v2\/pages"}],"about":[{"href":"https:\/\/wpml.enneagraminstitute.com\/es\/wp-json\/wp\/v2\/types\/page"}],"author":[{"embeddable":true,"href":"https:\/\/wpml.enneagraminstitute.com\/es\/wp-json\/wp\/v2\/users\/6"}],"replies":[{"embeddable":true,"href":"https:\/\/wpml.enneagraminstitute.com\/es\/wp-json\/wp\/v2\/comments?post=2153"}],"version-history":[{"count":5,"href":"https:\/\/wpml.enneagraminstitute.com\/es\/wp-json\/wp\/v2\/pages\/2153\/revisions"}],"predecessor-version":[{"id":2917,"href":"https:\/\/wpml.enneagraminstitute.com\/es\/wp-json\/wp\/v2\/pages\/2153\/revisions\/2917"}],"wp:attachment":[{"href":"https:\/\/wpml.enneagraminstitute.com\/es\/wp-json\/wp\/v2\/media?parent=2153"}],"curies":[{"name":"wp","href":"https:\/\/api.w.org\/{rel}","templated":true}]}}