{"id":2152,"date":"2024-01-11T20:34:04","date_gmt":"2024-01-11T20:34:04","guid":{"rendered":"https:\/\/wpml.enneagraminstitute.com\/identificacion-erronea-de-2-y-5\/"},"modified":"2025-03-04T16:39:35","modified_gmt":"2025-03-04T16:39:35","slug":"identificacion-erronea-de-2-y-5","status":"publish","type":"page","link":"https:\/\/wpml.enneagraminstitute.com\/es\/identificacion-erronea-de-2-y-5\/","title":{"rendered":"Identificaci\u00f3n err\u00f3nea de 2 y 5"},"content":{"rendered":"<h3 style=\"text-align:center\"> Traducido con AI<\/h3>\r\n\t\t\t<div class='container single-content-layout-layout-block'>\r\n\t\t\t\t<div class='row'>\r\n\t\t\t\t\t\n\r\n\t\t\t<div class='column-block col-12 col-md-10 col-lg-8 offset-lg-1'>\r\n\t\t\t\t\n\n<h1 class=\"wp-block-heading\">Identificaci\u00f3n err\u00f3nea de Doses y Cincos<\/h1>\n\n\n\n<hr class=\"wp-block-separator has-alpha-channel-opacity\"\/>\n\n\n\n<p>Esta es una identificaci\u00f3n err\u00f3nea sumamente improbable. Pocas personas de cualquiera de los dos tipos ser\u00edan propensas a identificarse err\u00f3neamente como el otro tipo, aunque ocasionalmente otros podr\u00edan ser enga\u00f1ados. Sorprendentemente, es m\u00e1s probable que algunos Cincos sean confundidos con Doses, pero solo en circunstancias muy espec\u00edficas. Debido a que los Cincos no forman v\u00ednculos emocionales f\u00e1cilmente, pueden ser altamente dependientes de los pocos que <em>s\u00ed<\/em> forman, y pueden volverse necesitados con sus parejas significativas. En tales momentos, no desean que sus seres queridos se alejen de ellos, de manera algo similar a los Doses promedio.    <\/p>\n\n\n\n<p>Por lo dem\u00e1s, estos tipos son pr\u00e1cticamente opuestos. Los Doses son emocionalmente expresivos y altamente orientados hacia las personas. Los Cincos son emocionalmente distantes y pueden ser los verdaderos solitarios del Eneagrama. Ambos se sienten rechazados f\u00e1cilmente, pero los Doses lidian con ello gan\u00e1ndose a las personas y los Cincos lo hacen desapeg\u00e1ndose del dolor y aisl\u00e1ndose a\u00fan m\u00e1s. Los Doses se gu\u00edan por sus sentimientos y pueden desconcertarse o irritarse con enfoques excesivamente intelectuales o ideas y procedimientos complejos. Los Cincos se desconciertan o irritan con la sentimentalidad y la efusividad: los Cincos sienten que est\u00e1n en su elemento con conceptos intelectuales y complejidad. Los Doses tienden a acercarse a los dem\u00e1s; los Cincos tienden a retirarse de los dem\u00e1s, y as\u00ed sucesivamente.      <\/p>\n\n\r\n\t\t\t<\/div>\r\n\t\t\n\r\n\t\t\t\t<\/div>\r\n\t\t\t<\/div>\r\n\t\t","protected":false},"excerpt":{"rendered":"<p>Traducido con AI<\/p>\n","protected":false},"author":6,"featured_media":0,"parent":0,"menu_order":0,"comment_status":"closed","ping_status":"closed","template":"","meta":{"_acf_changed":false,"footnotes":""},"class_list":["post-2152","page","type-page","status-publish","hentry"],"acf":[],"_links":{"self":[{"href":"https:\/\/wpml.enneagraminstitute.com\/es\/wp-json\/wp\/v2\/pages\/2152","targetHints":{"allow":["GET"]}}],"collection":[{"href":"https:\/\/wpml.enneagraminstitute.com\/es\/wp-json\/wp\/v2\/pages"}],"about":[{"href":"https:\/\/wpml.enneagraminstitute.com\/es\/wp-json\/wp\/v2\/types\/page"}],"author":[{"embeddable":true,"href":"https:\/\/wpml.enneagraminstitute.com\/es\/wp-json\/wp\/v2\/users\/6"}],"replies":[{"embeddable":true,"href":"https:\/\/wpml.enneagraminstitute.com\/es\/wp-json\/wp\/v2\/comments?post=2152"}],"version-history":[{"count":4,"href":"https:\/\/wpml.enneagraminstitute.com\/es\/wp-json\/wp\/v2\/pages\/2152\/revisions"}],"predecessor-version":[{"id":2918,"href":"https:\/\/wpml.enneagraminstitute.com\/es\/wp-json\/wp\/v2\/pages\/2152\/revisions\/2918"}],"wp:attachment":[{"href":"https:\/\/wpml.enneagraminstitute.com\/es\/wp-json\/wp\/v2\/media?parent=2152"}],"curies":[{"name":"wp","href":"https:\/\/api.w.org\/{rel}","templated":true}]}}