{"id":2146,"date":"2024-01-11T20:34:04","date_gmt":"2024-01-11T20:34:04","guid":{"rendered":"https:\/\/wpml.enneagraminstitute.com\/relacion-tipo-4-con-tipo-6\/"},"modified":"2025-03-04T16:39:36","modified_gmt":"2025-03-04T16:39:36","slug":"relacion-tipo-4-con-tipo-6","status":"publish","type":"page","link":"https:\/\/wpml.enneagraminstitute.com\/es\/relacion-tipo-4-con-tipo-6\/","title":{"rendered":"Relaci\u00f3n Tipo 4 con Tipo 6"},"content":{"rendered":"<h3 style=\"text-align:center\"> Traducido con AI<\/h3>\r\n\t\t\t<div class='container single-content-layout-layout-block'>\r\n\t\t\t\t<div class='row'>\r\n\t\t\t\t\t\n\r\n\t\t\t<div class='column-block col-12 col-md-10 col-lg-8 offset-lg-1'>\r\n\t\t\t\t\n\n<h1 class=\"wp-block-heading\" id=\"h-enneagram-type-four-the-individualist-nbsp-with-enneagram-type-six-the-loyalist\">Eneagrama Tipo Cuatro (el Individualista) <br\/><em>con<\/em><br\/>Eneagrama Tipo Seis (el Lealista)<\/h1>\n\n\n\n<hr class=\"wp-block-separator has-alpha-channel-opacity\"\/>\n\n\n\n<h2 class=\"wp-block-heading\" id=\"h-what-each-type-brings-to-the-relationship\">Lo que cada tipo aporta a la relaci\u00f3n<\/h2>\n\n\n\n<p>Tanto los Eneagrama Cuatro como los Seis poseen numerosas afinidades naturales entre s\u00ed, especialmente debido a que ambos son altamente emocionales y a menudo se sienten inseguros en presencia de otras personas. Ambos tienden a experimentar sentimientos intensos e inmediatos y a actuar seg\u00fan sus intuiciones o corazonadas inconscientes. Los Seis frecuentemente se identifican err\u00f3neamente como Cuatro en un principio debido a los rasgos que efectivamente comparten. Estas mismas caracter\u00edsticas pueden ser las que aportan a la relaci\u00f3n, permiti\u00e9ndoles tener un grado inusual de empat\u00eda y tolerancia mutua. En resumen, los Cuatro y los Seis pueden brindarse mutuamente la sensaci\u00f3n de ser almas gemelas, conectadas por sus sentimientos de abandono y cierta desconfianza hacia los dem\u00e1s. Pueden sentirse como \u201chu\u00e9rfanos en la tormenta\u201d que se ofrecen apoyo y consuelo mutuos. En lugar de energizarse entre s\u00ed, cuando est\u00e1n saludables, los Cuatro y los Seis tienden a apoyarse y estabilizarse mutuamente, generalmente actuando como caja de resonancia para preocupaciones y quejas que sienten que no pueden expresar en ning\u00fan otro lugar.      <\/p>\n\n\n\n<p>Los Cuatro aportan sensibilidad, sensualidad y la capacidad de expresar emociones abiertamente, incluyendo los sentimientos que los propios Seis no saben c\u00f3mo expresar. Los Cuatro hablan sobre sus vidas internas, algo que los Seis a menudo necesitan aprender. Los Seis aportan trabajo duro, perseverancia, practicidad, lealtad y preocupaci\u00f3n por la seguridad a la relaci\u00f3n. Tambi\u00e9n suelen ser c\u00e1lidos e impredeciblemente juguetones, capaces de romper cualquier melancol\u00eda y ensimismamiento en los que los Cuatro puedan caer peri\u00f3dicamente. Los Cuatro proporcionan a los Seis la sensaci\u00f3n de ser necesarios, lo que ayuda a dar a los Seis m\u00e1s confianza en su capacidad para afrontar las situaciones. A los Seis les gusta ser pr\u00e1cticos y a menudo proporcionan a los Cuatro una plataforma de alg\u00fan tipo para desarrollar su creatividad, as\u00ed como el tiempo y el apoyo que puedan necesitar para trabajar en sus problemas emocionales. Esta combinaci\u00f3n crea estabilidad y audacia, equilibrio y la capacidad de complementarse mutuamente tanto en su propio desarrollo como en asuntos pr\u00e1cticos.      <\/p>\n\n\n\n<hr class=\"wp-block-separator has-alpha-channel-opacity\"\/>\n\n\n\n<h2 class=\"wp-block-heading\" id=\"h-potential-trouble-spots-or-issues\">Potenciales puntos problem\u00e1ticos o conflictos<\/h2>\n\n\n\n<p>Como se mencion\u00f3 anteriormente, tanto los Cuatro como los Seis tienen problemas con sentimientos de abandono. Ambos tipos en los Niveles inferiores tienden a ser emocionalmente reactivos, cr\u00edticos con los dem\u00e1s, pesimistas y pueden sentirse abrumados. Aunque es posible que no hablen de ello a menudo, pueden ponerse a prueba mutuamente de diversas maneras en un intento de descubrir cu\u00e1n leal ser\u00e1 el otro hacia ellos. Ambos tipos tambi\u00e9n pueden comenzar a retirar sutilmente su atenci\u00f3n y afecto del otro como una forma de defenderse contra el dolor del potencial abandono, en caso de que ocurra. Sin embargo, en esto, ambos tipos tienen una tendencia a crear una profec\u00eda autocumplida en la que sus temores y reacciones provocan precisamente aquello que est\u00e1n tratando conscientemente de evitar. Ambos tipos pueden volverse codependientes, y su dependencia mutua puede no resultar en el desarrollo de ninguno de los dos: los Cuatro no se vuelven autom\u00e1ticamente m\u00e1s pr\u00e1cticos, y los Seis no se vuelven m\u00e1s perspicaces sobre s\u00ed mismos.     <\/p>\n\n\n\n<p>Otro potencial punto de conflicto para los Cuatro y los Seis radica en el \u00e1rea del cambio y la tolerancia al cambio. Generalmente, los Cuatro est\u00e1n m\u00e1s interesados en la autoexploraci\u00f3n y el autodesarrollo, y tienden a ser m\u00e1s aventureros en sus gustos y en lo que se permiten pensar y experimentar. Los Seis tienden a ser m\u00e1s conservadores y resistentes al cambio y a la exploraci\u00f3n personal, lo que puede generar potenciales conflictos con los Cuatro, quienes pueden sentir que los Seis los est\u00e1n frenando y sofocando su creatividad y desarrollo. Ambos pueden ser pesimistas y dudar de s\u00ed mismos, melanc\u00f3licos y desconfiados de los dem\u00e1s. La queja t\u00edpica que los Cuatro tienen sobre los Seis es que no son lo suficientemente libres de esp\u00edritu y rom\u00e1nticos, mientras que la queja de los Seis sobre los Cuatro es que son demasiado poco fiables y act\u00faan demasiado por caprichos y no son emocionalmente lo suficientemente estables. Ambos tipos son reactivos y los conflictos pueden escalar r\u00e1pidamente: los malentendidos pueden conducir a proyecciones y reacciones exageradas masivas.     <\/p>\n\n\n\n<p>For further understanding about this type combination, read more about the\u00a0<a href=\"\/how-the-enneagram-system-works\">Stress Arrow<\/a>\u00a0and how types\u00a0<a href=\"\/type-4\">Four<\/a>\u00a0and <a href=\"https:\/\/wpml.enneagraminstitute.com\/type-6\/\">Six<\/a> behave when they are moving along it.<\/p>\n\n\r\n\t\t\t<\/div>\r\n\t\t\n\r\n\t\t\t\t<\/div>\r\n\t\t\t<\/div>\r\n\t\t","protected":false},"excerpt":{"rendered":"<p>Traducido con AI<\/p>\n","protected":false},"author":6,"featured_media":0,"parent":0,"menu_order":0,"comment_status":"closed","ping_status":"closed","template":"","meta":{"_acf_changed":false,"footnotes":""},"class_list":["post-2146","page","type-page","status-publish","hentry"],"acf":[],"_links":{"self":[{"href":"https:\/\/wpml.enneagraminstitute.com\/es\/wp-json\/wp\/v2\/pages\/2146","targetHints":{"allow":["GET"]}}],"collection":[{"href":"https:\/\/wpml.enneagraminstitute.com\/es\/wp-json\/wp\/v2\/pages"}],"about":[{"href":"https:\/\/wpml.enneagraminstitute.com\/es\/wp-json\/wp\/v2\/types\/page"}],"author":[{"embeddable":true,"href":"https:\/\/wpml.enneagraminstitute.com\/es\/wp-json\/wp\/v2\/users\/6"}],"replies":[{"embeddable":true,"href":"https:\/\/wpml.enneagraminstitute.com\/es\/wp-json\/wp\/v2\/comments?post=2146"}],"version-history":[{"count":5,"href":"https:\/\/wpml.enneagraminstitute.com\/es\/wp-json\/wp\/v2\/pages\/2146\/revisions"}],"predecessor-version":[{"id":2921,"href":"https:\/\/wpml.enneagraminstitute.com\/es\/wp-json\/wp\/v2\/pages\/2146\/revisions\/2921"}],"wp:attachment":[{"href":"https:\/\/wpml.enneagraminstitute.com\/es\/wp-json\/wp\/v2\/media?parent=2146"}],"curies":[{"name":"wp","href":"https:\/\/api.w.org\/{rel}","templated":true}]}}