{"id":2144,"date":"2024-01-11T20:34:04","date_gmt":"2024-01-11T20:34:04","guid":{"rendered":"https:\/\/wpml.enneagraminstitute.com\/identificacion-erronea-de-3-y-7\/"},"modified":"2025-03-04T16:39:37","modified_gmt":"2025-03-04T16:39:37","slug":"identificacion-erronea-de-3-y-7","status":"publish","type":"page","link":"https:\/\/wpml.enneagraminstitute.com\/es\/identificacion-erronea-de-3-y-7\/","title":{"rendered":"Identificaci\u00f3n err\u00f3nea de 3 y 7"},"content":{"rendered":"<h3 style=\"text-align:center\"> Traducido con AI<\/h3>\r\n\t\t\t<div class='container single-content-layout-layout-block'>\r\n\t\t\t\t<div class='row'>\r\n\t\t\t\t\t\n\r\n\t\t\t<div class='column-block col-12 col-md-10 col-lg-8 offset-lg-1'>\r\n\t\t\t\t\n\n<h1 class=\"wp-block-heading\">Identificaci\u00f3n err\u00f3nea de Tres y Sietes<\/h1>\n\n\n\n<hr class=\"wp-block-separator has-alpha-channel-opacity\"\/>\n\n\n\n<p>Tanto los Tres como los Sietes son tipos agresivos o asertivos (<em>PT<\/em>, 433-36) y ambos est\u00e1n interesados en disfrutar diferentes aspectos del \u00e9xito. Ambos tipos pueden perseguir la adquisici\u00f3n de riqueza y s\u00edmbolos de estatus, pero con diferencias significativas: los Sietes porque su sentido de s\u00ed mismos se mantiene mediante la posesi\u00f3n de cosas, los Tres porque los s\u00edmbolos de estatus refuerzan su sentimiento de superioridad y, por ende, su sentido de s\u00ed mismos. <\/p>\n\n\n\n<p>Los Sietes aman el mundo material y desean adquirir una variedad de experiencias emocionantes porque tener un flujo constante de sensaciones les hace sentirse vivos. Son buscadores de sensaciones, cuyo sentido de s\u00ed mismos se mantiene y refuerza al intensificar su experiencia del mundo, independientemente del conocimiento que otros tengan de sus adquisiciones. Para ellos, lo importante es la estimulaci\u00f3n que les proporciona la b\u00fasqueda y adquisici\u00f3n de experiencias y cosas, ya sea que alguien m\u00e1s forme parte del cuadro o no. Por ejemplo, realizar un crucero de primera clase en un transatl\u00e1ntico es una fuente de placer para los Sietes, independientemente de si alguien m\u00e1s sabe que lo est\u00e1n haciendo. En contraste, a menos que todos sepan que est\u00e1n realizando un viaje costoso y se sientan envidiosos al respecto, la experiencia tiene mucho menos valor para los Tres promedio.    <\/p>\n\n\n\n<p>La similitud entre los Tres y los Sietes puede ser m\u00e1s confusa en los Niveles promedio cuando los Sietes se convierten en creadores de tendencias pasajeras que desean experimentar lo que sea nuevo y emocionante de inmediato. (Los Sietes promedio quieren la emoci\u00f3n de ser los primeros en el lugar m\u00e1s de moda, mientras que los Tres promedio son trendy en el sentido de que crean nuevos s\u00edmbolos de estatus de varios tipos por la exclusividad de ser parte del \u201cgrupo selecto.\u201d) As\u00ed, ambos tipos se vuelven esnobs, con los Sietes menospreciando a otros debido a las cosas costosas que poseen y que otros no, y los Tres menospreciando a las personas porque son capaces de excluirlas de asociarse con ellos mientras a\u00fan las tientan a querer hacerlo.  <\/p>\n\n\n\n<p>Las diferencias, sin embargo, son muy grandes. El motivo subyacente para los Sietes promedio es proporcionarse a s\u00ed mismos un flujo continuo de estimulaci\u00f3n del entorno, particularmente de las cosas materiales. En contraste, el principal motivo subyacente para los Tres promedio es elevarse por encima de los dem\u00e1s de manera competitiva en cualquier forma posible\u2014social, sexual, en s\u00edmbolos de estatus y carreras, o simplemente en sus propias mentes. Para los Tres, las posesiones costosas anuncian a los dem\u00e1s que han alcanzado \u00e9xito social y que son deseables\u2014alguien a quien los dem\u00e1s deben prestar atenci\u00f3n. Por ejemplo, el dinero permite a los Tres contratar una institutriz para sus hijos para que puedan perseguir sus carreras y para que puedan hacer saber a todos que son lo suficientemente exitosos como para permitirse una institutriz. En contraste, los Sietes pueden contratar una institutriz para poder viajar y no estar atados por tener que criar a sus hijos ellos mismos.     <\/p>\n\n\n\n<p>Una de las razones fundamentales por las que los Sietes y los Tres se confunden en la ense\u00f1anza tradicional del Eneagrama es que los Sietes <em>no saludables<\/em> en una fase man\u00edaca tienen delirios grandiosos similares a los sentimientos grandiosos de autoestima que encontramos en los Tres narcisistas. La diferencia es que los Sietes son grandiosos acerca de su capacidad para lograr cosas: tienen grandes expectativas sobre sus actividades y planes para el futuro. Cuando se vuelven man\u00edacos, todo parece posible para ellos. En contraste, los Tres promedio son grandiosos acerca de su val\u00eda personal: narcisistas, exhibicionistas, arrogantes y despectivos hacia los dem\u00e1s.   <\/p>\n\n\n\n<p>Es probable que estos dos tipos muy diferentes se hayan confundido porque ambos parecen ser narcisistas\u2014es decir, inflados de amor propio o autoestima. Sin embargo, los Sietes promedio no son realmente narcisistas; pueden ser ego\u00edstas, egoc\u00e9ntricos, codiciosos, insensibles, y dem\u00e1s, pero no tienen un sentido inflado de su propia val\u00eda. En cambio, los Sietes inflan sus deseos, apetitos, planes y la abundancia de sus posesiones.  <\/p>\n\n\n\n<p>Adem\u00e1s, cuando los Sietes se vuelven grandiosos, ya son neur\u00f3ticos (en el Nivel 8) y est\u00e1n tratando de escapar de la realidad de manera delirante, mientras que los Tres grandiosos a\u00fan est\u00e1n dentro de los Niveles Promedio de Desarrollo (en el Nivel 6) y est\u00e1n sobrecompensando su miedo al fracaso. La diferencia crucial es que, bajo sus planes grandiosos, los Sietes man\u00edacos est\u00e1n intensamente inseguros y en fuga de la ansiedad, mientras que los Tres narcis\u00edsticamente grandiosos no est\u00e1n inseguros y est\u00e1n huyendo del fracaso o de ser humillados de cualquier manera. <\/p>\n\n\n\n<p>Por \u00faltimo, una de las formas m\u00e1s sencillas de distinguir estos dos tipos es observando la diferencia en su tono emocional y estilo general. Los Tres promedio son fr\u00edos, controlados, proyectando la impresi\u00f3n de que est\u00e1n perfectamente compuestos, sin problemas emocionales o personales. Tan convencidos de su superioridad, se convierten en jactanciosos y exhibicionistas desvergonzados, mirando con arrogancia a los dem\u00e1s. En contraste, los Siete tienen muchas m\u00e1s aristas, rara vez pareciendo tan perfectos o tan fr\u00edamente contenidos como los Tres. Para bien o para mal, los Siete no se censuran y pueden ser divertidos, francos, vulgares, maleducados y escandalosos, permitiendo que comportamientos y actitudes mucho menos pulidos se muestren al p\u00fablico. Comp\u00e1rese a Sietes como Bette Midler y Howard Stern con Tres como Shania Twain y Bryant Gumbel.     <\/p>\n\n\r\n\t\t\t<\/div>\r\n\t\t\n\r\n\t\t\t\t<\/div>\r\n\t\t\t<\/div>\r\n\t\t","protected":false},"excerpt":{"rendered":"<p>Traducido con AI<\/p>\n","protected":false},"author":6,"featured_media":0,"parent":0,"menu_order":0,"comment_status":"closed","ping_status":"closed","template":"","meta":{"_acf_changed":false,"footnotes":""},"class_list":["post-2144","page","type-page","status-publish","hentry"],"acf":[],"_links":{"self":[{"href":"https:\/\/wpml.enneagraminstitute.com\/es\/wp-json\/wp\/v2\/pages\/2144","targetHints":{"allow":["GET"]}}],"collection":[{"href":"https:\/\/wpml.enneagraminstitute.com\/es\/wp-json\/wp\/v2\/pages"}],"about":[{"href":"https:\/\/wpml.enneagraminstitute.com\/es\/wp-json\/wp\/v2\/types\/page"}],"author":[{"embeddable":true,"href":"https:\/\/wpml.enneagraminstitute.com\/es\/wp-json\/wp\/v2\/users\/6"}],"replies":[{"embeddable":true,"href":"https:\/\/wpml.enneagraminstitute.com\/es\/wp-json\/wp\/v2\/comments?post=2144"}],"version-history":[{"count":4,"href":"https:\/\/wpml.enneagraminstitute.com\/es\/wp-json\/wp\/v2\/pages\/2144\/revisions"}],"predecessor-version":[{"id":2922,"href":"https:\/\/wpml.enneagraminstitute.com\/es\/wp-json\/wp\/v2\/pages\/2144\/revisions\/2922"}],"wp:attachment":[{"href":"https:\/\/wpml.enneagraminstitute.com\/es\/wp-json\/wp\/v2\/media?parent=2144"}],"curies":[{"name":"wp","href":"https:\/\/api.w.org\/{rel}","templated":true}]}}