{"id":2142,"date":"2024-01-11T20:34:04","date_gmt":"2024-01-11T20:34:04","guid":{"rendered":"https:\/\/wpml.enneagraminstitute.com\/confundiendo-el-6-y-el-8\/"},"modified":"2025-03-04T16:39:37","modified_gmt":"2025-03-04T16:39:37","slug":"confundiendo-el-6-y-el-8","status":"publish","type":"page","link":"https:\/\/wpml.enneagraminstitute.com\/es\/confundiendo-el-6-y-el-8\/","title":{"rendered":"Confundiendo el 6 y el 8"},"content":{"rendered":"<h3 style=\"text-align:center\"> Traducido con AI<\/h3>\r\n\t\t\t<div class='container single-content-layout-layout-block'>\r\n\t\t\t\t<div class='row'>\r\n\t\t\t\t\t\n\r\n\t\t\t<div class='column-block col-12 col-md-10 col-lg-8 offset-lg-1'>\r\n\t\t\t\t\n\n<h1 class=\"wp-block-heading\">Confundiendo los Seis y los Ocho<\/h1>\n\n\n\n<hr class=\"wp-block-separator has-alpha-channel-opacity\"\/>\n\n\n\n<p>Los Seis y los Ocho son agresivos, aunque solo el Ocho es una personalidad completamente agresiva. Los Seis reaccionan tanto a sus temores como a otras personas y oscilan constantemente de un estado a otro, de un Nivel a otro. Son ambivalentes y pasivo-agresivos, evasivos y contradictorios. En contraste, los Ocho tienen egos s\u00f3lidos y voluntades formidables; contin\u00faan presionando a otros hasta obtener lo que desean. Hay poca suavidad en los Ocho y a\u00fan menos tendencia a cumplir con los deseos de cualquier otra persona. No tienen deseo de agradar ni de congraciarse con los dem\u00e1s. En lugar de buscar protecci\u00f3n en otros, los Ocho ofrecen protecci\u00f3n (patrocinio) a cambio de trabajo duro y lealtad.      <\/p>\n\n\n\n<p>Por muy diferentes que sean estos dos tipos, son, sin embargo, similares en el Nivel 6, pero solo en este Nivel. En esta etapa, tanto los Seis (El Rebelde Autoritario) como los Ocho (El Adversario Confrontacional) muestran rasgos agresivos similares: beligerancia, desaf\u00edo, disposici\u00f3n a intimidar a otros, un temperamento r\u00e1pido y amenazante, la amenaza de violencia, odio hacia otros, y dem\u00e1s. Sin embargo, los Ocho llegan a esta etapa como resultado de escalar constantemente su presi\u00f3n sobre otros para obtener lo que quieren hasta volverse altamente confrontacionales y combativos. Los Seis llegan a su estado por una ruta muy diferente: en reacci\u00f3n a su vacilaci\u00f3n y dependencia. Los Seis se vuelven agresivos porque ya no quieren ser manipulados; los Ocho se vuelven agresivos para presionar a\u00fan m\u00e1s a los dem\u00e1s.    <\/p>\n\n\n\n<p>La diferencia esencial es que los Seis eventualmente ceder\u00e1n y sus defensas se derrumbar\u00e1n si se les aplica suficiente presi\u00f3n, mientras que la oposici\u00f3n a los Ocho solo los alienta a permanecer desafiantes y a enfrentar a su adversario con renovada agresi\u00f3n.<\/p>\n\n\n\n<p>Ambos tipos en este Nivel pueden ser peligrosos; ir\u00f3nicamente, los Seis son probablemente m\u00e1s peligrosos en esta etapa que los Ocho, ya que est\u00e1n ansiosos y pueden atacar a alguien impulsiva o irracionalmente. Por otro lado, los Ocho promedio son m\u00e1s racionales: toman en cuenta las probabilidades de \u00e9xito en cada movimiento. Sin embargo, si y cuando finalmente se vuelven violentos, los Ocho son m\u00e1s peligrosos que los Seis porque son m\u00e1s despiadados, y el impulso de sus egos inflados les hace sentir que pueden y deben presionar hasta que sus enemigos sean completamente destruidos. Los Ocho eventualmente se convierten en megal\u00f3manos (y pueden ser destruidos despu\u00e9s de haber destruido a otros). En contraste, los Seis poco saludables eventualmente se vuelven autodestructivos (y pueden ser destruidos por su propio miedo). Compare a G. Gordon Liddy y Mike Tyson (Seis) con Henry Kissinger y Muhammad Ali (Ocho) para comprender m\u00e1s sobre las similitudes y diferencias entre estos tipos.     <\/p>\n\n\r\n\t\t\t<\/div>\r\n\t\t\n\r\n\t\t\t\t<\/div>\r\n\t\t\t<\/div>\r\n\t\t","protected":false},"excerpt":{"rendered":"<p>Traducido con AI<\/p>\n","protected":false},"author":6,"featured_media":0,"parent":0,"menu_order":0,"comment_status":"closed","ping_status":"closed","template":"","meta":{"_acf_changed":false,"footnotes":""},"class_list":["post-2142","page","type-page","status-publish","hentry"],"acf":[],"_links":{"self":[{"href":"https:\/\/wpml.enneagraminstitute.com\/es\/wp-json\/wp\/v2\/pages\/2142","targetHints":{"allow":["GET"]}}],"collection":[{"href":"https:\/\/wpml.enneagraminstitute.com\/es\/wp-json\/wp\/v2\/pages"}],"about":[{"href":"https:\/\/wpml.enneagraminstitute.com\/es\/wp-json\/wp\/v2\/types\/page"}],"author":[{"embeddable":true,"href":"https:\/\/wpml.enneagraminstitute.com\/es\/wp-json\/wp\/v2\/users\/6"}],"replies":[{"embeddable":true,"href":"https:\/\/wpml.enneagraminstitute.com\/es\/wp-json\/wp\/v2\/comments?post=2142"}],"version-history":[{"count":4,"href":"https:\/\/wpml.enneagraminstitute.com\/es\/wp-json\/wp\/v2\/pages\/2142\/revisions"}],"predecessor-version":[{"id":2923,"href":"https:\/\/wpml.enneagraminstitute.com\/es\/wp-json\/wp\/v2\/pages\/2142\/revisions\/2923"}],"wp:attachment":[{"href":"https:\/\/wpml.enneagraminstitute.com\/es\/wp-json\/wp\/v2\/media?parent=2142"}],"curies":[{"name":"wp","href":"https:\/\/api.w.org\/{rel}","templated":true}]}}