{"id":2140,"date":"2024-01-11T20:34:04","date_gmt":"2024-01-11T20:34:04","guid":{"rendered":"https:\/\/wpml.enneagraminstitute.com\/tipo-de-relacion-6-con-tipo-3\/"},"modified":"2025-03-04T16:39:38","modified_gmt":"2025-03-04T16:39:38","slug":"tipo-de-relacion-6-con-tipo-3","status":"publish","type":"page","link":"https:\/\/wpml.enneagraminstitute.com\/es\/tipo-de-relacion-6-con-tipo-3\/","title":{"rendered":"Tipo de relaci\u00f3n 6 con Tipo 3"},"content":{"rendered":"<h3 style=\"text-align:center\"> Traducido con AI<\/h3>\r\n\t\t\t<div class='container single-content-layout-layout-block'>\r\n\t\t\t\t<div class='row'>\r\n\t\t\t\t\t\n\r\n\t\t\t<div class='column-block col-12 col-md-10 col-lg-8 offset-lg-1'>\r\n\t\t\t\t\n\n<h1 class=\"wp-block-heading\">Identificaci\u00f3n err\u00f3nea de Tres y Seis<\/h1>\n\n\n\n<hr class=\"wp-block-separator has-alpha-channel-opacity\"\/>\n\n\n\n<p>Estos tipos no suelen confundirse entre s\u00ed, pero presentan algunas similitudes. Ambos pueden estar muy enfocados en el trabajo y el rendimiento, aunque pueden desempe\u00f1ar roles muy diferentes en el \u00e1mbito laboral. Los Tres se perciben a s\u00ed mismos como solistas: cooperan con otros, pero desean sobresalir, ser los mejores en lo que hacen. Necesitan reconocimiento y aprobaci\u00f3n por sus logros, y mientras los reciban, pueden ser trabajadores incansables. Los Seis tambi\u00e9n son trabajadores diligentes, pero a menos que est\u00e9n desplaz\u00e1ndose hacia el Tres en situaciones de estr\u00e9s, tienden a sentirse inc\u00f3modos al acaparar la atenci\u00f3n. (\u201cTodos disparan contra quien est\u00e1 en primera l\u00ednea.\u201d) Los Seis se esfuerzan por congraciarse con sus superiores, por construir seguridad y porque desean convencer a los dem\u00e1s de su fiabilidad. Los Tres tienden a ser suaves y compuestos; los Seis tienden a ser m\u00e1s nerviosos e inc\u00f3modos, aunque a veces de manera entra\u00f1able.       <\/p>\n\n\n\n<p>Otra fuente com\u00fan de identificaci\u00f3n err\u00f3nea en este caso proviene de la variante instintiva sexual del tipo Seis (v\u00e9ase <em>PT<\/em>, 426-430). En resumen, algunos Seis se centran en cultivar el magnetismo personal y el atractivo como los Tres, pero sus inseguridades acerca de su deseabilidad son mucho m\u00e1s visibles. Adem\u00e1s, los Tres tienden a proyectar una reserva emocional fr\u00eda, mientras que los Seis proyectan sentimientos m\u00e1s vol\u00e1tiles e intensos. Comp\u00e1rese a los Tres Tom Cruise y Whitney Houston con los Seis Tom Hanks y Bonnie Raitt.   <\/p>\n\n\r\n\t\t\t<\/div>\r\n\t\t\n\r\n\t\t\t\t<\/div>\r\n\t\t\t<\/div>\r\n\t\t","protected":false},"excerpt":{"rendered":"<p>Traducido con AI<\/p>\n","protected":false},"author":6,"featured_media":0,"parent":0,"menu_order":0,"comment_status":"closed","ping_status":"closed","template":"","meta":{"_acf_changed":false,"footnotes":""},"class_list":["post-2140","page","type-page","status-publish","hentry"],"acf":[],"_links":{"self":[{"href":"https:\/\/wpml.enneagraminstitute.com\/es\/wp-json\/wp\/v2\/pages\/2140","targetHints":{"allow":["GET"]}}],"collection":[{"href":"https:\/\/wpml.enneagraminstitute.com\/es\/wp-json\/wp\/v2\/pages"}],"about":[{"href":"https:\/\/wpml.enneagraminstitute.com\/es\/wp-json\/wp\/v2\/types\/page"}],"author":[{"embeddable":true,"href":"https:\/\/wpml.enneagraminstitute.com\/es\/wp-json\/wp\/v2\/users\/6"}],"replies":[{"embeddable":true,"href":"https:\/\/wpml.enneagraminstitute.com\/es\/wp-json\/wp\/v2\/comments?post=2140"}],"version-history":[{"count":4,"href":"https:\/\/wpml.enneagraminstitute.com\/es\/wp-json\/wp\/v2\/pages\/2140\/revisions"}],"predecessor-version":[{"id":2924,"href":"https:\/\/wpml.enneagraminstitute.com\/es\/wp-json\/wp\/v2\/pages\/2140\/revisions\/2924"}],"wp:attachment":[{"href":"https:\/\/wpml.enneagraminstitute.com\/es\/wp-json\/wp\/v2\/media?parent=2140"}],"curies":[{"name":"wp","href":"https:\/\/api.w.org\/{rel}","templated":true}]}}