{"id":2106,"date":"2024-01-11T20:34:04","date_gmt":"2024-01-11T20:34:04","guid":{"rendered":"https:\/\/wpml.enneagraminstitute.com\/eneagrama-tipo-1-el-reformador\/"},"modified":"2025-03-04T16:39:38","modified_gmt":"2025-03-04T16:39:38","slug":"eneagrama-tipo-1-el-reformador","status":"publish","type":"page","link":"https:\/\/wpml.enneagraminstitute.com\/es\/eneagrama-tipo-1-el-reformador\/","title":{"rendered":"Eneagrama Tipo 1: El Reformador"},"content":{"rendered":"<h3 style=\"text-align:center\"> Traducido con AI<\/h3>\r\n\t\t\t<div class='container single-content-layout-layout-block'>\r\n\t\t\t\t<div class='row'>\r\n\t\t\t\t\t\n\r\n\t\t\t<div class='column-block col-12 col-md-10 col-lg-8 offset-lg-1'>\r\n\t\t\t\t\n\n<h1 class=\"wp-block-heading\" id=\"h-enneagram-type-1-the-reformer\">Eneagrama Tipo 1: EL REFORMADOR<\/h1>\n\n\n\n<p>El Tipo Racional e Idealista:<br\/>Con principios, Determinado, Autocontrolado y Perfeccionista<\/p>\n\n\n<div class=\"wp-block-image\">\n<figure class=\"aligncenter size-full\" id=\"yui_3_17_2_1_1705611816423_87\"><img loading=\"lazy\" decoding=\"async\" width=\"300\" height=\"192\" src=\"https:\/\/wpml.enneagraminstitute.com\/wp-content\/uploads\/2025\/08\/2_type1.png\" alt=\"\" class=\"wp-image-1841\"\/><\/figure>\n<\/div>\n\n\n<hr class=\"wp-block-separator has-alpha-channel-opacity\"\/>\n\n\n\n<h2 class=\"wp-block-heading\" id=\"h-enneagram-type-1-in-brief\">Eneagrama Tipo 1 en Breve<\/h2>\n\n\n\n<p>Los Unos son concienzudos y \u00e9ticos, con un fuerte sentido del bien y del mal. Son maestros, cruzados y defensores del cambio: siempre esforz\u00e1ndose por mejorar las cosas, pero temerosos de cometer errores. Bien organizados, ordenados y meticulosos, intentan mantener altos est\u00e1ndares, pero pueden caer en la cr\u00edtica y el perfeccionismo. T\u00edpicamente tienen problemas con el resentimiento y la impaciencia. <em>En su mejor momento:<\/em> sabios, perspicaces, realistas y nobles. Pueden ser moralmente heroicos.    <\/p>\n\n\n\n<ul class=\"wp-block-list\">\n<li><strong>Temor b\u00e1sico:<\/strong> Ser corrupto\/malvado, defectuoso<\/li>\n\n\n\n<li><strong>Deseo b\u00e1sico:<\/strong> Ser bueno, tener integridad, estar equilibrado<\/li>\n\n\n\n<li><strong>Eneagrama Uno con Ala Nueve:<\/strong> \u201cEl Idealista\u201d<\/li>\n\n\n\n<li><strong>Eneagrama Uno con Ala Dos:<\/strong> \u201cEl Defensor\u201d<\/li>\n<\/ul>\n\n\n\n<p><strong>Motivaciones clave:<\/strong> Desean tener raz\u00f3n, esforzarse por mejorar y perfeccionar todo, ser coherentes con sus ideales, justificarse, estar m\u00e1s all\u00e1 de la cr\u00edtica para no ser condenados por nadie.<\/p>\n\n\n\n<h3 class=\"wp-block-heading\" id=\"h-the-meaning-of-the-arrows-in-brief\">El Significado de las Flechas (en breve)<\/h3>\n\n\n\n<p>Cuando se mueven en su Direcci\u00f3n de Desintegraci\u00f3n (estr\u00e9s), los met\u00f3dicos Unos se vuelven repentinamente caprichosos e irracionales como el <a href=\"https:\/\/wpml.enneagraminstitute.com\/es\/eneagrama-tipo-4-el-individualista\/\">Cuatro<\/a>. Sin embargo, cuando se mueven en su Direcci\u00f3n de Integraci\u00f3n (crecimiento), los Unos cr\u00edticos y enojados se vuelven m\u00e1s espont\u00e1neos y alegres, como los <a href=\"https:\/\/wpml.enneagraminstitute.com\/es\/eneagrama-tipo-7-el-entusiasta\/\">Sietes<\/a> saludables. <a href=\"https:\/\/wpml.enneagraminstitute.com\/es\/como-funciona-el-sistema-del-eneagrama\/\">Aprenda m\u00e1s sobre las flechas<\/a>. <\/p>\n\n\n\n<p><strong>Ejemplos:<\/strong> Confucio, Plat\u00f3n, Saladino, Juana de Arco, Sir Thomas More, Mahatma Gandhi, Papa Juan Pablo II, Nelson Mandela, Margaret Thatcher, Pr\u00edncipe Carlos, Kate Middleton, Duquesa de Cambridge, Jimmy Carter, Michelle Obama, Al Gore, Hillary Clinton, Rudy Giuliani, Elliot Spitzer, Jueza Sandra Day O&#8217;Connor, Osama bin Laden, George Bernard Shaw, Thoreau, Dr. Jack Kevorkian, Anita Roddick (The Body Shop), Martha Stewart, Chef Thomas Keller, Michio Kushi (macrobi\u00f3tica), George Harrison, Joan Baez, Celine Dion, Ralph Nader, Noam Chomsky, Bill Moyers, George F. Will, William F. Buckley, Keith Olbermann, Jerry Seinfeld, Bill Maher, Tina Fey, Katherine Hepburn, Maggie Smith, Emma Thompson, Julie Andrews, Vanessa Redgrave, Jane Fonda, Meryl Streep, Harrison Ford, Helen Hunt, Capit\u00e1n \u201cSully\u201d Sullenberger, \u201cMary Poppins,\u201d \u201cSr. Spock,\u201d \u201cLa Se\u00f1ora de la Iglesia\u201d de SNL<\/p>\n\n\n\n<hr class=\"wp-block-separator has-alpha-channel-opacity\"\/>\n\n\n\n<h2 class=\"wp-block-heading\" id=\"h-enneagram-type-1-overview\">Visi\u00f3n General del Eneagrama Tipo 1<\/h2>\n\n\n\n<p>Hemos denominado al tipo de personalidad Uno <strong>El Reformador<\/strong> porque los Unos tienen un \u201csentido de misi\u00f3n\u201d que los lleva a querer mejorar el mundo de diversas maneras, utilizando cualquier grado de influencia que tengan. Se esfuerzan por superar la adversidad \u2014particularmente la adversidad moral\u2014 para que el esp\u00edritu humano pueda brillar y marcar la diferencia. Luchan por \u201cvalores superiores,\u201d incluso a costa de grandes sacrificios personales.  <\/p>\n\n\n\n<p>La historia est\u00e1 llena de Unos que han abandonado vidas c\u00f3modas para hacer algo extraordinario porque sent\u00edan que algo superior los llamaba. Durante la Segunda Guerra Mundial, Raoul Wallenburg dej\u00f3 una vida c\u00f3moda de clase media para trabajar en la protecci\u00f3n de miles de jud\u00edos europeos de la invasi\u00f3n nazi. En India, Gandhi dej\u00f3 atr\u00e1s a su esposa, familia y su vida como abogado exitoso para convertirse en un defensor itinerante de la independencia india y los cambios sociales no violentos. Juana de Arco dej\u00f3 su aldea en Francia para restaurar el trono al Delf\u00edn y expulsar a los ingleses del pa\u00eds. El idealismo de cada uno de estos Unos ha inspirado a millones.    <\/p>\n\n\n\n<p>Los Unos son personas de acci\u00f3n pr\u00e1ctica \u2014desean ser <em>\u00fatiles<\/em> en el mejor sentido de la palabra. En alg\u00fan nivel de conciencia, sienten que \u201ctienen una misi\u00f3n\u201d que cumplir en la vida, aunque solo sea intentar lo mejor para reducir el desorden que ven en su entorno. <\/p>\n\n\n\n<p>Aunque los Uno tienen un fuerte sentido de prop\u00f3sito, tambi\u00e9n suelen sentir que tienen que justificar sus acciones ante s\u00ed mismos, y a menudo ante los dem\u00e1s tambi\u00e9n. Esta orientaci\u00f3n hace que los Uno dediquen mucho tiempo a pensar en las consecuencias de sus acciones, as\u00ed como en c\u00f3mo evitar actuar en contra de sus convicciones. Debido a esto, los Uno a menudo se convencen a s\u00ed mismos de que son tipos \u201ccerebrales\u201d, racionalistas que proceden \u00fanicamente bas\u00e1ndose en la l\u00f3gica y la verdad objetiva. Sin embargo, la realidad es algo diferente: <em>los Uno son en realidad activistas que buscan una justificaci\u00f3n aceptable para lo que sienten que deben hacer<\/em>. Son personas de instinto y pasi\u00f3n que utilizan convicciones y juicios para controlarse a s\u00ed mismos y sus acciones.    <\/p>\n\n\n\n<p>En el esfuerzo por mantenerse fieles a sus principios, los Uno se resisten a ser afectados por sus impulsos instintivos, conscientemente no cediendo a ellos ni expres\u00e1ndolos con demasiada libertad. El resultado es un tipo de personalidad que tiene problemas con la represi\u00f3n, la resistencia y la agresi\u00f3n. Generalmente son vistos por los dem\u00e1s como altamente autocontrolados, incluso r\u00edgidos, aunque esto no es como los Uno se experimentan a s\u00ed mismos. Les parece que est\u00e1n sentados sobre un caldero de pasiones y deseos, y que es mejor que \u201cmantengan la tapa puesta\u201d para que ni ellos ni nadie a su alrededor se arrepientan.   <\/p>\n\n\n\n<p>Cassandra es una terapeuta en pr\u00e1ctica privada que recuerda la dificultad que esto le caus\u00f3 en su juventud.<\/p>\n\n\n\n<blockquote class=\"wp-block-quote is-layout-flow wp-block-quote-is-layout-flow\">\n<p>\u201cRecuerdo que en la escuela secundaria recib\u00eda comentarios de que no ten\u00eda sentimientos. En mi interior, sent\u00eda mis emociones intensamente y, sin embargo, simplemente no pod\u00eda exteriorizarlas con la misma intensidad con la que las sent\u00eda. Incluso ahora, si tengo un conflicto con un amigo y necesito abordar un problema, ensayo de antemano c\u00f3mo expresar claramente lo que quiero, necesito y observo, y aun as\u00ed no ser dura o acusadora en mi ira, que a menudo es mordaz.\u201d<\/p>\n<\/blockquote>\n\n\n\n<p>Los Uno creen que siendo estrictos consigo mismos (y eventualmente volvi\u00e9ndose \u201cperfectos\u201d) se justificar\u00e1n ante sus propios ojos y ante los ojos de los dem\u00e1s. Pero al intentar crear su propia marca de perfecci\u00f3n, a menudo crean su propio infierno personal. En lugar de estar de acuerdo con la afirmaci\u00f3n del G\u00e9nesis de que Dios vio lo que hab\u00eda creado, \u201cy era bueno,\u201d los Uno sienten intensamente que \u201cNo lo era\u2014\u00a1obviamente ha habido algunos errores aqu\u00ed!\u201d Esta orientaci\u00f3n les dificulta confiar en su gu\u00eda interna \u2014de hecho, confiar en la vida\u2014 por lo que los Uno llegan a depender en gran medida de su supery\u00f3, una voz aprendida de su infancia, para guiarlos hacia \u201cel bien mayor\u201d que tan apasionadamente buscan. Cuando los Uno se han ensimismado completamente en su personalidad, hay poca distinci\u00f3n entre ellos y esta voz severa e implacable. Separarse de ella y ver sus verdaderas fortalezas y limitaciones es en lo que consiste el crecimiento para los Uno.     <\/p>\n\n\n\n<p>(de <a href=\"\/store\"><em>La Sabidur\u00eda del Eneagrama<\/em><\/a>, p. 99-100)<\/p>\n\n\n\n<hr class=\"wp-block-separator has-alpha-channel-opacity\"\/>\n\n\n\n<h2 class=\"wp-block-heading\" id=\"h-enneagram-type-1-levels-of-development\">Eneagrama Tipo 1\u2014Niveles de Desarrollo<\/h2>\n\n\n\n<p><strong>Niveles Saludables<\/strong><\/p>\n\n\n\n<p><strong>Nivel 1 (En Su Mejor Momento):<\/strong> Se vuelven extraordinariamente sabios y perspicaces. Al aceptar lo que es, se vuelven trascendentalmente realistas, sabiendo la mejor acci\u00f3n a tomar en cada momento. Humanos, inspiradores y esperanzadores: la verdad ser\u00e1 escuchada.  <\/p>\n\n\n\n<p><strong>Nivel 2:<\/strong> Concienzudos con fuertes convicciones personales: tienen un intenso sentido del bien y del mal, valores morales y religiosos personales. Desean ser racionales, razonables, autodisciplinados, maduros, moderados en todas las cosas. <\/p>\n\n\n\n<p><strong>Nivel 3:<\/strong> Extremadamente principistas, siempre quieren ser justos, objetivos y \u00e9ticos: la verdad y la justicia son valores primordiales. El sentido de responsabilidad, integridad personal y de tener un prop\u00f3sito superior a menudo los convierte en maestros y testigos de la verdad. <\/p>\n\n\n\n<p><strong>Niveles Promedio<\/strong><\/p>\n\n\n\n<p><strong>Nivel 4:<\/strong> Insatisfechos con la realidad, se convierten en idealistas de altos principios, sintiendo que depende de ellos mejorar todo: cruzados, defensores, cr\u00edticos. Se involucran en \u201ccausas\u201d y explican a otros c\u00f3mo \u201cdeber\u00edan\u201d ser las cosas. <\/p>\n\n\n\n<p><strong>Nivel 5:<\/strong> Temerosos de cometer un error: todo debe ser consistente con sus ideales. Se vuelven ordenados y bien organizados, pero impersonales, puritanos, emocionalmente constre\u00f1idos, manteniendo r\u00edgidamente sus sentimientos e impulsos bajo control. A menudo son adictos al trabajo\u2014\u201canal-compulsivos,\u201d puntuales, pedantes y meticulosos.  <\/p>\n\n\n\n<p><strong>Nivel 6:<\/strong> Sumamente cr\u00edticos tanto consigo mismos como con los dem\u00e1s: quisquillosos, sentenciosos, perfeccionistas. Muy dogm\u00e1ticos sobre todo: corrigen a las personas y las acosan para \u201cque hagan lo correcto\u201d \u2014seg\u00fan su perspectiva. Impacientes, nunca satisfechos con nada a menos que se haga conforme a sus prescripciones. Moralizadores, rega\u00f1ones, abrasivos e indignadamente iracundos.   <\/p>\n\n\n\n<p><strong>Niveles Insalubres<\/strong><\/p>\n\n\n\n<p><strong>Nivel 7:<\/strong> Pueden ser altamente dogm\u00e1ticos, santurrones, intolerantes e inflexibles. Comienzan a tratar en absolutos: solo ellos conocen \u201cLa Verdad.\u201d Todos los dem\u00e1s est\u00e1n equivocados: muy severos en sus juicios, mientras racionalizan sus propias acciones.  <\/p>\n\n\n\n<p><strong>Nivel 8:<\/strong> Se obsesionan con la imperfecci\u00f3n y las malas acciones de los dem\u00e1s, aunque pueden caer en acciones contradictorias, haciendo hip\u00f3critamente lo opuesto de lo que predican.<\/p>\n\n\n\n<p><strong>Nivel 9:<\/strong> Se vuelven condenatorios hacia los dem\u00e1s, punitivos y crueles para deshacerse de los malhechores. Es probable que experimenten depresiones severas, colapsos nerviosos e intentos de suicidio. Generalmente corresponde a los trastornos de personalidad Obsesivo-Compulsiva y Depresiva.  <\/p>\n\n\n\n<hr class=\"wp-block-separator has-alpha-channel-opacity\"\/>\n\n\n\n<h2 class=\"wp-block-heading\" id=\"h-compatibility-with-other-types\">Compatibilidad con Otros Tipos<\/h2>\n\n\n\n<h3 class=\"wp-block-heading\" id=\"h-type-1-in-relationship-with-type\">Tipo 1 en relaci\u00f3n con el tipo:<\/h3>\n\n\n\n<h3 class=\"wp-block-heading\" id=\"h-1-2-3-4-5-6-7-8-9\"><a href=\"https:\/\/wpml.enneagraminstitute.com\/es\/tipo-de-relacion-1-con-tipo-1\/\">1<\/a>    <a href=\"https:\/\/wpml.enneagraminstitute.com\/es\/relacion-entre-el-tipo-1-y-el-tipo-2\/\">2<\/a>    <a href=\"https:\/\/wpml.enneagraminstitute.com\/es\/relacion-entre-el-tipo-1-y-el-tipo-3\/\">3<\/a>    <a href=\"https:\/\/wpml.enneagraminstitute.com\/es\/relacion-tipo-1-con-tipo-4\/\">4<\/a>    <a href=\"https:\/\/wpml.enneagraminstitute.com\/es\/relacion-tipo-1-con-tipo-5\/\">5<\/a>    <a href=\"https:\/\/wpml.enneagraminstitute.com\/es\/tipo-de-relacion-1-con-tipo-6\/\">6<\/a>    <a href=\"https:\/\/wpml.enneagraminstitute.com\/es\/relacion-entre-el-tipo-1-y-el-tipo-7\/\">7<\/a>    <a href=\"https:\/\/wpml.enneagraminstitute.com\/es\/relacion-tipo-1-con-tipo-8\/\">8<\/a>     <a href=\"https:\/\/wpml.enneagraminstitute.com\/es\/tipo-de-relacion-1-con-tipo-9\/\">9<\/a> <\/h3>\n\n\n\n<hr class=\"wp-block-separator has-alpha-channel-opacity\"\/>\n\n\n\n<h2 class=\"wp-block-heading\" id=\"h-misidentification-with-other-types\">Identificaci\u00f3n Err\u00f3nea con Otros Tipos<\/h2>\n\n\n\n<h3 class=\"wp-block-heading\" id=\"h-type-1-compared-with-type\">Tipo 1 comparado con el tipo:<\/h3>\n\n\n\n<h3 class=\"wp-block-heading\" id=\"h-2-3-4-5-6-7-8-9\"><a href=\"https:\/\/wpml.enneagraminstitute.com\/es\/identificacion-erronea-de-1-y-2\/\">2<\/a>    <a href=\"https:\/\/wpml.enneagraminstitute.com\/es\/confundiendo-1-y-3\/\">3<\/a>    <a href=\"https:\/\/wpml.enneagraminstitute.com\/es\/identificacion-erronea-de-1-y-4\/\">4<\/a>    <a href=\"https:\/\/wpml.enneagraminstitute.com\/es\/identificacion-erronea-de-1-y-5\/\">5<\/a>     <a href=\"https:\/\/wpml.enneagraminstitute.com\/es\/confusion-en-la-identificacion-entre-1-y-6\/\">6<\/a>     <a href=\"https:\/\/wpml.enneagraminstitute.com\/es\/identificacion-erronea-de-1-y-7\/\">7<\/a>     <a href=\"https:\/\/wpml.enneagraminstitute.com\/es\/identificacion-erronea-de-1-y-8\/\">8<\/a>     <a href=\"https:\/\/wpml.enneagraminstitute.com\/es\/identificar-erroneamente-1-y-9\/\">9<\/a><\/h3>\n\n\n\n<hr class=\"wp-block-separator has-alpha-channel-opacity\"\/>\n\n\n\n<h2 class=\"wp-block-heading\" id=\"h-addictions\">Adicciones<\/h2>\n\n\n\n<p>Uso excesivo de dietas, vitaminas y t\u00e9cnicas de limpieza (ayunos, p\u00edldoras diet\u00e9ticas, enemas). Ingesta insuficiente para el autocontrol: en casos extremos, anorexia y bulimia. Alcohol para aliviar la tensi\u00f3n.   <\/p>\n\n\n\n<hr class=\"wp-block-separator has-alpha-channel-opacity\"\/>\n\n\n\n<h2 class=\"wp-block-heading\" id=\"h-personal-growth-recommendations-for-enneagram-type-ones\">Recomendaciones de Crecimiento Personal<br\/>para el Tipo Uno del Eneagrama<\/h2>\n\n\n\n<ul class=\"wp-block-list\">\n<li>Aprenda a relajarse. T\u00f3mese un tiempo para usted mismo, sin sentir que todo depende de usted o que lo que no logre resultar\u00e1 en caos y desastre. Afortunadamente, la salvaci\u00f3n del mundo no depende \u00fanicamente de usted, aunque a veces pueda sentirlo as\u00ed.  <\/li>\n\n\n\n<li>Usted tiene mucho que ense\u00f1ar a los dem\u00e1s y probablemente sea un buen maestro, pero no espere que los otros cambien inmediatamente. Lo que es obvio para usted puede no serlo tanto para ellos, especialmente si no est\u00e1n acostumbrados a ser tan autodisciplinados y objetivos consigo mismos como usted lo es consigo mismo. Muchas personas tambi\u00e9n pueden querer hacer lo correcto y estar de acuerdo con usted en principio, pero por diversas razones simplemente no pueden cambiar de inmediato. El hecho de que otros no cambien inmediatamente seg\u00fan sus prescripciones no significa que no cambiar\u00e1n en alg\u00fan momento en el futuro. Sus palabras y, sobre todo, su ejemplo pueden hacer m\u00e1s bien de lo que usted cree, aunque puedan tardar m\u00e1s de lo que espera. As\u00ed que tenga paciencia.     <\/li>\n\n\n\n<li>Es f\u00e1cil para usted alterarse por las malas acciones de los dem\u00e1s. Y a veces puede ser cierto que est\u00e9n equivocados. Pero, \u00bfqu\u00e9 le importa a usted? Su irritaci\u00f3n con ellos no har\u00e1 nada para ayudarles a ver otra forma de ser. De manera similar, tenga cuidado con su constante irritaci\u00f3n por sus propias \u201cdeficiencias.\u201d \u00bfRealmente le ayuda a mejorar su dura autocr\u00edtica? \u00bfO simplemente le hace sentirse tenso, nervioso y lleno de dudas? Aprenda a reconocer los ataques de su supery\u00f3 y c\u00f3mo estos lo socavan en lugar de ayudarlo.       <\/li>\n\n\n\n<li>Es importante que se ponga en contacto con sus sentimientos, particularmente con sus impulsos inconscientes. Puede descubrir que se siente inc\u00f3modo con sus emociones y sus impulsos sexuales y agresivos \u2014en resumen, con las cosas humanas desordenadas que nos hacen humanos. Podr\u00eda ser beneficioso llevar un diario o participar en alg\u00fan tipo de terapia de grupo u otro trabajo grupal, tanto para desarrollar sus emociones como para ver que los dem\u00e1s no lo condenar\u00e1n por tener necesidades y limitaciones humanas.  <\/li>\n\n\n\n<li>Su tal\u00f3n de Aquiles es su ira santurrona. Se enoja f\u00e1cilmente y se ofende por lo que le parece ser la negativa perversa de los dem\u00e1s a hacer lo correcto \u2014tal como usted lo ha definido. Intente dar un paso atr\u00e1s y ver que su ira aleja a las personas, de modo que no pueden escuchar muchas de las cosas buenas que usted tiene para decir. Adem\u00e1s, su propia ira reprimida bien podr\u00eda estar caus\u00e1ndole una \u00falcera o hipertensi\u00f3n arterial, y es un presagio de cosas peores por venir.   <\/li>\n<\/ul>\n\n\n\n<hr class=\"wp-block-separator has-alpha-channel-opacity\"\/>\n\n\n\n<h2 class=\"wp-block-heading\" id=\"h-learn-more\">Aprender M\u00e1s<\/h2>\n\n\n\n<p>Los <a href=\"\/store\">libros de Riso-Hudson<\/a> ofrecen las descripciones de tipos m\u00e1s completas disponibles en cualquier parte. <a href=\"\/store\"><em>Personality Types<\/em><\/a> es el tratamiento m\u00e1s completo, profundo y sistem\u00e1tico de los nueve tipos y del sistema del Eneagrama en su conjunto, y <a href=\"\/store\"><em>The Wisdom of the Enneagram<\/em><\/a> proporciona la gu\u00eda integral para el crecimiento psicol\u00f3gico y espiritual de los nueve tipos de personalidad.<\/p>\n\n\r\n\t\t\t<\/div>\r\n\t\t\n\r\n\t\t\t\t<\/div>\r\n\t\t\t<\/div>\r\n\t\t","protected":false},"excerpt":{"rendered":"<p>Traducido con AI<\/p>\n","protected":false},"author":6,"featured_media":0,"parent":0,"menu_order":0,"comment_status":"closed","ping_status":"closed","template":"","meta":{"_acf_changed":false,"footnotes":""},"class_list":["post-2106","page","type-page","status-publish","hentry"],"acf":[],"_links":{"self":[{"href":"https:\/\/wpml.enneagraminstitute.com\/es\/wp-json\/wp\/v2\/pages\/2106","targetHints":{"allow":["GET"]}}],"collection":[{"href":"https:\/\/wpml.enneagraminstitute.com\/es\/wp-json\/wp\/v2\/pages"}],"about":[{"href":"https:\/\/wpml.enneagraminstitute.com\/es\/wp-json\/wp\/v2\/types\/page"}],"author":[{"embeddable":true,"href":"https:\/\/wpml.enneagraminstitute.com\/es\/wp-json\/wp\/v2\/users\/6"}],"replies":[{"embeddable":true,"href":"https:\/\/wpml.enneagraminstitute.com\/es\/wp-json\/wp\/v2\/comments?post=2106"}],"version-history":[{"count":13,"href":"https:\/\/wpml.enneagraminstitute.com\/es\/wp-json\/wp\/v2\/pages\/2106\/revisions"}],"predecessor-version":[{"id":2925,"href":"https:\/\/wpml.enneagraminstitute.com\/es\/wp-json\/wp\/v2\/pages\/2106\/revisions\/2925"}],"wp:attachment":[{"href":"https:\/\/wpml.enneagraminstitute.com\/es\/wp-json\/wp\/v2\/media?parent=2106"}],"curies":[{"name":"wp","href":"https:\/\/api.w.org\/{rel}","templated":true}]}}