{"id":2050,"date":"2024-01-11T20:34:04","date_gmt":"2024-01-11T20:34:04","guid":{"rendered":"https:\/\/wpml.enneagraminstitute.com\/identificar-erroneamente-1-y-9\/"},"modified":"2025-03-04T16:39:40","modified_gmt":"2025-03-04T16:39:40","slug":"identificar-erroneamente-1-y-9","status":"publish","type":"page","link":"https:\/\/wpml.enneagraminstitute.com\/es\/identificar-erroneamente-1-y-9\/","title":{"rendered":"Identificar err\u00f3neamente 1 y 9"},"content":{"rendered":"<h3 style=\"text-align:center\"> Traducido con AI<\/h3>\r\n\t\t\t<div class='container single-content-layout-layout-block'>\r\n\t\t\t\t<div class='row'>\r\n\t\t\t\t\t\n\r\n\t\t\t<div class='column-block col-12 col-md-10 col-lg-8 offset-lg-1'>\r\n\t\t\t\t\n\n<h1 class=\"wp-block-heading\">Identificar err\u00f3neamente unos y nueves<\/h1>\n\n\n\n<hr class=\"wp-block-separator has-alpha-channel-opacity\"\/>\n\n\n\n<p>Normalmente, este tipo err\u00f3neo se debe a una confusi\u00f3n sobre el ala y el tipo dominante: \u00bfes la persona un Nueve con un ala Uno o un Uno con un ala Nueve?\nEn algunos casos, con un ala fuerte, puede ser una decisi\u00f3n dif\u00edcil.\nAmbos pueden ser idealistas, filos\u00f3ficos y algo retra\u00eddos.\nNinguno se siente c\u00f3modo con su ira.\nNormalmente, la reticencia del Nueve a entrar en conflictos es la forma m\u00e1s f\u00e1cil de discernir estos tipos adyacentes.\nLos Nueve medios quieren mantener la paz en sus vidas, y aunque pueden tener fuertes convicciones personales, generalmente no quieren discutir sobre ellas con la gente, especialmente con las personas con las que tienen un v\u00ednculo emocional.\nPara los Unos, sin embargo, el principio es lo m\u00e1s importante, y los Unos har\u00e1n valer su punto de vista para convertir al otro a su punto de vista, aunque corran el riesgo de crear disgustos y discusiones.\n(\u00abLa verdad es la verdad\u00bb).       <\/p>\n\n\n\n<p>Aunque los Nueve pueden ser muy trabajadores, no hace falta mucho para convencerles de que les vendr\u00eda bien un descanso.\nDisfrutan del tiempo de inactividad, y suelen tener dificultades para pasar de la relajaci\u00f3n a la actividad o viceversa.\nLos Uno son extremadamente motivados y les cuesta separarse de sus diversos proyectos para descansar o relajarse.\nSe sienten ansiosos cuando no son productivos (como los Tres), y quieren volver al trabajo para evitar los ataques de su supery\u00f3.   <\/p>\n\n\n\n<p>Otra distinci\u00f3n puede encontrarse en c\u00f3mo manejan el estr\u00e9s los dos tipos.\nAl principio, los Nueve se desentienden emocionalmente y se resisten, pero acaban volvi\u00e9ndose m\u00e1s ansiosos y reactivos a medida que pasan a los Seis.\nLos Uno, al principio, se muestran m\u00e1s fervientes en sus esfuerzos por convencer al otro de que tienen raz\u00f3n, pero luego se hunden en el mal humor y en una actitud de testarudez cuando pasan a Cuatro.  <\/p>\n\n\r\n\t\t\t<\/div>\r\n\t\t\n\r\n\t\t\t\t<\/div>\r\n\t\t\t<\/div>\r\n\t\t","protected":false},"excerpt":{"rendered":"<p>Traducido con AI<\/p>\n","protected":false},"author":6,"featured_media":0,"parent":0,"menu_order":0,"comment_status":"closed","ping_status":"closed","template":"","meta":{"_acf_changed":false,"footnotes":""},"class_list":["post-2050","page","type-page","status-publish","hentry"],"acf":[],"_links":{"self":[{"href":"https:\/\/wpml.enneagraminstitute.com\/es\/wp-json\/wp\/v2\/pages\/2050","targetHints":{"allow":["GET"]}}],"collection":[{"href":"https:\/\/wpml.enneagraminstitute.com\/es\/wp-json\/wp\/v2\/pages"}],"about":[{"href":"https:\/\/wpml.enneagraminstitute.com\/es\/wp-json\/wp\/v2\/types\/page"}],"author":[{"embeddable":true,"href":"https:\/\/wpml.enneagraminstitute.com\/es\/wp-json\/wp\/v2\/users\/6"}],"replies":[{"embeddable":true,"href":"https:\/\/wpml.enneagraminstitute.com\/es\/wp-json\/wp\/v2\/comments?post=2050"}],"version-history":[{"count":4,"href":"https:\/\/wpml.enneagraminstitute.com\/es\/wp-json\/wp\/v2\/pages\/2050\/revisions"}],"predecessor-version":[{"id":2929,"href":"https:\/\/wpml.enneagraminstitute.com\/es\/wp-json\/wp\/v2\/pages\/2050\/revisions\/2929"}],"wp:attachment":[{"href":"https:\/\/wpml.enneagraminstitute.com\/es\/wp-json\/wp\/v2\/media?parent=2050"}],"curies":[{"name":"wp","href":"https:\/\/api.w.org\/{rel}","templated":true}]}}